{"id":9604,"date":"2025-02-02T17:42:38","date_gmt":"2025-02-02T15:42:38","guid":{"rendered":"https:\/\/arzasarchery.com\/?post_type=product&#038;p=9604"},"modified":"2025-02-02T18:05:08","modified_gmt":"2025-02-02T16:05:08","slug":"palas-olimpico-uukha-alpha","status":"publish","type":"product","link":"https:\/\/arzasarchery.com\/en\/producte\/palas-olimpico-uukha-alpha\/","title":{"rendered":"Palas Ol\u00edmpico UUKHA MAZAALAI"},"content":{"rendered":"<h2 class=\"font-product-title\"><strong>Palas MAZAALAI Ukha 2025<\/strong><\/h2>\n<ul id=\"pills-tab\" class=\"nav nav-pills mb-3\" role=\"tablist\">\n<li class=\"nav-item\">Key features<\/li>\n<\/ul>\n<div id=\"pills-tabContent\" class=\"tab-content\">\n<div id=\"pills-home\" class=\"tab-pane fade show active\" role=\"tabpanel\" aria-labelledby=\"pills-home-tab\">\n<div class=\"row\">\n<div class=\"col-md-12\">\n<p>Fabricadas con un 90% de fibra de carbono y un 10% de fibra de vidrio, las palas Mazaala\u00ef son la fusi\u00f3n perfecta de maestr\u00eda, comodidad y precisi\u00f3n.<\/p>\n<p>Su velocidad proporciona una precisi\u00f3n incre\u00edble, ayudando a compensar los errores de estimaci\u00f3n de la distancia, manteniendo al mismo tiempo una penetraci\u00f3n \u00f3ptima.<\/p>\n<p>Precisi\u00f3n, comodidad, fiabilidad, m\u00e1s r\u00e1pidas a la vez que mantienen un alto nivel de estabilidad, las palas MAZAALAI son la elecci\u00f3n ideal para los arqueros que buscan los mejores resultados a un precio competitivo<\/p>\n<\/div>\n<\/div>\n<\/div>\n<\/div>\n<p>&nbsp;<\/p>\n<p>Length: 60&#8243;, 62&#8243;, 64&#8243; ( H19 )<br \/>\nMaterial: Carbon<br \/>\nLimb Fitting: ILF<\/p>\n","protected":false},"excerpt":{"rendered":"<p><strong><img decoding=\"async\" class=\"alignnone size-medium wp-image-9600\" src=\"https:\/\/arzasarchery.com\/wp-content\/uploads\/logo-UUKHA-300x157.webp\" alt=\"\" width=\"300\" height=\"157\" srcset=\"https:\/\/arzasarchery.com\/wp-content\/uploads\/logo-UUKHA-300x157.webp 300w, https:\/\/arzasarchery.com\/wp-content\/uploads\/logo-UUKHA-600x313.webp 600w, https:\/\/arzasarchery.com\/wp-content\/uploads\/logo-UUKHA-768x401.webp 768w, https:\/\/arzasarchery.com\/wp-content\/uploads\/logo-UUKHA-700x365.webp 700w, https:\/\/arzasarchery.com\/wp-content\/uploads\/logo-UUKHA.webp 1320w\" sizes=\"(max-width: 300px) 100vw, 300px\" \/><\/strong><\/p>\n<p><strong>ESPECIFICACIONES :Anotar tama\u00f1o\/potencia que desees .<\/strong><\/p>\n","protected":false},"featured_media":0,"template":"","meta":[],"product_brand":[],"product_cat":[42,633],"product_tag":[],"class_list":{"0":"post-9604","1":"product","2":"type-product","3":"status-publish","5":"product_cat-arcos","6":"product_cat-palas-recurvos-trad-t-d","8":"first","9":"instock","10":"taxable","11":"shipping-taxable","12":"purchasable","13":"product-type-simple"},"yoast_head":"<!-- This site is optimized with the Yoast SEO plugin v25.6 - https:\/\/yoast.com\/wordpress\/plugins\/seo\/ -->\n<title>Palas Ol\u00edmpico UUKHA MAZAALAI - Arza&#039;s Archery<\/title>\n<meta name=\"robots\" content=\"index, follow, max-snippet:-1, max-image-preview:large, max-video-preview:-1\" \/>\n<link rel=\"canonical\" href=\"https:\/\/arzasarchery.com\/producto\/palas-olimpico-uukha-alpha\/\" \/>\n<meta property=\"og:locale\" content=\"en_US\" \/>\n<meta property=\"og:type\" content=\"article\" \/>\n<meta property=\"og:title\" content=\"Palas Ol\u00edmpico UUKHA MAZAALAI - Arza&#039;s Archery\" \/>\n<meta property=\"og:description\" content=\"ESPECIFICACIONES :Anotar tama\u00f1o\/potencia que desees .\" \/>\n<meta property=\"og:url\" content=\"https:\/\/arzasarchery.com\/producto\/palas-olimpico-uukha-alpha\/\" \/>\n<meta property=\"og:site_name\" content=\"Arza&#039;s Archery\" \/>\n<meta property=\"article:modified_time\" content=\"2025-02-02T16:05:08+00:00\" \/>\n<meta name=\"twitter:card\" content=\"summary_large_image\" \/>\n<meta name=\"twitter:label1\" content=\"Est. reading time\" \/>\n\t<meta name=\"twitter:data1\" content=\"1 minute\" \/>\n<script type=\"application\/ld+json\" class=\"yoast-schema-graph\">{\"@context\":\"https:\/\/schema.org\",\"@graph\":[{\"@type\":\"WebPage\",\"@id\":\"https:\/\/arzasarchery.com\/producto\/palas-olimpico-uukha-alpha\/\",\"url\":\"https:\/\/arzasarchery.com\/producto\/palas-olimpico-uukha-alpha\/\",\"name\":\"Palas Ol\u00edmpico UUKHA MAZAALAI - Arza&#039;s Archery\",\"isPartOf\":{\"@id\":\"https:\/\/arzasarchery.com\/#website\"},\"datePublished\":\"2025-02-02T15:42:38+00:00\",\"dateModified\":\"2025-02-02T16:05:08+00:00\",\"breadcrumb\":{\"@id\":\"https:\/\/arzasarchery.com\/producto\/palas-olimpico-uukha-alpha\/#breadcrumb\"},\"inLanguage\":\"en-US\",\"potentialAction\":[{\"@type\":\"ReadAction\",\"target\":[\"https:\/\/arzasarchery.com\/producto\/palas-olimpico-uukha-alpha\/\"]}]},{\"@type\":\"BreadcrumbList\",\"@id\":\"https:\/\/arzasarchery.com\/producto\/palas-olimpico-uukha-alpha\/#breadcrumb\",\"itemListElement\":[{\"@type\":\"ListItem\",\"position\":1,\"name\":\"Portada\",\"item\":\"https:\/\/arzasarchery.com\/\"},{\"@type\":\"ListItem\",\"position\":2,\"name\":\"Tienda Todos\",\"item\":\"https:\/\/arzasarchery.com\/en\/tienda-2\/\"},{\"@type\":\"ListItem\",\"position\":3,\"name\":\"Palas Ol\u00edmpico UUKHA MAZAALAI\"}]},{\"@type\":\"WebSite\",\"@id\":\"https:\/\/arzasarchery.com\/#website\",\"url\":\"https:\/\/arzasarchery.com\/\",\"name\":\"Arza&#039;s Archery\",\"description\":\"Arzas Archery\",\"potentialAction\":[{\"@type\":\"SearchAction\",\"target\":{\"@type\":\"EntryPoint\",\"urlTemplate\":\"https:\/\/arzasarchery.com\/?s={search_term_string}\"},\"query-input\":{\"@type\":\"PropertyValueSpecification\",\"valueRequired\":true,\"valueName\":\"search_term_string\"}}],\"inLanguage\":\"en-US\"}]}<\/script>\n<!-- \/ Yoast SEO plugin. -->","yoast_head_json":{"title":"Palas Ol\u00edmpico UUKHA MAZAALAI - Arza&#039;s Archery","robots":{"index":"index","follow":"follow","max-snippet":"max-snippet:-1","max-image-preview":"max-image-preview:large","max-video-preview":"max-video-preview:-1"},"canonical":"https:\/\/arzasarchery.com\/producto\/palas-olimpico-uukha-alpha\/","og_locale":"en_US","og_type":"article","og_title":"Palas Ol\u00edmpico UUKHA MAZAALAI - Arza&#039;s Archery","og_description":"ESPECIFICACIONES :Anotar tama\u00f1o\/potencia que desees .","og_url":"https:\/\/arzasarchery.com\/producto\/palas-olimpico-uukha-alpha\/","og_site_name":"Arza&#039;s Archery","article_modified_time":"2025-02-02T16:05:08+00:00","twitter_card":"summary_large_image","twitter_misc":{"Est. reading time":"1 minute"},"schema":{"@context":"https:\/\/schema.org","@graph":[{"@type":"WebPage","@id":"https:\/\/arzasarchery.com\/producto\/palas-olimpico-uukha-alpha\/","url":"https:\/\/arzasarchery.com\/producto\/palas-olimpico-uukha-alpha\/","name":"Palas Ol\u00edmpico UUKHA MAZAALAI - Arza&#039;s Archery","isPartOf":{"@id":"https:\/\/arzasarchery.com\/#website"},"datePublished":"2025-02-02T15:42:38+00:00","dateModified":"2025-02-02T16:05:08+00:00","breadcrumb":{"@id":"https:\/\/arzasarchery.com\/producto\/palas-olimpico-uukha-alpha\/#breadcrumb"},"inLanguage":"en-US","potentialAction":[{"@type":"ReadAction","target":["https:\/\/arzasarchery.com\/producto\/palas-olimpico-uukha-alpha\/"]}]},{"@type":"BreadcrumbList","@id":"https:\/\/arzasarchery.com\/producto\/palas-olimpico-uukha-alpha\/#breadcrumb","itemListElement":[{"@type":"ListItem","position":1,"name":"Portada","item":"https:\/\/arzasarchery.com\/"},{"@type":"ListItem","position":2,"name":"Tienda Todos","item":"https:\/\/arzasarchery.com\/en\/tienda-2\/"},{"@type":"ListItem","position":3,"name":"Palas Ol\u00edmpico UUKHA MAZAALAI"}]},{"@type":"WebSite","@id":"https:\/\/arzasarchery.com\/#website","url":"https:\/\/arzasarchery.com\/","name":"Arza&#039;s Archery","description":"Arzas Archery","potentialAction":[{"@type":"SearchAction","target":{"@type":"EntryPoint","urlTemplate":"https:\/\/arzasarchery.com\/?s={search_term_string}"},"query-input":{"@type":"PropertyValueSpecification","valueRequired":true,"valueName":"search_term_string"}}],"inLanguage":"en-US"}]}},"_links":{"self":[{"href":"https:\/\/arzasarchery.com\/en\/wp-json\/wp\/v2\/product\/9604","targetHints":{"allow":["GET"]}}],"collection":[{"href":"https:\/\/arzasarchery.com\/en\/wp-json\/wp\/v2\/product"}],"about":[{"href":"https:\/\/arzasarchery.com\/en\/wp-json\/wp\/v2\/types\/product"}],"wp:attachment":[{"href":"https:\/\/arzasarchery.com\/en\/wp-json\/wp\/v2\/media?parent=9604"}],"wp:term":[{"taxonomy":"product_brand","embeddable":true,"href":"https:\/\/arzasarchery.com\/en\/wp-json\/wp\/v2\/product_brand?post=9604"},{"taxonomy":"product_cat","embeddable":true,"href":"https:\/\/arzasarchery.com\/en\/wp-json\/wp\/v2\/product_cat?post=9604"},{"taxonomy":"product_tag","embeddable":true,"href":"https:\/\/arzasarchery.com\/en\/wp-json\/wp\/v2\/product_tag?post=9604"}],"curies":[{"name":"wp","href":"https:\/\/api.w.org\/{rel}","templated":true}]}}