{"id":9331,"date":"2024-10-05T19:36:05","date_gmt":"2024-10-05T17:36:05","guid":{"rendered":"https:\/\/arzasarchery.com\/?post_type=product&#038;p=9331"},"modified":"2024-10-05T19:52:41","modified_gmt":"2024-10-05T17:52:41","slug":"flecha-completa-ultraview-carbon-4017e-u","status":"publish","type":"product","link":"https:\/\/arzasarchery.com\/en\/producte\/flecha-completa-ultraview-carbon-4017e-u\/","title":{"rendered":"Flecha Completa ULTRAVIEW CARBON  40,17\u20ac\/U"},"content":{"rendered":"<p class=\"font-product-title\"><strong>ARROWS CARBON 1K WITH UV VANES, 75GR OUTSERT &amp; 100GR FIELD POINT 6\/PK<\/strong><\/p>\n<p>Las flechas de carbono Ultraview 1K est\u00e1n dise\u00f1adas por expertos para los cazadores que buscan lo mejor en precisi\u00f3n, consistencia y durabilidad. Construidas con la avanzada tecnolog\u00eda de tejido de carbono 1K, estas flechas est\u00e1n dise\u00f1adas para ofrecer un rendimiento fiable disparo tras disparo. Si est\u00e1 buscando flechas premium para caza con arco que combinen materiales de vanguardia con un dise\u00f1o innovador, la Ultraview 1K es la elecci\u00f3n perfecta.<\/p>\n<p>Caracter\u00edsticas principales:<\/p>\n<p>Tejido de Carbono 1K: Ofrece una excepcional relaci\u00f3n resistencia-peso, proporcionando una estabilidad y consistencia de tiro inigualables incluso en condiciones dif\u00edciles.<\/p>\n<p>Di\u00e1metro h\u00edbrido de 4,5 mm: Combina las ventajas de las varillas de 5mm y 4mm, ofreciendo una durabilidad ligera con un \u00f3ptimo grain por pulgada (GPI) para un rendimiento mejorado.<\/p>\n<p>Componentes UV personalizados: Presenta plumas UV altamente visibles, wraps y puntas de campo recubiertas de PVD para una r\u00e1pida recuperaci\u00f3n de la flecha y una mejor precisi\u00f3n en el campo.<\/p>\n<p>Recubrimiento Satin ICE\u2122: El recubrimiento de nano-cer\u00e1mica mejora la penetraci\u00f3n y hace que la extracci\u00f3n de la flecha de los objetivos se realice sin esfuerzo, ideal tanto para la pr\u00e1ctica como para la caza.<\/p>\n<p>Sistema completo: Incluye inserto de 75gr, una punta de 100gr, culat\u00edn de 4mm y un adaptador de culat\u00edn, proporcionando un sistema de flecha totalmente integrado para los cazadores de arco serios.<\/p>\n<p>Sin cortar miden 31 pulgadas<\/p>\n","protected":false},"excerpt":{"rendered":"<p><img decoding=\"async\" class=\"alignnone size-medium wp-image-9012\" src=\"https:\/\/arzasarchery.com\/wp-content\/uploads\/LOGO-ULTRAVIEW-300x54.png\" alt=\"\" width=\"300\" height=\"54\" srcset=\"https:\/\/arzasarchery.com\/wp-content\/uploads\/LOGO-ULTRAVIEW-300x54.png 300w, https:\/\/arzasarchery.com\/wp-content\/uploads\/LOGO-ULTRAVIEW-600x108.png 600w, https:\/\/arzasarchery.com\/wp-content\/uploads\/LOGO-ULTRAVIEW-768x139.png 768w, https:\/\/arzasarchery.com\/wp-content\/uploads\/LOGO-ULTRAVIEW-1536x277.png 1536w, https:\/\/arzasarchery.com\/wp-content\/uploads\/LOGO-ULTRAVIEW-2048x370.png 2048w, https:\/\/arzasarchery.com\/wp-content\/uploads\/LOGO-ULTRAVIEW-700x126.png 700w\" sizes=\"(max-width: 300px) 100vw, 300px\" \/><\/p>\n<p>&nbsp;<\/p>\n","protected":false},"featured_media":9335,"template":"","meta":[],"product_brand":[],"product_cat":[94,592],"product_tag":[],"class_list":{"0":"post-9331","1":"product","2":"type-product","3":"status-publish","4":"has-post-thumbnail","6":"product_cat-flechas","7":"product_cat-flechas-completas-hunting","9":"first","10":"instock","11":"taxable","12":"shipping-taxable","13":"purchasable","14":"product-type-simple"},"yoast_head":"<!-- This site is optimized with the Yoast SEO plugin v25.6 - https:\/\/yoast.com\/wordpress\/plugins\/seo\/ -->\n<title>Flecha Completa ULTRAVIEW CARBON 40,17\u20ac\/U - Arza&#039;s Archery<\/title>\n<meta name=\"robots\" content=\"index, follow, max-snippet:-1, max-image-preview:large, max-video-preview:-1\" \/>\n<link rel=\"canonical\" href=\"https:\/\/arzasarchery.com\/producto\/flecha-completa-ultraview-carbon-4017e-u\/\" \/>\n<meta property=\"og:locale\" content=\"en_US\" \/>\n<meta property=\"og:type\" content=\"article\" \/>\n<meta property=\"og:title\" content=\"Flecha Completa ULTRAVIEW CARBON 40,17\u20ac\/U - Arza&#039;s Archery\" \/>\n<meta property=\"og:description\" content=\"&nbsp;\" \/>\n<meta property=\"og:url\" content=\"https:\/\/arzasarchery.com\/producto\/flecha-completa-ultraview-carbon-4017e-u\/\" \/>\n<meta property=\"og:site_name\" content=\"Arza&#039;s Archery\" \/>\n<meta property=\"article:modified_time\" content=\"2024-10-05T17:52:41+00:00\" \/>\n<meta property=\"og:image\" content=\"https:\/\/arzasarchery.com\/wp-content\/uploads\/FLECHA-ULTRAVIU-UV-1K.jpg\" \/>\n\t<meta property=\"og:image:width\" content=\"1032\" \/>\n\t<meta property=\"og:image:height\" content=\"1016\" \/>\n\t<meta property=\"og:image:type\" content=\"image\/jpeg\" \/>\n<meta name=\"twitter:card\" content=\"summary_large_image\" \/>\n<meta name=\"twitter:label1\" content=\"Est. reading time\" \/>\n\t<meta name=\"twitter:data1\" content=\"2 minutes\" \/>\n<script type=\"application\/ld+json\" class=\"yoast-schema-graph\">{\"@context\":\"https:\/\/schema.org\",\"@graph\":[{\"@type\":\"WebPage\",\"@id\":\"https:\/\/arzasarchery.com\/producto\/flecha-completa-ultraview-carbon-4017e-u\/\",\"url\":\"https:\/\/arzasarchery.com\/producto\/flecha-completa-ultraview-carbon-4017e-u\/\",\"name\":\"Flecha Completa ULTRAVIEW CARBON 40,17\u20ac\/U - Arza&#039;s Archery\",\"isPartOf\":{\"@id\":\"https:\/\/arzasarchery.com\/#website\"},\"primaryImageOfPage\":{\"@id\":\"https:\/\/arzasarchery.com\/producto\/flecha-completa-ultraview-carbon-4017e-u\/#primaryimage\"},\"image\":{\"@id\":\"https:\/\/arzasarchery.com\/producto\/flecha-completa-ultraview-carbon-4017e-u\/#primaryimage\"},\"thumbnailUrl\":\"https:\/\/arzasarchery.com\/wp-content\/uploads\/FLECHA-ULTRAVIU-UV-1K.jpg\",\"datePublished\":\"2024-10-05T17:36:05+00:00\",\"dateModified\":\"2024-10-05T17:52:41+00:00\",\"breadcrumb\":{\"@id\":\"https:\/\/arzasarchery.com\/producto\/flecha-completa-ultraview-carbon-4017e-u\/#breadcrumb\"},\"inLanguage\":\"en-US\",\"potentialAction\":[{\"@type\":\"ReadAction\",\"target\":[\"https:\/\/arzasarchery.com\/producto\/flecha-completa-ultraview-carbon-4017e-u\/\"]}]},{\"@type\":\"ImageObject\",\"inLanguage\":\"en-US\",\"@id\":\"https:\/\/arzasarchery.com\/producto\/flecha-completa-ultraview-carbon-4017e-u\/#primaryimage\",\"url\":\"https:\/\/arzasarchery.com\/wp-content\/uploads\/FLECHA-ULTRAVIU-UV-1K.jpg\",\"contentUrl\":\"https:\/\/arzasarchery.com\/wp-content\/uploads\/FLECHA-ULTRAVIU-UV-1K.jpg\",\"width\":1032,\"height\":1016},{\"@type\":\"BreadcrumbList\",\"@id\":\"https:\/\/arzasarchery.com\/producto\/flecha-completa-ultraview-carbon-4017e-u\/#breadcrumb\",\"itemListElement\":[{\"@type\":\"ListItem\",\"position\":1,\"name\":\"Portada\",\"item\":\"https:\/\/arzasarchery.com\/\"},{\"@type\":\"ListItem\",\"position\":2,\"name\":\"Tienda Todos\",\"item\":\"https:\/\/arzasarchery.com\/en\/tienda-2\/\"},{\"@type\":\"ListItem\",\"position\":3,\"name\":\"Flecha Completa ULTRAVIEW CARBON 40,17\u20ac\/U\"}]},{\"@type\":\"WebSite\",\"@id\":\"https:\/\/arzasarchery.com\/#website\",\"url\":\"https:\/\/arzasarchery.com\/\",\"name\":\"Arza&#039;s Archery\",\"description\":\"Arzas Archery\",\"potentialAction\":[{\"@type\":\"SearchAction\",\"target\":{\"@type\":\"EntryPoint\",\"urlTemplate\":\"https:\/\/arzasarchery.com\/?s={search_term_string}\"},\"query-input\":{\"@type\":\"PropertyValueSpecification\",\"valueRequired\":true,\"valueName\":\"search_term_string\"}}],\"inLanguage\":\"en-US\"}]}<\/script>\n<!-- \/ Yoast SEO plugin. -->","yoast_head_json":{"title":"Flecha Completa ULTRAVIEW CARBON 40,17\u20ac\/U - Arza&#039;s Archery","robots":{"index":"index","follow":"follow","max-snippet":"max-snippet:-1","max-image-preview":"max-image-preview:large","max-video-preview":"max-video-preview:-1"},"canonical":"https:\/\/arzasarchery.com\/producto\/flecha-completa-ultraview-carbon-4017e-u\/","og_locale":"en_US","og_type":"article","og_title":"Flecha Completa ULTRAVIEW CARBON 40,17\u20ac\/U - Arza&#039;s Archery","og_description":"&nbsp;","og_url":"https:\/\/arzasarchery.com\/producto\/flecha-completa-ultraview-carbon-4017e-u\/","og_site_name":"Arza&#039;s Archery","article_modified_time":"2024-10-05T17:52:41+00:00","og_image":[{"width":1032,"height":1016,"url":"https:\/\/arzasarchery.com\/wp-content\/uploads\/FLECHA-ULTRAVIU-UV-1K.jpg","type":"image\/jpeg"}],"twitter_card":"summary_large_image","twitter_misc":{"Est. reading time":"2 minutes"},"schema":{"@context":"https:\/\/schema.org","@graph":[{"@type":"WebPage","@id":"https:\/\/arzasarchery.com\/producto\/flecha-completa-ultraview-carbon-4017e-u\/","url":"https:\/\/arzasarchery.com\/producto\/flecha-completa-ultraview-carbon-4017e-u\/","name":"Flecha Completa ULTRAVIEW CARBON 40,17\u20ac\/U - Arza&#039;s Archery","isPartOf":{"@id":"https:\/\/arzasarchery.com\/#website"},"primaryImageOfPage":{"@id":"https:\/\/arzasarchery.com\/producto\/flecha-completa-ultraview-carbon-4017e-u\/#primaryimage"},"image":{"@id":"https:\/\/arzasarchery.com\/producto\/flecha-completa-ultraview-carbon-4017e-u\/#primaryimage"},"thumbnailUrl":"https:\/\/arzasarchery.com\/wp-content\/uploads\/FLECHA-ULTRAVIU-UV-1K.jpg","datePublished":"2024-10-05T17:36:05+00:00","dateModified":"2024-10-05T17:52:41+00:00","breadcrumb":{"@id":"https:\/\/arzasarchery.com\/producto\/flecha-completa-ultraview-carbon-4017e-u\/#breadcrumb"},"inLanguage":"en-US","potentialAction":[{"@type":"ReadAction","target":["https:\/\/arzasarchery.com\/producto\/flecha-completa-ultraview-carbon-4017e-u\/"]}]},{"@type":"ImageObject","inLanguage":"en-US","@id":"https:\/\/arzasarchery.com\/producto\/flecha-completa-ultraview-carbon-4017e-u\/#primaryimage","url":"https:\/\/arzasarchery.com\/wp-content\/uploads\/FLECHA-ULTRAVIU-UV-1K.jpg","contentUrl":"https:\/\/arzasarchery.com\/wp-content\/uploads\/FLECHA-ULTRAVIU-UV-1K.jpg","width":1032,"height":1016},{"@type":"BreadcrumbList","@id":"https:\/\/arzasarchery.com\/producto\/flecha-completa-ultraview-carbon-4017e-u\/#breadcrumb","itemListElement":[{"@type":"ListItem","position":1,"name":"Portada","item":"https:\/\/arzasarchery.com\/"},{"@type":"ListItem","position":2,"name":"Tienda Todos","item":"https:\/\/arzasarchery.com\/en\/tienda-2\/"},{"@type":"ListItem","position":3,"name":"Flecha Completa ULTRAVIEW CARBON 40,17\u20ac\/U"}]},{"@type":"WebSite","@id":"https:\/\/arzasarchery.com\/#website","url":"https:\/\/arzasarchery.com\/","name":"Arza&#039;s Archery","description":"Arzas Archery","potentialAction":[{"@type":"SearchAction","target":{"@type":"EntryPoint","urlTemplate":"https:\/\/arzasarchery.com\/?s={search_term_string}"},"query-input":{"@type":"PropertyValueSpecification","valueRequired":true,"valueName":"search_term_string"}}],"inLanguage":"en-US"}]}},"_links":{"self":[{"href":"https:\/\/arzasarchery.com\/en\/wp-json\/wp\/v2\/product\/9331","targetHints":{"allow":["GET"]}}],"collection":[{"href":"https:\/\/arzasarchery.com\/en\/wp-json\/wp\/v2\/product"}],"about":[{"href":"https:\/\/arzasarchery.com\/en\/wp-json\/wp\/v2\/types\/product"}],"wp:featuredmedia":[{"embeddable":true,"href":"https:\/\/arzasarchery.com\/en\/wp-json\/wp\/v2\/media\/9335"}],"wp:attachment":[{"href":"https:\/\/arzasarchery.com\/en\/wp-json\/wp\/v2\/media?parent=9331"}],"wp:term":[{"taxonomy":"product_brand","embeddable":true,"href":"https:\/\/arzasarchery.com\/en\/wp-json\/wp\/v2\/product_brand?post=9331"},{"taxonomy":"product_cat","embeddable":true,"href":"https:\/\/arzasarchery.com\/en\/wp-json\/wp\/v2\/product_cat?post=9331"},{"taxonomy":"product_tag","embeddable":true,"href":"https:\/\/arzasarchery.com\/en\/wp-json\/wp\/v2\/product_tag?post=9331"}],"curies":[{"name":"wp","href":"https:\/\/api.w.org\/{rel}","templated":true}]}}