{"id":9170,"date":"2024-09-01T19:38:47","date_gmt":"2024-09-01T17:38:47","guid":{"rendered":"https:\/\/arzasarchery.com\/?post_type=product&#038;p=9170"},"modified":"2024-11-03T13:22:48","modified_gmt":"2024-11-03T11:22:48","slug":"palas-olimpico-hoyt-gp-syntactic-foam-axia-2024","status":"publish","type":"product","link":"https:\/\/arzasarchery.com\/en\/producte\/palas-olimpico-hoyt-gp-syntactic-foam-axia-2024\/","title":{"rendered":"Palas Ol\u00edmpico HOYT GP SYNTACTIC FOAM AXIA 2024"},"content":{"rendered":"<h2 class=\"font-product-title\"><strong>Hoyt Limbs Grand Prix Syntactic Foam Axia 2024<\/strong><\/h2>\n<ul id=\"pills-tab\" class=\"nav nav-pills mb-3\" role=\"tablist\">\n<li class=\"nav-item\">Key features<\/li>\n<\/ul>\n<div id=\"pills-tabContent\" class=\"tab-content\">\n<div id=\"pills-home\" class=\"tab-pane fade show active\" role=\"tabpanel\" aria-labelledby=\"pills-home-tab\">\n<div class=\"row\">\n<div class=\"col-md-12\">Fibra de carbono de 8 capas<br \/>\nEstabilidad t\u00e9rmica<br \/>\nEl material m\u00e1s duradero y consistente jam\u00e1s desarrollado<br \/>\nTecnolog\u00eda Hoyt patentada (USPTO#4819608)<br \/>\nDise\u00f1ado para un rendimiento superior en cualquier condici\u00f3n clim\u00e1tica y suavidad de tiro<br \/>\nNuevas almohadillas de Delrin incrustadas en la horquilla para reducir la fricci\u00f3n del perno de la pala, el ruido y el desgaste de la pala.<\/div>\n<\/div>\n<\/div>\n<\/div>\n<p>&nbsp;<\/p>\n<p>Length: 66, 68, 70 inch<br \/>\nMaterial: Carbon<br \/>\nLimb Fitting: ILF<\/p>\n","protected":false},"excerpt":{"rendered":"<p><strong><img decoding=\"async\" class=\"alignnone size-medium wp-image-9095\" src=\"https:\/\/arzasarchery.com\/wp-content\/uploads\/logo-hoyt1-300x127.jpg\" alt=\"\" width=\"300\" height=\"127\" srcset=\"https:\/\/arzasarchery.com\/wp-content\/uploads\/logo-hoyt1-300x127.jpg 300w, https:\/\/arzasarchery.com\/wp-content\/uploads\/logo-hoyt1.jpg 345w\" sizes=\"(max-width: 300px) 100vw, 300px\" \/><\/strong><\/p>\n<p><strong>ESPECIFICACIONES :Anotar tama\u00f1o\/potencia que desees .<\/strong><\/p>\n","protected":false},"featured_media":9171,"template":"","meta":[],"product_brand":[],"product_cat":[42,44,856],"product_tag":[],"class_list":{"0":"post-9170","1":"product","2":"type-product","3":"status-publish","4":"has-post-thumbnail","6":"product_cat-arcos","7":"product_cat-palas-olimpico","8":"product_cat-palas-olimpico-hoyt","10":"first","11":"instock","12":"taxable","13":"shipping-taxable","14":"purchasable","15":"product-type-simple"},"yoast_head":"<!-- This site is optimized with the Yoast SEO plugin v25.6 - https:\/\/yoast.com\/wordpress\/plugins\/seo\/ -->\n<title>Palas Ol\u00edmpico HOYT GP SYNTACTIC FOAM AXIA 2024 - Arza&#039;s Archery<\/title>\n<meta name=\"robots\" content=\"index, follow, max-snippet:-1, max-image-preview:large, max-video-preview:-1\" \/>\n<link rel=\"canonical\" href=\"https:\/\/arzasarchery.com\/producto\/palas-olimpico-hoyt-gp-syntactic-foam-axia-2024\/\" \/>\n<meta property=\"og:locale\" content=\"en_US\" \/>\n<meta property=\"og:type\" content=\"article\" \/>\n<meta property=\"og:title\" content=\"Palas Ol\u00edmpico HOYT GP SYNTACTIC FOAM AXIA 2024 - Arza&#039;s Archery\" \/>\n<meta property=\"og:description\" content=\"ESPECIFICACIONES :Anotar tama\u00f1o\/potencia que desees .\" \/>\n<meta property=\"og:url\" content=\"https:\/\/arzasarchery.com\/producto\/palas-olimpico-hoyt-gp-syntactic-foam-axia-2024\/\" \/>\n<meta property=\"og:site_name\" content=\"Arza&#039;s Archery\" \/>\n<meta property=\"article:modified_time\" content=\"2024-11-03T11:22:48+00:00\" \/>\n<meta property=\"og:image\" content=\"https:\/\/arzasarchery.com\/wp-content\/uploads\/Palas-Olimpico-HOYT-GP-SYNTACTIC-AXIA.jpg\" \/>\n\t<meta property=\"og:image:width\" content=\"402\" \/>\n\t<meta property=\"og:image:height\" content=\"394\" \/>\n\t<meta property=\"og:image:type\" content=\"image\/jpeg\" \/>\n<meta name=\"twitter:card\" content=\"summary_large_image\" \/>\n<meta name=\"twitter:label1\" content=\"Est. reading time\" \/>\n\t<meta name=\"twitter:data1\" content=\"1 minute\" \/>\n<script type=\"application\/ld+json\" class=\"yoast-schema-graph\">{\"@context\":\"https:\/\/schema.org\",\"@graph\":[{\"@type\":\"WebPage\",\"@id\":\"https:\/\/arzasarchery.com\/producto\/palas-olimpico-hoyt-gp-syntactic-foam-axia-2024\/\",\"url\":\"https:\/\/arzasarchery.com\/producto\/palas-olimpico-hoyt-gp-syntactic-foam-axia-2024\/\",\"name\":\"Palas Ol\u00edmpico HOYT GP SYNTACTIC FOAM AXIA 2024 - Arza&#039;s Archery\",\"isPartOf\":{\"@id\":\"https:\/\/arzasarchery.com\/#website\"},\"primaryImageOfPage\":{\"@id\":\"https:\/\/arzasarchery.com\/producto\/palas-olimpico-hoyt-gp-syntactic-foam-axia-2024\/#primaryimage\"},\"image\":{\"@id\":\"https:\/\/arzasarchery.com\/producto\/palas-olimpico-hoyt-gp-syntactic-foam-axia-2024\/#primaryimage\"},\"thumbnailUrl\":\"https:\/\/arzasarchery.com\/wp-content\/uploads\/Palas-Olimpico-HOYT-GP-SYNTACTIC-AXIA.jpg\",\"datePublished\":\"2024-09-01T17:38:47+00:00\",\"dateModified\":\"2024-11-03T11:22:48+00:00\",\"breadcrumb\":{\"@id\":\"https:\/\/arzasarchery.com\/producto\/palas-olimpico-hoyt-gp-syntactic-foam-axia-2024\/#breadcrumb\"},\"inLanguage\":\"en-US\",\"potentialAction\":[{\"@type\":\"ReadAction\",\"target\":[\"https:\/\/arzasarchery.com\/producto\/palas-olimpico-hoyt-gp-syntactic-foam-axia-2024\/\"]}]},{\"@type\":\"ImageObject\",\"inLanguage\":\"en-US\",\"@id\":\"https:\/\/arzasarchery.com\/producto\/palas-olimpico-hoyt-gp-syntactic-foam-axia-2024\/#primaryimage\",\"url\":\"https:\/\/arzasarchery.com\/wp-content\/uploads\/Palas-Olimpico-HOYT-GP-SYNTACTIC-AXIA.jpg\",\"contentUrl\":\"https:\/\/arzasarchery.com\/wp-content\/uploads\/Palas-Olimpico-HOYT-GP-SYNTACTIC-AXIA.jpg\",\"width\":402,\"height\":394},{\"@type\":\"BreadcrumbList\",\"@id\":\"https:\/\/arzasarchery.com\/producto\/palas-olimpico-hoyt-gp-syntactic-foam-axia-2024\/#breadcrumb\",\"itemListElement\":[{\"@type\":\"ListItem\",\"position\":1,\"name\":\"Portada\",\"item\":\"https:\/\/arzasarchery.com\/\"},{\"@type\":\"ListItem\",\"position\":2,\"name\":\"Tienda Todos\",\"item\":\"https:\/\/arzasarchery.com\/en\/tienda-2\/\"},{\"@type\":\"ListItem\",\"position\":3,\"name\":\"Palas Ol\u00edmpico HOYT GP SYNTACTIC FOAM AXIA 2024\"}]},{\"@type\":\"WebSite\",\"@id\":\"https:\/\/arzasarchery.com\/#website\",\"url\":\"https:\/\/arzasarchery.com\/\",\"name\":\"Arza&#039;s Archery\",\"description\":\"Arzas Archery\",\"potentialAction\":[{\"@type\":\"SearchAction\",\"target\":{\"@type\":\"EntryPoint\",\"urlTemplate\":\"https:\/\/arzasarchery.com\/?s={search_term_string}\"},\"query-input\":{\"@type\":\"PropertyValueSpecification\",\"valueRequired\":true,\"valueName\":\"search_term_string\"}}],\"inLanguage\":\"en-US\"}]}<\/script>\n<!-- \/ Yoast SEO plugin. -->","yoast_head_json":{"title":"Palas Ol\u00edmpico HOYT GP SYNTACTIC FOAM AXIA 2024 - Arza&#039;s Archery","robots":{"index":"index","follow":"follow","max-snippet":"max-snippet:-1","max-image-preview":"max-image-preview:large","max-video-preview":"max-video-preview:-1"},"canonical":"https:\/\/arzasarchery.com\/producto\/palas-olimpico-hoyt-gp-syntactic-foam-axia-2024\/","og_locale":"en_US","og_type":"article","og_title":"Palas Ol\u00edmpico HOYT GP SYNTACTIC FOAM AXIA 2024 - Arza&#039;s Archery","og_description":"ESPECIFICACIONES :Anotar tama\u00f1o\/potencia que desees .","og_url":"https:\/\/arzasarchery.com\/producto\/palas-olimpico-hoyt-gp-syntactic-foam-axia-2024\/","og_site_name":"Arza&#039;s Archery","article_modified_time":"2024-11-03T11:22:48+00:00","og_image":[{"width":402,"height":394,"url":"https:\/\/arzasarchery.com\/wp-content\/uploads\/Palas-Olimpico-HOYT-GP-SYNTACTIC-AXIA.jpg","type":"image\/jpeg"}],"twitter_card":"summary_large_image","twitter_misc":{"Est. reading time":"1 minute"},"schema":{"@context":"https:\/\/schema.org","@graph":[{"@type":"WebPage","@id":"https:\/\/arzasarchery.com\/producto\/palas-olimpico-hoyt-gp-syntactic-foam-axia-2024\/","url":"https:\/\/arzasarchery.com\/producto\/palas-olimpico-hoyt-gp-syntactic-foam-axia-2024\/","name":"Palas Ol\u00edmpico HOYT GP SYNTACTIC FOAM AXIA 2024 - Arza&#039;s Archery","isPartOf":{"@id":"https:\/\/arzasarchery.com\/#website"},"primaryImageOfPage":{"@id":"https:\/\/arzasarchery.com\/producto\/palas-olimpico-hoyt-gp-syntactic-foam-axia-2024\/#primaryimage"},"image":{"@id":"https:\/\/arzasarchery.com\/producto\/palas-olimpico-hoyt-gp-syntactic-foam-axia-2024\/#primaryimage"},"thumbnailUrl":"https:\/\/arzasarchery.com\/wp-content\/uploads\/Palas-Olimpico-HOYT-GP-SYNTACTIC-AXIA.jpg","datePublished":"2024-09-01T17:38:47+00:00","dateModified":"2024-11-03T11:22:48+00:00","breadcrumb":{"@id":"https:\/\/arzasarchery.com\/producto\/palas-olimpico-hoyt-gp-syntactic-foam-axia-2024\/#breadcrumb"},"inLanguage":"en-US","potentialAction":[{"@type":"ReadAction","target":["https:\/\/arzasarchery.com\/producto\/palas-olimpico-hoyt-gp-syntactic-foam-axia-2024\/"]}]},{"@type":"ImageObject","inLanguage":"en-US","@id":"https:\/\/arzasarchery.com\/producto\/palas-olimpico-hoyt-gp-syntactic-foam-axia-2024\/#primaryimage","url":"https:\/\/arzasarchery.com\/wp-content\/uploads\/Palas-Olimpico-HOYT-GP-SYNTACTIC-AXIA.jpg","contentUrl":"https:\/\/arzasarchery.com\/wp-content\/uploads\/Palas-Olimpico-HOYT-GP-SYNTACTIC-AXIA.jpg","width":402,"height":394},{"@type":"BreadcrumbList","@id":"https:\/\/arzasarchery.com\/producto\/palas-olimpico-hoyt-gp-syntactic-foam-axia-2024\/#breadcrumb","itemListElement":[{"@type":"ListItem","position":1,"name":"Portada","item":"https:\/\/arzasarchery.com\/"},{"@type":"ListItem","position":2,"name":"Tienda Todos","item":"https:\/\/arzasarchery.com\/en\/tienda-2\/"},{"@type":"ListItem","position":3,"name":"Palas Ol\u00edmpico HOYT GP SYNTACTIC FOAM AXIA 2024"}]},{"@type":"WebSite","@id":"https:\/\/arzasarchery.com\/#website","url":"https:\/\/arzasarchery.com\/","name":"Arza&#039;s Archery","description":"Arzas Archery","potentialAction":[{"@type":"SearchAction","target":{"@type":"EntryPoint","urlTemplate":"https:\/\/arzasarchery.com\/?s={search_term_string}"},"query-input":{"@type":"PropertyValueSpecification","valueRequired":true,"valueName":"search_term_string"}}],"inLanguage":"en-US"}]}},"_links":{"self":[{"href":"https:\/\/arzasarchery.com\/en\/wp-json\/wp\/v2\/product\/9170","targetHints":{"allow":["GET"]}}],"collection":[{"href":"https:\/\/arzasarchery.com\/en\/wp-json\/wp\/v2\/product"}],"about":[{"href":"https:\/\/arzasarchery.com\/en\/wp-json\/wp\/v2\/types\/product"}],"wp:featuredmedia":[{"embeddable":true,"href":"https:\/\/arzasarchery.com\/en\/wp-json\/wp\/v2\/media\/9171"}],"wp:attachment":[{"href":"https:\/\/arzasarchery.com\/en\/wp-json\/wp\/v2\/media?parent=9170"}],"wp:term":[{"taxonomy":"product_brand","embeddable":true,"href":"https:\/\/arzasarchery.com\/en\/wp-json\/wp\/v2\/product_brand?post=9170"},{"taxonomy":"product_cat","embeddable":true,"href":"https:\/\/arzasarchery.com\/en\/wp-json\/wp\/v2\/product_cat?post=9170"},{"taxonomy":"product_tag","embeddable":true,"href":"https:\/\/arzasarchery.com\/en\/wp-json\/wp\/v2\/product_tag?post=9170"}],"curies":[{"name":"wp","href":"https:\/\/api.w.org\/{rel}","templated":true}]}}