{"id":9157,"date":"2024-09-01T18:55:02","date_gmt":"2024-09-01T16:55:02","guid":{"rendered":"https:\/\/arzasarchery.com\/?post_type=product&#038;p=9157"},"modified":"2024-11-03T13:23:21","modified_gmt":"2024-11-03T11:23:21","slug":"palas-olimpico-hoyt-gp-resin-infused-wood-axia","status":"publish","type":"product","link":"https:\/\/arzasarchery.com\/en\/producte\/palas-olimpico-hoyt-gp-resin-infused-wood-axia\/","title":{"rendered":"Palas Ol\u00edmpico HOYT GP CARBON RESIN INFUSED WOOD AXIA"},"content":{"rendered":"<h2 class=\"font-product-title\"><strong>Hoyt Limbs Grand Prix Resin Infused Wood Axia 2023<\/strong><\/h2>\n<ul id=\"pills-tab\" class=\"nav nav-pills mb-3\" role=\"tablist\">\n<li class=\"nav-item\">Key features<\/li>\n<\/ul>\n<div id=\"pills-tabContent\" class=\"tab-content\">\n<div id=\"pills-home\" class=\"tab-pane fade show active\" role=\"tabpanel\" aria-labelledby=\"pills-home-tab\">\n<div class=\"row\">\n<div class=\"col-md-12\"><\/div>\n<\/div>\n<\/div>\n<\/div>\n<p>Nuevo n\u00facleo de pala con infusi\u00f3n de resina patentada.<br \/>\nDise\u00f1o torsial optimizado.<br \/>\nNuevo dise\u00f1o de 8 capas de carbono.<br \/>\nNuevo dise\u00f1o de cu\u00f1a para mayor estabilidad y suavidad.<br \/>\nExperiencia de tiro inigualable gracias a la mejora de la sensaci\u00f3n, el rendimiento y la reducci\u00f3n de la vibraci\u00f3n tras el disparo.<\/p>\n<p>Length: 66, 68, 70 inch<br \/>\nMaterial: Carbon<br \/>\nLimb Fitting: ILF<\/p>\n","protected":false},"excerpt":{"rendered":"<p><strong><img decoding=\"async\" class=\"alignnone size-medium wp-image-9095\" src=\"https:\/\/arzasarchery.com\/wp-content\/uploads\/logo-hoyt1-300x127.jpg\" alt=\"\" width=\"300\" height=\"127\" srcset=\"https:\/\/arzasarchery.com\/wp-content\/uploads\/logo-hoyt1-300x127.jpg 300w, https:\/\/arzasarchery.com\/wp-content\/uploads\/logo-hoyt1.jpg 345w\" sizes=\"(max-width: 300px) 100vw, 300px\" \/><\/strong><\/p>\n<p><strong>ESPECIFICACIONES :Anotar tama\u00f1o\/potencia que desees .<\/strong><\/p>\n","protected":false},"featured_media":9158,"template":"","meta":[],"product_brand":[],"product_cat":[42,44,856],"product_tag":[],"class_list":{"0":"post-9157","1":"product","2":"type-product","3":"status-publish","4":"has-post-thumbnail","6":"product_cat-arcos","7":"product_cat-palas-olimpico","8":"product_cat-palas-olimpico-hoyt","10":"first","11":"instock","12":"taxable","13":"shipping-taxable","14":"purchasable","15":"product-type-simple"},"yoast_head":"<!-- This site is optimized with the Yoast SEO plugin v25.6 - https:\/\/yoast.com\/wordpress\/plugins\/seo\/ -->\n<title>Palas Ol\u00edmpico HOYT GP CARBON RESIN INFUSED WOOD AXIA - Arza&#039;s Archery<\/title>\n<meta name=\"robots\" content=\"index, follow, max-snippet:-1, max-image-preview:large, max-video-preview:-1\" \/>\n<link rel=\"canonical\" href=\"https:\/\/arzasarchery.com\/producto\/palas-olimpico-hoyt-gp-resin-infused-wood-axia\/\" \/>\n<meta property=\"og:locale\" content=\"en_US\" \/>\n<meta property=\"og:type\" content=\"article\" \/>\n<meta property=\"og:title\" content=\"Palas Ol\u00edmpico HOYT GP CARBON RESIN INFUSED WOOD AXIA - Arza&#039;s Archery\" \/>\n<meta property=\"og:description\" content=\"ESPECIFICACIONES :Anotar tama\u00f1o\/potencia que desees .\" \/>\n<meta property=\"og:url\" content=\"https:\/\/arzasarchery.com\/producto\/palas-olimpico-hoyt-gp-resin-infused-wood-axia\/\" \/>\n<meta property=\"og:site_name\" content=\"Arza&#039;s Archery\" \/>\n<meta property=\"article:modified_time\" content=\"2024-11-03T11:23:21+00:00\" \/>\n<meta property=\"og:image\" content=\"https:\/\/arzasarchery.com\/wp-content\/uploads\/Palas-Olimpico-HOYT-GP-RESIN-INFUSED-WOOD-AXIA-2023.jpg\" \/>\n\t<meta property=\"og:image:width\" content=\"650\" \/>\n\t<meta property=\"og:image:height\" content=\"650\" \/>\n\t<meta property=\"og:image:type\" content=\"image\/jpeg\" \/>\n<meta name=\"twitter:card\" content=\"summary_large_image\" \/>\n<meta name=\"twitter:label1\" content=\"Est. reading time\" \/>\n\t<meta name=\"twitter:data1\" content=\"1 minute\" \/>\n<script type=\"application\/ld+json\" class=\"yoast-schema-graph\">{\"@context\":\"https:\/\/schema.org\",\"@graph\":[{\"@type\":\"WebPage\",\"@id\":\"https:\/\/arzasarchery.com\/producto\/palas-olimpico-hoyt-gp-resin-infused-wood-axia\/\",\"url\":\"https:\/\/arzasarchery.com\/producto\/palas-olimpico-hoyt-gp-resin-infused-wood-axia\/\",\"name\":\"Palas Ol\u00edmpico HOYT GP CARBON RESIN INFUSED WOOD AXIA - Arza&#039;s Archery\",\"isPartOf\":{\"@id\":\"https:\/\/arzasarchery.com\/#website\"},\"primaryImageOfPage\":{\"@id\":\"https:\/\/arzasarchery.com\/producto\/palas-olimpico-hoyt-gp-resin-infused-wood-axia\/#primaryimage\"},\"image\":{\"@id\":\"https:\/\/arzasarchery.com\/producto\/palas-olimpico-hoyt-gp-resin-infused-wood-axia\/#primaryimage\"},\"thumbnailUrl\":\"https:\/\/arzasarchery.com\/wp-content\/uploads\/Palas-Olimpico-HOYT-GP-RESIN-INFUSED-WOOD-AXIA-2023.jpg\",\"datePublished\":\"2024-09-01T16:55:02+00:00\",\"dateModified\":\"2024-11-03T11:23:21+00:00\",\"breadcrumb\":{\"@id\":\"https:\/\/arzasarchery.com\/producto\/palas-olimpico-hoyt-gp-resin-infused-wood-axia\/#breadcrumb\"},\"inLanguage\":\"en-US\",\"potentialAction\":[{\"@type\":\"ReadAction\",\"target\":[\"https:\/\/arzasarchery.com\/producto\/palas-olimpico-hoyt-gp-resin-infused-wood-axia\/\"]}]},{\"@type\":\"ImageObject\",\"inLanguage\":\"en-US\",\"@id\":\"https:\/\/arzasarchery.com\/producto\/palas-olimpico-hoyt-gp-resin-infused-wood-axia\/#primaryimage\",\"url\":\"https:\/\/arzasarchery.com\/wp-content\/uploads\/Palas-Olimpico-HOYT-GP-RESIN-INFUSED-WOOD-AXIA-2023.jpg\",\"contentUrl\":\"https:\/\/arzasarchery.com\/wp-content\/uploads\/Palas-Olimpico-HOYT-GP-RESIN-INFUSED-WOOD-AXIA-2023.jpg\",\"width\":650,\"height\":650},{\"@type\":\"BreadcrumbList\",\"@id\":\"https:\/\/arzasarchery.com\/producto\/palas-olimpico-hoyt-gp-resin-infused-wood-axia\/#breadcrumb\",\"itemListElement\":[{\"@type\":\"ListItem\",\"position\":1,\"name\":\"Portada\",\"item\":\"https:\/\/arzasarchery.com\/\"},{\"@type\":\"ListItem\",\"position\":2,\"name\":\"Tienda Todos\",\"item\":\"https:\/\/arzasarchery.com\/en\/tienda-2\/\"},{\"@type\":\"ListItem\",\"position\":3,\"name\":\"Palas Ol\u00edmpico HOYT GP CARBON RESIN INFUSED WOOD AXIA\"}]},{\"@type\":\"WebSite\",\"@id\":\"https:\/\/arzasarchery.com\/#website\",\"url\":\"https:\/\/arzasarchery.com\/\",\"name\":\"Arza&#039;s Archery\",\"description\":\"Arzas Archery\",\"potentialAction\":[{\"@type\":\"SearchAction\",\"target\":{\"@type\":\"EntryPoint\",\"urlTemplate\":\"https:\/\/arzasarchery.com\/?s={search_term_string}\"},\"query-input\":{\"@type\":\"PropertyValueSpecification\",\"valueRequired\":true,\"valueName\":\"search_term_string\"}}],\"inLanguage\":\"en-US\"}]}<\/script>\n<!-- \/ Yoast SEO plugin. -->","yoast_head_json":{"title":"Palas Ol\u00edmpico HOYT GP CARBON RESIN INFUSED WOOD AXIA - Arza&#039;s Archery","robots":{"index":"index","follow":"follow","max-snippet":"max-snippet:-1","max-image-preview":"max-image-preview:large","max-video-preview":"max-video-preview:-1"},"canonical":"https:\/\/arzasarchery.com\/producto\/palas-olimpico-hoyt-gp-resin-infused-wood-axia\/","og_locale":"en_US","og_type":"article","og_title":"Palas Ol\u00edmpico HOYT GP CARBON RESIN INFUSED WOOD AXIA - Arza&#039;s Archery","og_description":"ESPECIFICACIONES :Anotar tama\u00f1o\/potencia que desees .","og_url":"https:\/\/arzasarchery.com\/producto\/palas-olimpico-hoyt-gp-resin-infused-wood-axia\/","og_site_name":"Arza&#039;s Archery","article_modified_time":"2024-11-03T11:23:21+00:00","og_image":[{"width":650,"height":650,"url":"https:\/\/arzasarchery.com\/wp-content\/uploads\/Palas-Olimpico-HOYT-GP-RESIN-INFUSED-WOOD-AXIA-2023.jpg","type":"image\/jpeg"}],"twitter_card":"summary_large_image","twitter_misc":{"Est. reading time":"1 minute"},"schema":{"@context":"https:\/\/schema.org","@graph":[{"@type":"WebPage","@id":"https:\/\/arzasarchery.com\/producto\/palas-olimpico-hoyt-gp-resin-infused-wood-axia\/","url":"https:\/\/arzasarchery.com\/producto\/palas-olimpico-hoyt-gp-resin-infused-wood-axia\/","name":"Palas Ol\u00edmpico HOYT GP CARBON RESIN INFUSED WOOD AXIA - Arza&#039;s Archery","isPartOf":{"@id":"https:\/\/arzasarchery.com\/#website"},"primaryImageOfPage":{"@id":"https:\/\/arzasarchery.com\/producto\/palas-olimpico-hoyt-gp-resin-infused-wood-axia\/#primaryimage"},"image":{"@id":"https:\/\/arzasarchery.com\/producto\/palas-olimpico-hoyt-gp-resin-infused-wood-axia\/#primaryimage"},"thumbnailUrl":"https:\/\/arzasarchery.com\/wp-content\/uploads\/Palas-Olimpico-HOYT-GP-RESIN-INFUSED-WOOD-AXIA-2023.jpg","datePublished":"2024-09-01T16:55:02+00:00","dateModified":"2024-11-03T11:23:21+00:00","breadcrumb":{"@id":"https:\/\/arzasarchery.com\/producto\/palas-olimpico-hoyt-gp-resin-infused-wood-axia\/#breadcrumb"},"inLanguage":"en-US","potentialAction":[{"@type":"ReadAction","target":["https:\/\/arzasarchery.com\/producto\/palas-olimpico-hoyt-gp-resin-infused-wood-axia\/"]}]},{"@type":"ImageObject","inLanguage":"en-US","@id":"https:\/\/arzasarchery.com\/producto\/palas-olimpico-hoyt-gp-resin-infused-wood-axia\/#primaryimage","url":"https:\/\/arzasarchery.com\/wp-content\/uploads\/Palas-Olimpico-HOYT-GP-RESIN-INFUSED-WOOD-AXIA-2023.jpg","contentUrl":"https:\/\/arzasarchery.com\/wp-content\/uploads\/Palas-Olimpico-HOYT-GP-RESIN-INFUSED-WOOD-AXIA-2023.jpg","width":650,"height":650},{"@type":"BreadcrumbList","@id":"https:\/\/arzasarchery.com\/producto\/palas-olimpico-hoyt-gp-resin-infused-wood-axia\/#breadcrumb","itemListElement":[{"@type":"ListItem","position":1,"name":"Portada","item":"https:\/\/arzasarchery.com\/"},{"@type":"ListItem","position":2,"name":"Tienda Todos","item":"https:\/\/arzasarchery.com\/en\/tienda-2\/"},{"@type":"ListItem","position":3,"name":"Palas Ol\u00edmpico HOYT GP CARBON RESIN INFUSED WOOD AXIA"}]},{"@type":"WebSite","@id":"https:\/\/arzasarchery.com\/#website","url":"https:\/\/arzasarchery.com\/","name":"Arza&#039;s Archery","description":"Arzas Archery","potentialAction":[{"@type":"SearchAction","target":{"@type":"EntryPoint","urlTemplate":"https:\/\/arzasarchery.com\/?s={search_term_string}"},"query-input":{"@type":"PropertyValueSpecification","valueRequired":true,"valueName":"search_term_string"}}],"inLanguage":"en-US"}]}},"_links":{"self":[{"href":"https:\/\/arzasarchery.com\/en\/wp-json\/wp\/v2\/product\/9157","targetHints":{"allow":["GET"]}}],"collection":[{"href":"https:\/\/arzasarchery.com\/en\/wp-json\/wp\/v2\/product"}],"about":[{"href":"https:\/\/arzasarchery.com\/en\/wp-json\/wp\/v2\/types\/product"}],"wp:featuredmedia":[{"embeddable":true,"href":"https:\/\/arzasarchery.com\/en\/wp-json\/wp\/v2\/media\/9158"}],"wp:attachment":[{"href":"https:\/\/arzasarchery.com\/en\/wp-json\/wp\/v2\/media?parent=9157"}],"wp:term":[{"taxonomy":"product_brand","embeddable":true,"href":"https:\/\/arzasarchery.com\/en\/wp-json\/wp\/v2\/product_brand?post=9157"},{"taxonomy":"product_cat","embeddable":true,"href":"https:\/\/arzasarchery.com\/en\/wp-json\/wp\/v2\/product_cat?post=9157"},{"taxonomy":"product_tag","embeddable":true,"href":"https:\/\/arzasarchery.com\/en\/wp-json\/wp\/v2\/product_tag?post=9157"}],"curies":[{"name":"wp","href":"https:\/\/api.w.org\/{rel}","templated":true}]}}