{"id":9143,"date":"2024-09-01T17:57:29","date_gmt":"2024-09-01T15:57:29","guid":{"rendered":"https:\/\/arzasarchery.com\/?post_type=product&#038;p=9143"},"modified":"2026-01-27T12:16:49","modified_gmt":"2026-01-27T10:16:49","slug":"cuerpo-olimpico-hoyt-xceed-gp-25-copia","status":"publish","type":"product","link":"https:\/\/arzasarchery.com\/en\/producte\/cuerpo-olimpico-hoyt-xceed-gp-25-copia\/","title":{"rendered":"Cuerpo Ol\u00edmpico HOYT XCEED 2- SERIES 25&#8243;"},"content":{"rendered":"<h2 class=\"font-product-title\"><strong>Hoyt Handle Xceed 2- series<\/strong><\/h2>\n<p><b>Key features:<\/b><\/p>\n<p>\u00bfQuieres un arco con el que puedas conectar al instante? \u00bfUn arco con una geometr\u00eda y un equilibrio ganadores de la Medalla de Oro? Conozca la Serie Xceed 2 &#8211; nuestro arco recurvo Grand Prix (ILF) m\u00e1s nuevo. Levante este arco e inmediatamente se sentir\u00e1 como \u00aben casa\u00bb. La geometr\u00eda cl\u00e1sica Hoyt crea un equilibrio y un seguimiento que est\u00e1n en perfecta armon\u00eda&#8230; y se reflejar\u00e1 en su puntuaci\u00f3n.<\/p>\n<p>El cuerpo Hoyt XCEED 2-Series de 25&#8243; mantiene la geometr\u00eda cl\u00e1sica de Hoyt con una ingenier\u00eda actualizada. Ajuste de flexi\u00f3n triaxial y la integraci\u00f3n de New Monobloc Verta-Tune, esta plataforma ILF ofrece un equilibrio familiar con un comportamiento de tiro refinado.<\/p>\n<p><b>Technical specifications:<\/b><\/p>\n<ul>\n<li>Premier Grand Prix (ILF) riser system<\/li>\n<li>25&#8243; riser length<\/li>\n<li>Mass weight: 3.0 lbs (1.37 kg)<\/li>\n<li>Classic Hoyt geometry and neutral mass distribution<\/li>\n<li>Updated limb pocket hardware with damper\/weight options (included)<\/li>\n<li>Improved triaxial flex design for tuning control<\/li>\n<li>Engineered flex management for consistent shot feedback<\/li>\n<li>New Monobloc Verta-Tune system: Standard and High positions<\/li>\n<li>Available in 10 (new 2026) colour options<\/li>\n<li>Available in Right and Left Handed versions<\/li>\n<\/ul>\n<h1 class=\"font-product-title\"><\/h1>\n<p>&nbsp;<\/p>\n<h1 class=\"font-product-title\"><\/h1>\n","protected":false},"excerpt":{"rendered":"<p><strong><img decoding=\"async\" class=\"alignnone size-medium wp-image-9095\" src=\"https:\/\/arzasarchery.com\/wp-content\/uploads\/logo-hoyt1-300x127.jpg\" alt=\"\" width=\"300\" height=\"127\" srcset=\"https:\/\/arzasarchery.com\/wp-content\/uploads\/logo-hoyt1-300x127.jpg 300w, https:\/\/arzasarchery.com\/wp-content\/uploads\/logo-hoyt1.jpg 345w\" sizes=\"(max-width: 300px) 100vw, 300px\" \/><\/strong><\/p>\n<p><strong>PARA CONSULTAR DISPONIBILIDAD DEL PRODUCTO\/PRECIO PULSA EL SIGUIENTE RECUADRO<\/strong><\/p>\n<p>[vc_row css_animation=&#8221;&#8221; row_type=&#8221;row&#8221; use_row_as_full_screen_section=&#8221;no&#8221; type=&#8221;full_width&#8221; angled_section=&#8221;no&#8221; text_align=&#8221;left&#8221; background_image_as_pattern=&#8221;without_pattern&#8221;][vc_column][button size=\"big_large_full_width\" target=\"_blank\" hover_type=\"default\" text_align=\"center\" text=\"Producto bajo pedido. P\u00eddelo aqu\u00ed\" link=\"\/formularios_poleas\" background_color=\"#6595bf\" hover_background_color=\"#27a31f\"][\/vc_column][\/vc_row]<\/p>\n","protected":false},"featured_media":10137,"template":"","meta":[],"product_brand":[],"product_cat":[42,48,842],"product_tag":[],"class_list":{"0":"post-9143","1":"product","2":"type-product","3":"status-publish","4":"has-post-thumbnail","6":"product_cat-arcos","7":"product_cat-olimpico","8":"product_cat-cuerpo-recurvo-olimpico-hoyt","9":"pa_color-blue-on-black","10":"pa_color-impact-blue","11":"pa_color-liquid-black","12":"pa_color-perfect-orange","13":"pa_color-polar-white","14":"pa_color-red-flare","15":"pa_color-sassy-pink","16":"pa_color-skeeter","17":"pa_color-ti-silver","18":"pa_color-twisted-green","19":"pa_mano-lh","20":"pa_mano-rh","22":"first","23":"instock","24":"taxable","25":"shipping-taxable","26":"purchasable","27":"product-type-simple"},"yoast_head":"<!-- This site is optimized with the Yoast SEO plugin v25.6 - https:\/\/yoast.com\/wordpress\/plugins\/seo\/ -->\n<title>Cuerpo Ol\u00edmpico HOYT XCEED 2- SERIES 25&quot; - Arza&#039;s Archery<\/title>\n<meta name=\"robots\" content=\"index, follow, max-snippet:-1, max-image-preview:large, max-video-preview:-1\" \/>\n<link rel=\"canonical\" href=\"https:\/\/arzasarchery.com\/producto\/cuerpo-olimpico-hoyt-xceed-gp-25-copia\/\" \/>\n<meta property=\"og:locale\" content=\"en_US\" \/>\n<meta property=\"og:type\" content=\"article\" \/>\n<meta property=\"og:title\" content=\"Cuerpo Ol\u00edmpico HOYT XCEED 2- SERIES 25&quot; - Arza&#039;s Archery\" \/>\n<meta property=\"og:description\" content=\"PARA CONSULTAR DISPONIBILIDAD DEL PRODUCTO\/PRECIO PULSA EL SIGUIENTE RECUADRO  [vc_row css_animation=&quot;&quot; row_type=&quot;row&quot; use_row_as_full_screen_section=&quot;no&quot; type=&quot;full_width&quot; angled_section=&quot;no&quot; text_align=&quot;left&quot; background_image_as_pattern=&quot;without_pattern&quot;][vc_column][\/vc_column][\/vc_row]\" \/>\n<meta property=\"og:url\" content=\"https:\/\/arzasarchery.com\/producto\/cuerpo-olimpico-hoyt-xceed-gp-25-copia\/\" \/>\n<meta property=\"og:site_name\" content=\"Arza&#039;s Archery\" \/>\n<meta property=\"article:modified_time\" content=\"2026-01-27T10:16:49+00:00\" \/>\n<meta property=\"og:image\" content=\"https:\/\/arzasarchery.com\/wp-content\/uploads\/cuerpo-Hoyt-XCEED-2-25-ILF3.png\" \/>\n\t<meta property=\"og:image:width\" content=\"781\" \/>\n\t<meta property=\"og:image:height\" content=\"813\" \/>\n\t<meta property=\"og:image:type\" content=\"image\/png\" \/>\n<meta name=\"twitter:card\" content=\"summary_large_image\" \/>\n<meta name=\"twitter:label1\" content=\"Est. reading time\" \/>\n\t<meta name=\"twitter:data1\" content=\"2 minutes\" \/>\n<script type=\"application\/ld+json\" class=\"yoast-schema-graph\">{\"@context\":\"https:\/\/schema.org\",\"@graph\":[{\"@type\":\"WebPage\",\"@id\":\"https:\/\/arzasarchery.com\/producto\/cuerpo-olimpico-hoyt-xceed-gp-25-copia\/\",\"url\":\"https:\/\/arzasarchery.com\/producto\/cuerpo-olimpico-hoyt-xceed-gp-25-copia\/\",\"name\":\"Cuerpo Ol\u00edmpico HOYT XCEED 2- SERIES 25\\\" - Arza&#039;s Archery\",\"isPartOf\":{\"@id\":\"https:\/\/arzasarchery.com\/#website\"},\"primaryImageOfPage\":{\"@id\":\"https:\/\/arzasarchery.com\/producto\/cuerpo-olimpico-hoyt-xceed-gp-25-copia\/#primaryimage\"},\"image\":{\"@id\":\"https:\/\/arzasarchery.com\/producto\/cuerpo-olimpico-hoyt-xceed-gp-25-copia\/#primaryimage\"},\"thumbnailUrl\":\"https:\/\/arzasarchery.com\/wp-content\/uploads\/cuerpo-Hoyt-XCEED-2-25-ILF3.png\",\"datePublished\":\"2024-09-01T15:57:29+00:00\",\"dateModified\":\"2026-01-27T10:16:49+00:00\",\"breadcrumb\":{\"@id\":\"https:\/\/arzasarchery.com\/producto\/cuerpo-olimpico-hoyt-xceed-gp-25-copia\/#breadcrumb\"},\"inLanguage\":\"en-US\",\"potentialAction\":[{\"@type\":\"ReadAction\",\"target\":[\"https:\/\/arzasarchery.com\/producto\/cuerpo-olimpico-hoyt-xceed-gp-25-copia\/\"]}]},{\"@type\":\"ImageObject\",\"inLanguage\":\"en-US\",\"@id\":\"https:\/\/arzasarchery.com\/producto\/cuerpo-olimpico-hoyt-xceed-gp-25-copia\/#primaryimage\",\"url\":\"https:\/\/arzasarchery.com\/wp-content\/uploads\/cuerpo-Hoyt-XCEED-2-25-ILF3.png\",\"contentUrl\":\"https:\/\/arzasarchery.com\/wp-content\/uploads\/cuerpo-Hoyt-XCEED-2-25-ILF3.png\",\"width\":781,\"height\":813},{\"@type\":\"BreadcrumbList\",\"@id\":\"https:\/\/arzasarchery.com\/producto\/cuerpo-olimpico-hoyt-xceed-gp-25-copia\/#breadcrumb\",\"itemListElement\":[{\"@type\":\"ListItem\",\"position\":1,\"name\":\"Portada\",\"item\":\"https:\/\/arzasarchery.com\/\"},{\"@type\":\"ListItem\",\"position\":2,\"name\":\"Tienda Todos\",\"item\":\"https:\/\/arzasarchery.com\/en\/tienda-2\/\"},{\"@type\":\"ListItem\",\"position\":3,\"name\":\"Cuerpo Ol\u00edmpico HOYT XCEED 2- SERIES 25&#8243;\"}]},{\"@type\":\"WebSite\",\"@id\":\"https:\/\/arzasarchery.com\/#website\",\"url\":\"https:\/\/arzasarchery.com\/\",\"name\":\"Arza&#039;s Archery\",\"description\":\"Arzas Archery\",\"potentialAction\":[{\"@type\":\"SearchAction\",\"target\":{\"@type\":\"EntryPoint\",\"urlTemplate\":\"https:\/\/arzasarchery.com\/?s={search_term_string}\"},\"query-input\":{\"@type\":\"PropertyValueSpecification\",\"valueRequired\":true,\"valueName\":\"search_term_string\"}}],\"inLanguage\":\"en-US\"}]}<\/script>\n<!-- \/ Yoast SEO plugin. -->","yoast_head_json":{"title":"Cuerpo Ol\u00edmpico HOYT XCEED 2- SERIES 25\" - Arza&#039;s Archery","robots":{"index":"index","follow":"follow","max-snippet":"max-snippet:-1","max-image-preview":"max-image-preview:large","max-video-preview":"max-video-preview:-1"},"canonical":"https:\/\/arzasarchery.com\/producto\/cuerpo-olimpico-hoyt-xceed-gp-25-copia\/","og_locale":"en_US","og_type":"article","og_title":"Cuerpo Ol\u00edmpico HOYT XCEED 2- SERIES 25\" - Arza&#039;s Archery","og_description":"PARA CONSULTAR DISPONIBILIDAD DEL PRODUCTO\/PRECIO PULSA EL SIGUIENTE RECUADRO  [vc_row css_animation=\"\" row_type=\"row\" use_row_as_full_screen_section=\"no\" type=\"full_width\" angled_section=\"no\" text_align=\"left\" background_image_as_pattern=\"without_pattern\"][vc_column][\/vc_column][\/vc_row]","og_url":"https:\/\/arzasarchery.com\/producto\/cuerpo-olimpico-hoyt-xceed-gp-25-copia\/","og_site_name":"Arza&#039;s Archery","article_modified_time":"2026-01-27T10:16:49+00:00","og_image":[{"width":781,"height":813,"url":"https:\/\/arzasarchery.com\/wp-content\/uploads\/cuerpo-Hoyt-XCEED-2-25-ILF3.png","type":"image\/png"}],"twitter_card":"summary_large_image","twitter_misc":{"Est. reading time":"2 minutes"},"schema":{"@context":"https:\/\/schema.org","@graph":[{"@type":"WebPage","@id":"https:\/\/arzasarchery.com\/producto\/cuerpo-olimpico-hoyt-xceed-gp-25-copia\/","url":"https:\/\/arzasarchery.com\/producto\/cuerpo-olimpico-hoyt-xceed-gp-25-copia\/","name":"Cuerpo Ol\u00edmpico HOYT XCEED 2- SERIES 25\" - Arza&#039;s Archery","isPartOf":{"@id":"https:\/\/arzasarchery.com\/#website"},"primaryImageOfPage":{"@id":"https:\/\/arzasarchery.com\/producto\/cuerpo-olimpico-hoyt-xceed-gp-25-copia\/#primaryimage"},"image":{"@id":"https:\/\/arzasarchery.com\/producto\/cuerpo-olimpico-hoyt-xceed-gp-25-copia\/#primaryimage"},"thumbnailUrl":"https:\/\/arzasarchery.com\/wp-content\/uploads\/cuerpo-Hoyt-XCEED-2-25-ILF3.png","datePublished":"2024-09-01T15:57:29+00:00","dateModified":"2026-01-27T10:16:49+00:00","breadcrumb":{"@id":"https:\/\/arzasarchery.com\/producto\/cuerpo-olimpico-hoyt-xceed-gp-25-copia\/#breadcrumb"},"inLanguage":"en-US","potentialAction":[{"@type":"ReadAction","target":["https:\/\/arzasarchery.com\/producto\/cuerpo-olimpico-hoyt-xceed-gp-25-copia\/"]}]},{"@type":"ImageObject","inLanguage":"en-US","@id":"https:\/\/arzasarchery.com\/producto\/cuerpo-olimpico-hoyt-xceed-gp-25-copia\/#primaryimage","url":"https:\/\/arzasarchery.com\/wp-content\/uploads\/cuerpo-Hoyt-XCEED-2-25-ILF3.png","contentUrl":"https:\/\/arzasarchery.com\/wp-content\/uploads\/cuerpo-Hoyt-XCEED-2-25-ILF3.png","width":781,"height":813},{"@type":"BreadcrumbList","@id":"https:\/\/arzasarchery.com\/producto\/cuerpo-olimpico-hoyt-xceed-gp-25-copia\/#breadcrumb","itemListElement":[{"@type":"ListItem","position":1,"name":"Portada","item":"https:\/\/arzasarchery.com\/"},{"@type":"ListItem","position":2,"name":"Tienda Todos","item":"https:\/\/arzasarchery.com\/en\/tienda-2\/"},{"@type":"ListItem","position":3,"name":"Cuerpo Ol\u00edmpico HOYT XCEED 2- SERIES 25&#8243;"}]},{"@type":"WebSite","@id":"https:\/\/arzasarchery.com\/#website","url":"https:\/\/arzasarchery.com\/","name":"Arza&#039;s Archery","description":"Arzas Archery","potentialAction":[{"@type":"SearchAction","target":{"@type":"EntryPoint","urlTemplate":"https:\/\/arzasarchery.com\/?s={search_term_string}"},"query-input":{"@type":"PropertyValueSpecification","valueRequired":true,"valueName":"search_term_string"}}],"inLanguage":"en-US"}]}},"_links":{"self":[{"href":"https:\/\/arzasarchery.com\/en\/wp-json\/wp\/v2\/product\/9143","targetHints":{"allow":["GET"]}}],"collection":[{"href":"https:\/\/arzasarchery.com\/en\/wp-json\/wp\/v2\/product"}],"about":[{"href":"https:\/\/arzasarchery.com\/en\/wp-json\/wp\/v2\/types\/product"}],"wp:featuredmedia":[{"embeddable":true,"href":"https:\/\/arzasarchery.com\/en\/wp-json\/wp\/v2\/media\/10137"}],"wp:attachment":[{"href":"https:\/\/arzasarchery.com\/en\/wp-json\/wp\/v2\/media?parent=9143"}],"wp:term":[{"taxonomy":"product_brand","embeddable":true,"href":"https:\/\/arzasarchery.com\/en\/wp-json\/wp\/v2\/product_brand?post=9143"},{"taxonomy":"product_cat","embeddable":true,"href":"https:\/\/arzasarchery.com\/en\/wp-json\/wp\/v2\/product_cat?post=9143"},{"taxonomy":"product_tag","embeddable":true,"href":"https:\/\/arzasarchery.com\/en\/wp-json\/wp\/v2\/product_tag?post=9143"}],"curies":[{"name":"wp","href":"https:\/\/api.w.org\/{rel}","templated":true}]}}