{"id":9024,"date":"2024-08-26T11:10:31","date_gmt":"2024-08-26T09:10:31","guid":{"rendered":"https:\/\/arzasarchery.com\/?post_type=product&#038;p=9024"},"modified":"2025-08-29T12:00:05","modified_gmt":"2025-08-29T10:00:05","slug":"scope-ultraview-uv3-ambidiestro","status":"publish","type":"product","link":"https:\/\/arzasarchery.com\/en\/producte\/scope-ultraview-uv3-ambidiestro\/","title":{"rendered":"Scope ULTRAVIEW  UV3 SE Ambidiestro."},"content":{"rendered":"<p class=\"font-product-title\"><strong>COMPOUND SCOPE UV3 SE TARGET KIT WITH LENS<\/strong><\/p>\n<p>El UV3 SE\u2122 est\u00e1 dise\u00f1ado para arqueros que priorizan la precisi\u00f3n y maximizan su tiempo en el campo de tiro.<br \/>\nEl sistema UV Cartridge le permite cambiar sin problemas el n\u00famero y el tama\u00f1o de los pines. Cambie f\u00e1cilmente de una lente a una configuraci\u00f3n de uno o dos pines en cuesti\u00f3n de segundos, todo ello sin tener que cambiar sus marcas de yardas.<br \/>\nEl cartucho de luz UV cuenta con 5 LED ultravioleta con 10 configuraciones de brillo ajustables, lo que promete un brillo ideal de los pines. Con m\u00e1s de 6 horas de duraci\u00f3n de la bater\u00eda al 80% de brillo y auto-apagado despu\u00e9s de 4 minutos de inactividad, asegura cero desperdicio de energ\u00eda, evitando bater\u00edas muertas inesperadas. Su dise\u00f1o resistente al agua le permite permanecer en el campo a pesar de las condiciones adversas.<br \/>\nLa exclusiva funci\u00f3n LevelLight\u2122 del cartucho luminoso utiliza un LED UV espec\u00edfico para iluminar el nivel fluorescente del visor, mejorando su visibilidad, un factor clave para realizar un disparo preciso. Basta con mantener pulsado el bot\u00f3n de encendido durante 2 segundos para activarlo o desactivarlo r\u00e1pidamente.<br \/>\nLa nueva carcasa de color negro y el sistema de retenci\u00f3n de cartuchos mejorado garantizan un bloqueo total al tiempo que facilitan el cambio de cartuchos.<br \/>\nEl di\u00e1metro interior de la carcasa es de 31 mm.<\/p>\n<p class=\"font-product-title\"><strong>\u00a0<\/strong><\/p>\n","protected":false},"excerpt":{"rendered":"<p><strong><img decoding=\"async\" class=\"alignnone size-medium wp-image-9012\" src=\"https:\/\/arzasarchery.com\/wp-content\/uploads\/LOGO-ULTRAVIEW-300x54.png\" alt=\"\" width=\"300\" height=\"54\" srcset=\"https:\/\/arzasarchery.com\/wp-content\/uploads\/LOGO-ULTRAVIEW-300x54.png 300w, https:\/\/arzasarchery.com\/wp-content\/uploads\/LOGO-ULTRAVIEW-600x108.png 600w, https:\/\/arzasarchery.com\/wp-content\/uploads\/LOGO-ULTRAVIEW-768x139.png 768w, https:\/\/arzasarchery.com\/wp-content\/uploads\/LOGO-ULTRAVIEW-1536x277.png 1536w, https:\/\/arzasarchery.com\/wp-content\/uploads\/LOGO-ULTRAVIEW-2048x370.png 2048w, https:\/\/arzasarchery.com\/wp-content\/uploads\/LOGO-ULTRAVIEW-700x126.png 700w\" sizes=\"(max-width: 300px) 100vw, 300px\" \/><\/strong><\/p>\n<p><strong>ESPECIFICACIONES : Anotar aumento de lente.<\/strong><\/p>\n<p>&nbsp;<\/p>\n<p>&nbsp;<\/p>\n<p>&nbsp;<\/p>\n","protected":false},"featured_media":9025,"template":"","meta":[],"product_brand":[],"product_cat":[591,125],"product_tag":[],"class_list":{"0":"post-9024","1":"product","2":"type-product","3":"status-publish","4":"has-post-thumbnail","6":"product_cat-scopes","7":"product_cat-visores","9":"first","10":"instock","11":"taxable","12":"shipping-taxable","13":"purchasable","14":"product-type-simple"},"yoast_head":"<!-- This site is optimized with the Yoast SEO plugin v25.6 - https:\/\/yoast.com\/wordpress\/plugins\/seo\/ -->\n<title>Scope ULTRAVIEW UV3 SE Ambidiestro. - Arza&#039;s Archery<\/title>\n<meta name=\"robots\" content=\"index, follow, max-snippet:-1, max-image-preview:large, max-video-preview:-1\" \/>\n<link rel=\"canonical\" href=\"https:\/\/arzasarchery.com\/producto\/scope-ultraview-uv3-ambidiestro\/\" \/>\n<meta property=\"og:locale\" content=\"en_US\" \/>\n<meta property=\"og:type\" content=\"article\" \/>\n<meta property=\"og:title\" content=\"Scope ULTRAVIEW UV3 SE Ambidiestro. - Arza&#039;s Archery\" \/>\n<meta property=\"og:description\" content=\"ESPECIFICACIONES : Anotar aumento de lente.  &nbsp;  &nbsp;  &nbsp;\" \/>\n<meta property=\"og:url\" content=\"https:\/\/arzasarchery.com\/producto\/scope-ultraview-uv3-ambidiestro\/\" \/>\n<meta property=\"og:site_name\" content=\"Arza&#039;s Archery\" \/>\n<meta property=\"article:modified_time\" content=\"2025-08-29T10:00:05+00:00\" \/>\n<meta property=\"og:image\" content=\"https:\/\/arzasarchery.com\/wp-content\/uploads\/SCOPE-ULTRAVIEW-UV3.jpg\" \/>\n\t<meta property=\"og:image:width\" content=\"400\" \/>\n\t<meta property=\"og:image:height\" content=\"351\" \/>\n\t<meta property=\"og:image:type\" content=\"image\/jpeg\" \/>\n<meta name=\"twitter:card\" content=\"summary_large_image\" \/>\n<meta name=\"twitter:label1\" content=\"Est. reading time\" \/>\n\t<meta name=\"twitter:data1\" content=\"2 minutes\" \/>\n<script type=\"application\/ld+json\" class=\"yoast-schema-graph\">{\"@context\":\"https:\/\/schema.org\",\"@graph\":[{\"@type\":\"WebPage\",\"@id\":\"https:\/\/arzasarchery.com\/producto\/scope-ultraview-uv3-ambidiestro\/\",\"url\":\"https:\/\/arzasarchery.com\/producto\/scope-ultraview-uv3-ambidiestro\/\",\"name\":\"Scope ULTRAVIEW UV3 SE Ambidiestro. - Arza&#039;s Archery\",\"isPartOf\":{\"@id\":\"https:\/\/arzasarchery.com\/#website\"},\"primaryImageOfPage\":{\"@id\":\"https:\/\/arzasarchery.com\/producto\/scope-ultraview-uv3-ambidiestro\/#primaryimage\"},\"image\":{\"@id\":\"https:\/\/arzasarchery.com\/producto\/scope-ultraview-uv3-ambidiestro\/#primaryimage\"},\"thumbnailUrl\":\"https:\/\/arzasarchery.com\/wp-content\/uploads\/SCOPE-ULTRAVIEW-UV3.jpg\",\"datePublished\":\"2024-08-26T09:10:31+00:00\",\"dateModified\":\"2025-08-29T10:00:05+00:00\",\"breadcrumb\":{\"@id\":\"https:\/\/arzasarchery.com\/producto\/scope-ultraview-uv3-ambidiestro\/#breadcrumb\"},\"inLanguage\":\"en-US\",\"potentialAction\":[{\"@type\":\"ReadAction\",\"target\":[\"https:\/\/arzasarchery.com\/producto\/scope-ultraview-uv3-ambidiestro\/\"]}]},{\"@type\":\"ImageObject\",\"inLanguage\":\"en-US\",\"@id\":\"https:\/\/arzasarchery.com\/producto\/scope-ultraview-uv3-ambidiestro\/#primaryimage\",\"url\":\"https:\/\/arzasarchery.com\/wp-content\/uploads\/SCOPE-ULTRAVIEW-UV3.jpg\",\"contentUrl\":\"https:\/\/arzasarchery.com\/wp-content\/uploads\/SCOPE-ULTRAVIEW-UV3.jpg\",\"width\":400,\"height\":351},{\"@type\":\"BreadcrumbList\",\"@id\":\"https:\/\/arzasarchery.com\/producto\/scope-ultraview-uv3-ambidiestro\/#breadcrumb\",\"itemListElement\":[{\"@type\":\"ListItem\",\"position\":1,\"name\":\"Portada\",\"item\":\"https:\/\/arzasarchery.com\/\"},{\"@type\":\"ListItem\",\"position\":2,\"name\":\"Tienda Todos\",\"item\":\"https:\/\/arzasarchery.com\/en\/tienda-2\/\"},{\"@type\":\"ListItem\",\"position\":3,\"name\":\"Scope ULTRAVIEW UV3 SE Ambidiestro.\"}]},{\"@type\":\"WebSite\",\"@id\":\"https:\/\/arzasarchery.com\/#website\",\"url\":\"https:\/\/arzasarchery.com\/\",\"name\":\"Arza&#039;s Archery\",\"description\":\"Arzas Archery\",\"potentialAction\":[{\"@type\":\"SearchAction\",\"target\":{\"@type\":\"EntryPoint\",\"urlTemplate\":\"https:\/\/arzasarchery.com\/?s={search_term_string}\"},\"query-input\":{\"@type\":\"PropertyValueSpecification\",\"valueRequired\":true,\"valueName\":\"search_term_string\"}}],\"inLanguage\":\"en-US\"}]}<\/script>\n<!-- \/ Yoast SEO plugin. -->","yoast_head_json":{"title":"Scope ULTRAVIEW UV3 SE Ambidiestro. - Arza&#039;s Archery","robots":{"index":"index","follow":"follow","max-snippet":"max-snippet:-1","max-image-preview":"max-image-preview:large","max-video-preview":"max-video-preview:-1"},"canonical":"https:\/\/arzasarchery.com\/producto\/scope-ultraview-uv3-ambidiestro\/","og_locale":"en_US","og_type":"article","og_title":"Scope ULTRAVIEW UV3 SE Ambidiestro. - Arza&#039;s Archery","og_description":"ESPECIFICACIONES : Anotar aumento de lente.  &nbsp;  &nbsp;  &nbsp;","og_url":"https:\/\/arzasarchery.com\/producto\/scope-ultraview-uv3-ambidiestro\/","og_site_name":"Arza&#039;s Archery","article_modified_time":"2025-08-29T10:00:05+00:00","og_image":[{"width":400,"height":351,"url":"https:\/\/arzasarchery.com\/wp-content\/uploads\/SCOPE-ULTRAVIEW-UV3.jpg","type":"image\/jpeg"}],"twitter_card":"summary_large_image","twitter_misc":{"Est. reading time":"2 minutes"},"schema":{"@context":"https:\/\/schema.org","@graph":[{"@type":"WebPage","@id":"https:\/\/arzasarchery.com\/producto\/scope-ultraview-uv3-ambidiestro\/","url":"https:\/\/arzasarchery.com\/producto\/scope-ultraview-uv3-ambidiestro\/","name":"Scope ULTRAVIEW UV3 SE Ambidiestro. - Arza&#039;s Archery","isPartOf":{"@id":"https:\/\/arzasarchery.com\/#website"},"primaryImageOfPage":{"@id":"https:\/\/arzasarchery.com\/producto\/scope-ultraview-uv3-ambidiestro\/#primaryimage"},"image":{"@id":"https:\/\/arzasarchery.com\/producto\/scope-ultraview-uv3-ambidiestro\/#primaryimage"},"thumbnailUrl":"https:\/\/arzasarchery.com\/wp-content\/uploads\/SCOPE-ULTRAVIEW-UV3.jpg","datePublished":"2024-08-26T09:10:31+00:00","dateModified":"2025-08-29T10:00:05+00:00","breadcrumb":{"@id":"https:\/\/arzasarchery.com\/producto\/scope-ultraview-uv3-ambidiestro\/#breadcrumb"},"inLanguage":"en-US","potentialAction":[{"@type":"ReadAction","target":["https:\/\/arzasarchery.com\/producto\/scope-ultraview-uv3-ambidiestro\/"]}]},{"@type":"ImageObject","inLanguage":"en-US","@id":"https:\/\/arzasarchery.com\/producto\/scope-ultraview-uv3-ambidiestro\/#primaryimage","url":"https:\/\/arzasarchery.com\/wp-content\/uploads\/SCOPE-ULTRAVIEW-UV3.jpg","contentUrl":"https:\/\/arzasarchery.com\/wp-content\/uploads\/SCOPE-ULTRAVIEW-UV3.jpg","width":400,"height":351},{"@type":"BreadcrumbList","@id":"https:\/\/arzasarchery.com\/producto\/scope-ultraview-uv3-ambidiestro\/#breadcrumb","itemListElement":[{"@type":"ListItem","position":1,"name":"Portada","item":"https:\/\/arzasarchery.com\/"},{"@type":"ListItem","position":2,"name":"Tienda Todos","item":"https:\/\/arzasarchery.com\/en\/tienda-2\/"},{"@type":"ListItem","position":3,"name":"Scope ULTRAVIEW UV3 SE Ambidiestro."}]},{"@type":"WebSite","@id":"https:\/\/arzasarchery.com\/#website","url":"https:\/\/arzasarchery.com\/","name":"Arza&#039;s Archery","description":"Arzas Archery","potentialAction":[{"@type":"SearchAction","target":{"@type":"EntryPoint","urlTemplate":"https:\/\/arzasarchery.com\/?s={search_term_string}"},"query-input":{"@type":"PropertyValueSpecification","valueRequired":true,"valueName":"search_term_string"}}],"inLanguage":"en-US"}]}},"_links":{"self":[{"href":"https:\/\/arzasarchery.com\/en\/wp-json\/wp\/v2\/product\/9024","targetHints":{"allow":["GET"]}}],"collection":[{"href":"https:\/\/arzasarchery.com\/en\/wp-json\/wp\/v2\/product"}],"about":[{"href":"https:\/\/arzasarchery.com\/en\/wp-json\/wp\/v2\/types\/product"}],"wp:featuredmedia":[{"embeddable":true,"href":"https:\/\/arzasarchery.com\/en\/wp-json\/wp\/v2\/media\/9025"}],"wp:attachment":[{"href":"https:\/\/arzasarchery.com\/en\/wp-json\/wp\/v2\/media?parent=9024"}],"wp:term":[{"taxonomy":"product_brand","embeddable":true,"href":"https:\/\/arzasarchery.com\/en\/wp-json\/wp\/v2\/product_brand?post=9024"},{"taxonomy":"product_cat","embeddable":true,"href":"https:\/\/arzasarchery.com\/en\/wp-json\/wp\/v2\/product_cat?post=9024"},{"taxonomy":"product_tag","embeddable":true,"href":"https:\/\/arzasarchery.com\/en\/wp-json\/wp\/v2\/product_tag?post=9024"}],"curies":[{"name":"wp","href":"https:\/\/api.w.org\/{rel}","templated":true}]}}