{"id":9011,"date":"2024-08-26T10:35:03","date_gmt":"2024-08-26T08:35:03","guid":{"rendered":"https:\/\/arzasarchery.com\/?post_type=product&#038;p=9011"},"modified":"2025-08-29T12:03:13","modified_gmt":"2025-08-29T10:03:13","slug":"scope-ultraview-uv3xl-ambidiestro","status":"publish","type":"product","link":"https:\/\/arzasarchery.com\/en\/producte\/scope-ultraview-uv3xl-ambidiestro\/","title":{"rendered":"Scope ULTRAVIEW  UV3XL Ambidiestro."},"content":{"rendered":"<p class=\"font-product-title\"><strong>COMPOUND SCOPE UV3XL SE TARGET KIT WITH LENS<\/strong><\/p>\n<p>Un aclamado sistema de visor.<br \/>\nEl sistema de cartuchos de luz ultravioleta le permite cambiar sin problemas entre visores y lentes en cuesti\u00f3n de segundos, sin perder sus marcas.<br \/>\nEl cartucho de luz ultravioleta incorpora 5 LED ultravioleta con 10 niveles de brillo ajustables, que garantizan el brillo ideal de las pines. Con m\u00e1s de 6 horas de duraci\u00f3n de la bater\u00eda al 80% de luminosidad y apagado autom\u00e1tico tras 4 minutos de inactividad, garantiza un gasto de energ\u00eda nulo, evitando bater\u00edas agotadas inesperadamente en la l\u00ednea. Su dise\u00f1o resistente al agua le permite seguir disparando a pesar de las condiciones adversas.<br \/>\nLa exclusiva funci\u00f3n LevelLight\u2122 del cartucho luminoso utiliza un LED UV espec\u00edfico para iluminar el nivel fluorescente del visor, mejorando su visibilidad, un factor clave para realizar un disparo preciso.<br \/>\nLos 5 LED iluminan brillantemente los puntos de color y la fibra sin necesidad de una clavija hacia arriba o grandes y feos paquetes de bater\u00edas con cables sueltos.<br \/>\nCarcasa de aluminio de grado aeron\u00e1utico, anodizado con un bonito acabado gris.<br \/>\n<strong>Se monta en Axcel, Shibuya, Sure-Loc, B3, CBE o cualquier mira que acepte varillas roscadas 10-32.<\/strong><br \/>\nEl di\u00e1metro interior de la carcasa es de 41mm.<br \/>\nCambia f\u00e1cilmente de un cartucho de lente a otro dependiendo de la disciplina que est\u00e9s disparando.<br \/>\n100% Ambidiestro. Funciona para tiradores diestros y zurdos.<\/p>\n<p class=\"font-product-title\"><strong>\u00a0<\/strong><\/p>\n","protected":false},"excerpt":{"rendered":"<p><strong><img decoding=\"async\" class=\"alignnone size-medium wp-image-9012\" src=\"https:\/\/arzasarchery.com\/wp-content\/uploads\/LOGO-ULTRAVIEW-300x54.png\" alt=\"\" width=\"300\" height=\"54\" srcset=\"https:\/\/arzasarchery.com\/wp-content\/uploads\/LOGO-ULTRAVIEW-300x54.png 300w, https:\/\/arzasarchery.com\/wp-content\/uploads\/LOGO-ULTRAVIEW-600x108.png 600w, https:\/\/arzasarchery.com\/wp-content\/uploads\/LOGO-ULTRAVIEW-768x139.png 768w, https:\/\/arzasarchery.com\/wp-content\/uploads\/LOGO-ULTRAVIEW-1536x277.png 1536w, https:\/\/arzasarchery.com\/wp-content\/uploads\/LOGO-ULTRAVIEW-2048x370.png 2048w, https:\/\/arzasarchery.com\/wp-content\/uploads\/LOGO-ULTRAVIEW-700x126.png 700w\" sizes=\"(max-width: 300px) 100vw, 300px\" \/><\/strong><\/p>\n<p><strong>ESPECIFICACIONES : Anotar aumento de lente.<\/strong><\/p>\n<p>&nbsp;<\/p>\n<p>&nbsp;<\/p>\n<p>&nbsp;<\/p>\n","protected":false},"featured_media":9021,"template":"","meta":[],"product_brand":[],"product_cat":[591,125],"product_tag":[],"class_list":{"0":"post-9011","1":"product","2":"type-product","3":"status-publish","4":"has-post-thumbnail","6":"product_cat-scopes","7":"product_cat-visores","9":"first","10":"instock","11":"taxable","12":"shipping-taxable","13":"purchasable","14":"product-type-simple"},"yoast_head":"<!-- This site is optimized with the Yoast SEO plugin v25.6 - https:\/\/yoast.com\/wordpress\/plugins\/seo\/ -->\n<title>Scope ULTRAVIEW UV3XL Ambidiestro. - Arza&#039;s Archery<\/title>\n<meta name=\"robots\" content=\"index, follow, max-snippet:-1, max-image-preview:large, max-video-preview:-1\" \/>\n<link rel=\"canonical\" href=\"https:\/\/arzasarchery.com\/producto\/scope-ultraview-uv3xl-ambidiestro\/\" \/>\n<meta property=\"og:locale\" content=\"en_US\" \/>\n<meta property=\"og:type\" content=\"article\" \/>\n<meta property=\"og:title\" content=\"Scope ULTRAVIEW UV3XL Ambidiestro. - Arza&#039;s Archery\" \/>\n<meta property=\"og:description\" content=\"ESPECIFICACIONES : Anotar aumento de lente.  &nbsp;  &nbsp;  &nbsp;\" \/>\n<meta property=\"og:url\" content=\"https:\/\/arzasarchery.com\/producto\/scope-ultraview-uv3xl-ambidiestro\/\" \/>\n<meta property=\"og:site_name\" content=\"Arza&#039;s Archery\" \/>\n<meta property=\"article:modified_time\" content=\"2025-08-29T10:03:13+00:00\" \/>\n<meta property=\"og:image\" content=\"https:\/\/arzasarchery.com\/wp-content\/uploads\/SCOPE-ULTRAVIEW-UV3XL.jpg\" \/>\n\t<meta property=\"og:image:width\" content=\"320\" \/>\n\t<meta property=\"og:image:height\" content=\"320\" \/>\n\t<meta property=\"og:image:type\" content=\"image\/jpeg\" \/>\n<meta name=\"twitter:card\" content=\"summary_large_image\" \/>\n<meta name=\"twitter:label1\" content=\"Est. reading time\" \/>\n\t<meta name=\"twitter:data1\" content=\"2 minutes\" \/>\n<script type=\"application\/ld+json\" class=\"yoast-schema-graph\">{\"@context\":\"https:\/\/schema.org\",\"@graph\":[{\"@type\":\"WebPage\",\"@id\":\"https:\/\/arzasarchery.com\/producto\/scope-ultraview-uv3xl-ambidiestro\/\",\"url\":\"https:\/\/arzasarchery.com\/producto\/scope-ultraview-uv3xl-ambidiestro\/\",\"name\":\"Scope ULTRAVIEW UV3XL Ambidiestro. - Arza&#039;s Archery\",\"isPartOf\":{\"@id\":\"https:\/\/arzasarchery.com\/#website\"},\"primaryImageOfPage\":{\"@id\":\"https:\/\/arzasarchery.com\/producto\/scope-ultraview-uv3xl-ambidiestro\/#primaryimage\"},\"image\":{\"@id\":\"https:\/\/arzasarchery.com\/producto\/scope-ultraview-uv3xl-ambidiestro\/#primaryimage\"},\"thumbnailUrl\":\"https:\/\/arzasarchery.com\/wp-content\/uploads\/SCOPE-ULTRAVIEW-UV3XL.jpg\",\"datePublished\":\"2024-08-26T08:35:03+00:00\",\"dateModified\":\"2025-08-29T10:03:13+00:00\",\"breadcrumb\":{\"@id\":\"https:\/\/arzasarchery.com\/producto\/scope-ultraview-uv3xl-ambidiestro\/#breadcrumb\"},\"inLanguage\":\"en-US\",\"potentialAction\":[{\"@type\":\"ReadAction\",\"target\":[\"https:\/\/arzasarchery.com\/producto\/scope-ultraview-uv3xl-ambidiestro\/\"]}]},{\"@type\":\"ImageObject\",\"inLanguage\":\"en-US\",\"@id\":\"https:\/\/arzasarchery.com\/producto\/scope-ultraview-uv3xl-ambidiestro\/#primaryimage\",\"url\":\"https:\/\/arzasarchery.com\/wp-content\/uploads\/SCOPE-ULTRAVIEW-UV3XL.jpg\",\"contentUrl\":\"https:\/\/arzasarchery.com\/wp-content\/uploads\/SCOPE-ULTRAVIEW-UV3XL.jpg\",\"width\":320,\"height\":320},{\"@type\":\"BreadcrumbList\",\"@id\":\"https:\/\/arzasarchery.com\/producto\/scope-ultraview-uv3xl-ambidiestro\/#breadcrumb\",\"itemListElement\":[{\"@type\":\"ListItem\",\"position\":1,\"name\":\"Portada\",\"item\":\"https:\/\/arzasarchery.com\/\"},{\"@type\":\"ListItem\",\"position\":2,\"name\":\"Tienda Todos\",\"item\":\"https:\/\/arzasarchery.com\/en\/tienda-2\/\"},{\"@type\":\"ListItem\",\"position\":3,\"name\":\"Scope ULTRAVIEW UV3XL Ambidiestro.\"}]},{\"@type\":\"WebSite\",\"@id\":\"https:\/\/arzasarchery.com\/#website\",\"url\":\"https:\/\/arzasarchery.com\/\",\"name\":\"Arza&#039;s Archery\",\"description\":\"Arzas Archery\",\"potentialAction\":[{\"@type\":\"SearchAction\",\"target\":{\"@type\":\"EntryPoint\",\"urlTemplate\":\"https:\/\/arzasarchery.com\/?s={search_term_string}\"},\"query-input\":{\"@type\":\"PropertyValueSpecification\",\"valueRequired\":true,\"valueName\":\"search_term_string\"}}],\"inLanguage\":\"en-US\"}]}<\/script>\n<!-- \/ Yoast SEO plugin. -->","yoast_head_json":{"title":"Scope ULTRAVIEW UV3XL Ambidiestro. - Arza&#039;s Archery","robots":{"index":"index","follow":"follow","max-snippet":"max-snippet:-1","max-image-preview":"max-image-preview:large","max-video-preview":"max-video-preview:-1"},"canonical":"https:\/\/arzasarchery.com\/producto\/scope-ultraview-uv3xl-ambidiestro\/","og_locale":"en_US","og_type":"article","og_title":"Scope ULTRAVIEW UV3XL Ambidiestro. - Arza&#039;s Archery","og_description":"ESPECIFICACIONES : Anotar aumento de lente.  &nbsp;  &nbsp;  &nbsp;","og_url":"https:\/\/arzasarchery.com\/producto\/scope-ultraview-uv3xl-ambidiestro\/","og_site_name":"Arza&#039;s Archery","article_modified_time":"2025-08-29T10:03:13+00:00","og_image":[{"width":320,"height":320,"url":"https:\/\/arzasarchery.com\/wp-content\/uploads\/SCOPE-ULTRAVIEW-UV3XL.jpg","type":"image\/jpeg"}],"twitter_card":"summary_large_image","twitter_misc":{"Est. reading time":"2 minutes"},"schema":{"@context":"https:\/\/schema.org","@graph":[{"@type":"WebPage","@id":"https:\/\/arzasarchery.com\/producto\/scope-ultraview-uv3xl-ambidiestro\/","url":"https:\/\/arzasarchery.com\/producto\/scope-ultraview-uv3xl-ambidiestro\/","name":"Scope ULTRAVIEW UV3XL Ambidiestro. - Arza&#039;s Archery","isPartOf":{"@id":"https:\/\/arzasarchery.com\/#website"},"primaryImageOfPage":{"@id":"https:\/\/arzasarchery.com\/producto\/scope-ultraview-uv3xl-ambidiestro\/#primaryimage"},"image":{"@id":"https:\/\/arzasarchery.com\/producto\/scope-ultraview-uv3xl-ambidiestro\/#primaryimage"},"thumbnailUrl":"https:\/\/arzasarchery.com\/wp-content\/uploads\/SCOPE-ULTRAVIEW-UV3XL.jpg","datePublished":"2024-08-26T08:35:03+00:00","dateModified":"2025-08-29T10:03:13+00:00","breadcrumb":{"@id":"https:\/\/arzasarchery.com\/producto\/scope-ultraview-uv3xl-ambidiestro\/#breadcrumb"},"inLanguage":"en-US","potentialAction":[{"@type":"ReadAction","target":["https:\/\/arzasarchery.com\/producto\/scope-ultraview-uv3xl-ambidiestro\/"]}]},{"@type":"ImageObject","inLanguage":"en-US","@id":"https:\/\/arzasarchery.com\/producto\/scope-ultraview-uv3xl-ambidiestro\/#primaryimage","url":"https:\/\/arzasarchery.com\/wp-content\/uploads\/SCOPE-ULTRAVIEW-UV3XL.jpg","contentUrl":"https:\/\/arzasarchery.com\/wp-content\/uploads\/SCOPE-ULTRAVIEW-UV3XL.jpg","width":320,"height":320},{"@type":"BreadcrumbList","@id":"https:\/\/arzasarchery.com\/producto\/scope-ultraview-uv3xl-ambidiestro\/#breadcrumb","itemListElement":[{"@type":"ListItem","position":1,"name":"Portada","item":"https:\/\/arzasarchery.com\/"},{"@type":"ListItem","position":2,"name":"Tienda Todos","item":"https:\/\/arzasarchery.com\/en\/tienda-2\/"},{"@type":"ListItem","position":3,"name":"Scope ULTRAVIEW UV3XL Ambidiestro."}]},{"@type":"WebSite","@id":"https:\/\/arzasarchery.com\/#website","url":"https:\/\/arzasarchery.com\/","name":"Arza&#039;s Archery","description":"Arzas Archery","potentialAction":[{"@type":"SearchAction","target":{"@type":"EntryPoint","urlTemplate":"https:\/\/arzasarchery.com\/?s={search_term_string}"},"query-input":{"@type":"PropertyValueSpecification","valueRequired":true,"valueName":"search_term_string"}}],"inLanguage":"en-US"}]}},"_links":{"self":[{"href":"https:\/\/arzasarchery.com\/en\/wp-json\/wp\/v2\/product\/9011","targetHints":{"allow":["GET"]}}],"collection":[{"href":"https:\/\/arzasarchery.com\/en\/wp-json\/wp\/v2\/product"}],"about":[{"href":"https:\/\/arzasarchery.com\/en\/wp-json\/wp\/v2\/types\/product"}],"wp:featuredmedia":[{"embeddable":true,"href":"https:\/\/arzasarchery.com\/en\/wp-json\/wp\/v2\/media\/9021"}],"wp:attachment":[{"href":"https:\/\/arzasarchery.com\/en\/wp-json\/wp\/v2\/media?parent=9011"}],"wp:term":[{"taxonomy":"product_brand","embeddable":true,"href":"https:\/\/arzasarchery.com\/en\/wp-json\/wp\/v2\/product_brand?post=9011"},{"taxonomy":"product_cat","embeddable":true,"href":"https:\/\/arzasarchery.com\/en\/wp-json\/wp\/v2\/product_cat?post=9011"},{"taxonomy":"product_tag","embeddable":true,"href":"https:\/\/arzasarchery.com\/en\/wp-json\/wp\/v2\/product_tag?post=9011"}],"curies":[{"name":"wp","href":"https:\/\/api.w.org\/{rel}","templated":true}]}}