{"id":6407,"date":"2022-04-29T14:12:23","date_gmt":"2022-04-29T12:12:23","guid":{"rendered":"https:\/\/arzasarchery.com\/?post_type=product&#038;p=6407"},"modified":"2025-08-24T18:47:27","modified_gmt":"2025-08-24T16:47:27","slug":"cuerpo-olimpico-wns-sf-line-vulcan-x-alu","status":"publish","type":"product","link":"https:\/\/arzasarchery.com\/en\/producte\/cuerpo-olimpico-wns-sf-line-vulcan-x-alu\/","title":{"rendered":"Cuerpo Ol\u00edmpico WNS SF LINE VULCAN-X-ALU"},"content":{"rendered":"<p class=\"font-product-title\"><strong>RISERS SF LINE VULCAN-X ALU 25&#8243;\u00a0<\/strong><\/p>\n<p>El cuerpo Vulcan X est\u00e1 fabricado con material de aluminio cuidadosamente seleccionado.<br \/>\nSu dise\u00f1o \u00fanico hace hincapi\u00e9 en el equilibrio y est\u00e1 dise\u00f1ado para ofrecer una respuesta consistente durante el disparo.<br \/>\nAdem\u00e1s, la altura del \u00e9mbolo de la almohadilla se puede ajustar entre dos niveles para acomodar cualquier tipo de flecha que se afine aplicando el sistema de placa de apoyo.<br \/>\nLongitud: 25<br \/>\nPeso: 1250g<br \/>\nMaterial: Aluminio mecanizado CNC.<\/p>\n","protected":false},"excerpt":{"rendered":"<p><img fetchpriority=\"high\" decoding=\"async\" class=\"alignnone size-full wp-image-876\" src=\"https:\/\/arzasarchery.com\/wp-content\/uploads\/2020\/03\/logo-wns.png\" alt=\"\" width=\"301\" height=\"167\" srcset=\"https:\/\/arzasarchery.com\/wp-content\/uploads\/2020\/03\/logo-wns.png 301w, https:\/\/arzasarchery.com\/wp-content\/uploads\/2020\/03\/logo-wns-150x84.png 150w\" sizes=\"(max-width: 301px) 100vw, 301px\" \/><\/p>\n<p><strong>ESPECIFICACIONES : Anotar tama\u00f1o , color\u00a0 y mano del cuerpo que desees .<\/strong><\/p>\n","protected":false},"featured_media":6408,"template":"","meta":[],"product_brand":[],"product_cat":[42,48,810],"product_tag":[],"class_list":{"0":"post-6407","1":"product","2":"type-product","3":"status-publish","4":"has-post-thumbnail","6":"product_cat-arcos","7":"product_cat-olimpico","8":"product_cat-cuerpo-recurvo-olimpico-wns","9":"pa_color-black","10":"pa_color-azul","11":"pa_color-brilliant-silver","12":"pa_color-champion-gold","13":"pa_color-heat-blue","14":"pa_color-red","15":"pa_color-sonic-red","16":"pa_color-white","17":"pa_mano-lh","18":"pa_mano-rh","20":"first","21":"instock","22":"taxable","23":"shipping-taxable","24":"purchasable","25":"product-type-simple"},"yoast_head":"<!-- This site is optimized with the Yoast SEO plugin v25.6 - https:\/\/yoast.com\/wordpress\/plugins\/seo\/ -->\n<title>Cuerpo Ol\u00edmpico WNS SF LINE VULCAN-X-ALU - Arza&#039;s Archery<\/title>\n<meta name=\"robots\" content=\"index, follow, max-snippet:-1, max-image-preview:large, max-video-preview:-1\" \/>\n<link rel=\"canonical\" href=\"https:\/\/arzasarchery.com\/producto\/cuerpo-olimpico-wns-sf-line-vulcan-x-alu\/\" \/>\n<meta property=\"og:locale\" content=\"en_US\" \/>\n<meta property=\"og:type\" content=\"article\" \/>\n<meta property=\"og:title\" content=\"Cuerpo Ol\u00edmpico WNS SF LINE VULCAN-X-ALU - Arza&#039;s Archery\" \/>\n<meta property=\"og:description\" content=\"ESPECIFICACIONES : Anotar tama\u00f1o , color\u00a0 y mano del cuerpo que desees .\" \/>\n<meta property=\"og:url\" content=\"https:\/\/arzasarchery.com\/producto\/cuerpo-olimpico-wns-sf-line-vulcan-x-alu\/\" \/>\n<meta property=\"og:site_name\" content=\"Arza&#039;s Archery\" \/>\n<meta property=\"article:modified_time\" content=\"2025-08-24T16:47:27+00:00\" \/>\n<meta property=\"og:image\" content=\"https:\/\/arzasarchery.com\/wp-content\/uploads\/cuerpo-WNS-SF-LINE-VULCAN-X-ALU1.jpg\" \/>\n\t<meta property=\"og:image:width\" content=\"874\" \/>\n\t<meta property=\"og:image:height\" content=\"858\" \/>\n\t<meta property=\"og:image:type\" content=\"image\/jpeg\" \/>\n<meta name=\"twitter:card\" content=\"summary_large_image\" \/>\n<meta name=\"twitter:label1\" content=\"Est. reading time\" \/>\n\t<meta name=\"twitter:data1\" content=\"1 minute\" \/>\n<script type=\"application\/ld+json\" class=\"yoast-schema-graph\">{\"@context\":\"https:\/\/schema.org\",\"@graph\":[{\"@type\":\"WebPage\",\"@id\":\"https:\/\/arzasarchery.com\/producto\/cuerpo-olimpico-wns-sf-line-vulcan-x-alu\/\",\"url\":\"https:\/\/arzasarchery.com\/producto\/cuerpo-olimpico-wns-sf-line-vulcan-x-alu\/\",\"name\":\"Cuerpo Ol\u00edmpico WNS SF LINE VULCAN-X-ALU - Arza&#039;s Archery\",\"isPartOf\":{\"@id\":\"https:\/\/arzasarchery.com\/#website\"},\"primaryImageOfPage\":{\"@id\":\"https:\/\/arzasarchery.com\/producto\/cuerpo-olimpico-wns-sf-line-vulcan-x-alu\/#primaryimage\"},\"image\":{\"@id\":\"https:\/\/arzasarchery.com\/producto\/cuerpo-olimpico-wns-sf-line-vulcan-x-alu\/#primaryimage\"},\"thumbnailUrl\":\"https:\/\/arzasarchery.com\/wp-content\/uploads\/cuerpo-WNS-SF-LINE-VULCAN-X-ALU1.jpg\",\"datePublished\":\"2022-04-29T12:12:23+00:00\",\"dateModified\":\"2025-08-24T16:47:27+00:00\",\"breadcrumb\":{\"@id\":\"https:\/\/arzasarchery.com\/producto\/cuerpo-olimpico-wns-sf-line-vulcan-x-alu\/#breadcrumb\"},\"inLanguage\":\"en-US\",\"potentialAction\":[{\"@type\":\"ReadAction\",\"target\":[\"https:\/\/arzasarchery.com\/producto\/cuerpo-olimpico-wns-sf-line-vulcan-x-alu\/\"]}]},{\"@type\":\"ImageObject\",\"inLanguage\":\"en-US\",\"@id\":\"https:\/\/arzasarchery.com\/producto\/cuerpo-olimpico-wns-sf-line-vulcan-x-alu\/#primaryimage\",\"url\":\"https:\/\/arzasarchery.com\/wp-content\/uploads\/cuerpo-WNS-SF-LINE-VULCAN-X-ALU1.jpg\",\"contentUrl\":\"https:\/\/arzasarchery.com\/wp-content\/uploads\/cuerpo-WNS-SF-LINE-VULCAN-X-ALU1.jpg\",\"width\":874,\"height\":858},{\"@type\":\"BreadcrumbList\",\"@id\":\"https:\/\/arzasarchery.com\/producto\/cuerpo-olimpico-wns-sf-line-vulcan-x-alu\/#breadcrumb\",\"itemListElement\":[{\"@type\":\"ListItem\",\"position\":1,\"name\":\"Portada\",\"item\":\"https:\/\/arzasarchery.com\/\"},{\"@type\":\"ListItem\",\"position\":2,\"name\":\"Tienda Todos\",\"item\":\"https:\/\/arzasarchery.com\/en\/tienda-2\/\"},{\"@type\":\"ListItem\",\"position\":3,\"name\":\"Cuerpo Ol\u00edmpico WNS SF LINE VULCAN-X-ALU\"}]},{\"@type\":\"WebSite\",\"@id\":\"https:\/\/arzasarchery.com\/#website\",\"url\":\"https:\/\/arzasarchery.com\/\",\"name\":\"Arza&#039;s Archery\",\"description\":\"Arzas Archery\",\"potentialAction\":[{\"@type\":\"SearchAction\",\"target\":{\"@type\":\"EntryPoint\",\"urlTemplate\":\"https:\/\/arzasarchery.com\/?s={search_term_string}\"},\"query-input\":{\"@type\":\"PropertyValueSpecification\",\"valueRequired\":true,\"valueName\":\"search_term_string\"}}],\"inLanguage\":\"en-US\"}]}<\/script>\n<!-- \/ Yoast SEO plugin. -->","yoast_head_json":{"title":"Cuerpo Ol\u00edmpico WNS SF LINE VULCAN-X-ALU - Arza&#039;s Archery","robots":{"index":"index","follow":"follow","max-snippet":"max-snippet:-1","max-image-preview":"max-image-preview:large","max-video-preview":"max-video-preview:-1"},"canonical":"https:\/\/arzasarchery.com\/producto\/cuerpo-olimpico-wns-sf-line-vulcan-x-alu\/","og_locale":"en_US","og_type":"article","og_title":"Cuerpo Ol\u00edmpico WNS SF LINE VULCAN-X-ALU - Arza&#039;s Archery","og_description":"ESPECIFICACIONES : Anotar tama\u00f1o , color\u00a0 y mano del cuerpo que desees .","og_url":"https:\/\/arzasarchery.com\/producto\/cuerpo-olimpico-wns-sf-line-vulcan-x-alu\/","og_site_name":"Arza&#039;s Archery","article_modified_time":"2025-08-24T16:47:27+00:00","og_image":[{"width":874,"height":858,"url":"https:\/\/arzasarchery.com\/wp-content\/uploads\/cuerpo-WNS-SF-LINE-VULCAN-X-ALU1.jpg","type":"image\/jpeg"}],"twitter_card":"summary_large_image","twitter_misc":{"Est. reading time":"1 minute"},"schema":{"@context":"https:\/\/schema.org","@graph":[{"@type":"WebPage","@id":"https:\/\/arzasarchery.com\/producto\/cuerpo-olimpico-wns-sf-line-vulcan-x-alu\/","url":"https:\/\/arzasarchery.com\/producto\/cuerpo-olimpico-wns-sf-line-vulcan-x-alu\/","name":"Cuerpo Ol\u00edmpico WNS SF LINE VULCAN-X-ALU - Arza&#039;s Archery","isPartOf":{"@id":"https:\/\/arzasarchery.com\/#website"},"primaryImageOfPage":{"@id":"https:\/\/arzasarchery.com\/producto\/cuerpo-olimpico-wns-sf-line-vulcan-x-alu\/#primaryimage"},"image":{"@id":"https:\/\/arzasarchery.com\/producto\/cuerpo-olimpico-wns-sf-line-vulcan-x-alu\/#primaryimage"},"thumbnailUrl":"https:\/\/arzasarchery.com\/wp-content\/uploads\/cuerpo-WNS-SF-LINE-VULCAN-X-ALU1.jpg","datePublished":"2022-04-29T12:12:23+00:00","dateModified":"2025-08-24T16:47:27+00:00","breadcrumb":{"@id":"https:\/\/arzasarchery.com\/producto\/cuerpo-olimpico-wns-sf-line-vulcan-x-alu\/#breadcrumb"},"inLanguage":"en-US","potentialAction":[{"@type":"ReadAction","target":["https:\/\/arzasarchery.com\/producto\/cuerpo-olimpico-wns-sf-line-vulcan-x-alu\/"]}]},{"@type":"ImageObject","inLanguage":"en-US","@id":"https:\/\/arzasarchery.com\/producto\/cuerpo-olimpico-wns-sf-line-vulcan-x-alu\/#primaryimage","url":"https:\/\/arzasarchery.com\/wp-content\/uploads\/cuerpo-WNS-SF-LINE-VULCAN-X-ALU1.jpg","contentUrl":"https:\/\/arzasarchery.com\/wp-content\/uploads\/cuerpo-WNS-SF-LINE-VULCAN-X-ALU1.jpg","width":874,"height":858},{"@type":"BreadcrumbList","@id":"https:\/\/arzasarchery.com\/producto\/cuerpo-olimpico-wns-sf-line-vulcan-x-alu\/#breadcrumb","itemListElement":[{"@type":"ListItem","position":1,"name":"Portada","item":"https:\/\/arzasarchery.com\/"},{"@type":"ListItem","position":2,"name":"Tienda Todos","item":"https:\/\/arzasarchery.com\/en\/tienda-2\/"},{"@type":"ListItem","position":3,"name":"Cuerpo Ol\u00edmpico WNS SF LINE VULCAN-X-ALU"}]},{"@type":"WebSite","@id":"https:\/\/arzasarchery.com\/#website","url":"https:\/\/arzasarchery.com\/","name":"Arza&#039;s Archery","description":"Arzas Archery","potentialAction":[{"@type":"SearchAction","target":{"@type":"EntryPoint","urlTemplate":"https:\/\/arzasarchery.com\/?s={search_term_string}"},"query-input":{"@type":"PropertyValueSpecification","valueRequired":true,"valueName":"search_term_string"}}],"inLanguage":"en-US"}]}},"_links":{"self":[{"href":"https:\/\/arzasarchery.com\/en\/wp-json\/wp\/v2\/product\/6407","targetHints":{"allow":["GET"]}}],"collection":[{"href":"https:\/\/arzasarchery.com\/en\/wp-json\/wp\/v2\/product"}],"about":[{"href":"https:\/\/arzasarchery.com\/en\/wp-json\/wp\/v2\/types\/product"}],"wp:featuredmedia":[{"embeddable":true,"href":"https:\/\/arzasarchery.com\/en\/wp-json\/wp\/v2\/media\/6408"}],"wp:attachment":[{"href":"https:\/\/arzasarchery.com\/en\/wp-json\/wp\/v2\/media?parent=6407"}],"wp:term":[{"taxonomy":"product_brand","embeddable":true,"href":"https:\/\/arzasarchery.com\/en\/wp-json\/wp\/v2\/product_brand?post=6407"},{"taxonomy":"product_cat","embeddable":true,"href":"https:\/\/arzasarchery.com\/en\/wp-json\/wp\/v2\/product_cat?post=6407"},{"taxonomy":"product_tag","embeddable":true,"href":"https:\/\/arzasarchery.com\/en\/wp-json\/wp\/v2\/product_tag?post=6407"}],"curies":[{"name":"wp","href":"https:\/\/api.w.org\/{rel}","templated":true}]}}