{"id":6029,"date":"2022-01-25T16:46:17","date_gmt":"2022-01-25T14:46:17","guid":{"rendered":"https:\/\/arzasarchery.com\/?post_type=product&#038;p=6029"},"modified":"2025-08-11T11:42:20","modified_gmt":"2025-08-11T09:42:20","slug":"cuerpo-olimpico-kinetic-forged-ember","status":"publish","type":"product","link":"https:\/\/arzasarchery.com\/en\/producte\/cuerpo-olimpico-kinetic-forged-ember\/","title":{"rendered":"Cuerpo Olimpico KINETIC FORGED EMBER V2. Articulo en promoci\u00f3n"},"content":{"rendered":"<p class=\"font-product-title\"><strong>RISER FORGED EMBER V2 23&#8243;<\/strong><\/p>\n<p>Con una c\u00f3moda empu\u00f1adura de madera, un sistema de alineaci\u00f3n de las paleas y una extensi\u00f3n de clicker ajustable, el Ember V2 ofrece el control y la consistencia necesarios para la pr\u00e1ctica seria o la competici\u00f3n.<\/p>\n<p>Caracter\u00edsticas principales<br \/>\nCuerpo compacto de 23&#8243;<br \/>\nEmpu\u00f1adura ergon\u00f3mica de madera &#8211; dise\u00f1ada para manos peque\u00f1as y una colocaci\u00f3n consistente de la mano<br \/>\nSistema integrado de alineaci\u00f3n de las palas y extensi\u00f3n del clicker &#8211; para un ajuste de precisi\u00f3n<br \/>\nSensaci\u00f3n equilibrada y sensible &#8211; adecuada tanto para entrenamiento como para competici\u00f3n<br \/>\nEspecificaciones<br \/>\nLongitud: 23&#8243;.<br \/>\nPeso: 990 g<br \/>\nMaterial: Aluminio 6061-T6 (forjado CNC)<br \/>\nTipo: RH \/ LH<br \/>\n\u00c1ngulo de agarre: 42\u00b0<br \/>\nPocket Fitting: ILF<\/p>\n<p>&nbsp;<\/p>\n<p>&nbsp;<\/p>\n","protected":false},"excerpt":{"rendered":"<p><img decoding=\"async\" class=\"alignnone size-full wp-image-608\" src=\"https:\/\/arzasarchery.com\/wp-content\/uploads\/2020\/02\/logo-Kinetic.png\" alt=\"\" width=\"237\" height=\"77\" \/><\/p>\n<p><strong>PARA CONSULTAR DISPONIBILIDAD DEL PRODUCTO\/PRECIO PULSA EL SIGUIENTE RECUADRO<\/strong><\/p>\n<p>[vc_row css_animation=&#8221;&#8221; row_type=&#8221;row&#8221; use_row_as_full_screen_section=&#8221;no&#8221; type=&#8221;full_width&#8221; angled_section=&#8221;no&#8221; text_align=&#8221;left&#8221; background_image_as_pattern=&#8221;without_pattern&#8221;][vc_column][button size=\"big_large_full_width\" target=\"_blank\" hover_type=\"default\" text_align=\"center\" text=\"Producto bajo pedido. P\u00eddelo aqu\u00ed\" link=\"\/formularios_poleas\" background_color=\"#6595bf\" hover_background_color=\"#27a31f\"][\/vc_column][\/vc_row]<\/p>\n<p>&nbsp;<\/p>\n","protected":false},"featured_media":9813,"template":"","meta":[],"product_brand":[],"product_cat":[42,48,812],"product_tag":[],"class_list":{"0":"post-6029","1":"product","2":"type-product","3":"status-publish","4":"has-post-thumbnail","6":"product_cat-arcos","7":"product_cat-olimpico","8":"product_cat-cuerpo-recurvo-olimpico-kinetic","9":"pa_color-black","10":"pa_color-azul","11":"pa_color-verde","12":"pa_color-naranja","13":"pa_color-purple","14":"pa_color-red","15":"pa_color-smoke","16":"pa_mano-lh","17":"pa_mano-rh","19":"first","20":"instock","21":"taxable","22":"shipping-taxable","23":"purchasable","24":"product-type-simple"},"yoast_head":"<!-- This site is optimized with the Yoast SEO plugin v25.6 - https:\/\/yoast.com\/wordpress\/plugins\/seo\/ -->\n<title>Cuerpo Olimpico KINETIC FORGED EMBER V2. Articulo en promoci\u00f3n - Arza&#039;s Archery<\/title>\n<meta name=\"robots\" content=\"index, follow, max-snippet:-1, max-image-preview:large, max-video-preview:-1\" \/>\n<link rel=\"canonical\" href=\"https:\/\/arzasarchery.com\/producto\/cuerpo-olimpico-kinetic-forged-ember\/\" \/>\n<meta property=\"og:locale\" content=\"en_US\" \/>\n<meta property=\"og:type\" content=\"article\" \/>\n<meta property=\"og:title\" content=\"Cuerpo Olimpico KINETIC FORGED EMBER V2. Articulo en promoci\u00f3n - Arza&#039;s Archery\" \/>\n<meta property=\"og:description\" content=\"PARA CONSULTAR DISPONIBILIDAD DEL PRODUCTO\/PRECIO PULSA EL SIGUIENTE RECUADRO  [vc_row css_animation=&quot;&quot; row_type=&quot;row&quot; use_row_as_full_screen_section=&quot;no&quot; type=&quot;full_width&quot; angled_section=&quot;no&quot; text_align=&quot;left&quot; background_image_as_pattern=&quot;without_pattern&quot;][vc_column][\/vc_column][\/vc_row]  &nbsp;\" \/>\n<meta property=\"og:url\" content=\"https:\/\/arzasarchery.com\/producto\/cuerpo-olimpico-kinetic-forged-ember\/\" \/>\n<meta property=\"og:site_name\" content=\"Arza&#039;s Archery\" \/>\n<meta property=\"article:modified_time\" content=\"2025-08-11T09:42:20+00:00\" \/>\n<meta property=\"og:image\" content=\"https:\/\/arzasarchery.com\/wp-content\/uploads\/cuerpo-KINETIC-EMBERv2.jpg\" \/>\n\t<meta property=\"og:image:width\" content=\"966\" \/>\n\t<meta property=\"og:image:height\" content=\"1024\" \/>\n\t<meta property=\"og:image:type\" content=\"image\/jpeg\" \/>\n<meta name=\"twitter:card\" content=\"summary_large_image\" \/>\n<meta name=\"twitter:label1\" content=\"Est. reading time\" \/>\n\t<meta name=\"twitter:data1\" content=\"1 minute\" \/>\n<script type=\"application\/ld+json\" class=\"yoast-schema-graph\">{\"@context\":\"https:\/\/schema.org\",\"@graph\":[{\"@type\":\"WebPage\",\"@id\":\"https:\/\/arzasarchery.com\/producto\/cuerpo-olimpico-kinetic-forged-ember\/\",\"url\":\"https:\/\/arzasarchery.com\/producto\/cuerpo-olimpico-kinetic-forged-ember\/\",\"name\":\"Cuerpo Olimpico KINETIC FORGED EMBER V2. Articulo en promoci\u00f3n - Arza&#039;s Archery\",\"isPartOf\":{\"@id\":\"https:\/\/arzasarchery.com\/#website\"},\"primaryImageOfPage\":{\"@id\":\"https:\/\/arzasarchery.com\/producto\/cuerpo-olimpico-kinetic-forged-ember\/#primaryimage\"},\"image\":{\"@id\":\"https:\/\/arzasarchery.com\/producto\/cuerpo-olimpico-kinetic-forged-ember\/#primaryimage\"},\"thumbnailUrl\":\"https:\/\/arzasarchery.com\/wp-content\/uploads\/cuerpo-KINETIC-EMBERv2.jpg\",\"datePublished\":\"2022-01-25T14:46:17+00:00\",\"dateModified\":\"2025-08-11T09:42:20+00:00\",\"breadcrumb\":{\"@id\":\"https:\/\/arzasarchery.com\/producto\/cuerpo-olimpico-kinetic-forged-ember\/#breadcrumb\"},\"inLanguage\":\"en-US\",\"potentialAction\":[{\"@type\":\"ReadAction\",\"target\":[\"https:\/\/arzasarchery.com\/producto\/cuerpo-olimpico-kinetic-forged-ember\/\"]}]},{\"@type\":\"ImageObject\",\"inLanguage\":\"en-US\",\"@id\":\"https:\/\/arzasarchery.com\/producto\/cuerpo-olimpico-kinetic-forged-ember\/#primaryimage\",\"url\":\"https:\/\/arzasarchery.com\/wp-content\/uploads\/cuerpo-KINETIC-EMBERv2.jpg\",\"contentUrl\":\"https:\/\/arzasarchery.com\/wp-content\/uploads\/cuerpo-KINETIC-EMBERv2.jpg\",\"width\":966,\"height\":1024},{\"@type\":\"BreadcrumbList\",\"@id\":\"https:\/\/arzasarchery.com\/producto\/cuerpo-olimpico-kinetic-forged-ember\/#breadcrumb\",\"itemListElement\":[{\"@type\":\"ListItem\",\"position\":1,\"name\":\"Portada\",\"item\":\"https:\/\/arzasarchery.com\/\"},{\"@type\":\"ListItem\",\"position\":2,\"name\":\"Tienda Todos\",\"item\":\"https:\/\/arzasarchery.com\/en\/tienda-2\/\"},{\"@type\":\"ListItem\",\"position\":3,\"name\":\"Cuerpo Olimpico KINETIC FORGED EMBER V2. Articulo en promoci\u00f3n\"}]},{\"@type\":\"WebSite\",\"@id\":\"https:\/\/arzasarchery.com\/#website\",\"url\":\"https:\/\/arzasarchery.com\/\",\"name\":\"Arza&#039;s Archery\",\"description\":\"Arzas Archery\",\"potentialAction\":[{\"@type\":\"SearchAction\",\"target\":{\"@type\":\"EntryPoint\",\"urlTemplate\":\"https:\/\/arzasarchery.com\/?s={search_term_string}\"},\"query-input\":{\"@type\":\"PropertyValueSpecification\",\"valueRequired\":true,\"valueName\":\"search_term_string\"}}],\"inLanguage\":\"en-US\"}]}<\/script>\n<!-- \/ Yoast SEO plugin. -->","yoast_head_json":{"title":"Cuerpo Olimpico KINETIC FORGED EMBER V2. Articulo en promoci\u00f3n - Arza&#039;s Archery","robots":{"index":"index","follow":"follow","max-snippet":"max-snippet:-1","max-image-preview":"max-image-preview:large","max-video-preview":"max-video-preview:-1"},"canonical":"https:\/\/arzasarchery.com\/producto\/cuerpo-olimpico-kinetic-forged-ember\/","og_locale":"en_US","og_type":"article","og_title":"Cuerpo Olimpico KINETIC FORGED EMBER V2. Articulo en promoci\u00f3n - Arza&#039;s Archery","og_description":"PARA CONSULTAR DISPONIBILIDAD DEL PRODUCTO\/PRECIO PULSA EL SIGUIENTE RECUADRO  [vc_row css_animation=\"\" row_type=\"row\" use_row_as_full_screen_section=\"no\" type=\"full_width\" angled_section=\"no\" text_align=\"left\" background_image_as_pattern=\"without_pattern\"][vc_column][\/vc_column][\/vc_row]  &nbsp;","og_url":"https:\/\/arzasarchery.com\/producto\/cuerpo-olimpico-kinetic-forged-ember\/","og_site_name":"Arza&#039;s Archery","article_modified_time":"2025-08-11T09:42:20+00:00","og_image":[{"width":966,"height":1024,"url":"https:\/\/arzasarchery.com\/wp-content\/uploads\/cuerpo-KINETIC-EMBERv2.jpg","type":"image\/jpeg"}],"twitter_card":"summary_large_image","twitter_misc":{"Est. reading time":"1 minute"},"schema":{"@context":"https:\/\/schema.org","@graph":[{"@type":"WebPage","@id":"https:\/\/arzasarchery.com\/producto\/cuerpo-olimpico-kinetic-forged-ember\/","url":"https:\/\/arzasarchery.com\/producto\/cuerpo-olimpico-kinetic-forged-ember\/","name":"Cuerpo Olimpico KINETIC FORGED EMBER V2. Articulo en promoci\u00f3n - Arza&#039;s Archery","isPartOf":{"@id":"https:\/\/arzasarchery.com\/#website"},"primaryImageOfPage":{"@id":"https:\/\/arzasarchery.com\/producto\/cuerpo-olimpico-kinetic-forged-ember\/#primaryimage"},"image":{"@id":"https:\/\/arzasarchery.com\/producto\/cuerpo-olimpico-kinetic-forged-ember\/#primaryimage"},"thumbnailUrl":"https:\/\/arzasarchery.com\/wp-content\/uploads\/cuerpo-KINETIC-EMBERv2.jpg","datePublished":"2022-01-25T14:46:17+00:00","dateModified":"2025-08-11T09:42:20+00:00","breadcrumb":{"@id":"https:\/\/arzasarchery.com\/producto\/cuerpo-olimpico-kinetic-forged-ember\/#breadcrumb"},"inLanguage":"en-US","potentialAction":[{"@type":"ReadAction","target":["https:\/\/arzasarchery.com\/producto\/cuerpo-olimpico-kinetic-forged-ember\/"]}]},{"@type":"ImageObject","inLanguage":"en-US","@id":"https:\/\/arzasarchery.com\/producto\/cuerpo-olimpico-kinetic-forged-ember\/#primaryimage","url":"https:\/\/arzasarchery.com\/wp-content\/uploads\/cuerpo-KINETIC-EMBERv2.jpg","contentUrl":"https:\/\/arzasarchery.com\/wp-content\/uploads\/cuerpo-KINETIC-EMBERv2.jpg","width":966,"height":1024},{"@type":"BreadcrumbList","@id":"https:\/\/arzasarchery.com\/producto\/cuerpo-olimpico-kinetic-forged-ember\/#breadcrumb","itemListElement":[{"@type":"ListItem","position":1,"name":"Portada","item":"https:\/\/arzasarchery.com\/"},{"@type":"ListItem","position":2,"name":"Tienda Todos","item":"https:\/\/arzasarchery.com\/en\/tienda-2\/"},{"@type":"ListItem","position":3,"name":"Cuerpo Olimpico KINETIC FORGED EMBER V2. Articulo en promoci\u00f3n"}]},{"@type":"WebSite","@id":"https:\/\/arzasarchery.com\/#website","url":"https:\/\/arzasarchery.com\/","name":"Arza&#039;s Archery","description":"Arzas Archery","potentialAction":[{"@type":"SearchAction","target":{"@type":"EntryPoint","urlTemplate":"https:\/\/arzasarchery.com\/?s={search_term_string}"},"query-input":{"@type":"PropertyValueSpecification","valueRequired":true,"valueName":"search_term_string"}}],"inLanguage":"en-US"}]}},"_links":{"self":[{"href":"https:\/\/arzasarchery.com\/en\/wp-json\/wp\/v2\/product\/6029","targetHints":{"allow":["GET"]}}],"collection":[{"href":"https:\/\/arzasarchery.com\/en\/wp-json\/wp\/v2\/product"}],"about":[{"href":"https:\/\/arzasarchery.com\/en\/wp-json\/wp\/v2\/types\/product"}],"wp:featuredmedia":[{"embeddable":true,"href":"https:\/\/arzasarchery.com\/en\/wp-json\/wp\/v2\/media\/9813"}],"wp:attachment":[{"href":"https:\/\/arzasarchery.com\/en\/wp-json\/wp\/v2\/media?parent=6029"}],"wp:term":[{"taxonomy":"product_brand","embeddable":true,"href":"https:\/\/arzasarchery.com\/en\/wp-json\/wp\/v2\/product_brand?post=6029"},{"taxonomy":"product_cat","embeddable":true,"href":"https:\/\/arzasarchery.com\/en\/wp-json\/wp\/v2\/product_cat?post=6029"},{"taxonomy":"product_tag","embeddable":true,"href":"https:\/\/arzasarchery.com\/en\/wp-json\/wp\/v2\/product_tag?post=6029"}],"curies":[{"name":"wp","href":"https:\/\/api.w.org\/{rel}","templated":true}]}}