{"id":5373,"date":"2021-09-11T16:30:48","date_gmt":"2021-09-11T14:30:48","guid":{"rendered":"https:\/\/arzasarchery.com\/?post_type=product&#038;p=5373"},"modified":"2025-08-10T13:51:25","modified_gmt":"2025-08-10T11:51:25","slug":"parapeto-portable-target-avalon","status":"publish","type":"product","link":"https:\/\/arzasarchery.com\/en\/producte\/parapeto-portable-target-avalon\/","title":{"rendered":"Parapeto PORTABLE TARGET AVALON"},"content":{"rendered":"<p class=\"font-product-title\"><strong>AVALON TEC XBOW 70X70X30CM\u00a0 TARGET 400FPS<\/strong><\/p>\n<p>Avalon Tec Recurve Target Bag<br \/>\nDuradera diana multizona para arqueros de arco recurvo<\/p>\n<p>La Avalon Tec Recurve Target Bag es una herramienta de entrenamiento para arqueros de arco recurvo que buscan una soluci\u00f3n compacta y duradera. Construida con tejido reforzado, cuenta con una variedad de caras de diana impresas, incluyendo una de 10 anillos de 60 cm, una de 10 anillos de 80 cm y dos dianas de 3 puntos, ofreciendo una gran variedad de punter\u00eda para sesiones de pr\u00e1ctica enfocadas. Con su tama\u00f1o manejable y peso estable, es una excelente opci\u00f3n para campos de tiro dom\u00e9sticos, clubes o instalaciones port\u00e1tiles.<\/p>\n<p>Caracter\u00edsticas principales<br \/>\nImpreso con 4 zonas de tiro distintas &#8211; 60 cm, 80 cm, y dos dise\u00f1os de 3 puntos<br \/>\nHecho de tela de alta resistencia &#8211; para una durabilidad a largo plazo<br \/>\nOptimizado para el tiro con arco recurvo &#8211; entrenamiento y consistencia<br \/>\nDise\u00f1o compacto de 70\u00d770\u00d730 cm &#8211; es f\u00e1cil de transportar y configurar<br \/>\nPeso estable de 11 kg &#8211; proporciona una plataforma s\u00f3lida sin sacrificar la movilidad<br \/>\nEspecificaciones<br \/>\nDimensiones: 70 \u00d7 70 \u00d7 30 cm<br \/>\nPeso: 11 kg<br \/>\nMaterial: Tejido resistente<br \/>\nBlancos incluidos:<br \/>\n&#8211; 1\u00d7 60 cm 10-ring (centro est\u00e1ndar)<br \/>\n&#8211; 1\u00d7 80 cm 10-ring (centro est\u00e1ndar)<br \/>\n&#8211; 2\u00d7 3-spot (centro est\u00e1ndar)<br \/>\nTipo: Bolsa de tiro para arco recurvo<br \/>\nNota: Se puede utilizar con arcos recurvos de hasta 32 libras de peso.<\/p>\n<p>&nbsp;<\/p>\n","protected":false},"excerpt":{"rendered":"<p><img decoding=\"async\" class=\"alignnone size-full wp-image-359\" src=\"https:\/\/arzasarchery.com\/wp-content\/uploads\/2020\/02\/logo-avalon.jpg\" alt=\"\" width=\"271\" height=\"77\" \/><\/p>\n","protected":false},"featured_media":9787,"template":"","meta":[],"product_brand":[],"product_cat":[147,150,645],"product_tag":[],"class_list":{"0":"post-5373","1":"product","2":"type-product","3":"status-publish","4":"has-post-thumbnail","6":"product_cat-dianas-parapetos","7":"product_cat-parapetos-tuff-blocks","8":"product_cat-promociones","10":"first","11":"instock","12":"taxable","13":"shipping-taxable","14":"purchasable","15":"product-type-simple"},"yoast_head":"<!-- This site is optimized with the Yoast SEO plugin v25.6 - https:\/\/yoast.com\/wordpress\/plugins\/seo\/ -->\n<title>Parapeto PORTABLE TARGET AVALON - Arza&#039;s Archery<\/title>\n<meta name=\"robots\" content=\"index, follow, max-snippet:-1, max-image-preview:large, max-video-preview:-1\" \/>\n<link rel=\"canonical\" href=\"https:\/\/arzasarchery.com\/producto\/parapeto-portable-target-avalon\/\" \/>\n<meta property=\"og:locale\" content=\"en_US\" \/>\n<meta property=\"og:type\" content=\"article\" \/>\n<meta property=\"og:title\" content=\"Parapeto PORTABLE TARGET AVALON - Arza&#039;s Archery\" \/>\n<meta property=\"og:url\" content=\"https:\/\/arzasarchery.com\/producto\/parapeto-portable-target-avalon\/\" \/>\n<meta property=\"og:site_name\" content=\"Arza&#039;s Archery\" \/>\n<meta property=\"article:modified_time\" content=\"2025-08-10T11:51:25+00:00\" \/>\n<meta property=\"og:image\" content=\"https:\/\/arzasarchery.com\/wp-content\/uploads\/PARAPETO-AVALON-BAG-70X70X30.jpg\" \/>\n\t<meta property=\"og:image:width\" content=\"817\" \/>\n\t<meta property=\"og:image:height\" content=\"1024\" \/>\n\t<meta property=\"og:image:type\" content=\"image\/jpeg\" \/>\n<meta name=\"twitter:card\" content=\"summary_large_image\" \/>\n<meta name=\"twitter:label1\" content=\"Est. reading time\" \/>\n\t<meta name=\"twitter:data1\" content=\"2 minutes\" \/>\n<script type=\"application\/ld+json\" class=\"yoast-schema-graph\">{\"@context\":\"https:\/\/schema.org\",\"@graph\":[{\"@type\":\"WebPage\",\"@id\":\"https:\/\/arzasarchery.com\/producto\/parapeto-portable-target-avalon\/\",\"url\":\"https:\/\/arzasarchery.com\/producto\/parapeto-portable-target-avalon\/\",\"name\":\"Parapeto PORTABLE TARGET AVALON - Arza&#039;s Archery\",\"isPartOf\":{\"@id\":\"https:\/\/arzasarchery.com\/#website\"},\"primaryImageOfPage\":{\"@id\":\"https:\/\/arzasarchery.com\/producto\/parapeto-portable-target-avalon\/#primaryimage\"},\"image\":{\"@id\":\"https:\/\/arzasarchery.com\/producto\/parapeto-portable-target-avalon\/#primaryimage\"},\"thumbnailUrl\":\"https:\/\/arzasarchery.com\/wp-content\/uploads\/PARAPETO-AVALON-BAG-70X70X30.jpg\",\"datePublished\":\"2021-09-11T14:30:48+00:00\",\"dateModified\":\"2025-08-10T11:51:25+00:00\",\"breadcrumb\":{\"@id\":\"https:\/\/arzasarchery.com\/producto\/parapeto-portable-target-avalon\/#breadcrumb\"},\"inLanguage\":\"en-US\",\"potentialAction\":[{\"@type\":\"ReadAction\",\"target\":[\"https:\/\/arzasarchery.com\/producto\/parapeto-portable-target-avalon\/\"]}]},{\"@type\":\"ImageObject\",\"inLanguage\":\"en-US\",\"@id\":\"https:\/\/arzasarchery.com\/producto\/parapeto-portable-target-avalon\/#primaryimage\",\"url\":\"https:\/\/arzasarchery.com\/wp-content\/uploads\/PARAPETO-AVALON-BAG-70X70X30.jpg\",\"contentUrl\":\"https:\/\/arzasarchery.com\/wp-content\/uploads\/PARAPETO-AVALON-BAG-70X70X30.jpg\",\"width\":817,\"height\":1024},{\"@type\":\"BreadcrumbList\",\"@id\":\"https:\/\/arzasarchery.com\/producto\/parapeto-portable-target-avalon\/#breadcrumb\",\"itemListElement\":[{\"@type\":\"ListItem\",\"position\":1,\"name\":\"Portada\",\"item\":\"https:\/\/arzasarchery.com\/\"},{\"@type\":\"ListItem\",\"position\":2,\"name\":\"Tienda Todos\",\"item\":\"https:\/\/arzasarchery.com\/en\/tienda-2\/\"},{\"@type\":\"ListItem\",\"position\":3,\"name\":\"Parapeto PORTABLE TARGET AVALON\"}]},{\"@type\":\"WebSite\",\"@id\":\"https:\/\/arzasarchery.com\/#website\",\"url\":\"https:\/\/arzasarchery.com\/\",\"name\":\"Arza&#039;s Archery\",\"description\":\"Arzas Archery\",\"potentialAction\":[{\"@type\":\"SearchAction\",\"target\":{\"@type\":\"EntryPoint\",\"urlTemplate\":\"https:\/\/arzasarchery.com\/?s={search_term_string}\"},\"query-input\":{\"@type\":\"PropertyValueSpecification\",\"valueRequired\":true,\"valueName\":\"search_term_string\"}}],\"inLanguage\":\"en-US\"}]}<\/script>\n<!-- \/ Yoast SEO plugin. -->","yoast_head_json":{"title":"Parapeto PORTABLE TARGET AVALON - Arza&#039;s Archery","robots":{"index":"index","follow":"follow","max-snippet":"max-snippet:-1","max-image-preview":"max-image-preview:large","max-video-preview":"max-video-preview:-1"},"canonical":"https:\/\/arzasarchery.com\/producto\/parapeto-portable-target-avalon\/","og_locale":"en_US","og_type":"article","og_title":"Parapeto PORTABLE TARGET AVALON - Arza&#039;s Archery","og_url":"https:\/\/arzasarchery.com\/producto\/parapeto-portable-target-avalon\/","og_site_name":"Arza&#039;s Archery","article_modified_time":"2025-08-10T11:51:25+00:00","og_image":[{"width":817,"height":1024,"url":"https:\/\/arzasarchery.com\/wp-content\/uploads\/PARAPETO-AVALON-BAG-70X70X30.jpg","type":"image\/jpeg"}],"twitter_card":"summary_large_image","twitter_misc":{"Est. reading time":"2 minutes"},"schema":{"@context":"https:\/\/schema.org","@graph":[{"@type":"WebPage","@id":"https:\/\/arzasarchery.com\/producto\/parapeto-portable-target-avalon\/","url":"https:\/\/arzasarchery.com\/producto\/parapeto-portable-target-avalon\/","name":"Parapeto PORTABLE TARGET AVALON - Arza&#039;s Archery","isPartOf":{"@id":"https:\/\/arzasarchery.com\/#website"},"primaryImageOfPage":{"@id":"https:\/\/arzasarchery.com\/producto\/parapeto-portable-target-avalon\/#primaryimage"},"image":{"@id":"https:\/\/arzasarchery.com\/producto\/parapeto-portable-target-avalon\/#primaryimage"},"thumbnailUrl":"https:\/\/arzasarchery.com\/wp-content\/uploads\/PARAPETO-AVALON-BAG-70X70X30.jpg","datePublished":"2021-09-11T14:30:48+00:00","dateModified":"2025-08-10T11:51:25+00:00","breadcrumb":{"@id":"https:\/\/arzasarchery.com\/producto\/parapeto-portable-target-avalon\/#breadcrumb"},"inLanguage":"en-US","potentialAction":[{"@type":"ReadAction","target":["https:\/\/arzasarchery.com\/producto\/parapeto-portable-target-avalon\/"]}]},{"@type":"ImageObject","inLanguage":"en-US","@id":"https:\/\/arzasarchery.com\/producto\/parapeto-portable-target-avalon\/#primaryimage","url":"https:\/\/arzasarchery.com\/wp-content\/uploads\/PARAPETO-AVALON-BAG-70X70X30.jpg","contentUrl":"https:\/\/arzasarchery.com\/wp-content\/uploads\/PARAPETO-AVALON-BAG-70X70X30.jpg","width":817,"height":1024},{"@type":"BreadcrumbList","@id":"https:\/\/arzasarchery.com\/producto\/parapeto-portable-target-avalon\/#breadcrumb","itemListElement":[{"@type":"ListItem","position":1,"name":"Portada","item":"https:\/\/arzasarchery.com\/"},{"@type":"ListItem","position":2,"name":"Tienda Todos","item":"https:\/\/arzasarchery.com\/en\/tienda-2\/"},{"@type":"ListItem","position":3,"name":"Parapeto PORTABLE TARGET AVALON"}]},{"@type":"WebSite","@id":"https:\/\/arzasarchery.com\/#website","url":"https:\/\/arzasarchery.com\/","name":"Arza&#039;s Archery","description":"Arzas Archery","potentialAction":[{"@type":"SearchAction","target":{"@type":"EntryPoint","urlTemplate":"https:\/\/arzasarchery.com\/?s={search_term_string}"},"query-input":{"@type":"PropertyValueSpecification","valueRequired":true,"valueName":"search_term_string"}}],"inLanguage":"en-US"}]}},"_links":{"self":[{"href":"https:\/\/arzasarchery.com\/en\/wp-json\/wp\/v2\/product\/5373","targetHints":{"allow":["GET"]}}],"collection":[{"href":"https:\/\/arzasarchery.com\/en\/wp-json\/wp\/v2\/product"}],"about":[{"href":"https:\/\/arzasarchery.com\/en\/wp-json\/wp\/v2\/types\/product"}],"wp:featuredmedia":[{"embeddable":true,"href":"https:\/\/arzasarchery.com\/en\/wp-json\/wp\/v2\/media\/9787"}],"wp:attachment":[{"href":"https:\/\/arzasarchery.com\/en\/wp-json\/wp\/v2\/media?parent=5373"}],"wp:term":[{"taxonomy":"product_brand","embeddable":true,"href":"https:\/\/arzasarchery.com\/en\/wp-json\/wp\/v2\/product_brand?post=5373"},{"taxonomy":"product_cat","embeddable":true,"href":"https:\/\/arzasarchery.com\/en\/wp-json\/wp\/v2\/product_cat?post=5373"},{"taxonomy":"product_tag","embeddable":true,"href":"https:\/\/arzasarchery.com\/en\/wp-json\/wp\/v2\/product_tag?post=5373"}],"curies":[{"name":"wp","href":"https:\/\/api.w.org\/{rel}","templated":true}]}}