{"id":5099,"date":"2021-03-01T18:50:03","date_gmt":"2021-03-01T16:50:03","guid":{"rendered":"https:\/\/arzasarchery.com\/?post_type=product&#038;p=5099"},"modified":"2025-08-29T12:48:41","modified_gmt":"2025-08-29T10:48:41","slug":"visores-caza-y-3d-apex-gear-covert-1","status":"publish","type":"product","link":"https:\/\/arzasarchery.com\/en\/producte\/visores-caza-y-3d-apex-gear-covert-1\/","title":{"rendered":"Visor Caza-3D APEX GEAR Covert PRO Micro"},"content":{"rendered":"<p class=\"font-product-title\"><strong>HUNTING &amp; 3D SIGHTS COVERT PRO MICRO \/ RH \/ LED \/ 1PIN \/ BLACK<\/strong><\/p>\n<p>Sin pasador. APEX\u2122 GEAR se enorgullece de continuar avanzando en las miras de un solo pin m\u00e1s potentes y vers\u00e1tiles del mercado &#8211; a\u00fan sin el pin. COVERT\u2122 PRO mantiene todas las ventajas de una mira deslizante de largo3 alcance, pero con la exclusiva tecnolog\u00eda LED de punto central PWR-DOT\u2122. Los controles t\u00e1ctiles de brillo mediante pulsador3 simplifican el uso en el campo, y un dial de elevaci\u00f3n con engranaje3 proporciona m\u00e1s control con un ajuste suave y preciso. El LED rojo act\u00faa como un pasador secundario cuando el LED verde se ajusta a 20 yardas, o proporciona un punto de mira para distancias extremas m\u00e1s all\u00e1 del alcance de la cinta de yardas. &#8211; Ajustes ultrasuaves y sencillos con una sola mano &#8211; Incluye m\u00e1s de 120 cintas de yardas premarcadas para simplificar la configuraci\u00f3n &#8211; El ajuste giratorio GRAVITY-LINE\u2122 alinea el movimiento de la clavija con la gravedad &#8211; Ubicaci\u00f3n de la cinta de yardas orientada hacia atr\u00e1s y f\u00e1cil de ver &#8211; Duraci\u00f3n aproximada de la bater\u00eda de 700 horas &#8211; Se apaga autom\u00e1ticamente despu\u00e9s de 4 horas sin ajuste<\/p>\n","protected":false},"excerpt":{"rendered":"<p><img decoding=\"async\" class=\"alignnone size-medium wp-image-2174\" src=\"https:\/\/arzasarchery.com\/wp-content\/uploads\/logo-APEX-GEAR-300x108.jpg\" alt=\"\" width=\"300\" height=\"108\" srcset=\"https:\/\/arzasarchery.com\/wp-content\/uploads\/logo-APEX-GEAR-300x108.jpg 300w, https:\/\/arzasarchery.com\/wp-content\/uploads\/logo-APEX-GEAR.jpg 342w\" sizes=\"(max-width: 300px) 100vw, 300px\" \/><\/p>\n","protected":false},"featured_media":9989,"template":"","meta":[],"product_brand":[],"product_cat":[128,125],"product_tag":[],"class_list":{"0":"post-5099","1":"product","2":"type-product","3":"status-publish","4":"has-post-thumbnail","6":"product_cat-caza-visores","7":"product_cat-visores","9":"first","10":"instock","11":"taxable","12":"shipping-taxable","13":"purchasable","14":"product-type-simple"},"yoast_head":"<!-- This site is optimized with the Yoast SEO plugin v25.6 - https:\/\/yoast.com\/wordpress\/plugins\/seo\/ -->\n<title>Visor Caza-3D APEX GEAR Covert PRO Micro - Arza&#039;s Archery<\/title>\n<meta name=\"robots\" content=\"index, follow, max-snippet:-1, max-image-preview:large, max-video-preview:-1\" \/>\n<link rel=\"canonical\" href=\"https:\/\/arzasarchery.com\/producto\/visores-caza-y-3d-apex-gear-covert-1\/\" \/>\n<meta property=\"og:locale\" content=\"en_US\" \/>\n<meta property=\"og:type\" content=\"article\" \/>\n<meta property=\"og:title\" content=\"Visor Caza-3D APEX GEAR Covert PRO Micro - Arza&#039;s Archery\" \/>\n<meta property=\"og:url\" content=\"https:\/\/arzasarchery.com\/producto\/visores-caza-y-3d-apex-gear-covert-1\/\" \/>\n<meta property=\"og:site_name\" content=\"Arza&#039;s Archery\" \/>\n<meta property=\"article:modified_time\" content=\"2025-08-29T10:48:41+00:00\" \/>\n<meta property=\"og:image\" content=\"https:\/\/arzasarchery.com\/wp-content\/uploads\/VISORES-APEX-GEAR-COVERT-PRO-MICRO-I-PIN-1.jpg\" \/>\n\t<meta property=\"og:image:width\" content=\"1024\" \/>\n\t<meta property=\"og:image:height\" content=\"682\" \/>\n\t<meta property=\"og:image:type\" content=\"image\/jpeg\" \/>\n<meta name=\"twitter:card\" content=\"summary_large_image\" \/>\n<meta name=\"twitter:label1\" content=\"Est. reading time\" \/>\n\t<meta name=\"twitter:data1\" content=\"2 minutes\" \/>\n<script type=\"application\/ld+json\" class=\"yoast-schema-graph\">{\"@context\":\"https:\/\/schema.org\",\"@graph\":[{\"@type\":\"WebPage\",\"@id\":\"https:\/\/arzasarchery.com\/producto\/visores-caza-y-3d-apex-gear-covert-1\/\",\"url\":\"https:\/\/arzasarchery.com\/producto\/visores-caza-y-3d-apex-gear-covert-1\/\",\"name\":\"Visor Caza-3D APEX GEAR Covert PRO Micro - Arza&#039;s Archery\",\"isPartOf\":{\"@id\":\"https:\/\/arzasarchery.com\/#website\"},\"primaryImageOfPage\":{\"@id\":\"https:\/\/arzasarchery.com\/producto\/visores-caza-y-3d-apex-gear-covert-1\/#primaryimage\"},\"image\":{\"@id\":\"https:\/\/arzasarchery.com\/producto\/visores-caza-y-3d-apex-gear-covert-1\/#primaryimage\"},\"thumbnailUrl\":\"https:\/\/arzasarchery.com\/wp-content\/uploads\/VISORES-APEX-GEAR-COVERT-PRO-MICRO-I-PIN-1.jpg\",\"datePublished\":\"2021-03-01T16:50:03+00:00\",\"dateModified\":\"2025-08-29T10:48:41+00:00\",\"breadcrumb\":{\"@id\":\"https:\/\/arzasarchery.com\/producto\/visores-caza-y-3d-apex-gear-covert-1\/#breadcrumb\"},\"inLanguage\":\"en-US\",\"potentialAction\":[{\"@type\":\"ReadAction\",\"target\":[\"https:\/\/arzasarchery.com\/producto\/visores-caza-y-3d-apex-gear-covert-1\/\"]}]},{\"@type\":\"ImageObject\",\"inLanguage\":\"en-US\",\"@id\":\"https:\/\/arzasarchery.com\/producto\/visores-caza-y-3d-apex-gear-covert-1\/#primaryimage\",\"url\":\"https:\/\/arzasarchery.com\/wp-content\/uploads\/VISORES-APEX-GEAR-COVERT-PRO-MICRO-I-PIN-1.jpg\",\"contentUrl\":\"https:\/\/arzasarchery.com\/wp-content\/uploads\/VISORES-APEX-GEAR-COVERT-PRO-MICRO-I-PIN-1.jpg\",\"width\":1024,\"height\":682},{\"@type\":\"BreadcrumbList\",\"@id\":\"https:\/\/arzasarchery.com\/producto\/visores-caza-y-3d-apex-gear-covert-1\/#breadcrumb\",\"itemListElement\":[{\"@type\":\"ListItem\",\"position\":1,\"name\":\"Portada\",\"item\":\"https:\/\/arzasarchery.com\/\"},{\"@type\":\"ListItem\",\"position\":2,\"name\":\"Tienda Todos\",\"item\":\"https:\/\/arzasarchery.com\/en\/tienda-2\/\"},{\"@type\":\"ListItem\",\"position\":3,\"name\":\"Visor Caza-3D APEX GEAR Covert PRO Micro\"}]},{\"@type\":\"WebSite\",\"@id\":\"https:\/\/arzasarchery.com\/#website\",\"url\":\"https:\/\/arzasarchery.com\/\",\"name\":\"Arza&#039;s Archery\",\"description\":\"Arzas Archery\",\"potentialAction\":[{\"@type\":\"SearchAction\",\"target\":{\"@type\":\"EntryPoint\",\"urlTemplate\":\"https:\/\/arzasarchery.com\/?s={search_term_string}\"},\"query-input\":{\"@type\":\"PropertyValueSpecification\",\"valueRequired\":true,\"valueName\":\"search_term_string\"}}],\"inLanguage\":\"en-US\"}]}<\/script>\n<!-- \/ Yoast SEO plugin. -->","yoast_head_json":{"title":"Visor Caza-3D APEX GEAR Covert PRO Micro - Arza&#039;s Archery","robots":{"index":"index","follow":"follow","max-snippet":"max-snippet:-1","max-image-preview":"max-image-preview:large","max-video-preview":"max-video-preview:-1"},"canonical":"https:\/\/arzasarchery.com\/producto\/visores-caza-y-3d-apex-gear-covert-1\/","og_locale":"en_US","og_type":"article","og_title":"Visor Caza-3D APEX GEAR Covert PRO Micro - Arza&#039;s Archery","og_url":"https:\/\/arzasarchery.com\/producto\/visores-caza-y-3d-apex-gear-covert-1\/","og_site_name":"Arza&#039;s Archery","article_modified_time":"2025-08-29T10:48:41+00:00","og_image":[{"width":1024,"height":682,"url":"https:\/\/arzasarchery.com\/wp-content\/uploads\/VISORES-APEX-GEAR-COVERT-PRO-MICRO-I-PIN-1.jpg","type":"image\/jpeg"}],"twitter_card":"summary_large_image","twitter_misc":{"Est. reading time":"2 minutes"},"schema":{"@context":"https:\/\/schema.org","@graph":[{"@type":"WebPage","@id":"https:\/\/arzasarchery.com\/producto\/visores-caza-y-3d-apex-gear-covert-1\/","url":"https:\/\/arzasarchery.com\/producto\/visores-caza-y-3d-apex-gear-covert-1\/","name":"Visor Caza-3D APEX GEAR Covert PRO Micro - Arza&#039;s Archery","isPartOf":{"@id":"https:\/\/arzasarchery.com\/#website"},"primaryImageOfPage":{"@id":"https:\/\/arzasarchery.com\/producto\/visores-caza-y-3d-apex-gear-covert-1\/#primaryimage"},"image":{"@id":"https:\/\/arzasarchery.com\/producto\/visores-caza-y-3d-apex-gear-covert-1\/#primaryimage"},"thumbnailUrl":"https:\/\/arzasarchery.com\/wp-content\/uploads\/VISORES-APEX-GEAR-COVERT-PRO-MICRO-I-PIN-1.jpg","datePublished":"2021-03-01T16:50:03+00:00","dateModified":"2025-08-29T10:48:41+00:00","breadcrumb":{"@id":"https:\/\/arzasarchery.com\/producto\/visores-caza-y-3d-apex-gear-covert-1\/#breadcrumb"},"inLanguage":"en-US","potentialAction":[{"@type":"ReadAction","target":["https:\/\/arzasarchery.com\/producto\/visores-caza-y-3d-apex-gear-covert-1\/"]}]},{"@type":"ImageObject","inLanguage":"en-US","@id":"https:\/\/arzasarchery.com\/producto\/visores-caza-y-3d-apex-gear-covert-1\/#primaryimage","url":"https:\/\/arzasarchery.com\/wp-content\/uploads\/VISORES-APEX-GEAR-COVERT-PRO-MICRO-I-PIN-1.jpg","contentUrl":"https:\/\/arzasarchery.com\/wp-content\/uploads\/VISORES-APEX-GEAR-COVERT-PRO-MICRO-I-PIN-1.jpg","width":1024,"height":682},{"@type":"BreadcrumbList","@id":"https:\/\/arzasarchery.com\/producto\/visores-caza-y-3d-apex-gear-covert-1\/#breadcrumb","itemListElement":[{"@type":"ListItem","position":1,"name":"Portada","item":"https:\/\/arzasarchery.com\/"},{"@type":"ListItem","position":2,"name":"Tienda Todos","item":"https:\/\/arzasarchery.com\/en\/tienda-2\/"},{"@type":"ListItem","position":3,"name":"Visor Caza-3D APEX GEAR Covert PRO Micro"}]},{"@type":"WebSite","@id":"https:\/\/arzasarchery.com\/#website","url":"https:\/\/arzasarchery.com\/","name":"Arza&#039;s Archery","description":"Arzas Archery","potentialAction":[{"@type":"SearchAction","target":{"@type":"EntryPoint","urlTemplate":"https:\/\/arzasarchery.com\/?s={search_term_string}"},"query-input":{"@type":"PropertyValueSpecification","valueRequired":true,"valueName":"search_term_string"}}],"inLanguage":"en-US"}]}},"_links":{"self":[{"href":"https:\/\/arzasarchery.com\/en\/wp-json\/wp\/v2\/product\/5099","targetHints":{"allow":["GET"]}}],"collection":[{"href":"https:\/\/arzasarchery.com\/en\/wp-json\/wp\/v2\/product"}],"about":[{"href":"https:\/\/arzasarchery.com\/en\/wp-json\/wp\/v2\/types\/product"}],"wp:featuredmedia":[{"embeddable":true,"href":"https:\/\/arzasarchery.com\/en\/wp-json\/wp\/v2\/media\/9989"}],"wp:attachment":[{"href":"https:\/\/arzasarchery.com\/en\/wp-json\/wp\/v2\/media?parent=5099"}],"wp:term":[{"taxonomy":"product_brand","embeddable":true,"href":"https:\/\/arzasarchery.com\/en\/wp-json\/wp\/v2\/product_brand?post=5099"},{"taxonomy":"product_cat","embeddable":true,"href":"https:\/\/arzasarchery.com\/en\/wp-json\/wp\/v2\/product_cat?post=5099"},{"taxonomy":"product_tag","embeddable":true,"href":"https:\/\/arzasarchery.com\/en\/wp-json\/wp\/v2\/product_tag?post=5099"}],"curies":[{"name":"wp","href":"https:\/\/api.w.org\/{rel}","templated":true}]}}