{"id":2089,"date":"2020-04-09T10:32:13","date_gmt":"2020-04-09T08:32:13","guid":{"rendered":"https:\/\/arzasarchery.com\/?post_type=product&#038;p=2089"},"modified":"2025-03-12T17:47:57","modified_gmt":"2025-03-12T15:47:57","slug":"visor-recurvo-olimpico-axcel-achive","status":"publish","type":"product","link":"https:\/\/arzasarchery.com\/en\/producte\/visor-recurvo-olimpico-axcel-achive\/","title":{"rendered":"Visor AXCEL Achive XP PRO UHM DIAMOND Recurvo Olimpico"},"content":{"rendered":"<p class=\"font-product-title\"><strong>RECURVE SIGHTS ACHIEVE XP PRO UHM DIAMOND WEAVE CARBON BAR \/ EXT 9&#8243;\u00a0<\/strong><\/p>\n<p>\u00a1Axcel presenta el Achieve XP Pro!<br \/>\nDual Bridge Bow Mount Bracket: Mecanizado mediante CNC para reducir el peso y conseguir una montura a\u00fan m\u00e1s resistente gracias a la tecnolog\u00eda Dual Bridge y al Wedge Lock. Ya no tendr\u00e1 que preocuparse por la solidez de la conexi\u00f3n con su arco cada vez que se disponga a disparar.<br \/>\nBarra de carbono Diamond Weave UHM: Axel redise\u00f1\u00f3 el patr\u00f3n de tejido de su barra de carbono de m\u00f3dulo ultra alto para reducir la torsi\u00f3n en un 50% para menos golpes y a\u00fan menos vibraciones.<br \/>\nPrimer Eje Micro-Ajustable: Simplemente afloje los tornillos de bloqueo y gire el tornillo de ajuste hacia adentro para girar el primer eje en una direcci\u00f3n y hacia afuera para girar en la otra direcci\u00f3n.<br \/>\nLos sistemas Gib Travel de Elevaci\u00f3n y Orientaci\u00f3n cuentan con Piezas M\u00f3viles Internas que aplastan las vibraciones y protegen las superficies de las gu\u00edas de abolladuras o ara\u00f1azos.<br \/>\nEl Achieve XP Pro incorpora un bloque de visor de 2\u00ba\/3er eje m\u00e1s compacto para una reducci\u00f3n significativa del peso. Es la primera vez que Axcel toca esta parte de la mira desde que se introdujo la Achieve original, \u00a1y este cambio por s\u00ed solo reduce 1 onza de peso!<br \/>\nEl nuevo Sleeve Lock, con un sistema de bloque extra\u00edble m\u00e1s preciso, facilita enormemente la inserci\u00f3n y extracci\u00f3n de las aberturas con una precisi\u00f3n y repetibilidad inigualables.<\/p>\n<p>&nbsp;<\/p>\n<h1 class=\"font-product-title\"><\/h1>\n<h1 class=\"font-product-title\"><\/h1>\n","protected":false},"excerpt":{"rendered":"<p><img fetchpriority=\"high\" decoding=\"async\" class=\"alignnone size-full wp-image-1108\" src=\"https:\/\/arzasarchery.com\/wp-content\/uploads\/2020\/03\/logo-axcel1.jpg\" alt=\"\" width=\"225\" height=\"225\" srcset=\"https:\/\/arzasarchery.com\/wp-content\/uploads\/2020\/03\/logo-axcel1.jpg 225w, https:\/\/arzasarchery.com\/wp-content\/uploads\/2020\/03\/logo-axcel1-100x100.jpg 100w, https:\/\/arzasarchery.com\/wp-content\/uploads\/2020\/03\/logo-axcel1-150x150.jpg 150w\" sizes=\"(max-width: 225px) 100vw, 225px\" \/><\/p>\n<p><strong>ESPECIFICACIONES : Anotar color y mano que desees .<\/strong><\/p>\n","protected":false},"featured_media":8927,"template":"","meta":[],"product_brand":[],"product_cat":[125,590],"product_tag":[],"class_list":{"0":"post-2089","1":"product","2":"type-product","3":"status-publish","4":"has-post-thumbnail","6":"product_cat-visores","7":"product_cat-visores-recurvo-olimpico","8":"pa_color-black","9":"pa_color-azul","10":"pa_color-gold","11":"pa_color-verde","12":"pa_color-naranja","13":"pa_color-purple","14":"pa_color-red","15":"pa_color-silver","16":"pa_mano-lh","17":"pa_mano-rh","19":"first","20":"instock","21":"taxable","22":"shipping-taxable","23":"purchasable","24":"product-type-simple"},"yoast_head":"<!-- This site is optimized with the Yoast SEO plugin v25.6 - https:\/\/yoast.com\/wordpress\/plugins\/seo\/ -->\n<title>Visor AXCEL Achive XP PRO UHM DIAMOND Recurvo Olimpico - Arza&#039;s Archery<\/title>\n<meta name=\"robots\" content=\"index, follow, max-snippet:-1, max-image-preview:large, max-video-preview:-1\" \/>\n<link rel=\"canonical\" href=\"https:\/\/arzasarchery.com\/producto\/visor-recurvo-olimpico-axcel-achive\/\" \/>\n<meta property=\"og:locale\" content=\"en_US\" \/>\n<meta property=\"og:type\" content=\"article\" \/>\n<meta property=\"og:title\" content=\"Visor AXCEL Achive XP PRO UHM DIAMOND Recurvo Olimpico - Arza&#039;s Archery\" \/>\n<meta property=\"og:description\" content=\"ESPECIFICACIONES : Anotar color y mano que desees .\" \/>\n<meta property=\"og:url\" content=\"https:\/\/arzasarchery.com\/producto\/visor-recurvo-olimpico-axcel-achive\/\" \/>\n<meta property=\"og:site_name\" content=\"Arza&#039;s Archery\" \/>\n<meta property=\"article:modified_time\" content=\"2025-03-12T15:47:57+00:00\" \/>\n<meta property=\"og:image\" content=\"https:\/\/arzasarchery.com\/wp-content\/uploads\/VISOR-AXCEL-ACHIVE-XP-UHM-PRO.jpg\" \/>\n\t<meta property=\"og:image:width\" content=\"1084\" \/>\n\t<meta property=\"og:image:height\" content=\"1114\" \/>\n\t<meta property=\"og:image:type\" content=\"image\/jpeg\" \/>\n<meta name=\"twitter:card\" content=\"summary_large_image\" \/>\n<meta name=\"twitter:label1\" content=\"Est. reading time\" \/>\n\t<meta name=\"twitter:data1\" content=\"2 minutes\" \/>\n<script type=\"application\/ld+json\" class=\"yoast-schema-graph\">{\"@context\":\"https:\/\/schema.org\",\"@graph\":[{\"@type\":\"WebPage\",\"@id\":\"https:\/\/arzasarchery.com\/producto\/visor-recurvo-olimpico-axcel-achive\/\",\"url\":\"https:\/\/arzasarchery.com\/producto\/visor-recurvo-olimpico-axcel-achive\/\",\"name\":\"Visor AXCEL Achive XP PRO UHM DIAMOND Recurvo Olimpico - Arza&#039;s Archery\",\"isPartOf\":{\"@id\":\"https:\/\/arzasarchery.com\/#website\"},\"primaryImageOfPage\":{\"@id\":\"https:\/\/arzasarchery.com\/producto\/visor-recurvo-olimpico-axcel-achive\/#primaryimage\"},\"image\":{\"@id\":\"https:\/\/arzasarchery.com\/producto\/visor-recurvo-olimpico-axcel-achive\/#primaryimage\"},\"thumbnailUrl\":\"https:\/\/arzasarchery.com\/wp-content\/uploads\/VISOR-AXCEL-ACHIVE-XP-UHM-PRO.jpg\",\"datePublished\":\"2020-04-09T08:32:13+00:00\",\"dateModified\":\"2025-03-12T15:47:57+00:00\",\"breadcrumb\":{\"@id\":\"https:\/\/arzasarchery.com\/producto\/visor-recurvo-olimpico-axcel-achive\/#breadcrumb\"},\"inLanguage\":\"en-US\",\"potentialAction\":[{\"@type\":\"ReadAction\",\"target\":[\"https:\/\/arzasarchery.com\/producto\/visor-recurvo-olimpico-axcel-achive\/\"]}]},{\"@type\":\"ImageObject\",\"inLanguage\":\"en-US\",\"@id\":\"https:\/\/arzasarchery.com\/producto\/visor-recurvo-olimpico-axcel-achive\/#primaryimage\",\"url\":\"https:\/\/arzasarchery.com\/wp-content\/uploads\/VISOR-AXCEL-ACHIVE-XP-UHM-PRO.jpg\",\"contentUrl\":\"https:\/\/arzasarchery.com\/wp-content\/uploads\/VISOR-AXCEL-ACHIVE-XP-UHM-PRO.jpg\",\"width\":1084,\"height\":1114},{\"@type\":\"BreadcrumbList\",\"@id\":\"https:\/\/arzasarchery.com\/producto\/visor-recurvo-olimpico-axcel-achive\/#breadcrumb\",\"itemListElement\":[{\"@type\":\"ListItem\",\"position\":1,\"name\":\"Portada\",\"item\":\"https:\/\/arzasarchery.com\/\"},{\"@type\":\"ListItem\",\"position\":2,\"name\":\"Tienda Todos\",\"item\":\"https:\/\/arzasarchery.com\/en\/tienda-2\/\"},{\"@type\":\"ListItem\",\"position\":3,\"name\":\"Visor AXCEL Achive XP PRO UHM DIAMOND Recurvo Olimpico\"}]},{\"@type\":\"WebSite\",\"@id\":\"https:\/\/arzasarchery.com\/#website\",\"url\":\"https:\/\/arzasarchery.com\/\",\"name\":\"Arza&#039;s Archery\",\"description\":\"Arzas Archery\",\"potentialAction\":[{\"@type\":\"SearchAction\",\"target\":{\"@type\":\"EntryPoint\",\"urlTemplate\":\"https:\/\/arzasarchery.com\/?s={search_term_string}\"},\"query-input\":{\"@type\":\"PropertyValueSpecification\",\"valueRequired\":true,\"valueName\":\"search_term_string\"}}],\"inLanguage\":\"en-US\"}]}<\/script>\n<!-- \/ Yoast SEO plugin. -->","yoast_head_json":{"title":"Visor AXCEL Achive XP PRO UHM DIAMOND Recurvo Olimpico - Arza&#039;s Archery","robots":{"index":"index","follow":"follow","max-snippet":"max-snippet:-1","max-image-preview":"max-image-preview:large","max-video-preview":"max-video-preview:-1"},"canonical":"https:\/\/arzasarchery.com\/producto\/visor-recurvo-olimpico-axcel-achive\/","og_locale":"en_US","og_type":"article","og_title":"Visor AXCEL Achive XP PRO UHM DIAMOND Recurvo Olimpico - Arza&#039;s Archery","og_description":"ESPECIFICACIONES : Anotar color y mano que desees .","og_url":"https:\/\/arzasarchery.com\/producto\/visor-recurvo-olimpico-axcel-achive\/","og_site_name":"Arza&#039;s Archery","article_modified_time":"2025-03-12T15:47:57+00:00","og_image":[{"width":1084,"height":1114,"url":"https:\/\/arzasarchery.com\/wp-content\/uploads\/VISOR-AXCEL-ACHIVE-XP-UHM-PRO.jpg","type":"image\/jpeg"}],"twitter_card":"summary_large_image","twitter_misc":{"Est. reading time":"2 minutes"},"schema":{"@context":"https:\/\/schema.org","@graph":[{"@type":"WebPage","@id":"https:\/\/arzasarchery.com\/producto\/visor-recurvo-olimpico-axcel-achive\/","url":"https:\/\/arzasarchery.com\/producto\/visor-recurvo-olimpico-axcel-achive\/","name":"Visor AXCEL Achive XP PRO UHM DIAMOND Recurvo Olimpico - Arza&#039;s Archery","isPartOf":{"@id":"https:\/\/arzasarchery.com\/#website"},"primaryImageOfPage":{"@id":"https:\/\/arzasarchery.com\/producto\/visor-recurvo-olimpico-axcel-achive\/#primaryimage"},"image":{"@id":"https:\/\/arzasarchery.com\/producto\/visor-recurvo-olimpico-axcel-achive\/#primaryimage"},"thumbnailUrl":"https:\/\/arzasarchery.com\/wp-content\/uploads\/VISOR-AXCEL-ACHIVE-XP-UHM-PRO.jpg","datePublished":"2020-04-09T08:32:13+00:00","dateModified":"2025-03-12T15:47:57+00:00","breadcrumb":{"@id":"https:\/\/arzasarchery.com\/producto\/visor-recurvo-olimpico-axcel-achive\/#breadcrumb"},"inLanguage":"en-US","potentialAction":[{"@type":"ReadAction","target":["https:\/\/arzasarchery.com\/producto\/visor-recurvo-olimpico-axcel-achive\/"]}]},{"@type":"ImageObject","inLanguage":"en-US","@id":"https:\/\/arzasarchery.com\/producto\/visor-recurvo-olimpico-axcel-achive\/#primaryimage","url":"https:\/\/arzasarchery.com\/wp-content\/uploads\/VISOR-AXCEL-ACHIVE-XP-UHM-PRO.jpg","contentUrl":"https:\/\/arzasarchery.com\/wp-content\/uploads\/VISOR-AXCEL-ACHIVE-XP-UHM-PRO.jpg","width":1084,"height":1114},{"@type":"BreadcrumbList","@id":"https:\/\/arzasarchery.com\/producto\/visor-recurvo-olimpico-axcel-achive\/#breadcrumb","itemListElement":[{"@type":"ListItem","position":1,"name":"Portada","item":"https:\/\/arzasarchery.com\/"},{"@type":"ListItem","position":2,"name":"Tienda Todos","item":"https:\/\/arzasarchery.com\/en\/tienda-2\/"},{"@type":"ListItem","position":3,"name":"Visor AXCEL Achive XP PRO UHM DIAMOND Recurvo Olimpico"}]},{"@type":"WebSite","@id":"https:\/\/arzasarchery.com\/#website","url":"https:\/\/arzasarchery.com\/","name":"Arza&#039;s Archery","description":"Arzas Archery","potentialAction":[{"@type":"SearchAction","target":{"@type":"EntryPoint","urlTemplate":"https:\/\/arzasarchery.com\/?s={search_term_string}"},"query-input":{"@type":"PropertyValueSpecification","valueRequired":true,"valueName":"search_term_string"}}],"inLanguage":"en-US"}]}},"_links":{"self":[{"href":"https:\/\/arzasarchery.com\/en\/wp-json\/wp\/v2\/product\/2089","targetHints":{"allow":["GET"]}}],"collection":[{"href":"https:\/\/arzasarchery.com\/en\/wp-json\/wp\/v2\/product"}],"about":[{"href":"https:\/\/arzasarchery.com\/en\/wp-json\/wp\/v2\/types\/product"}],"wp:featuredmedia":[{"embeddable":true,"href":"https:\/\/arzasarchery.com\/en\/wp-json\/wp\/v2\/media\/8927"}],"wp:attachment":[{"href":"https:\/\/arzasarchery.com\/en\/wp-json\/wp\/v2\/media?parent=2089"}],"wp:term":[{"taxonomy":"product_brand","embeddable":true,"href":"https:\/\/arzasarchery.com\/en\/wp-json\/wp\/v2\/product_brand?post=2089"},{"taxonomy":"product_cat","embeddable":true,"href":"https:\/\/arzasarchery.com\/en\/wp-json\/wp\/v2\/product_cat?post=2089"},{"taxonomy":"product_tag","embeddable":true,"href":"https:\/\/arzasarchery.com\/en\/wp-json\/wp\/v2\/product_tag?post=2089"}],"curies":[{"name":"wp","href":"https:\/\/api.w.org\/{rel}","templated":true}]}}