{"id":1598,"date":"2020-04-03T19:40:13","date_gmt":"2020-04-03T17:40:13","guid":{"rendered":"https:\/\/arzasarchery.com\/?post_type=product&#038;p=1598"},"modified":"2025-02-02T18:48:20","modified_gmt":"2025-02-02T16:48:20","slug":"cuerpo-olimpico-mk-z-25","status":"publish","type":"product","link":"https:\/\/arzasarchery.com\/en\/producte\/cuerpo-olimpico-mk-z-25\/","title":{"rendered":"Cuerpo Ol\u00edmpico MK ARCHERY XG"},"content":{"rendered":"<p class=\"font-product-title\"><strong>RISERS MK XG<\/strong><\/p>\n<p>El MK XG nuevo para 2024, este cuerpo es creado por la avanzada tecnolog\u00eda de fabricaci\u00f3n de MK Archery.<br \/>\nLongitud: 25\u00bb<br \/>\nPeso: 1260g<br \/>\nMaterial: Aluminio 7075<br \/>\nProcesamiento MCT: Muestra una excelente precisi\u00f3n mediante la utilizaci\u00f3n de la tecnolog\u00eda de procesamiento Machining Center Tool (MCT), que es la tecnolog\u00eda de fabricaci\u00f3n principal de MK Archery Riser. El modelado dise\u00f1ado se reproduce perfectamente sin errores para implementar el rendimiento exacto que MK quer\u00eda conseguir al dise\u00f1ar el cuerpo.<br \/>\nNuevo tipo de sistema de alineaci\u00f3n central: El sistema de alineaci\u00f3n central del cuerpo introduce un nuevo m\u00e9todo diferente de otros productos existentes de MK para permitir ajustes m\u00e1s finos, m\u00e1s precisos y m\u00e1s convenientes que los productos existentes. En particular, a trav\u00e9s del nuevo sistema introducido, el bloque de alineaci\u00f3n horizontal, se puede alinear a la horizontalidad de las extremidades, lo que permite un ajuste mucho m\u00e1s preciso de las palas.<br \/>\nEl sistema de identificaci\u00f3n del centro est\u00e1 dise\u00f1ado para facilitar a todos los usuarios la comprobaci\u00f3n y alineaci\u00f3n del centro del arco. Esto permite a los principiantes ajustar con precisi\u00f3n y aumenta la exactitud del ajuste. Adem\u00e1s, la posici\u00f3n del sistema de alineaci\u00f3n del centro es f\u00e1cilmente identificable, maximizando la comodidad a la hora de ajustar un arco.<br \/>\nLa parte superior e inferior del cuerpo proporcionan una instalaci\u00f3n de peso adicional. Esto permite al usuario ajustar el peso seg\u00fan sus condiciones f\u00edsicas y estilo de tiro, ayudando a equilibrar el arco.<\/p>\n","protected":false},"excerpt":{"rendered":"<p><img decoding=\"async\" class=\"alignnone size-medium wp-image-1579\" src=\"https:\/\/arzasarchery.com\/wp-content\/uploads\/logo-MK-ARCHERY-300x158.jpg\" alt=\"\" width=\"300\" height=\"158\" srcset=\"https:\/\/arzasarchery.com\/wp-content\/uploads\/logo-MK-ARCHERY-300x158.jpg 300w, https:\/\/arzasarchery.com\/wp-content\/uploads\/logo-MK-ARCHERY.jpg 310w\" sizes=\"(max-width: 300px) 100vw, 300px\" \/><\/p>\n<p><strong>ESPECIFICACIONES : Anotar color\u00a0 y mano del cuerpo que desees .<\/strong><\/p>\n","protected":false},"featured_media":8577,"template":"","meta":[],"product_brand":[],"product_cat":[42,48,813],"product_tag":[],"class_list":{"0":"post-1598","1":"product","2":"type-product","3":"status-publish","4":"has-post-thumbnail","6":"product_cat-arcos","7":"product_cat-olimpico","8":"product_cat-cuerpo-recurvo-olimpico-mk","9":"pa_color-black","10":"pa_color-azul","11":"pa_color-gold","12":"pa_color-verde","13":"pa_color-grey","14":"pa_color-pink","15":"pa_color-purple","16":"pa_color-red","17":"pa_color-silver","18":"pa_color-white","19":"pa_mano-lh","20":"pa_mano-rh","22":"first","23":"instock","24":"taxable","25":"shipping-taxable","26":"purchasable","27":"product-type-simple"},"yoast_head":"<!-- This site is optimized with the Yoast SEO plugin v25.6 - https:\/\/yoast.com\/wordpress\/plugins\/seo\/ -->\n<title>Cuerpo Ol\u00edmpico MK ARCHERY XG - Arza&#039;s Archery<\/title>\n<meta name=\"robots\" content=\"index, follow, max-snippet:-1, max-image-preview:large, max-video-preview:-1\" \/>\n<link rel=\"canonical\" href=\"https:\/\/arzasarchery.com\/producto\/cuerpo-olimpico-mk-z-25\/\" \/>\n<meta property=\"og:locale\" content=\"en_US\" \/>\n<meta property=\"og:type\" content=\"article\" \/>\n<meta property=\"og:title\" content=\"Cuerpo Ol\u00edmpico MK ARCHERY XG - Arza&#039;s Archery\" \/>\n<meta property=\"og:description\" content=\"ESPECIFICACIONES : Anotar color\u00a0 y mano del cuerpo que desees .\" \/>\n<meta property=\"og:url\" content=\"https:\/\/arzasarchery.com\/producto\/cuerpo-olimpico-mk-z-25\/\" \/>\n<meta property=\"og:site_name\" content=\"Arza&#039;s Archery\" \/>\n<meta property=\"article:modified_time\" content=\"2025-02-02T16:48:20+00:00\" \/>\n<meta property=\"og:image\" content=\"https:\/\/arzasarchery.com\/wp-content\/uploads\/cuerpo-MK-XG1.jpg\" \/>\n\t<meta property=\"og:image:width\" content=\"1004\" \/>\n\t<meta property=\"og:image:height\" content=\"1024\" \/>\n\t<meta property=\"og:image:type\" content=\"image\/jpeg\" \/>\n<meta name=\"twitter:card\" content=\"summary_large_image\" \/>\n<meta name=\"twitter:label1\" content=\"Est. reading time\" \/>\n\t<meta name=\"twitter:data1\" content=\"2 minutes\" \/>\n<script type=\"application\/ld+json\" class=\"yoast-schema-graph\">{\"@context\":\"https:\/\/schema.org\",\"@graph\":[{\"@type\":\"WebPage\",\"@id\":\"https:\/\/arzasarchery.com\/producto\/cuerpo-olimpico-mk-z-25\/\",\"url\":\"https:\/\/arzasarchery.com\/producto\/cuerpo-olimpico-mk-z-25\/\",\"name\":\"Cuerpo Ol\u00edmpico MK ARCHERY XG - Arza&#039;s Archery\",\"isPartOf\":{\"@id\":\"https:\/\/arzasarchery.com\/#website\"},\"primaryImageOfPage\":{\"@id\":\"https:\/\/arzasarchery.com\/producto\/cuerpo-olimpico-mk-z-25\/#primaryimage\"},\"image\":{\"@id\":\"https:\/\/arzasarchery.com\/producto\/cuerpo-olimpico-mk-z-25\/#primaryimage\"},\"thumbnailUrl\":\"https:\/\/arzasarchery.com\/wp-content\/uploads\/cuerpo-MK-XG1.jpg\",\"datePublished\":\"2020-04-03T17:40:13+00:00\",\"dateModified\":\"2025-02-02T16:48:20+00:00\",\"breadcrumb\":{\"@id\":\"https:\/\/arzasarchery.com\/producto\/cuerpo-olimpico-mk-z-25\/#breadcrumb\"},\"inLanguage\":\"en-US\",\"potentialAction\":[{\"@type\":\"ReadAction\",\"target\":[\"https:\/\/arzasarchery.com\/producto\/cuerpo-olimpico-mk-z-25\/\"]}]},{\"@type\":\"ImageObject\",\"inLanguage\":\"en-US\",\"@id\":\"https:\/\/arzasarchery.com\/producto\/cuerpo-olimpico-mk-z-25\/#primaryimage\",\"url\":\"https:\/\/arzasarchery.com\/wp-content\/uploads\/cuerpo-MK-XG1.jpg\",\"contentUrl\":\"https:\/\/arzasarchery.com\/wp-content\/uploads\/cuerpo-MK-XG1.jpg\",\"width\":1004,\"height\":1024},{\"@type\":\"BreadcrumbList\",\"@id\":\"https:\/\/arzasarchery.com\/producto\/cuerpo-olimpico-mk-z-25\/#breadcrumb\",\"itemListElement\":[{\"@type\":\"ListItem\",\"position\":1,\"name\":\"Portada\",\"item\":\"https:\/\/arzasarchery.com\/\"},{\"@type\":\"ListItem\",\"position\":2,\"name\":\"Tienda Todos\",\"item\":\"https:\/\/arzasarchery.com\/en\/tienda-2\/\"},{\"@type\":\"ListItem\",\"position\":3,\"name\":\"Cuerpo Ol\u00edmpico MK ARCHERY XG\"}]},{\"@type\":\"WebSite\",\"@id\":\"https:\/\/arzasarchery.com\/#website\",\"url\":\"https:\/\/arzasarchery.com\/\",\"name\":\"Arza&#039;s Archery\",\"description\":\"Arzas Archery\",\"potentialAction\":[{\"@type\":\"SearchAction\",\"target\":{\"@type\":\"EntryPoint\",\"urlTemplate\":\"https:\/\/arzasarchery.com\/?s={search_term_string}\"},\"query-input\":{\"@type\":\"PropertyValueSpecification\",\"valueRequired\":true,\"valueName\":\"search_term_string\"}}],\"inLanguage\":\"en-US\"}]}<\/script>\n<!-- \/ Yoast SEO plugin. -->","yoast_head_json":{"title":"Cuerpo Ol\u00edmpico MK ARCHERY XG - Arza&#039;s Archery","robots":{"index":"index","follow":"follow","max-snippet":"max-snippet:-1","max-image-preview":"max-image-preview:large","max-video-preview":"max-video-preview:-1"},"canonical":"https:\/\/arzasarchery.com\/producto\/cuerpo-olimpico-mk-z-25\/","og_locale":"en_US","og_type":"article","og_title":"Cuerpo Ol\u00edmpico MK ARCHERY XG - Arza&#039;s Archery","og_description":"ESPECIFICACIONES : Anotar color\u00a0 y mano del cuerpo que desees .","og_url":"https:\/\/arzasarchery.com\/producto\/cuerpo-olimpico-mk-z-25\/","og_site_name":"Arza&#039;s Archery","article_modified_time":"2025-02-02T16:48:20+00:00","og_image":[{"width":1004,"height":1024,"url":"https:\/\/arzasarchery.com\/wp-content\/uploads\/cuerpo-MK-XG1.jpg","type":"image\/jpeg"}],"twitter_card":"summary_large_image","twitter_misc":{"Est. reading time":"2 minutes"},"schema":{"@context":"https:\/\/schema.org","@graph":[{"@type":"WebPage","@id":"https:\/\/arzasarchery.com\/producto\/cuerpo-olimpico-mk-z-25\/","url":"https:\/\/arzasarchery.com\/producto\/cuerpo-olimpico-mk-z-25\/","name":"Cuerpo Ol\u00edmpico MK ARCHERY XG - Arza&#039;s Archery","isPartOf":{"@id":"https:\/\/arzasarchery.com\/#website"},"primaryImageOfPage":{"@id":"https:\/\/arzasarchery.com\/producto\/cuerpo-olimpico-mk-z-25\/#primaryimage"},"image":{"@id":"https:\/\/arzasarchery.com\/producto\/cuerpo-olimpico-mk-z-25\/#primaryimage"},"thumbnailUrl":"https:\/\/arzasarchery.com\/wp-content\/uploads\/cuerpo-MK-XG1.jpg","datePublished":"2020-04-03T17:40:13+00:00","dateModified":"2025-02-02T16:48:20+00:00","breadcrumb":{"@id":"https:\/\/arzasarchery.com\/producto\/cuerpo-olimpico-mk-z-25\/#breadcrumb"},"inLanguage":"en-US","potentialAction":[{"@type":"ReadAction","target":["https:\/\/arzasarchery.com\/producto\/cuerpo-olimpico-mk-z-25\/"]}]},{"@type":"ImageObject","inLanguage":"en-US","@id":"https:\/\/arzasarchery.com\/producto\/cuerpo-olimpico-mk-z-25\/#primaryimage","url":"https:\/\/arzasarchery.com\/wp-content\/uploads\/cuerpo-MK-XG1.jpg","contentUrl":"https:\/\/arzasarchery.com\/wp-content\/uploads\/cuerpo-MK-XG1.jpg","width":1004,"height":1024},{"@type":"BreadcrumbList","@id":"https:\/\/arzasarchery.com\/producto\/cuerpo-olimpico-mk-z-25\/#breadcrumb","itemListElement":[{"@type":"ListItem","position":1,"name":"Portada","item":"https:\/\/arzasarchery.com\/"},{"@type":"ListItem","position":2,"name":"Tienda Todos","item":"https:\/\/arzasarchery.com\/en\/tienda-2\/"},{"@type":"ListItem","position":3,"name":"Cuerpo Ol\u00edmpico MK ARCHERY XG"}]},{"@type":"WebSite","@id":"https:\/\/arzasarchery.com\/#website","url":"https:\/\/arzasarchery.com\/","name":"Arza&#039;s Archery","description":"Arzas Archery","potentialAction":[{"@type":"SearchAction","target":{"@type":"EntryPoint","urlTemplate":"https:\/\/arzasarchery.com\/?s={search_term_string}"},"query-input":{"@type":"PropertyValueSpecification","valueRequired":true,"valueName":"search_term_string"}}],"inLanguage":"en-US"}]}},"_links":{"self":[{"href":"https:\/\/arzasarchery.com\/en\/wp-json\/wp\/v2\/product\/1598","targetHints":{"allow":["GET"]}}],"collection":[{"href":"https:\/\/arzasarchery.com\/en\/wp-json\/wp\/v2\/product"}],"about":[{"href":"https:\/\/arzasarchery.com\/en\/wp-json\/wp\/v2\/types\/product"}],"wp:featuredmedia":[{"embeddable":true,"href":"https:\/\/arzasarchery.com\/en\/wp-json\/wp\/v2\/media\/8577"}],"wp:attachment":[{"href":"https:\/\/arzasarchery.com\/en\/wp-json\/wp\/v2\/media?parent=1598"}],"wp:term":[{"taxonomy":"product_brand","embeddable":true,"href":"https:\/\/arzasarchery.com\/en\/wp-json\/wp\/v2\/product_brand?post=1598"},{"taxonomy":"product_cat","embeddable":true,"href":"https:\/\/arzasarchery.com\/en\/wp-json\/wp\/v2\/product_cat?post=1598"},{"taxonomy":"product_tag","embeddable":true,"href":"https:\/\/arzasarchery.com\/en\/wp-json\/wp\/v2\/product_tag?post=1598"}],"curies":[{"name":"wp","href":"https:\/\/api.w.org\/{rel}","templated":true}]}}