{"id":10403,"date":"2026-03-09T13:30:58","date_gmt":"2026-03-09T11:30:58","guid":{"rendered":"https:\/\/arzasarchery.com\/?post_type=product&#038;p=10403"},"modified":"2026-03-09T17:27:28","modified_gmt":"2026-03-09T15:27:28","slug":"cuerpo-olimpico-kinetic-elezo-27-articulo-en-promocion","status":"publish","type":"product","link":"https:\/\/arzasarchery.com\/en\/producte\/cuerpo-olimpico-kinetic-elezo-27-articulo-en-promocion\/","title":{"rendered":"Cuerpo Ol\u00edmpico KINETIC ELEZO. 27&#8243; Articulo en promoci\u00f3n"},"content":{"rendered":"<p class=\"font-product-title\"><strong>RISERS CNC ELEZO 27&#8243;\u00a0 DUAL COLOR INCLUDING BLACK WEIGHT<\/strong><\/p>\n<p>El cuerpo Kinetic Elezo Hybrid Barebow est\u00e1 dise\u00f1ado para arqueros que valoran la precisi\u00f3n, la versatilidad y el valor, sin compromiso. Ya sea que est\u00e9 entrenando para la competici\u00f3n o cambiando entre recurvo ol\u00edmpico y arco desnudo, el Elezo ofrece un rendimiento fiable en un dise\u00f1o refinado y equilibrado. Mecanizado por CNC a partir de aluminio 6061-T651, este cuerpo ofrece una mayor rigidez y control, asegurando una respuesta consistente y una flexi\u00f3n reducida bajo presi\u00f3n. Su geometr\u00eda est\u00e1 dise\u00f1ada espec\u00edficamente para el tiro con arco desnudo, aunque sigue siendo compatible con configuraciones de estilo ol\u00edmpico para una mayor versatilidad. El contrapeso integrado de 330 g mejora la estabilidad, y la empu\u00f1adura de madera incluida proporciona un ajuste natural y seguro a la mano. Con un acabado de alta gama y un precio competitivo, el Elezo le da m\u00e1s control, m\u00e1s equilibrio y m\u00e1s potencial, en cada disparo, en cada ronda.<\/p>\n<h3><strong>Key Features:<\/strong><\/h3>\n<ul>\n<li><strong>Rigid CNC 6061-T651 Aluminum:<\/strong> Mayor resistencia estructural y estabilidad torsional<\/li>\n<li><strong>Optimized Barebow Geometry:<\/strong> Dise\u00f1ado espec\u00edficamente para un peso equilibrado y una flexi\u00f3n reducida<\/li>\n<li><strong>Integrated Riser Weight:<\/strong> Incluye un peso integrado de 330 g para mejorar el rendimiento del arco desnudo<\/li>\n<li><strong>Precision Setup:<\/strong> Bloque pivotante con sistema de alineaci\u00f3n de palas de tolerancia cero<\/li>\n<\/ul>\n<h3><strong>Specifications:<\/strong><\/h3>\n<ul>\n<li><strong>Length:<\/strong>\u00a027\u201d<\/li>\n<li><strong>Weight:<\/strong>\u00a01395g (excluding riser weight)<\/li>\n<li><strong>Fitting:<\/strong>\u00a0ILF (International Limb Fitting)<\/li>\n<li><strong>Type:<\/strong>\u00a0Right-Hand (RH) and Left-Hand (LH) available<\/li>\n<li><strong>Materiaal:<\/strong>\u00a0CNC-machined 6061-T651 aluminum<\/li>\n<li><strong>Includes: <\/strong>Contrapeso integrado de 330 g y empu\u00f1adura de madera<\/li>\n<\/ul>\n","protected":false},"excerpt":{"rendered":"<p><img decoding=\"async\" class=\"alignnone size-full wp-image-608\" src=\"https:\/\/arzasarchery.com\/wp-content\/uploads\/2020\/02\/logo-Kinetic.png\" alt=\"\" width=\"237\" height=\"77\" \/><\/p>\n<p><strong>PARA CONSULTAR DISPONIBILIDAD DEL PRODUCTO\/PRECIO PULSA EL SIGUIENTE RECUADRO<\/strong><\/p>\n<p>[vc_row css_animation=&#8221;&#8221; row_type=&#8221;row&#8221; use_row_as_full_screen_section=&#8221;no&#8221; type=&#8221;full_width&#8221; angled_section=&#8221;no&#8221; text_align=&#8221;left&#8221; background_image_as_pattern=&#8221;without_pattern&#8221;][vc_column][button size=\"big_large_full_width\" target=\"_blank\" hover_type=\"default\" text_align=\"center\" text=\"Producto bajo pedido. P\u00eddelo aqu\u00ed\" link=\"\/formularios_poleas\" background_color=\"#6595bf\" hover_background_color=\"#27a31f\"][\/vc_column][\/vc_row]<\/p>\n<p>&nbsp;<\/p>\n<p>&nbsp;<\/p>\n<p>&nbsp;<\/p>\n","protected":false},"featured_media":10404,"template":"","meta":[],"product_brand":[],"product_cat":[42,48,812],"product_tag":[],"class_list":{"0":"post-10403","1":"product","2":"type-product","3":"status-publish","4":"has-post-thumbnail","6":"product_cat-arcos","7":"product_cat-olimpico","8":"product_cat-cuerpo-recurvo-olimpico-kinetic","9":"pa_color-black-blue-2","10":"pa_color-black-copper","11":"pa_color-black-green-2","12":"pa_color-black-orange","13":"pa_color-black-purple","14":"pa_color-black-red-2","15":"pa_color-black-turquoise","16":"pa_color-bronze-red","17":"pa_mano-lh","18":"pa_mano-rh","20":"first","21":"instock","22":"taxable","23":"shipping-taxable","24":"purchasable","25":"product-type-simple"},"yoast_head":"<!-- This site is optimized with the Yoast SEO plugin v25.6 - https:\/\/yoast.com\/wordpress\/plugins\/seo\/ -->\n<title>Cuerpo Ol\u00edmpico KINETIC ELEZO. 27&quot; Articulo en promoci\u00f3n - Arza&#039;s Archery<\/title>\n<meta name=\"robots\" content=\"index, follow, max-snippet:-1, max-image-preview:large, max-video-preview:-1\" \/>\n<link rel=\"canonical\" href=\"https:\/\/arzasarchery.com\/producto\/cuerpo-olimpico-kinetic-elezo-27-articulo-en-promocion\/\" \/>\n<meta property=\"og:locale\" content=\"en_US\" \/>\n<meta property=\"og:type\" content=\"article\" \/>\n<meta property=\"og:title\" content=\"Cuerpo Ol\u00edmpico KINETIC ELEZO. 27&quot; Articulo en promoci\u00f3n - Arza&#039;s Archery\" \/>\n<meta property=\"og:description\" content=\"PARA CONSULTAR DISPONIBILIDAD DEL PRODUCTO\/PRECIO PULSA EL SIGUIENTE RECUADRO  [vc_row css_animation=&quot;&quot; row_type=&quot;row&quot; use_row_as_full_screen_section=&quot;no&quot; type=&quot;full_width&quot; angled_section=&quot;no&quot; text_align=&quot;left&quot; background_image_as_pattern=&quot;without_pattern&quot;][vc_column][\/vc_column][\/vc_row]  &nbsp;  &nbsp;  &nbsp;\" \/>\n<meta property=\"og:url\" content=\"https:\/\/arzasarchery.com\/producto\/cuerpo-olimpico-kinetic-elezo-27-articulo-en-promocion\/\" \/>\n<meta property=\"og:site_name\" content=\"Arza&#039;s Archery\" \/>\n<meta property=\"article:modified_time\" content=\"2026-03-09T15:27:28+00:00\" \/>\n<meta property=\"og:image\" content=\"https:\/\/arzasarchery.com\/wp-content\/uploads\/cuerpo-KINETIC-ELEZO27-dual-color.png\" \/>\n\t<meta property=\"og:image:width\" content=\"742\" \/>\n\t<meta property=\"og:image:height\" content=\"1024\" \/>\n\t<meta property=\"og:image:type\" content=\"image\/png\" \/>\n<meta name=\"twitter:card\" content=\"summary_large_image\" \/>\n<meta name=\"twitter:label1\" content=\"Est. reading time\" \/>\n\t<meta name=\"twitter:data1\" content=\"2 minutes\" \/>\n<script type=\"application\/ld+json\" class=\"yoast-schema-graph\">{\"@context\":\"https:\/\/schema.org\",\"@graph\":[{\"@type\":\"WebPage\",\"@id\":\"https:\/\/arzasarchery.com\/producto\/cuerpo-olimpico-kinetic-elezo-27-articulo-en-promocion\/\",\"url\":\"https:\/\/arzasarchery.com\/producto\/cuerpo-olimpico-kinetic-elezo-27-articulo-en-promocion\/\",\"name\":\"Cuerpo Ol\u00edmpico KINETIC ELEZO. 27\\\" Articulo en promoci\u00f3n - Arza&#039;s Archery\",\"isPartOf\":{\"@id\":\"https:\/\/arzasarchery.com\/#website\"},\"primaryImageOfPage\":{\"@id\":\"https:\/\/arzasarchery.com\/producto\/cuerpo-olimpico-kinetic-elezo-27-articulo-en-promocion\/#primaryimage\"},\"image\":{\"@id\":\"https:\/\/arzasarchery.com\/producto\/cuerpo-olimpico-kinetic-elezo-27-articulo-en-promocion\/#primaryimage\"},\"thumbnailUrl\":\"https:\/\/arzasarchery.com\/wp-content\/uploads\/cuerpo-KINETIC-ELEZO27-dual-color.png\",\"datePublished\":\"2026-03-09T11:30:58+00:00\",\"dateModified\":\"2026-03-09T15:27:28+00:00\",\"breadcrumb\":{\"@id\":\"https:\/\/arzasarchery.com\/producto\/cuerpo-olimpico-kinetic-elezo-27-articulo-en-promocion\/#breadcrumb\"},\"inLanguage\":\"en-US\",\"potentialAction\":[{\"@type\":\"ReadAction\",\"target\":[\"https:\/\/arzasarchery.com\/producto\/cuerpo-olimpico-kinetic-elezo-27-articulo-en-promocion\/\"]}]},{\"@type\":\"ImageObject\",\"inLanguage\":\"en-US\",\"@id\":\"https:\/\/arzasarchery.com\/producto\/cuerpo-olimpico-kinetic-elezo-27-articulo-en-promocion\/#primaryimage\",\"url\":\"https:\/\/arzasarchery.com\/wp-content\/uploads\/cuerpo-KINETIC-ELEZO27-dual-color.png\",\"contentUrl\":\"https:\/\/arzasarchery.com\/wp-content\/uploads\/cuerpo-KINETIC-ELEZO27-dual-color.png\",\"width\":742,\"height\":1024},{\"@type\":\"BreadcrumbList\",\"@id\":\"https:\/\/arzasarchery.com\/producto\/cuerpo-olimpico-kinetic-elezo-27-articulo-en-promocion\/#breadcrumb\",\"itemListElement\":[{\"@type\":\"ListItem\",\"position\":1,\"name\":\"Portada\",\"item\":\"https:\/\/arzasarchery.com\/\"},{\"@type\":\"ListItem\",\"position\":2,\"name\":\"Tienda Todos\",\"item\":\"https:\/\/arzasarchery.com\/en\/tienda-2\/\"},{\"@type\":\"ListItem\",\"position\":3,\"name\":\"Cuerpo Ol\u00edmpico KINETIC ELEZO. 27&#8243; Articulo en promoci\u00f3n\"}]},{\"@type\":\"WebSite\",\"@id\":\"https:\/\/arzasarchery.com\/#website\",\"url\":\"https:\/\/arzasarchery.com\/\",\"name\":\"Arza&#039;s Archery\",\"description\":\"Arzas Archery\",\"potentialAction\":[{\"@type\":\"SearchAction\",\"target\":{\"@type\":\"EntryPoint\",\"urlTemplate\":\"https:\/\/arzasarchery.com\/?s={search_term_string}\"},\"query-input\":{\"@type\":\"PropertyValueSpecification\",\"valueRequired\":true,\"valueName\":\"search_term_string\"}}],\"inLanguage\":\"en-US\"}]}<\/script>\n<!-- \/ Yoast SEO plugin. -->","yoast_head_json":{"title":"Cuerpo Ol\u00edmpico KINETIC ELEZO. 27\" Articulo en promoci\u00f3n - Arza&#039;s Archery","robots":{"index":"index","follow":"follow","max-snippet":"max-snippet:-1","max-image-preview":"max-image-preview:large","max-video-preview":"max-video-preview:-1"},"canonical":"https:\/\/arzasarchery.com\/producto\/cuerpo-olimpico-kinetic-elezo-27-articulo-en-promocion\/","og_locale":"en_US","og_type":"article","og_title":"Cuerpo Ol\u00edmpico KINETIC ELEZO. 27\" Articulo en promoci\u00f3n - Arza&#039;s Archery","og_description":"PARA CONSULTAR DISPONIBILIDAD DEL PRODUCTO\/PRECIO PULSA EL SIGUIENTE RECUADRO  [vc_row css_animation=\"\" row_type=\"row\" use_row_as_full_screen_section=\"no\" type=\"full_width\" angled_section=\"no\" text_align=\"left\" background_image_as_pattern=\"without_pattern\"][vc_column][\/vc_column][\/vc_row]  &nbsp;  &nbsp;  &nbsp;","og_url":"https:\/\/arzasarchery.com\/producto\/cuerpo-olimpico-kinetic-elezo-27-articulo-en-promocion\/","og_site_name":"Arza&#039;s Archery","article_modified_time":"2026-03-09T15:27:28+00:00","og_image":[{"width":742,"height":1024,"url":"https:\/\/arzasarchery.com\/wp-content\/uploads\/cuerpo-KINETIC-ELEZO27-dual-color.png","type":"image\/png"}],"twitter_card":"summary_large_image","twitter_misc":{"Est. reading time":"2 minutes"},"schema":{"@context":"https:\/\/schema.org","@graph":[{"@type":"WebPage","@id":"https:\/\/arzasarchery.com\/producto\/cuerpo-olimpico-kinetic-elezo-27-articulo-en-promocion\/","url":"https:\/\/arzasarchery.com\/producto\/cuerpo-olimpico-kinetic-elezo-27-articulo-en-promocion\/","name":"Cuerpo Ol\u00edmpico KINETIC ELEZO. 27\" Articulo en promoci\u00f3n - Arza&#039;s Archery","isPartOf":{"@id":"https:\/\/arzasarchery.com\/#website"},"primaryImageOfPage":{"@id":"https:\/\/arzasarchery.com\/producto\/cuerpo-olimpico-kinetic-elezo-27-articulo-en-promocion\/#primaryimage"},"image":{"@id":"https:\/\/arzasarchery.com\/producto\/cuerpo-olimpico-kinetic-elezo-27-articulo-en-promocion\/#primaryimage"},"thumbnailUrl":"https:\/\/arzasarchery.com\/wp-content\/uploads\/cuerpo-KINETIC-ELEZO27-dual-color.png","datePublished":"2026-03-09T11:30:58+00:00","dateModified":"2026-03-09T15:27:28+00:00","breadcrumb":{"@id":"https:\/\/arzasarchery.com\/producto\/cuerpo-olimpico-kinetic-elezo-27-articulo-en-promocion\/#breadcrumb"},"inLanguage":"en-US","potentialAction":[{"@type":"ReadAction","target":["https:\/\/arzasarchery.com\/producto\/cuerpo-olimpico-kinetic-elezo-27-articulo-en-promocion\/"]}]},{"@type":"ImageObject","inLanguage":"en-US","@id":"https:\/\/arzasarchery.com\/producto\/cuerpo-olimpico-kinetic-elezo-27-articulo-en-promocion\/#primaryimage","url":"https:\/\/arzasarchery.com\/wp-content\/uploads\/cuerpo-KINETIC-ELEZO27-dual-color.png","contentUrl":"https:\/\/arzasarchery.com\/wp-content\/uploads\/cuerpo-KINETIC-ELEZO27-dual-color.png","width":742,"height":1024},{"@type":"BreadcrumbList","@id":"https:\/\/arzasarchery.com\/producto\/cuerpo-olimpico-kinetic-elezo-27-articulo-en-promocion\/#breadcrumb","itemListElement":[{"@type":"ListItem","position":1,"name":"Portada","item":"https:\/\/arzasarchery.com\/"},{"@type":"ListItem","position":2,"name":"Tienda Todos","item":"https:\/\/arzasarchery.com\/en\/tienda-2\/"},{"@type":"ListItem","position":3,"name":"Cuerpo Ol\u00edmpico KINETIC ELEZO. 27&#8243; Articulo en promoci\u00f3n"}]},{"@type":"WebSite","@id":"https:\/\/arzasarchery.com\/#website","url":"https:\/\/arzasarchery.com\/","name":"Arza&#039;s Archery","description":"Arzas Archery","potentialAction":[{"@type":"SearchAction","target":{"@type":"EntryPoint","urlTemplate":"https:\/\/arzasarchery.com\/?s={search_term_string}"},"query-input":{"@type":"PropertyValueSpecification","valueRequired":true,"valueName":"search_term_string"}}],"inLanguage":"en-US"}]}},"_links":{"self":[{"href":"https:\/\/arzasarchery.com\/en\/wp-json\/wp\/v2\/product\/10403","targetHints":{"allow":["GET"]}}],"collection":[{"href":"https:\/\/arzasarchery.com\/en\/wp-json\/wp\/v2\/product"}],"about":[{"href":"https:\/\/arzasarchery.com\/en\/wp-json\/wp\/v2\/types\/product"}],"wp:featuredmedia":[{"embeddable":true,"href":"https:\/\/arzasarchery.com\/en\/wp-json\/wp\/v2\/media\/10404"}],"wp:attachment":[{"href":"https:\/\/arzasarchery.com\/en\/wp-json\/wp\/v2\/media?parent=10403"}],"wp:term":[{"taxonomy":"product_brand","embeddable":true,"href":"https:\/\/arzasarchery.com\/en\/wp-json\/wp\/v2\/product_brand?post=10403"},{"taxonomy":"product_cat","embeddable":true,"href":"https:\/\/arzasarchery.com\/en\/wp-json\/wp\/v2\/product_cat?post=10403"},{"taxonomy":"product_tag","embeddable":true,"href":"https:\/\/arzasarchery.com\/en\/wp-json\/wp\/v2\/product_tag?post=10403"}],"curies":[{"name":"wp","href":"https:\/\/api.w.org\/{rel}","templated":true}]}}