{"id":10164,"date":"2025-11-29T20:10:00","date_gmt":"2025-11-29T18:10:00","guid":{"rendered":"https:\/\/arzasarchery.com\/?post_type=product&#038;p=10164"},"modified":"2025-11-29T20:22:30","modified_gmt":"2025-11-29T18:22:30","slug":"kit-poleas-diamond-by-bowtech-pro-305-dual-cam","status":"publish","type":"product","link":"https:\/\/arzasarchery.com\/en\/producte\/kit-poleas-diamond-by-bowtech-pro-305-dual-cam\/","title":{"rendered":"Kit Poleas DIAMOND by BOWTECH PRO 305 DUAL CAM"},"content":{"rendered":"<p class=\"font-product-title\"><strong>COMPOUND PACKAGE PRO 305 DUAL CAM W\/ ROT.MOD 7-70LBS 19-31&#8243;\u00a0<\/strong><\/p>\n<p>El Pro 305 es su soluci\u00f3n todo en uno para la adaptabilidad, el rendimiento y el valor, exclusiva de Diamond Pro Shops.Dise\u00f1ado para arqueros de todos los niveles de experiencia, cuenta con una amplia gama de longitudes (19 \u00ab-31\u00bb) y pesos (7-70 libras), por lo que es perfecto para arqueros en crecimiento, cazadores experimentados, y cualquier persona en el medio.Con un \u00edndice de velocidad de 305 FPS, una longitud de eje a eje de 32\u00bb, el Pro 305 ofrece una plataforma equilibrada que es tan capaz en espacios reducidos como en campo abierto. Ligero a 3,3 libras, est\u00e1 construido para la movilidad sin comprometer la estabilidad.Completo con un paquete de accesorios totalmente mejorado y disponible s\u00f3lo a trav\u00e9s de tiendas profesionales seleccionadas, el Pro 305 es su puerta de entrada a la precisi\u00f3n y la confianza, ya sea en el campo de tiro o en plena caza.<\/p>\n<h3>Key Specifications<\/h3>\n<ul>\n<li><strong>Mass Weight<\/strong>: 3.3 lbs<\/li>\n<li><strong>Draw Length<\/strong>: 19&#8243; \u2013 31&#8243;<\/li>\n<li><strong>Draw Weight<\/strong>: 7 \u2013 70 lbs<\/li>\n<li><strong>Speed<\/strong>: 305 FPS<\/li>\n<li><strong>Axle to Axle<\/strong>: 32&#8243;<\/li>\n<li><strong>Brace Height<\/strong>: 7.25&#8243;<\/li>\n<li><strong>Available Colors<\/strong>: Black, Mossy Oak Bottomland, Sandstone<\/li>\n<\/ul>\n","protected":false},"excerpt":{"rendered":"<p><img fetchpriority=\"high\" decoding=\"async\" class=\"alignnone size-full wp-image-1803\" src=\"https:\/\/arzasarchery.com\/wp-content\/uploads\/logo-diamond-by-BOWTECH.png\" alt=\"\" width=\"301\" height=\"167\" srcset=\"https:\/\/arzasarchery.com\/wp-content\/uploads\/logo-diamond-by-BOWTECH.png 301w, https:\/\/arzasarchery.com\/wp-content\/uploads\/logo-diamond-by-BOWTECH-150x84.png 150w\" sizes=\"(max-width: 301px) 100vw, 301px\" \/><\/p>\n<p><strong>PARA CONSULTAR DISPONIBILIDAD DEL PRODUCTO\/PRECIO PULSA EL SIGUIENTE RECUADRO<\/strong><\/p>\n<p>[vc_row css_animation=&#8221;&#8221; row_type=&#8221;row&#8221; use_row_as_full_screen_section=&#8221;no&#8221; type=&#8221;full_width&#8221; angled_section=&#8221;no&#8221; text_align=&#8221;left&#8221; background_image_as_pattern=&#8221;without_pattern&#8221;][vc_column][button size=\"big_large_full_width\" target=\"_blank\" hover_type=\"default\" text_align=\"center\" text=\"Producto bajo pedido. P\u00eddelo aqu\u00ed\" link=\"\/formularios_poleas\" background_color=\"#6595bf\" hover_background_color=\"#27a31f\"][\/vc_column][\/vc_row]<\/p>\n","protected":false},"featured_media":10165,"template":"","meta":[],"product_brand":[],"product_cat":[42,66],"product_tag":[],"class_list":{"0":"post-10164","1":"product","2":"type-product","3":"status-publish","4":"has-post-thumbnail","6":"product_cat-arcos","7":"product_cat-kits-arco-completo","8":"pa_color-black","9":"pa_color-mossy-oak-bottomland","10":"pa_color-sandstone","11":"pa_mano-lh","12":"pa_mano-rh","14":"first","15":"instock","16":"taxable","17":"shipping-taxable","18":"purchasable","19":"product-type-simple"},"yoast_head":"<!-- This site is optimized with the Yoast SEO plugin v25.6 - https:\/\/yoast.com\/wordpress\/plugins\/seo\/ -->\n<title>Kit Poleas DIAMOND by BOWTECH PRO 305 DUAL CAM - Arza&#039;s Archery<\/title>\n<meta name=\"robots\" content=\"index, follow, max-snippet:-1, max-image-preview:large, max-video-preview:-1\" \/>\n<link rel=\"canonical\" href=\"https:\/\/arzasarchery.com\/producto\/kit-poleas-diamond-by-bowtech-pro-305-dual-cam\/\" \/>\n<meta property=\"og:locale\" content=\"en_US\" \/>\n<meta property=\"og:type\" content=\"article\" \/>\n<meta property=\"og:title\" content=\"Kit Poleas DIAMOND by BOWTECH PRO 305 DUAL CAM - Arza&#039;s Archery\" \/>\n<meta property=\"og:description\" content=\"PARA CONSULTAR DISPONIBILIDAD DEL PRODUCTO\/PRECIO PULSA EL SIGUIENTE RECUADRO  [vc_row css_animation=&quot;&quot; row_type=&quot;row&quot; use_row_as_full_screen_section=&quot;no&quot; type=&quot;full_width&quot; angled_section=&quot;no&quot; text_align=&quot;left&quot; background_image_as_pattern=&quot;without_pattern&quot;][vc_column][\/vc_column][\/vc_row]\" \/>\n<meta property=\"og:url\" content=\"https:\/\/arzasarchery.com\/producto\/kit-poleas-diamond-by-bowtech-pro-305-dual-cam\/\" \/>\n<meta property=\"og:site_name\" content=\"Arza&#039;s Archery\" \/>\n<meta property=\"article:modified_time\" content=\"2025-11-29T18:22:30+00:00\" \/>\n<meta property=\"og:image\" content=\"https:\/\/arzasarchery.com\/wp-content\/uploads\/comp-DIAMOND-BY-BOWTECH-PRO-305.jpg\" \/>\n\t<meta property=\"og:image:width\" content=\"874\" \/>\n\t<meta property=\"og:image:height\" content=\"1024\" \/>\n\t<meta property=\"og:image:type\" content=\"image\/jpeg\" \/>\n<meta name=\"twitter:card\" content=\"summary_large_image\" \/>\n<meta name=\"twitter:label1\" content=\"Est. reading time\" \/>\n\t<meta name=\"twitter:data1\" content=\"2 minutes\" \/>\n<script type=\"application\/ld+json\" class=\"yoast-schema-graph\">{\"@context\":\"https:\/\/schema.org\",\"@graph\":[{\"@type\":\"WebPage\",\"@id\":\"https:\/\/arzasarchery.com\/producto\/kit-poleas-diamond-by-bowtech-pro-305-dual-cam\/\",\"url\":\"https:\/\/arzasarchery.com\/producto\/kit-poleas-diamond-by-bowtech-pro-305-dual-cam\/\",\"name\":\"Kit Poleas DIAMOND by BOWTECH PRO 305 DUAL CAM - Arza&#039;s Archery\",\"isPartOf\":{\"@id\":\"https:\/\/arzasarchery.com\/#website\"},\"primaryImageOfPage\":{\"@id\":\"https:\/\/arzasarchery.com\/producto\/kit-poleas-diamond-by-bowtech-pro-305-dual-cam\/#primaryimage\"},\"image\":{\"@id\":\"https:\/\/arzasarchery.com\/producto\/kit-poleas-diamond-by-bowtech-pro-305-dual-cam\/#primaryimage\"},\"thumbnailUrl\":\"https:\/\/arzasarchery.com\/wp-content\/uploads\/comp-DIAMOND-BY-BOWTECH-PRO-305.jpg\",\"datePublished\":\"2025-11-29T18:10:00+00:00\",\"dateModified\":\"2025-11-29T18:22:30+00:00\",\"breadcrumb\":{\"@id\":\"https:\/\/arzasarchery.com\/producto\/kit-poleas-diamond-by-bowtech-pro-305-dual-cam\/#breadcrumb\"},\"inLanguage\":\"en-US\",\"potentialAction\":[{\"@type\":\"ReadAction\",\"target\":[\"https:\/\/arzasarchery.com\/producto\/kit-poleas-diamond-by-bowtech-pro-305-dual-cam\/\"]}]},{\"@type\":\"ImageObject\",\"inLanguage\":\"en-US\",\"@id\":\"https:\/\/arzasarchery.com\/producto\/kit-poleas-diamond-by-bowtech-pro-305-dual-cam\/#primaryimage\",\"url\":\"https:\/\/arzasarchery.com\/wp-content\/uploads\/comp-DIAMOND-BY-BOWTECH-PRO-305.jpg\",\"contentUrl\":\"https:\/\/arzasarchery.com\/wp-content\/uploads\/comp-DIAMOND-BY-BOWTECH-PRO-305.jpg\",\"width\":874,\"height\":1024},{\"@type\":\"BreadcrumbList\",\"@id\":\"https:\/\/arzasarchery.com\/producto\/kit-poleas-diamond-by-bowtech-pro-305-dual-cam\/#breadcrumb\",\"itemListElement\":[{\"@type\":\"ListItem\",\"position\":1,\"name\":\"Portada\",\"item\":\"https:\/\/arzasarchery.com\/\"},{\"@type\":\"ListItem\",\"position\":2,\"name\":\"Tienda Todos\",\"item\":\"https:\/\/arzasarchery.com\/en\/tienda-2\/\"},{\"@type\":\"ListItem\",\"position\":3,\"name\":\"Kit Poleas DIAMOND by BOWTECH PRO 305 DUAL CAM\"}]},{\"@type\":\"WebSite\",\"@id\":\"https:\/\/arzasarchery.com\/#website\",\"url\":\"https:\/\/arzasarchery.com\/\",\"name\":\"Arza&#039;s Archery\",\"description\":\"Arzas Archery\",\"potentialAction\":[{\"@type\":\"SearchAction\",\"target\":{\"@type\":\"EntryPoint\",\"urlTemplate\":\"https:\/\/arzasarchery.com\/?s={search_term_string}\"},\"query-input\":{\"@type\":\"PropertyValueSpecification\",\"valueRequired\":true,\"valueName\":\"search_term_string\"}}],\"inLanguage\":\"en-US\"}]}<\/script>\n<!-- \/ Yoast SEO plugin. -->","yoast_head_json":{"title":"Kit Poleas DIAMOND by BOWTECH PRO 305 DUAL CAM - Arza&#039;s Archery","robots":{"index":"index","follow":"follow","max-snippet":"max-snippet:-1","max-image-preview":"max-image-preview:large","max-video-preview":"max-video-preview:-1"},"canonical":"https:\/\/arzasarchery.com\/producto\/kit-poleas-diamond-by-bowtech-pro-305-dual-cam\/","og_locale":"en_US","og_type":"article","og_title":"Kit Poleas DIAMOND by BOWTECH PRO 305 DUAL CAM - Arza&#039;s Archery","og_description":"PARA CONSULTAR DISPONIBILIDAD DEL PRODUCTO\/PRECIO PULSA EL SIGUIENTE RECUADRO  [vc_row css_animation=\"\" row_type=\"row\" use_row_as_full_screen_section=\"no\" type=\"full_width\" angled_section=\"no\" text_align=\"left\" background_image_as_pattern=\"without_pattern\"][vc_column][\/vc_column][\/vc_row]","og_url":"https:\/\/arzasarchery.com\/producto\/kit-poleas-diamond-by-bowtech-pro-305-dual-cam\/","og_site_name":"Arza&#039;s Archery","article_modified_time":"2025-11-29T18:22:30+00:00","og_image":[{"width":874,"height":1024,"url":"https:\/\/arzasarchery.com\/wp-content\/uploads\/comp-DIAMOND-BY-BOWTECH-PRO-305.jpg","type":"image\/jpeg"}],"twitter_card":"summary_large_image","twitter_misc":{"Est. reading time":"2 minutes"},"schema":{"@context":"https:\/\/schema.org","@graph":[{"@type":"WebPage","@id":"https:\/\/arzasarchery.com\/producto\/kit-poleas-diamond-by-bowtech-pro-305-dual-cam\/","url":"https:\/\/arzasarchery.com\/producto\/kit-poleas-diamond-by-bowtech-pro-305-dual-cam\/","name":"Kit Poleas DIAMOND by BOWTECH PRO 305 DUAL CAM - Arza&#039;s Archery","isPartOf":{"@id":"https:\/\/arzasarchery.com\/#website"},"primaryImageOfPage":{"@id":"https:\/\/arzasarchery.com\/producto\/kit-poleas-diamond-by-bowtech-pro-305-dual-cam\/#primaryimage"},"image":{"@id":"https:\/\/arzasarchery.com\/producto\/kit-poleas-diamond-by-bowtech-pro-305-dual-cam\/#primaryimage"},"thumbnailUrl":"https:\/\/arzasarchery.com\/wp-content\/uploads\/comp-DIAMOND-BY-BOWTECH-PRO-305.jpg","datePublished":"2025-11-29T18:10:00+00:00","dateModified":"2025-11-29T18:22:30+00:00","breadcrumb":{"@id":"https:\/\/arzasarchery.com\/producto\/kit-poleas-diamond-by-bowtech-pro-305-dual-cam\/#breadcrumb"},"inLanguage":"en-US","potentialAction":[{"@type":"ReadAction","target":["https:\/\/arzasarchery.com\/producto\/kit-poleas-diamond-by-bowtech-pro-305-dual-cam\/"]}]},{"@type":"ImageObject","inLanguage":"en-US","@id":"https:\/\/arzasarchery.com\/producto\/kit-poleas-diamond-by-bowtech-pro-305-dual-cam\/#primaryimage","url":"https:\/\/arzasarchery.com\/wp-content\/uploads\/comp-DIAMOND-BY-BOWTECH-PRO-305.jpg","contentUrl":"https:\/\/arzasarchery.com\/wp-content\/uploads\/comp-DIAMOND-BY-BOWTECH-PRO-305.jpg","width":874,"height":1024},{"@type":"BreadcrumbList","@id":"https:\/\/arzasarchery.com\/producto\/kit-poleas-diamond-by-bowtech-pro-305-dual-cam\/#breadcrumb","itemListElement":[{"@type":"ListItem","position":1,"name":"Portada","item":"https:\/\/arzasarchery.com\/"},{"@type":"ListItem","position":2,"name":"Tienda Todos","item":"https:\/\/arzasarchery.com\/en\/tienda-2\/"},{"@type":"ListItem","position":3,"name":"Kit Poleas DIAMOND by BOWTECH PRO 305 DUAL CAM"}]},{"@type":"WebSite","@id":"https:\/\/arzasarchery.com\/#website","url":"https:\/\/arzasarchery.com\/","name":"Arza&#039;s Archery","description":"Arzas Archery","potentialAction":[{"@type":"SearchAction","target":{"@type":"EntryPoint","urlTemplate":"https:\/\/arzasarchery.com\/?s={search_term_string}"},"query-input":{"@type":"PropertyValueSpecification","valueRequired":true,"valueName":"search_term_string"}}],"inLanguage":"en-US"}]}},"_links":{"self":[{"href":"https:\/\/arzasarchery.com\/en\/wp-json\/wp\/v2\/product\/10164","targetHints":{"allow":["GET"]}}],"collection":[{"href":"https:\/\/arzasarchery.com\/en\/wp-json\/wp\/v2\/product"}],"about":[{"href":"https:\/\/arzasarchery.com\/en\/wp-json\/wp\/v2\/types\/product"}],"wp:featuredmedia":[{"embeddable":true,"href":"https:\/\/arzasarchery.com\/en\/wp-json\/wp\/v2\/media\/10165"}],"wp:attachment":[{"href":"https:\/\/arzasarchery.com\/en\/wp-json\/wp\/v2\/media?parent=10164"}],"wp:term":[{"taxonomy":"product_brand","embeddable":true,"href":"https:\/\/arzasarchery.com\/en\/wp-json\/wp\/v2\/product_brand?post=10164"},{"taxonomy":"product_cat","embeddable":true,"href":"https:\/\/arzasarchery.com\/en\/wp-json\/wp\/v2\/product_cat?post=10164"},{"taxonomy":"product_tag","embeddable":true,"href":"https:\/\/arzasarchery.com\/en\/wp-json\/wp\/v2\/product_tag?post=10164"}],"curies":[{"name":"wp","href":"https:\/\/api.w.org\/{rel}","templated":true}]}}