{"id":10050,"date":"2025-08-31T19:17:05","date_gmt":"2025-08-31T17:17:05","guid":{"rendered":"https:\/\/arzasarchery.com\/?post_type=product&#038;p=10050"},"modified":"2025-11-14T17:50:04","modified_gmt":"2025-11-14T15:50:04","slug":"tubo-flecha-victory-vap-elite-v1-4-2-carbon-1027e-u","status":"publish","type":"product","link":"https:\/\/arzasarchery.com\/en\/producte\/tubo-flecha-victory-vap-elite-v1-4-2-carbon-1027e-u\/","title":{"rendered":"Tubo Flecha VICTORY VAP ELITE V1 4.2 Carbon 10,27\u20ac\/U"},"content":{"rendered":"<p class=\"font-product-title\"><strong>SHAFTS CARBON VAP ELITE\/V1 ID 4.2 \/ 31&#8243; WITH IP NOCK 12\/PK<\/strong><\/p>\n<p>La VAP\u2122 ofrece al tirador de competici\u00f3n una velocidad y precisi\u00f3n excepcionales<br \/>\nRectitud: \u00b1 .001&#8243;<br \/>\nCada peso de la docena igualado a +-0,5 grains para una consistencia de tiro precisa y una agrupaci\u00f3n m\u00e1s ajustada.<br \/>\nFlecha de micro di\u00e1metro &#8211; Construcci\u00f3n 100% fibra de carbono para m\u00e1xima velocidad y precisi\u00f3n con menos desviaci\u00f3n por viento<\/p>\n<h1 class=\"font-product-title\"><\/h1>\n","protected":false},"excerpt":{"rendered":"<p><img decoding=\"async\" class=\"alignnone size-medium wp-image-10040\" src=\"https:\/\/arzasarchery.com\/wp-content\/uploads\/TUBO-EASTON-SONIC-6.0-1-300x147.jpg\" alt=\"\" width=\"300\" height=\"147\" srcset=\"https:\/\/arzasarchery.com\/wp-content\/uploads\/TUBO-EASTON-SONIC-6.0-1-300x147.jpg 300w, https:\/\/arzasarchery.com\/wp-content\/uploads\/TUBO-EASTON-SONIC-6.0-1.jpg 352w\" sizes=\"(max-width: 300px) 100vw, 300px\" \/><\/p>\n","protected":false},"featured_media":10054,"template":"","meta":[],"product_brand":[],"product_cat":[94,100],"product_tag":[],"class_list":{"0":"post-10050","1":"product","2":"type-product","3":"status-publish","4":"has-post-thumbnail","6":"product_cat-flechas","7":"product_cat-tubos-flechas-de-tiro","9":"first","10":"instock","11":"taxable","12":"shipping-taxable","13":"purchasable","14":"product-type-simple"},"yoast_head":"<!-- This site is optimized with the Yoast SEO plugin v25.6 - https:\/\/yoast.com\/wordpress\/plugins\/seo\/ -->\n<title>Tubo Flecha VICTORY VAP ELITE V1 4.2 Carbon 10,27\u20ac\/U - Arza&#039;s Archery<\/title>\n<meta name=\"robots\" content=\"index, follow, max-snippet:-1, max-image-preview:large, max-video-preview:-1\" \/>\n<link rel=\"canonical\" href=\"https:\/\/arzasarchery.com\/producto\/tubo-flecha-victory-vap-elite-v1-4-2-carbon-1027e-u\/\" \/>\n<meta property=\"og:locale\" content=\"en_US\" \/>\n<meta property=\"og:type\" content=\"article\" \/>\n<meta property=\"og:title\" content=\"Tubo Flecha VICTORY VAP ELITE V1 4.2 Carbon 10,27\u20ac\/U - Arza&#039;s Archery\" \/>\n<meta property=\"og:url\" content=\"https:\/\/arzasarchery.com\/producto\/tubo-flecha-victory-vap-elite-v1-4-2-carbon-1027e-u\/\" \/>\n<meta property=\"og:site_name\" content=\"Arza&#039;s Archery\" \/>\n<meta property=\"article:modified_time\" content=\"2025-11-14T15:50:04+00:00\" \/>\n<meta property=\"og:image\" content=\"https:\/\/arzasarchery.com\/wp-content\/uploads\/TUBO-VICTORY-VAP-ELITE-V1-4.2TARGET-1.jpg\" \/>\n\t<meta property=\"og:image:width\" content=\"259\" \/>\n\t<meta property=\"og:image:height\" content=\"541\" \/>\n\t<meta property=\"og:image:type\" content=\"image\/jpeg\" \/>\n<meta name=\"twitter:card\" content=\"summary_large_image\" \/>\n<meta name=\"twitter:label1\" content=\"Est. reading time\" \/>\n\t<meta name=\"twitter:data1\" content=\"1 minute\" \/>\n<script type=\"application\/ld+json\" class=\"yoast-schema-graph\">{\"@context\":\"https:\/\/schema.org\",\"@graph\":[{\"@type\":\"WebPage\",\"@id\":\"https:\/\/arzasarchery.com\/producto\/tubo-flecha-victory-vap-elite-v1-4-2-carbon-1027e-u\/\",\"url\":\"https:\/\/arzasarchery.com\/producto\/tubo-flecha-victory-vap-elite-v1-4-2-carbon-1027e-u\/\",\"name\":\"Tubo Flecha VICTORY VAP ELITE V1 4.2 Carbon 10,27\u20ac\/U - Arza&#039;s Archery\",\"isPartOf\":{\"@id\":\"https:\/\/arzasarchery.com\/#website\"},\"primaryImageOfPage\":{\"@id\":\"https:\/\/arzasarchery.com\/producto\/tubo-flecha-victory-vap-elite-v1-4-2-carbon-1027e-u\/#primaryimage\"},\"image\":{\"@id\":\"https:\/\/arzasarchery.com\/producto\/tubo-flecha-victory-vap-elite-v1-4-2-carbon-1027e-u\/#primaryimage\"},\"thumbnailUrl\":\"https:\/\/arzasarchery.com\/wp-content\/uploads\/TUBO-VICTORY-VAP-ELITE-V1-4.2TARGET-1.jpg\",\"datePublished\":\"2025-08-31T17:17:05+00:00\",\"dateModified\":\"2025-11-14T15:50:04+00:00\",\"breadcrumb\":{\"@id\":\"https:\/\/arzasarchery.com\/producto\/tubo-flecha-victory-vap-elite-v1-4-2-carbon-1027e-u\/#breadcrumb\"},\"inLanguage\":\"en-US\",\"potentialAction\":[{\"@type\":\"ReadAction\",\"target\":[\"https:\/\/arzasarchery.com\/producto\/tubo-flecha-victory-vap-elite-v1-4-2-carbon-1027e-u\/\"]}]},{\"@type\":\"ImageObject\",\"inLanguage\":\"en-US\",\"@id\":\"https:\/\/arzasarchery.com\/producto\/tubo-flecha-victory-vap-elite-v1-4-2-carbon-1027e-u\/#primaryimage\",\"url\":\"https:\/\/arzasarchery.com\/wp-content\/uploads\/TUBO-VICTORY-VAP-ELITE-V1-4.2TARGET-1.jpg\",\"contentUrl\":\"https:\/\/arzasarchery.com\/wp-content\/uploads\/TUBO-VICTORY-VAP-ELITE-V1-4.2TARGET-1.jpg\",\"width\":259,\"height\":541},{\"@type\":\"BreadcrumbList\",\"@id\":\"https:\/\/arzasarchery.com\/producto\/tubo-flecha-victory-vap-elite-v1-4-2-carbon-1027e-u\/#breadcrumb\",\"itemListElement\":[{\"@type\":\"ListItem\",\"position\":1,\"name\":\"Portada\",\"item\":\"https:\/\/arzasarchery.com\/\"},{\"@type\":\"ListItem\",\"position\":2,\"name\":\"Tienda Todos\",\"item\":\"https:\/\/arzasarchery.com\/en\/tienda-2\/\"},{\"@type\":\"ListItem\",\"position\":3,\"name\":\"Tubo Flecha VICTORY VAP ELITE V1 4.2 Carbon 10,27\u20ac\/U\"}]},{\"@type\":\"WebSite\",\"@id\":\"https:\/\/arzasarchery.com\/#website\",\"url\":\"https:\/\/arzasarchery.com\/\",\"name\":\"Arza&#039;s Archery\",\"description\":\"Arzas Archery\",\"potentialAction\":[{\"@type\":\"SearchAction\",\"target\":{\"@type\":\"EntryPoint\",\"urlTemplate\":\"https:\/\/arzasarchery.com\/?s={search_term_string}\"},\"query-input\":{\"@type\":\"PropertyValueSpecification\",\"valueRequired\":true,\"valueName\":\"search_term_string\"}}],\"inLanguage\":\"en-US\"}]}<\/script>\n<!-- \/ Yoast SEO plugin. -->","yoast_head_json":{"title":"Tubo Flecha VICTORY VAP ELITE V1 4.2 Carbon 10,27\u20ac\/U - Arza&#039;s Archery","robots":{"index":"index","follow":"follow","max-snippet":"max-snippet:-1","max-image-preview":"max-image-preview:large","max-video-preview":"max-video-preview:-1"},"canonical":"https:\/\/arzasarchery.com\/producto\/tubo-flecha-victory-vap-elite-v1-4-2-carbon-1027e-u\/","og_locale":"en_US","og_type":"article","og_title":"Tubo Flecha VICTORY VAP ELITE V1 4.2 Carbon 10,27\u20ac\/U - Arza&#039;s Archery","og_url":"https:\/\/arzasarchery.com\/producto\/tubo-flecha-victory-vap-elite-v1-4-2-carbon-1027e-u\/","og_site_name":"Arza&#039;s Archery","article_modified_time":"2025-11-14T15:50:04+00:00","og_image":[{"width":259,"height":541,"url":"https:\/\/arzasarchery.com\/wp-content\/uploads\/TUBO-VICTORY-VAP-ELITE-V1-4.2TARGET-1.jpg","type":"image\/jpeg"}],"twitter_card":"summary_large_image","twitter_misc":{"Est. reading time":"1 minute"},"schema":{"@context":"https:\/\/schema.org","@graph":[{"@type":"WebPage","@id":"https:\/\/arzasarchery.com\/producto\/tubo-flecha-victory-vap-elite-v1-4-2-carbon-1027e-u\/","url":"https:\/\/arzasarchery.com\/producto\/tubo-flecha-victory-vap-elite-v1-4-2-carbon-1027e-u\/","name":"Tubo Flecha VICTORY VAP ELITE V1 4.2 Carbon 10,27\u20ac\/U - Arza&#039;s Archery","isPartOf":{"@id":"https:\/\/arzasarchery.com\/#website"},"primaryImageOfPage":{"@id":"https:\/\/arzasarchery.com\/producto\/tubo-flecha-victory-vap-elite-v1-4-2-carbon-1027e-u\/#primaryimage"},"image":{"@id":"https:\/\/arzasarchery.com\/producto\/tubo-flecha-victory-vap-elite-v1-4-2-carbon-1027e-u\/#primaryimage"},"thumbnailUrl":"https:\/\/arzasarchery.com\/wp-content\/uploads\/TUBO-VICTORY-VAP-ELITE-V1-4.2TARGET-1.jpg","datePublished":"2025-08-31T17:17:05+00:00","dateModified":"2025-11-14T15:50:04+00:00","breadcrumb":{"@id":"https:\/\/arzasarchery.com\/producto\/tubo-flecha-victory-vap-elite-v1-4-2-carbon-1027e-u\/#breadcrumb"},"inLanguage":"en-US","potentialAction":[{"@type":"ReadAction","target":["https:\/\/arzasarchery.com\/producto\/tubo-flecha-victory-vap-elite-v1-4-2-carbon-1027e-u\/"]}]},{"@type":"ImageObject","inLanguage":"en-US","@id":"https:\/\/arzasarchery.com\/producto\/tubo-flecha-victory-vap-elite-v1-4-2-carbon-1027e-u\/#primaryimage","url":"https:\/\/arzasarchery.com\/wp-content\/uploads\/TUBO-VICTORY-VAP-ELITE-V1-4.2TARGET-1.jpg","contentUrl":"https:\/\/arzasarchery.com\/wp-content\/uploads\/TUBO-VICTORY-VAP-ELITE-V1-4.2TARGET-1.jpg","width":259,"height":541},{"@type":"BreadcrumbList","@id":"https:\/\/arzasarchery.com\/producto\/tubo-flecha-victory-vap-elite-v1-4-2-carbon-1027e-u\/#breadcrumb","itemListElement":[{"@type":"ListItem","position":1,"name":"Portada","item":"https:\/\/arzasarchery.com\/"},{"@type":"ListItem","position":2,"name":"Tienda Todos","item":"https:\/\/arzasarchery.com\/en\/tienda-2\/"},{"@type":"ListItem","position":3,"name":"Tubo Flecha VICTORY VAP ELITE V1 4.2 Carbon 10,27\u20ac\/U"}]},{"@type":"WebSite","@id":"https:\/\/arzasarchery.com\/#website","url":"https:\/\/arzasarchery.com\/","name":"Arza&#039;s Archery","description":"Arzas Archery","potentialAction":[{"@type":"SearchAction","target":{"@type":"EntryPoint","urlTemplate":"https:\/\/arzasarchery.com\/?s={search_term_string}"},"query-input":{"@type":"PropertyValueSpecification","valueRequired":true,"valueName":"search_term_string"}}],"inLanguage":"en-US"}]}},"_links":{"self":[{"href":"https:\/\/arzasarchery.com\/en\/wp-json\/wp\/v2\/product\/10050","targetHints":{"allow":["GET"]}}],"collection":[{"href":"https:\/\/arzasarchery.com\/en\/wp-json\/wp\/v2\/product"}],"about":[{"href":"https:\/\/arzasarchery.com\/en\/wp-json\/wp\/v2\/types\/product"}],"wp:featuredmedia":[{"embeddable":true,"href":"https:\/\/arzasarchery.com\/en\/wp-json\/wp\/v2\/media\/10054"}],"wp:attachment":[{"href":"https:\/\/arzasarchery.com\/en\/wp-json\/wp\/v2\/media?parent=10050"}],"wp:term":[{"taxonomy":"product_brand","embeddable":true,"href":"https:\/\/arzasarchery.com\/en\/wp-json\/wp\/v2\/product_brand?post=10050"},{"taxonomy":"product_cat","embeddable":true,"href":"https:\/\/arzasarchery.com\/en\/wp-json\/wp\/v2\/product_cat?post=10050"},{"taxonomy":"product_tag","embeddable":true,"href":"https:\/\/arzasarchery.com\/en\/wp-json\/wp\/v2\/product_tag?post=10050"}],"curies":[{"name":"wp","href":"https:\/\/api.w.org\/{rel}","templated":true}]}}