{"id":9970,"date":"2025-08-28T12:54:19","date_gmt":"2025-08-28T10:54:19","guid":{"rendered":"https:\/\/arzasarchery.com\/?post_type=product&#038;p=9970"},"modified":"2025-08-28T13:08:12","modified_gmt":"2025-08-28T11:08:12","slug":"recurvo-tradicional-t-d-old-mountain-viper","status":"publish","type":"product","link":"https:\/\/arzasarchery.com\/ca\/producte\/recurvo-tradicional-t-d-old-mountain-viper\/","title":{"rendered":"Recurvo Tradicional T\/D Old Mountain  VIPER"},"content":{"rendered":"<p class=\"font-product-title\"><strong>TAKE-DOWN RECURVE BOW VIPER 62&#8243;\u00a0<\/strong><\/p>\n<p>El Old Mountain Viper Take-Down Recurve re\u00fane la elegancia tradicional y la practicidad moderna en un arco recurvo de 62&#8243; bellamente elaborado. Parte de la vers\u00e1til serie Viper, cuenta con un sistema de desmontaje que permite un f\u00e1cil almacenamiento, transporte, y las palas intercambiables compatibles con ambas configuraciones recurvo y longbow. Con sus curvas fluidas, ricas vetas de madera y construcci\u00f3n acabada a mano, este arco est\u00e1 construido para tiradores instintivos que valoran el rendimiento, la est\u00e9tica y la artesan\u00eda.<\/p>\n<p><strong>Caracter\u00edsticas principales<\/strong><br \/>\nDise\u00f1o recurvo desmontable &#8211; para mayor comodidad.<br \/>\nPalas &#8211; con vetas de madera natural y elegante modelado<br \/>\nCompatible con palas recurvos y longbow &#8211; de la serie Viper<\/p>\n<p><strong>Specifications<\/strong><br \/>\nLength: 62&#8243;<br \/>\nWeight: 1.4 kg<br \/>\nMaterial: Wood (multi-layered, hand-finished)<br \/>\nType: Take-down recurve bow<\/p>\n","protected":false},"excerpt":{"rendered":"<p><img decoding=\"async\" class=\"alignnone size-medium wp-image-8685\" src=\"https:\/\/arzasarchery.com\/wp-content\/uploads\/logo-old-mountain-300x116.webp\" alt=\"\" width=\"300\" height=\"116\" srcset=\"https:\/\/arzasarchery.com\/wp-content\/uploads\/logo-old-mountain-300x116.webp 300w, https:\/\/arzasarchery.com\/wp-content\/uploads\/logo-old-mountain-600x232.webp 600w, https:\/\/arzasarchery.com\/wp-content\/uploads\/logo-old-mountain-768x297.webp 768w, https:\/\/arzasarchery.com\/wp-content\/uploads\/logo-old-mountain-1536x594.webp 1536w, https:\/\/arzasarchery.com\/wp-content\/uploads\/logo-old-mountain-2048x791.webp 2048w, https:\/\/arzasarchery.com\/wp-content\/uploads\/logo-old-mountain-700x271.webp 700w\" sizes=\"(max-width: 300px) 100vw, 300px\" \/><\/p>\n<p>&nbsp;<\/p>\n","protected":false},"featured_media":9971,"template":"","meta":[],"product_brand":[],"product_cat":[64,42],"product_tag":[],"class_list":{"0":"post-9970","1":"product","2":"type-product","3":"status-publish","4":"has-post-thumbnail","6":"product_cat-recurvos-trad-t-d","7":"product_cat-arcos","8":"pa_mano-lh","9":"pa_mano-rh","11":"first","12":"instock","13":"taxable","14":"shipping-taxable","15":"purchasable","16":"product-type-simple"},"yoast_head":"<!-- This site is optimized with the Yoast SEO plugin v25.6 - https:\/\/yoast.com\/wordpress\/plugins\/seo\/ -->\n<title>Recurvo Tradicional T\/D Old Mountain VIPER - Arza&#039;s Archery<\/title>\n<meta name=\"robots\" content=\"index, follow, max-snippet:-1, max-image-preview:large, max-video-preview:-1\" \/>\n<link rel=\"canonical\" href=\"https:\/\/arzasarchery.com\/producto\/recurvo-tradicional-t-d-old-mountain-viper\/\" \/>\n<meta property=\"og:locale\" content=\"ca_ES\" \/>\n<meta property=\"og:type\" content=\"article\" \/>\n<meta property=\"og:title\" content=\"Recurvo Tradicional T\/D Old Mountain VIPER - Arza&#039;s Archery\" \/>\n<meta property=\"og:description\" content=\"&nbsp;\" \/>\n<meta property=\"og:url\" content=\"https:\/\/arzasarchery.com\/producto\/recurvo-tradicional-t-d-old-mountain-viper\/\" \/>\n<meta property=\"og:site_name\" content=\"Arza&#039;s Archery\" \/>\n<meta property=\"article:modified_time\" content=\"2025-08-28T11:08:12+00:00\" \/>\n<meta property=\"og:image\" content=\"https:\/\/arzasarchery.com\/wp-content\/uploads\/arc-HUNTING-OLD-MOUNTAIN-VIPER.jpg\" \/>\n\t<meta property=\"og:image:width\" content=\"740\" \/>\n\t<meta property=\"og:image:height\" content=\"1024\" \/>\n\t<meta property=\"og:image:type\" content=\"image\/jpeg\" \/>\n<meta name=\"twitter:card\" content=\"summary_large_image\" \/>\n<meta name=\"twitter:label1\" content=\"Temps estimat de lectura\" \/>\n\t<meta name=\"twitter:data1\" content=\"1 minut\" \/>\n<script type=\"application\/ld+json\" class=\"yoast-schema-graph\">{\"@context\":\"https:\/\/schema.org\",\"@graph\":[{\"@type\":\"WebPage\",\"@id\":\"https:\/\/arzasarchery.com\/producto\/recurvo-tradicional-t-d-old-mountain-viper\/\",\"url\":\"https:\/\/arzasarchery.com\/producto\/recurvo-tradicional-t-d-old-mountain-viper\/\",\"name\":\"Recurvo Tradicional T\/D Old Mountain VIPER - Arza&#039;s Archery\",\"isPartOf\":{\"@id\":\"https:\/\/arzasarchery.com\/#website\"},\"primaryImageOfPage\":{\"@id\":\"https:\/\/arzasarchery.com\/producto\/recurvo-tradicional-t-d-old-mountain-viper\/#primaryimage\"},\"image\":{\"@id\":\"https:\/\/arzasarchery.com\/producto\/recurvo-tradicional-t-d-old-mountain-viper\/#primaryimage\"},\"thumbnailUrl\":\"https:\/\/arzasarchery.com\/wp-content\/uploads\/arc-HUNTING-OLD-MOUNTAIN-VIPER.jpg\",\"datePublished\":\"2025-08-28T10:54:19+00:00\",\"dateModified\":\"2025-08-28T11:08:12+00:00\",\"breadcrumb\":{\"@id\":\"https:\/\/arzasarchery.com\/producto\/recurvo-tradicional-t-d-old-mountain-viper\/#breadcrumb\"},\"inLanguage\":\"ca\",\"potentialAction\":[{\"@type\":\"ReadAction\",\"target\":[\"https:\/\/arzasarchery.com\/producto\/recurvo-tradicional-t-d-old-mountain-viper\/\"]}]},{\"@type\":\"ImageObject\",\"inLanguage\":\"ca\",\"@id\":\"https:\/\/arzasarchery.com\/producto\/recurvo-tradicional-t-d-old-mountain-viper\/#primaryimage\",\"url\":\"https:\/\/arzasarchery.com\/wp-content\/uploads\/arc-HUNTING-OLD-MOUNTAIN-VIPER.jpg\",\"contentUrl\":\"https:\/\/arzasarchery.com\/wp-content\/uploads\/arc-HUNTING-OLD-MOUNTAIN-VIPER.jpg\",\"width\":740,\"height\":1024},{\"@type\":\"BreadcrumbList\",\"@id\":\"https:\/\/arzasarchery.com\/producto\/recurvo-tradicional-t-d-old-mountain-viper\/#breadcrumb\",\"itemListElement\":[{\"@type\":\"ListItem\",\"position\":1,\"name\":\"Portada\",\"item\":\"https:\/\/arzasarchery.com\/\"},{\"@type\":\"ListItem\",\"position\":2,\"name\":\"Botiga\",\"item\":\"https:\/\/arzasarchery.com\/ca\/botiga\/\"},{\"@type\":\"ListItem\",\"position\":3,\"name\":\"Recurvo Tradicional T\/D Old Mountain VIPER\"}]},{\"@type\":\"WebSite\",\"@id\":\"https:\/\/arzasarchery.com\/#website\",\"url\":\"https:\/\/arzasarchery.com\/\",\"name\":\"Arza&#039;s Archery\",\"description\":\"Arzas Archery\",\"potentialAction\":[{\"@type\":\"SearchAction\",\"target\":{\"@type\":\"EntryPoint\",\"urlTemplate\":\"https:\/\/arzasarchery.com\/?s={search_term_string}\"},\"query-input\":{\"@type\":\"PropertyValueSpecification\",\"valueRequired\":true,\"valueName\":\"search_term_string\"}}],\"inLanguage\":\"ca\"}]}<\/script>\n<!-- \/ Yoast SEO plugin. -->","yoast_head_json":{"title":"Recurvo Tradicional T\/D Old Mountain VIPER - Arza&#039;s Archery","robots":{"index":"index","follow":"follow","max-snippet":"max-snippet:-1","max-image-preview":"max-image-preview:large","max-video-preview":"max-video-preview:-1"},"canonical":"https:\/\/arzasarchery.com\/producto\/recurvo-tradicional-t-d-old-mountain-viper\/","og_locale":"ca_ES","og_type":"article","og_title":"Recurvo Tradicional T\/D Old Mountain VIPER - Arza&#039;s Archery","og_description":"&nbsp;","og_url":"https:\/\/arzasarchery.com\/producto\/recurvo-tradicional-t-d-old-mountain-viper\/","og_site_name":"Arza&#039;s Archery","article_modified_time":"2025-08-28T11:08:12+00:00","og_image":[{"width":740,"height":1024,"url":"https:\/\/arzasarchery.com\/wp-content\/uploads\/arc-HUNTING-OLD-MOUNTAIN-VIPER.jpg","type":"image\/jpeg"}],"twitter_card":"summary_large_image","twitter_misc":{"Temps estimat de lectura":"1 minut"},"schema":{"@context":"https:\/\/schema.org","@graph":[{"@type":"WebPage","@id":"https:\/\/arzasarchery.com\/producto\/recurvo-tradicional-t-d-old-mountain-viper\/","url":"https:\/\/arzasarchery.com\/producto\/recurvo-tradicional-t-d-old-mountain-viper\/","name":"Recurvo Tradicional T\/D Old Mountain VIPER - Arza&#039;s Archery","isPartOf":{"@id":"https:\/\/arzasarchery.com\/#website"},"primaryImageOfPage":{"@id":"https:\/\/arzasarchery.com\/producto\/recurvo-tradicional-t-d-old-mountain-viper\/#primaryimage"},"image":{"@id":"https:\/\/arzasarchery.com\/producto\/recurvo-tradicional-t-d-old-mountain-viper\/#primaryimage"},"thumbnailUrl":"https:\/\/arzasarchery.com\/wp-content\/uploads\/arc-HUNTING-OLD-MOUNTAIN-VIPER.jpg","datePublished":"2025-08-28T10:54:19+00:00","dateModified":"2025-08-28T11:08:12+00:00","breadcrumb":{"@id":"https:\/\/arzasarchery.com\/producto\/recurvo-tradicional-t-d-old-mountain-viper\/#breadcrumb"},"inLanguage":"ca","potentialAction":[{"@type":"ReadAction","target":["https:\/\/arzasarchery.com\/producto\/recurvo-tradicional-t-d-old-mountain-viper\/"]}]},{"@type":"ImageObject","inLanguage":"ca","@id":"https:\/\/arzasarchery.com\/producto\/recurvo-tradicional-t-d-old-mountain-viper\/#primaryimage","url":"https:\/\/arzasarchery.com\/wp-content\/uploads\/arc-HUNTING-OLD-MOUNTAIN-VIPER.jpg","contentUrl":"https:\/\/arzasarchery.com\/wp-content\/uploads\/arc-HUNTING-OLD-MOUNTAIN-VIPER.jpg","width":740,"height":1024},{"@type":"BreadcrumbList","@id":"https:\/\/arzasarchery.com\/producto\/recurvo-tradicional-t-d-old-mountain-viper\/#breadcrumb","itemListElement":[{"@type":"ListItem","position":1,"name":"Portada","item":"https:\/\/arzasarchery.com\/"},{"@type":"ListItem","position":2,"name":"Botiga","item":"https:\/\/arzasarchery.com\/ca\/botiga\/"},{"@type":"ListItem","position":3,"name":"Recurvo Tradicional T\/D Old Mountain VIPER"}]},{"@type":"WebSite","@id":"https:\/\/arzasarchery.com\/#website","url":"https:\/\/arzasarchery.com\/","name":"Arza&#039;s Archery","description":"Arzas Archery","potentialAction":[{"@type":"SearchAction","target":{"@type":"EntryPoint","urlTemplate":"https:\/\/arzasarchery.com\/?s={search_term_string}"},"query-input":{"@type":"PropertyValueSpecification","valueRequired":true,"valueName":"search_term_string"}}],"inLanguage":"ca"}]}},"_links":{"self":[{"href":"https:\/\/arzasarchery.com\/ca\/wp-json\/wp\/v2\/product\/9970","targetHints":{"allow":["GET"]}}],"collection":[{"href":"https:\/\/arzasarchery.com\/ca\/wp-json\/wp\/v2\/product"}],"about":[{"href":"https:\/\/arzasarchery.com\/ca\/wp-json\/wp\/v2\/types\/product"}],"wp:featuredmedia":[{"embeddable":true,"href":"https:\/\/arzasarchery.com\/ca\/wp-json\/wp\/v2\/media\/9971"}],"wp:attachment":[{"href":"https:\/\/arzasarchery.com\/ca\/wp-json\/wp\/v2\/media?parent=9970"}],"wp:term":[{"taxonomy":"product_brand","embeddable":true,"href":"https:\/\/arzasarchery.com\/ca\/wp-json\/wp\/v2\/product_brand?post=9970"},{"taxonomy":"product_cat","embeddable":true,"href":"https:\/\/arzasarchery.com\/ca\/wp-json\/wp\/v2\/product_cat?post=9970"},{"taxonomy":"product_tag","embeddable":true,"href":"https:\/\/arzasarchery.com\/ca\/wp-json\/wp\/v2\/product_tag?post=9970"}],"curies":[{"name":"wp","href":"https:\/\/api.w.org\/{rel}","templated":true}]}}