{"id":9596,"date":"2025-02-02T17:09:28","date_gmt":"2025-02-02T15:09:28","guid":{"rendered":"https:\/\/arzasarchery.com\/?post_type=product&#038;p=9596"},"modified":"2025-02-02T17:34:28","modified_gmt":"2025-02-02T15:34:28","slug":"palas-olimpico-uukha-omega","status":"publish","type":"product","link":"https:\/\/arzasarchery.com\/ca\/producte\/palas-olimpico-uukha-omega\/","title":{"rendered":"Palas Ol\u00edmpico UUKHA OMEGA"},"content":{"rendered":"<h2 class=\"font-product-title\"><strong>Palas Omega UUkha 2025<\/strong><\/h2>\n<ul id=\"pills-tab\" class=\"nav nav-pills mb-3\" role=\"tablist\">\n<li class=\"nav-item\">Key features<\/li>\n<\/ul>\n<div id=\"pills-tabContent\" class=\"tab-content\">\n<div id=\"pills-home\" class=\"tab-pane fade show active\" role=\"tabpanel\" aria-labelledby=\"pills-home-tab\">\n<div class=\"row\">\n<div class=\"col-md-12\">\n<p>Fabricadas al 100% con fibra de carbono, las palas OMEGA presentan los tejidos de carbono de alta calidad m\u00e1s finos, ligeros y resistentes, mantienen y ofrecen un nivel de velocidad a\u00fan mayor.<\/p>\n<p>Las palas OMEGA ofrecen un extraordinario nivel de precisi\u00f3n -mucho mayor que el de otras palas premium del mercado son la elecci\u00f3n ideal para los arqueros que buscan un rendimiento de primer nivel.<\/p>\n<p>Con las palas OMEGA, no hay compromiso: disfrute de un esfuerzo de tiro lineal, una comodidad inigualable en el tiro, una estabilidad perfecta, una velocidad de flecha impresionante, una precisi\u00f3n excepcional y, sobre todo, un placer de tiro sin igual.<br \/>\nLas palas m\u00e1s r\u00e1pidas mejoran la precisi\u00f3n especialmente en condiciones de viento, la trayectoria m\u00e1s baja significa menos tiempo en el aire, menos deriva del viento, mejores marcas de visor en las distancias m\u00e1s largas.<\/p>\n<p>Para conseguir una velocidad equivalente, necesitar\u00eda tirar hasta 4# m\u00e1s con otras palas del mercado.<\/p>\n<\/div>\n<\/div>\n<\/div>\n<\/div>\n<p>&nbsp;<\/p>\n<p>Length: 66&#8243;, 68&#8243;, 70&#8243;, 72&#8243; ( H25 )<br \/>\nMaterial: Carbon<br \/>\nLimb Fitting: ILF<\/p>\n","protected":false},"excerpt":{"rendered":"<p><strong><img decoding=\"async\" class=\"alignnone size-medium wp-image-9600\" src=\"https:\/\/arzasarchery.com\/wp-content\/uploads\/logo-UUKHA-300x157.webp\" alt=\"\" width=\"300\" height=\"157\" srcset=\"https:\/\/arzasarchery.com\/wp-content\/uploads\/logo-UUKHA-300x157.webp 300w, https:\/\/arzasarchery.com\/wp-content\/uploads\/logo-UUKHA-600x313.webp 600w, https:\/\/arzasarchery.com\/wp-content\/uploads\/logo-UUKHA-768x401.webp 768w, https:\/\/arzasarchery.com\/wp-content\/uploads\/logo-UUKHA-700x365.webp 700w, https:\/\/arzasarchery.com\/wp-content\/uploads\/logo-UUKHA.webp 1320w\" sizes=\"(max-width: 300px) 100vw, 300px\" \/><\/strong><\/p>\n<p><strong>ESPECIFICACIONES :Anotar tama\u00f1o\/potencia que desees .<\/strong><\/p>\n","protected":false},"featured_media":0,"template":"","meta":[],"product_brand":[],"product_cat":[42,44,882],"product_tag":[],"class_list":{"0":"post-9596","1":"product","2":"type-product","3":"status-publish","5":"product_cat-arcos","6":"product_cat-palas-olimpico","7":"product_cat-palas-olimpico-uukha","9":"first","10":"instock","11":"taxable","12":"shipping-taxable","13":"purchasable","14":"product-type-simple"},"yoast_head":"<!-- This site is optimized with the Yoast SEO plugin v25.6 - https:\/\/yoast.com\/wordpress\/plugins\/seo\/ -->\n<title>Palas Ol\u00edmpico UUKHA OMEGA - Arza&#039;s Archery<\/title>\n<meta name=\"robots\" content=\"index, follow, max-snippet:-1, max-image-preview:large, max-video-preview:-1\" \/>\n<link rel=\"canonical\" href=\"https:\/\/arzasarchery.com\/producto\/palas-olimpico-uukha-omega\/\" \/>\n<meta property=\"og:locale\" content=\"ca_ES\" \/>\n<meta property=\"og:type\" content=\"article\" \/>\n<meta property=\"og:title\" content=\"Palas Ol\u00edmpico UUKHA OMEGA - Arza&#039;s Archery\" \/>\n<meta property=\"og:description\" content=\"ESPECIFICACIONES :Anotar tama\u00f1o\/potencia que desees .\" \/>\n<meta property=\"og:url\" content=\"https:\/\/arzasarchery.com\/producto\/palas-olimpico-uukha-omega\/\" \/>\n<meta property=\"og:site_name\" content=\"Arza&#039;s Archery\" \/>\n<meta property=\"article:modified_time\" content=\"2025-02-02T15:34:28+00:00\" \/>\n<meta name=\"twitter:card\" content=\"summary_large_image\" \/>\n<meta name=\"twitter:label1\" content=\"Temps estimat de lectura\" \/>\n\t<meta name=\"twitter:data1\" content=\"1 minut\" \/>\n<script type=\"application\/ld+json\" class=\"yoast-schema-graph\">{\"@context\":\"https:\/\/schema.org\",\"@graph\":[{\"@type\":\"WebPage\",\"@id\":\"https:\/\/arzasarchery.com\/producto\/palas-olimpico-uukha-omega\/\",\"url\":\"https:\/\/arzasarchery.com\/producto\/palas-olimpico-uukha-omega\/\",\"name\":\"Palas Ol\u00edmpico UUKHA OMEGA - Arza&#039;s Archery\",\"isPartOf\":{\"@id\":\"https:\/\/arzasarchery.com\/#website\"},\"datePublished\":\"2025-02-02T15:09:28+00:00\",\"dateModified\":\"2025-02-02T15:34:28+00:00\",\"breadcrumb\":{\"@id\":\"https:\/\/arzasarchery.com\/producto\/palas-olimpico-uukha-omega\/#breadcrumb\"},\"inLanguage\":\"ca\",\"potentialAction\":[{\"@type\":\"ReadAction\",\"target\":[\"https:\/\/arzasarchery.com\/producto\/palas-olimpico-uukha-omega\/\"]}]},{\"@type\":\"BreadcrumbList\",\"@id\":\"https:\/\/arzasarchery.com\/producto\/palas-olimpico-uukha-omega\/#breadcrumb\",\"itemListElement\":[{\"@type\":\"ListItem\",\"position\":1,\"name\":\"Portada\",\"item\":\"https:\/\/arzasarchery.com\/\"},{\"@type\":\"ListItem\",\"position\":2,\"name\":\"Botiga\",\"item\":\"https:\/\/arzasarchery.com\/ca\/botiga\/\"},{\"@type\":\"ListItem\",\"position\":3,\"name\":\"Palas Ol\u00edmpico UUKHA OMEGA\"}]},{\"@type\":\"WebSite\",\"@id\":\"https:\/\/arzasarchery.com\/#website\",\"url\":\"https:\/\/arzasarchery.com\/\",\"name\":\"Arza&#039;s Archery\",\"description\":\"Arzas Archery\",\"potentialAction\":[{\"@type\":\"SearchAction\",\"target\":{\"@type\":\"EntryPoint\",\"urlTemplate\":\"https:\/\/arzasarchery.com\/?s={search_term_string}\"},\"query-input\":{\"@type\":\"PropertyValueSpecification\",\"valueRequired\":true,\"valueName\":\"search_term_string\"}}],\"inLanguage\":\"ca\"}]}<\/script>\n<!-- \/ Yoast SEO plugin. -->","yoast_head_json":{"title":"Palas Ol\u00edmpico UUKHA OMEGA - Arza&#039;s Archery","robots":{"index":"index","follow":"follow","max-snippet":"max-snippet:-1","max-image-preview":"max-image-preview:large","max-video-preview":"max-video-preview:-1"},"canonical":"https:\/\/arzasarchery.com\/producto\/palas-olimpico-uukha-omega\/","og_locale":"ca_ES","og_type":"article","og_title":"Palas Ol\u00edmpico UUKHA OMEGA - Arza&#039;s Archery","og_description":"ESPECIFICACIONES :Anotar tama\u00f1o\/potencia que desees .","og_url":"https:\/\/arzasarchery.com\/producto\/palas-olimpico-uukha-omega\/","og_site_name":"Arza&#039;s Archery","article_modified_time":"2025-02-02T15:34:28+00:00","twitter_card":"summary_large_image","twitter_misc":{"Temps estimat de lectura":"1 minut"},"schema":{"@context":"https:\/\/schema.org","@graph":[{"@type":"WebPage","@id":"https:\/\/arzasarchery.com\/producto\/palas-olimpico-uukha-omega\/","url":"https:\/\/arzasarchery.com\/producto\/palas-olimpico-uukha-omega\/","name":"Palas Ol\u00edmpico UUKHA OMEGA - Arza&#039;s Archery","isPartOf":{"@id":"https:\/\/arzasarchery.com\/#website"},"datePublished":"2025-02-02T15:09:28+00:00","dateModified":"2025-02-02T15:34:28+00:00","breadcrumb":{"@id":"https:\/\/arzasarchery.com\/producto\/palas-olimpico-uukha-omega\/#breadcrumb"},"inLanguage":"ca","potentialAction":[{"@type":"ReadAction","target":["https:\/\/arzasarchery.com\/producto\/palas-olimpico-uukha-omega\/"]}]},{"@type":"BreadcrumbList","@id":"https:\/\/arzasarchery.com\/producto\/palas-olimpico-uukha-omega\/#breadcrumb","itemListElement":[{"@type":"ListItem","position":1,"name":"Portada","item":"https:\/\/arzasarchery.com\/"},{"@type":"ListItem","position":2,"name":"Botiga","item":"https:\/\/arzasarchery.com\/ca\/botiga\/"},{"@type":"ListItem","position":3,"name":"Palas Ol\u00edmpico UUKHA OMEGA"}]},{"@type":"WebSite","@id":"https:\/\/arzasarchery.com\/#website","url":"https:\/\/arzasarchery.com\/","name":"Arza&#039;s Archery","description":"Arzas Archery","potentialAction":[{"@type":"SearchAction","target":{"@type":"EntryPoint","urlTemplate":"https:\/\/arzasarchery.com\/?s={search_term_string}"},"query-input":{"@type":"PropertyValueSpecification","valueRequired":true,"valueName":"search_term_string"}}],"inLanguage":"ca"}]}},"_links":{"self":[{"href":"https:\/\/arzasarchery.com\/ca\/wp-json\/wp\/v2\/product\/9596","targetHints":{"allow":["GET"]}}],"collection":[{"href":"https:\/\/arzasarchery.com\/ca\/wp-json\/wp\/v2\/product"}],"about":[{"href":"https:\/\/arzasarchery.com\/ca\/wp-json\/wp\/v2\/types\/product"}],"wp:attachment":[{"href":"https:\/\/arzasarchery.com\/ca\/wp-json\/wp\/v2\/media?parent=9596"}],"wp:term":[{"taxonomy":"product_brand","embeddable":true,"href":"https:\/\/arzasarchery.com\/ca\/wp-json\/wp\/v2\/product_brand?post=9596"},{"taxonomy":"product_cat","embeddable":true,"href":"https:\/\/arzasarchery.com\/ca\/wp-json\/wp\/v2\/product_cat?post=9596"},{"taxonomy":"product_tag","embeddable":true,"href":"https:\/\/arzasarchery.com\/ca\/wp-json\/wp\/v2\/product_tag?post=9596"}],"curies":[{"name":"wp","href":"https:\/\/api.w.org\/{rel}","templated":true}]}}