{"id":9375,"date":"2024-10-31T17:59:07","date_gmt":"2024-10-31T15:59:07","guid":{"rendered":"https:\/\/arzasarchery.com\/?post_type=product&#038;p=9375"},"modified":"2025-08-11T14:10:20","modified_gmt":"2025-08-11T12:10:20","slug":"cuerpos-tradicional-buck-trail-volon","status":"publish","type":"product","link":"https:\/\/arzasarchery.com\/ca\/producte\/cuerpos-tradicional-buck-trail-volon\/","title":{"rendered":"Cuerpos Tradicional BUCK TRAIL VOLON"},"content":{"rendered":"<p class=\"font-product-title\"><strong>RISERS ILF WOOD VOLON PHENOLIC with LIMB ALIGNMENT SYSTEM\u00a0<\/strong><\/p>\n<p>El <b><strong>Buck Trail Volon Traditional Recurve Riser<\/strong><\/b> combina la artesan\u00eda con el rendimiento. Disponible en tama\u00f1o de<b><strong>\u00a019<\/strong><\/b> &#8220;, este cuerpo compatible con ILF est\u00e1 dise\u00f1ado para proporcionar estabilidad, reducir la vibraci\u00f3n y ofrecer excelentes resultados en el tiro. Las combinaciones de madera lo hacen visualmente atractivo.<\/p>\n<p><b><strong>Caracter\u00edsticas:<\/strong><\/b><\/p>\n<ul>\n<li><b><strong>Longitud:<\/strong><\/b> 19&#8243;.<\/li>\n<li><b><strong>Peso:<\/strong><\/b>\u00a0 970g (19&#8243;).<\/li>\n<li><b><strong>Ajuste ILF:<\/strong><\/b> Compatible con las palas ILF, con un sistema de alineaci\u00f3n de las palas.<\/li>\n<li><b><strong>Construcci\u00f3n de madera<\/strong><\/b><\/li>\n<li><b><strong>Reducci\u00f3n de la vibraci\u00f3n<\/strong><\/b><\/li>\n<li><strong>Color:\u00a0<\/strong>Orange, Green, Grey<\/li>\n<\/ul>\n<p>&nbsp;<\/p>\n<p>&nbsp;<\/p>\n<p class=\"font-product-title\">\n","protected":false},"excerpt":{"rendered":"<p><strong><img fetchpriority=\"high\" decoding=\"async\" class=\"alignnone size-full wp-image-1025\" src=\"https:\/\/arzasarchery.com\/wp-content\/uploads\/2020\/03\/logo-buck-trail.png\" alt=\"\" width=\"301\" height=\"167\" srcset=\"https:\/\/arzasarchery.com\/wp-content\/uploads\/2020\/03\/logo-buck-trail.png 301w, https:\/\/arzasarchery.com\/wp-content\/uploads\/2020\/03\/logo-buck-trail-150x84.png 150w\" sizes=\"(max-width: 301px) 100vw, 301px\" \/><\/strong><\/p>\n<p><strong>ESPECIFICACIONES : Anotar mano que desees y color.<\/strong><\/p>\n","protected":false},"featured_media":9459,"template":"","meta":[],"product_brand":[],"product_cat":[64,42],"product_tag":[],"class_list":{"0":"post-9375","1":"product","2":"type-product","3":"status-publish","4":"has-post-thumbnail","6":"product_cat-recurvos-trad-t-d","7":"product_cat-arcos","8":"pa_color-verde","9":"pa_color-grey","10":"pa_color-naranja","11":"pa_mano-lh","12":"pa_mano-rh","14":"first","15":"instock","16":"taxable","17":"shipping-taxable","18":"purchasable","19":"product-type-simple"},"yoast_head":"<!-- This site is optimized with the Yoast SEO plugin v25.6 - https:\/\/yoast.com\/wordpress\/plugins\/seo\/ -->\n<title>Cuerpos Tradicional BUCK TRAIL VOLON - Arza&#039;s Archery<\/title>\n<meta name=\"robots\" content=\"index, follow, max-snippet:-1, max-image-preview:large, max-video-preview:-1\" \/>\n<link rel=\"canonical\" href=\"https:\/\/arzasarchery.com\/producto\/cuerpos-tradicional-buck-trail-volon\/\" \/>\n<meta property=\"og:locale\" content=\"ca_ES\" \/>\n<meta property=\"og:type\" content=\"article\" \/>\n<meta property=\"og:title\" content=\"Cuerpos Tradicional BUCK TRAIL VOLON - Arza&#039;s Archery\" \/>\n<meta property=\"og:description\" content=\"ESPECIFICACIONES : Anotar mano que desees y color.\" \/>\n<meta property=\"og:url\" content=\"https:\/\/arzasarchery.com\/producto\/cuerpos-tradicional-buck-trail-volon\/\" \/>\n<meta property=\"og:site_name\" content=\"Arza&#039;s Archery\" \/>\n<meta property=\"article:modified_time\" content=\"2025-08-11T12:10:20+00:00\" \/>\n<meta property=\"og:image\" content=\"https:\/\/arzasarchery.com\/wp-content\/uploads\/cuerpos-tradicional-HUNTING-VOLON-1.jpg\" \/>\n\t<meta property=\"og:image:width\" content=\"962\" \/>\n\t<meta property=\"og:image:height\" content=\"1023\" \/>\n\t<meta property=\"og:image:type\" content=\"image\/jpeg\" \/>\n<meta name=\"twitter:card\" content=\"summary_large_image\" \/>\n<meta name=\"twitter:label1\" content=\"Temps estimat de lectura\" \/>\n\t<meta name=\"twitter:data1\" content=\"1 minut\" \/>\n<script type=\"application\/ld+json\" class=\"yoast-schema-graph\">{\"@context\":\"https:\/\/schema.org\",\"@graph\":[{\"@type\":\"WebPage\",\"@id\":\"https:\/\/arzasarchery.com\/producto\/cuerpos-tradicional-buck-trail-volon\/\",\"url\":\"https:\/\/arzasarchery.com\/producto\/cuerpos-tradicional-buck-trail-volon\/\",\"name\":\"Cuerpos Tradicional BUCK TRAIL VOLON - Arza&#039;s Archery\",\"isPartOf\":{\"@id\":\"https:\/\/arzasarchery.com\/#website\"},\"primaryImageOfPage\":{\"@id\":\"https:\/\/arzasarchery.com\/producto\/cuerpos-tradicional-buck-trail-volon\/#primaryimage\"},\"image\":{\"@id\":\"https:\/\/arzasarchery.com\/producto\/cuerpos-tradicional-buck-trail-volon\/#primaryimage\"},\"thumbnailUrl\":\"https:\/\/arzasarchery.com\/wp-content\/uploads\/cuerpos-tradicional-HUNTING-VOLON-1.jpg\",\"datePublished\":\"2024-10-31T15:59:07+00:00\",\"dateModified\":\"2025-08-11T12:10:20+00:00\",\"breadcrumb\":{\"@id\":\"https:\/\/arzasarchery.com\/producto\/cuerpos-tradicional-buck-trail-volon\/#breadcrumb\"},\"inLanguage\":\"ca\",\"potentialAction\":[{\"@type\":\"ReadAction\",\"target\":[\"https:\/\/arzasarchery.com\/producto\/cuerpos-tradicional-buck-trail-volon\/\"]}]},{\"@type\":\"ImageObject\",\"inLanguage\":\"ca\",\"@id\":\"https:\/\/arzasarchery.com\/producto\/cuerpos-tradicional-buck-trail-volon\/#primaryimage\",\"url\":\"https:\/\/arzasarchery.com\/wp-content\/uploads\/cuerpos-tradicional-HUNTING-VOLON-1.jpg\",\"contentUrl\":\"https:\/\/arzasarchery.com\/wp-content\/uploads\/cuerpos-tradicional-HUNTING-VOLON-1.jpg\",\"width\":962,\"height\":1023},{\"@type\":\"BreadcrumbList\",\"@id\":\"https:\/\/arzasarchery.com\/producto\/cuerpos-tradicional-buck-trail-volon\/#breadcrumb\",\"itemListElement\":[{\"@type\":\"ListItem\",\"position\":1,\"name\":\"Portada\",\"item\":\"https:\/\/arzasarchery.com\/\"},{\"@type\":\"ListItem\",\"position\":2,\"name\":\"Botiga\",\"item\":\"https:\/\/arzasarchery.com\/ca\/botiga\/\"},{\"@type\":\"ListItem\",\"position\":3,\"name\":\"Cuerpos Tradicional BUCK TRAIL VOLON\"}]},{\"@type\":\"WebSite\",\"@id\":\"https:\/\/arzasarchery.com\/#website\",\"url\":\"https:\/\/arzasarchery.com\/\",\"name\":\"Arza&#039;s Archery\",\"description\":\"Arzas Archery\",\"potentialAction\":[{\"@type\":\"SearchAction\",\"target\":{\"@type\":\"EntryPoint\",\"urlTemplate\":\"https:\/\/arzasarchery.com\/?s={search_term_string}\"},\"query-input\":{\"@type\":\"PropertyValueSpecification\",\"valueRequired\":true,\"valueName\":\"search_term_string\"}}],\"inLanguage\":\"ca\"}]}<\/script>\n<!-- \/ Yoast SEO plugin. -->","yoast_head_json":{"title":"Cuerpos Tradicional BUCK TRAIL VOLON - Arza&#039;s Archery","robots":{"index":"index","follow":"follow","max-snippet":"max-snippet:-1","max-image-preview":"max-image-preview:large","max-video-preview":"max-video-preview:-1"},"canonical":"https:\/\/arzasarchery.com\/producto\/cuerpos-tradicional-buck-trail-volon\/","og_locale":"ca_ES","og_type":"article","og_title":"Cuerpos Tradicional BUCK TRAIL VOLON - Arza&#039;s Archery","og_description":"ESPECIFICACIONES : Anotar mano que desees y color.","og_url":"https:\/\/arzasarchery.com\/producto\/cuerpos-tradicional-buck-trail-volon\/","og_site_name":"Arza&#039;s Archery","article_modified_time":"2025-08-11T12:10:20+00:00","og_image":[{"width":962,"height":1023,"url":"https:\/\/arzasarchery.com\/wp-content\/uploads\/cuerpos-tradicional-HUNTING-VOLON-1.jpg","type":"image\/jpeg"}],"twitter_card":"summary_large_image","twitter_misc":{"Temps estimat de lectura":"1 minut"},"schema":{"@context":"https:\/\/schema.org","@graph":[{"@type":"WebPage","@id":"https:\/\/arzasarchery.com\/producto\/cuerpos-tradicional-buck-trail-volon\/","url":"https:\/\/arzasarchery.com\/producto\/cuerpos-tradicional-buck-trail-volon\/","name":"Cuerpos Tradicional BUCK TRAIL VOLON - Arza&#039;s Archery","isPartOf":{"@id":"https:\/\/arzasarchery.com\/#website"},"primaryImageOfPage":{"@id":"https:\/\/arzasarchery.com\/producto\/cuerpos-tradicional-buck-trail-volon\/#primaryimage"},"image":{"@id":"https:\/\/arzasarchery.com\/producto\/cuerpos-tradicional-buck-trail-volon\/#primaryimage"},"thumbnailUrl":"https:\/\/arzasarchery.com\/wp-content\/uploads\/cuerpos-tradicional-HUNTING-VOLON-1.jpg","datePublished":"2024-10-31T15:59:07+00:00","dateModified":"2025-08-11T12:10:20+00:00","breadcrumb":{"@id":"https:\/\/arzasarchery.com\/producto\/cuerpos-tradicional-buck-trail-volon\/#breadcrumb"},"inLanguage":"ca","potentialAction":[{"@type":"ReadAction","target":["https:\/\/arzasarchery.com\/producto\/cuerpos-tradicional-buck-trail-volon\/"]}]},{"@type":"ImageObject","inLanguage":"ca","@id":"https:\/\/arzasarchery.com\/producto\/cuerpos-tradicional-buck-trail-volon\/#primaryimage","url":"https:\/\/arzasarchery.com\/wp-content\/uploads\/cuerpos-tradicional-HUNTING-VOLON-1.jpg","contentUrl":"https:\/\/arzasarchery.com\/wp-content\/uploads\/cuerpos-tradicional-HUNTING-VOLON-1.jpg","width":962,"height":1023},{"@type":"BreadcrumbList","@id":"https:\/\/arzasarchery.com\/producto\/cuerpos-tradicional-buck-trail-volon\/#breadcrumb","itemListElement":[{"@type":"ListItem","position":1,"name":"Portada","item":"https:\/\/arzasarchery.com\/"},{"@type":"ListItem","position":2,"name":"Botiga","item":"https:\/\/arzasarchery.com\/ca\/botiga\/"},{"@type":"ListItem","position":3,"name":"Cuerpos Tradicional BUCK TRAIL VOLON"}]},{"@type":"WebSite","@id":"https:\/\/arzasarchery.com\/#website","url":"https:\/\/arzasarchery.com\/","name":"Arza&#039;s Archery","description":"Arzas Archery","potentialAction":[{"@type":"SearchAction","target":{"@type":"EntryPoint","urlTemplate":"https:\/\/arzasarchery.com\/?s={search_term_string}"},"query-input":{"@type":"PropertyValueSpecification","valueRequired":true,"valueName":"search_term_string"}}],"inLanguage":"ca"}]}},"_links":{"self":[{"href":"https:\/\/arzasarchery.com\/ca\/wp-json\/wp\/v2\/product\/9375","targetHints":{"allow":["GET"]}}],"collection":[{"href":"https:\/\/arzasarchery.com\/ca\/wp-json\/wp\/v2\/product"}],"about":[{"href":"https:\/\/arzasarchery.com\/ca\/wp-json\/wp\/v2\/types\/product"}],"wp:featuredmedia":[{"embeddable":true,"href":"https:\/\/arzasarchery.com\/ca\/wp-json\/wp\/v2\/media\/9459"}],"wp:attachment":[{"href":"https:\/\/arzasarchery.com\/ca\/wp-json\/wp\/v2\/media?parent=9375"}],"wp:term":[{"taxonomy":"product_brand","embeddable":true,"href":"https:\/\/arzasarchery.com\/ca\/wp-json\/wp\/v2\/product_brand?post=9375"},{"taxonomy":"product_cat","embeddable":true,"href":"https:\/\/arzasarchery.com\/ca\/wp-json\/wp\/v2\/product_cat?post=9375"},{"taxonomy":"product_tag","embeddable":true,"href":"https:\/\/arzasarchery.com\/ca\/wp-json\/wp\/v2\/product_tag?post=9375"}],"curies":[{"name":"wp","href":"https:\/\/api.w.org\/{rel}","templated":true}]}}