{"id":8977,"date":"2024-08-25T17:41:59","date_gmt":"2024-08-25T15:41:59","guid":{"rendered":"https:\/\/arzasarchery.com\/?post_type=product&#038;p=8977"},"modified":"2024-08-25T17:52:30","modified_gmt":"2024-08-25T15:52:30","slug":"cuerpos-tradicional-wns-hunting-black-elk-ilf-21","status":"publish","type":"product","link":"https:\/\/arzasarchery.com\/ca\/producte\/cuerpos-tradicional-wns-hunting-black-elk-ilf-21\/","title":{"rendered":"Cuerpos Tradicional WNS HUNTING BLACK ELK ILF 21&#8243;"},"content":{"rendered":"<p class=\"font-product-title\"><strong>RISERS HUNTING BOWS BLACK ELK CARBON\u00a0 21&#8243;<\/strong><\/p>\n<p>Dise\u00f1o avanzado: Combina estabilidad, ergonom\u00eda y rendimiento para el futuro a un precio b\u00e1sico.<br \/>\nConstrucci\u00f3n duradera: Presenta un cuerpo de aluminio de 21\u00bb que es c\u00f3modo y duradero.<br \/>\nAgarre de alta calidad: Equipado con un agarre de madera de alta calidad para evitar resbalones.<br \/>\nAjuste de precisi\u00f3n: Construido con el dise\u00f1o WIN&amp;WIN ILF (International Limb Fitting) para una precisi\u00f3n \u00f3ptima.<br \/>\nEspecificaciones:<br \/>\nPeso del cuerpo: 2.2 lbs \/ 1 kg<br \/>\nLongitud del arco: 62<br \/>\nLongitud del cuerpo: 21&#8243;<br \/>\nLibras: Disponible de 35 a 65 libras<br \/>\nColores disponibles: Negro, Camo Next, Verde OD, Bronce<br \/>\nTipo de arco: Adecuado tanto para arqueros diestros (D) como zurdos (I)<br \/>\nEl arco recurvo BLACK ELK ofrece un alto rendimiento y durabilidad a un precio b\u00e1sico, lo que lo convierte en la elecci\u00f3n perfecta para los tiradores de recurvo que buscan calidad y valor.<\/p>\n<p>&nbsp;<\/p>\n<p class=\"font-product-title\">\n","protected":false},"excerpt":{"rendered":"<p><img decoding=\"async\" class=\"alignnone size-full wp-image-1691\" src=\"https:\/\/arzasarchery.com\/wp-content\/uploads\/logo-ww-BLCK.jpg\" alt=\"\" width=\"141\" height=\"97\" \/><\/p>\n<p><strong>ESPECIFICACIONES : Anotar mano que desees y color.<\/strong><\/p>\n","protected":false},"featured_media":8978,"template":"","meta":[],"product_brand":[],"product_cat":[64,42],"product_tag":[],"class_list":{"0":"post-8977","1":"product","2":"type-product","3":"status-publish","4":"has-post-thumbnail","6":"product_cat-recurvos-trad-t-d","7":"product_cat-arcos","8":"pa_color-black","9":"pa_color-bronze","10":"pa_color-camo","11":"pa_color-od-green","12":"pa_mano-lh","13":"pa_mano-rh","15":"first","16":"instock","17":"taxable","18":"shipping-taxable","19":"purchasable","20":"product-type-simple"},"yoast_head":"<!-- This site is optimized with the Yoast SEO plugin v25.6 - https:\/\/yoast.com\/wordpress\/plugins\/seo\/ -->\n<title>Cuerpos Tradicional WNS HUNTING BLACK ELK ILF 21&quot; - Arza&#039;s Archery<\/title>\n<meta name=\"robots\" content=\"index, follow, max-snippet:-1, max-image-preview:large, max-video-preview:-1\" \/>\n<link rel=\"canonical\" href=\"https:\/\/arzasarchery.com\/producto\/cuerpos-tradicional-wns-hunting-black-elk-ilf-21\/\" \/>\n<meta property=\"og:locale\" content=\"ca_ES\" \/>\n<meta property=\"og:type\" content=\"article\" \/>\n<meta property=\"og:title\" content=\"Cuerpos Tradicional WNS HUNTING BLACK ELK ILF 21&quot; - Arza&#039;s Archery\" \/>\n<meta property=\"og:description\" content=\"ESPECIFICACIONES : Anotar mano que desees y color.\" \/>\n<meta property=\"og:url\" content=\"https:\/\/arzasarchery.com\/producto\/cuerpos-tradicional-wns-hunting-black-elk-ilf-21\/\" \/>\n<meta property=\"og:site_name\" content=\"Arza&#039;s Archery\" \/>\n<meta property=\"article:modified_time\" content=\"2024-08-25T15:52:30+00:00\" \/>\n<meta property=\"og:image\" content=\"https:\/\/arzasarchery.com\/wp-content\/uploads\/cuerpo-WNS-black-ELK.jpg\" \/>\n\t<meta property=\"og:image:width\" content=\"292\" \/>\n\t<meta property=\"og:image:height\" content=\"400\" \/>\n\t<meta property=\"og:image:type\" content=\"image\/jpeg\" \/>\n<meta name=\"twitter:card\" content=\"summary_large_image\" \/>\n<meta name=\"twitter:label1\" content=\"Temps estimat de lectura\" \/>\n\t<meta name=\"twitter:data1\" content=\"1 minut\" \/>\n<script type=\"application\/ld+json\" class=\"yoast-schema-graph\">{\"@context\":\"https:\/\/schema.org\",\"@graph\":[{\"@type\":\"WebPage\",\"@id\":\"https:\/\/arzasarchery.com\/producto\/cuerpos-tradicional-wns-hunting-black-elk-ilf-21\/\",\"url\":\"https:\/\/arzasarchery.com\/producto\/cuerpos-tradicional-wns-hunting-black-elk-ilf-21\/\",\"name\":\"Cuerpos Tradicional WNS HUNTING BLACK ELK ILF 21\\\" - Arza&#039;s Archery\",\"isPartOf\":{\"@id\":\"https:\/\/arzasarchery.com\/#website\"},\"primaryImageOfPage\":{\"@id\":\"https:\/\/arzasarchery.com\/producto\/cuerpos-tradicional-wns-hunting-black-elk-ilf-21\/#primaryimage\"},\"image\":{\"@id\":\"https:\/\/arzasarchery.com\/producto\/cuerpos-tradicional-wns-hunting-black-elk-ilf-21\/#primaryimage\"},\"thumbnailUrl\":\"https:\/\/arzasarchery.com\/wp-content\/uploads\/cuerpo-WNS-black-ELK.jpg\",\"datePublished\":\"2024-08-25T15:41:59+00:00\",\"dateModified\":\"2024-08-25T15:52:30+00:00\",\"breadcrumb\":{\"@id\":\"https:\/\/arzasarchery.com\/producto\/cuerpos-tradicional-wns-hunting-black-elk-ilf-21\/#breadcrumb\"},\"inLanguage\":\"ca\",\"potentialAction\":[{\"@type\":\"ReadAction\",\"target\":[\"https:\/\/arzasarchery.com\/producto\/cuerpos-tradicional-wns-hunting-black-elk-ilf-21\/\"]}]},{\"@type\":\"ImageObject\",\"inLanguage\":\"ca\",\"@id\":\"https:\/\/arzasarchery.com\/producto\/cuerpos-tradicional-wns-hunting-black-elk-ilf-21\/#primaryimage\",\"url\":\"https:\/\/arzasarchery.com\/wp-content\/uploads\/cuerpo-WNS-black-ELK.jpg\",\"contentUrl\":\"https:\/\/arzasarchery.com\/wp-content\/uploads\/cuerpo-WNS-black-ELK.jpg\",\"width\":292,\"height\":400},{\"@type\":\"BreadcrumbList\",\"@id\":\"https:\/\/arzasarchery.com\/producto\/cuerpos-tradicional-wns-hunting-black-elk-ilf-21\/#breadcrumb\",\"itemListElement\":[{\"@type\":\"ListItem\",\"position\":1,\"name\":\"Portada\",\"item\":\"https:\/\/arzasarchery.com\/\"},{\"@type\":\"ListItem\",\"position\":2,\"name\":\"Botiga\",\"item\":\"https:\/\/arzasarchery.com\/ca\/botiga\/\"},{\"@type\":\"ListItem\",\"position\":3,\"name\":\"Cuerpos Tradicional WNS HUNTING BLACK ELK ILF 21&#8243;\"}]},{\"@type\":\"WebSite\",\"@id\":\"https:\/\/arzasarchery.com\/#website\",\"url\":\"https:\/\/arzasarchery.com\/\",\"name\":\"Arza&#039;s Archery\",\"description\":\"Arzas Archery\",\"potentialAction\":[{\"@type\":\"SearchAction\",\"target\":{\"@type\":\"EntryPoint\",\"urlTemplate\":\"https:\/\/arzasarchery.com\/?s={search_term_string}\"},\"query-input\":{\"@type\":\"PropertyValueSpecification\",\"valueRequired\":true,\"valueName\":\"search_term_string\"}}],\"inLanguage\":\"ca\"}]}<\/script>\n<!-- \/ Yoast SEO plugin. -->","yoast_head_json":{"title":"Cuerpos Tradicional WNS HUNTING BLACK ELK ILF 21\" - Arza&#039;s Archery","robots":{"index":"index","follow":"follow","max-snippet":"max-snippet:-1","max-image-preview":"max-image-preview:large","max-video-preview":"max-video-preview:-1"},"canonical":"https:\/\/arzasarchery.com\/producto\/cuerpos-tradicional-wns-hunting-black-elk-ilf-21\/","og_locale":"ca_ES","og_type":"article","og_title":"Cuerpos Tradicional WNS HUNTING BLACK ELK ILF 21\" - Arza&#039;s Archery","og_description":"ESPECIFICACIONES : Anotar mano que desees y color.","og_url":"https:\/\/arzasarchery.com\/producto\/cuerpos-tradicional-wns-hunting-black-elk-ilf-21\/","og_site_name":"Arza&#039;s Archery","article_modified_time":"2024-08-25T15:52:30+00:00","og_image":[{"width":292,"height":400,"url":"https:\/\/arzasarchery.com\/wp-content\/uploads\/cuerpo-WNS-black-ELK.jpg","type":"image\/jpeg"}],"twitter_card":"summary_large_image","twitter_misc":{"Temps estimat de lectura":"1 minut"},"schema":{"@context":"https:\/\/schema.org","@graph":[{"@type":"WebPage","@id":"https:\/\/arzasarchery.com\/producto\/cuerpos-tradicional-wns-hunting-black-elk-ilf-21\/","url":"https:\/\/arzasarchery.com\/producto\/cuerpos-tradicional-wns-hunting-black-elk-ilf-21\/","name":"Cuerpos Tradicional WNS HUNTING BLACK ELK ILF 21\" - Arza&#039;s Archery","isPartOf":{"@id":"https:\/\/arzasarchery.com\/#website"},"primaryImageOfPage":{"@id":"https:\/\/arzasarchery.com\/producto\/cuerpos-tradicional-wns-hunting-black-elk-ilf-21\/#primaryimage"},"image":{"@id":"https:\/\/arzasarchery.com\/producto\/cuerpos-tradicional-wns-hunting-black-elk-ilf-21\/#primaryimage"},"thumbnailUrl":"https:\/\/arzasarchery.com\/wp-content\/uploads\/cuerpo-WNS-black-ELK.jpg","datePublished":"2024-08-25T15:41:59+00:00","dateModified":"2024-08-25T15:52:30+00:00","breadcrumb":{"@id":"https:\/\/arzasarchery.com\/producto\/cuerpos-tradicional-wns-hunting-black-elk-ilf-21\/#breadcrumb"},"inLanguage":"ca","potentialAction":[{"@type":"ReadAction","target":["https:\/\/arzasarchery.com\/producto\/cuerpos-tradicional-wns-hunting-black-elk-ilf-21\/"]}]},{"@type":"ImageObject","inLanguage":"ca","@id":"https:\/\/arzasarchery.com\/producto\/cuerpos-tradicional-wns-hunting-black-elk-ilf-21\/#primaryimage","url":"https:\/\/arzasarchery.com\/wp-content\/uploads\/cuerpo-WNS-black-ELK.jpg","contentUrl":"https:\/\/arzasarchery.com\/wp-content\/uploads\/cuerpo-WNS-black-ELK.jpg","width":292,"height":400},{"@type":"BreadcrumbList","@id":"https:\/\/arzasarchery.com\/producto\/cuerpos-tradicional-wns-hunting-black-elk-ilf-21\/#breadcrumb","itemListElement":[{"@type":"ListItem","position":1,"name":"Portada","item":"https:\/\/arzasarchery.com\/"},{"@type":"ListItem","position":2,"name":"Botiga","item":"https:\/\/arzasarchery.com\/ca\/botiga\/"},{"@type":"ListItem","position":3,"name":"Cuerpos Tradicional WNS HUNTING BLACK ELK ILF 21&#8243;"}]},{"@type":"WebSite","@id":"https:\/\/arzasarchery.com\/#website","url":"https:\/\/arzasarchery.com\/","name":"Arza&#039;s Archery","description":"Arzas Archery","potentialAction":[{"@type":"SearchAction","target":{"@type":"EntryPoint","urlTemplate":"https:\/\/arzasarchery.com\/?s={search_term_string}"},"query-input":{"@type":"PropertyValueSpecification","valueRequired":true,"valueName":"search_term_string"}}],"inLanguage":"ca"}]}},"_links":{"self":[{"href":"https:\/\/arzasarchery.com\/ca\/wp-json\/wp\/v2\/product\/8977","targetHints":{"allow":["GET"]}}],"collection":[{"href":"https:\/\/arzasarchery.com\/ca\/wp-json\/wp\/v2\/product"}],"about":[{"href":"https:\/\/arzasarchery.com\/ca\/wp-json\/wp\/v2\/types\/product"}],"wp:featuredmedia":[{"embeddable":true,"href":"https:\/\/arzasarchery.com\/ca\/wp-json\/wp\/v2\/media\/8978"}],"wp:attachment":[{"href":"https:\/\/arzasarchery.com\/ca\/wp-json\/wp\/v2\/media?parent=8977"}],"wp:term":[{"taxonomy":"product_brand","embeddable":true,"href":"https:\/\/arzasarchery.com\/ca\/wp-json\/wp\/v2\/product_brand?post=8977"},{"taxonomy":"product_cat","embeddable":true,"href":"https:\/\/arzasarchery.com\/ca\/wp-json\/wp\/v2\/product_cat?post=8977"},{"taxonomy":"product_tag","embeddable":true,"href":"https:\/\/arzasarchery.com\/ca\/wp-json\/wp\/v2\/product_tag?post=8977"}],"curies":[{"name":"wp","href":"https:\/\/api.w.org\/{rel}","templated":true}]}}