{"id":8935,"date":"2024-08-24T20:13:43","date_gmt":"2024-08-24T18:13:43","guid":{"rendered":"https:\/\/arzasarchery.com\/?post_type=product&#038;p=8935"},"modified":"2024-08-24T20:28:48","modified_gmt":"2024-08-24T18:28:48","slug":"visor-axcel-achive-xp-variable-range-recurvo-olimpico","status":"publish","type":"product","link":"https:\/\/arzasarchery.com\/ca\/producte\/visor-axcel-achive-xp-variable-range-recurvo-olimpico\/","title":{"rendered":"Visor AXCEL Achive XP Variable Range Recurvo Olimpico"},"content":{"rendered":"<p class=\"font-product-title\"><strong>RECURVE SIGHTS 8-32&#8243;ACHIEVE XP VARIABLE RANGE 2.0 UHM CARBON BAR \/ EXT 9&#8243; BLACK<\/strong><\/p>\n<p>La l\u00ednea de VISOR Axcel\u00ae Achieve XP a\u00f1ade dos nuevas visores a su gama.<br \/>\nEl visor Achieve XP 1.5 y Achieve XP 2.0 han sido dise\u00f1ados para reducir el peso, reducir las vibraciones y mejorar el equilibrio manteniendo el eje de elevaci\u00f3n del visor m\u00e1s cerca del centro de la barra deslizante de elevaci\u00f3n.<br \/>\nCon una placa de rango variable (VR) que permite al arquero cambiar la ubicaci\u00f3n del soporte de montaje del arco, el Achieve XP 1.5 y 2.0 tambi\u00e9n cuentan con un nuevo soporte de montaje de rango variable que s\u00f3lo funciona con la placa VR.<br \/>\nPara competiciones de distancia fija, un arquero puede situar el visor cerca del centro del carril de elevaci\u00f3n, eligiendo el agujero de la Placa VR que sit\u00fae el visor m\u00e1s cerca del centro del carril de elevaci\u00f3n, proporcionando el mejor equilibrio.<br \/>\nCada agujero en la placa VR equivale a 7\/32\u00bb o 7 l\u00edneas grabadas en la escala del visor grabado en el lateral.<br \/>\nLos modelos Achieve XP 1.5 y 2.0 incorporan la misma tecnolog\u00eda que el Achieve XP con la adici\u00f3n de una tecnolog\u00eda superior de reducci\u00f3n de vibraciones y peso.<br \/>\nAxcel\u00ae ha eliminado el peso del visor para que el arquero pueda ponerla donde quiera.<\/p>\n<p>&nbsp;<\/p>\n<p>&nbsp;<\/p>\n<h1 class=\"font-product-title\"><\/h1>\n<h1 class=\"font-product-title\"><\/h1>\n","protected":false},"excerpt":{"rendered":"<p><img fetchpriority=\"high\" decoding=\"async\" class=\"alignnone size-full wp-image-1108\" src=\"https:\/\/arzasarchery.com\/wp-content\/uploads\/2020\/03\/logo-axcel1.jpg\" alt=\"\" width=\"225\" height=\"225\" srcset=\"https:\/\/arzasarchery.com\/wp-content\/uploads\/2020\/03\/logo-axcel1.jpg 225w, https:\/\/arzasarchery.com\/wp-content\/uploads\/2020\/03\/logo-axcel1-100x100.jpg 100w, https:\/\/arzasarchery.com\/wp-content\/uploads\/2020\/03\/logo-axcel1-150x150.jpg 150w\" sizes=\"(max-width: 225px) 100vw, 225px\" \/><\/p>\n<p><strong>ESPECIFICACIONES : Anotar color y mano que desees .<\/strong><\/p>\n","protected":false},"featured_media":8936,"template":"","meta":[],"product_brand":[],"product_cat":[125,590],"product_tag":[],"class_list":{"0":"post-8935","1":"product","2":"type-product","3":"status-publish","4":"has-post-thumbnail","6":"product_cat-visores","7":"product_cat-visores-recurvo-olimpico","8":"pa_mano-lh","9":"pa_mano-rh","11":"first","12":"instock","13":"taxable","14":"shipping-taxable","15":"purchasable","16":"product-type-simple"},"yoast_head":"<!-- This site is optimized with the Yoast SEO plugin v25.6 - https:\/\/yoast.com\/wordpress\/plugins\/seo\/ -->\n<title>Visor AXCEL Achive XP Variable Range Recurvo Olimpico - Arza&#039;s Archery<\/title>\n<meta name=\"robots\" content=\"index, follow, max-snippet:-1, max-image-preview:large, max-video-preview:-1\" \/>\n<link rel=\"canonical\" href=\"https:\/\/arzasarchery.com\/producto\/visor-axcel-achive-xp-variable-range-recurvo-olimpico\/\" \/>\n<meta property=\"og:locale\" content=\"ca_ES\" \/>\n<meta property=\"og:type\" content=\"article\" \/>\n<meta property=\"og:title\" content=\"Visor AXCEL Achive XP Variable Range Recurvo Olimpico - Arza&#039;s Archery\" \/>\n<meta property=\"og:description\" content=\"ESPECIFICACIONES : Anotar color y mano que desees .\" \/>\n<meta property=\"og:url\" content=\"https:\/\/arzasarchery.com\/producto\/visor-axcel-achive-xp-variable-range-recurvo-olimpico\/\" \/>\n<meta property=\"og:site_name\" content=\"Arza&#039;s Archery\" \/>\n<meta property=\"article:modified_time\" content=\"2024-08-24T18:28:48+00:00\" \/>\n<meta property=\"og:image\" content=\"https:\/\/arzasarchery.com\/wp-content\/uploads\/VISOR-AXCEL-ACHIVE-XP-VARIABLE-RANGE.jpg\" \/>\n\t<meta property=\"og:image:width\" content=\"1023\" \/>\n\t<meta property=\"og:image:height\" content=\"682\" \/>\n\t<meta property=\"og:image:type\" content=\"image\/jpeg\" \/>\n<meta name=\"twitter:card\" content=\"summary_large_image\" \/>\n<meta name=\"twitter:label1\" content=\"Temps estimat de lectura\" \/>\n\t<meta name=\"twitter:data1\" content=\"1 minut\" \/>\n<script type=\"application\/ld+json\" class=\"yoast-schema-graph\">{\"@context\":\"https:\/\/schema.org\",\"@graph\":[{\"@type\":\"WebPage\",\"@id\":\"https:\/\/arzasarchery.com\/producto\/visor-axcel-achive-xp-variable-range-recurvo-olimpico\/\",\"url\":\"https:\/\/arzasarchery.com\/producto\/visor-axcel-achive-xp-variable-range-recurvo-olimpico\/\",\"name\":\"Visor AXCEL Achive XP Variable Range Recurvo Olimpico - Arza&#039;s Archery\",\"isPartOf\":{\"@id\":\"https:\/\/arzasarchery.com\/#website\"},\"primaryImageOfPage\":{\"@id\":\"https:\/\/arzasarchery.com\/producto\/visor-axcel-achive-xp-variable-range-recurvo-olimpico\/#primaryimage\"},\"image\":{\"@id\":\"https:\/\/arzasarchery.com\/producto\/visor-axcel-achive-xp-variable-range-recurvo-olimpico\/#primaryimage\"},\"thumbnailUrl\":\"https:\/\/arzasarchery.com\/wp-content\/uploads\/VISOR-AXCEL-ACHIVE-XP-VARIABLE-RANGE.jpg\",\"datePublished\":\"2024-08-24T18:13:43+00:00\",\"dateModified\":\"2024-08-24T18:28:48+00:00\",\"breadcrumb\":{\"@id\":\"https:\/\/arzasarchery.com\/producto\/visor-axcel-achive-xp-variable-range-recurvo-olimpico\/#breadcrumb\"},\"inLanguage\":\"ca\",\"potentialAction\":[{\"@type\":\"ReadAction\",\"target\":[\"https:\/\/arzasarchery.com\/producto\/visor-axcel-achive-xp-variable-range-recurvo-olimpico\/\"]}]},{\"@type\":\"ImageObject\",\"inLanguage\":\"ca\",\"@id\":\"https:\/\/arzasarchery.com\/producto\/visor-axcel-achive-xp-variable-range-recurvo-olimpico\/#primaryimage\",\"url\":\"https:\/\/arzasarchery.com\/wp-content\/uploads\/VISOR-AXCEL-ACHIVE-XP-VARIABLE-RANGE.jpg\",\"contentUrl\":\"https:\/\/arzasarchery.com\/wp-content\/uploads\/VISOR-AXCEL-ACHIVE-XP-VARIABLE-RANGE.jpg\",\"width\":1023,\"height\":682},{\"@type\":\"BreadcrumbList\",\"@id\":\"https:\/\/arzasarchery.com\/producto\/visor-axcel-achive-xp-variable-range-recurvo-olimpico\/#breadcrumb\",\"itemListElement\":[{\"@type\":\"ListItem\",\"position\":1,\"name\":\"Portada\",\"item\":\"https:\/\/arzasarchery.com\/\"},{\"@type\":\"ListItem\",\"position\":2,\"name\":\"Botiga\",\"item\":\"https:\/\/arzasarchery.com\/ca\/botiga\/\"},{\"@type\":\"ListItem\",\"position\":3,\"name\":\"Visor AXCEL Achive XP Variable Range Recurvo Olimpico\"}]},{\"@type\":\"WebSite\",\"@id\":\"https:\/\/arzasarchery.com\/#website\",\"url\":\"https:\/\/arzasarchery.com\/\",\"name\":\"Arza&#039;s Archery\",\"description\":\"Arzas Archery\",\"potentialAction\":[{\"@type\":\"SearchAction\",\"target\":{\"@type\":\"EntryPoint\",\"urlTemplate\":\"https:\/\/arzasarchery.com\/?s={search_term_string}\"},\"query-input\":{\"@type\":\"PropertyValueSpecification\",\"valueRequired\":true,\"valueName\":\"search_term_string\"}}],\"inLanguage\":\"ca\"}]}<\/script>\n<!-- \/ Yoast SEO plugin. -->","yoast_head_json":{"title":"Visor AXCEL Achive XP Variable Range Recurvo Olimpico - Arza&#039;s Archery","robots":{"index":"index","follow":"follow","max-snippet":"max-snippet:-1","max-image-preview":"max-image-preview:large","max-video-preview":"max-video-preview:-1"},"canonical":"https:\/\/arzasarchery.com\/producto\/visor-axcel-achive-xp-variable-range-recurvo-olimpico\/","og_locale":"ca_ES","og_type":"article","og_title":"Visor AXCEL Achive XP Variable Range Recurvo Olimpico - Arza&#039;s Archery","og_description":"ESPECIFICACIONES : Anotar color y mano que desees .","og_url":"https:\/\/arzasarchery.com\/producto\/visor-axcel-achive-xp-variable-range-recurvo-olimpico\/","og_site_name":"Arza&#039;s Archery","article_modified_time":"2024-08-24T18:28:48+00:00","og_image":[{"width":1023,"height":682,"url":"https:\/\/arzasarchery.com\/wp-content\/uploads\/VISOR-AXCEL-ACHIVE-XP-VARIABLE-RANGE.jpg","type":"image\/jpeg"}],"twitter_card":"summary_large_image","twitter_misc":{"Temps estimat de lectura":"1 minut"},"schema":{"@context":"https:\/\/schema.org","@graph":[{"@type":"WebPage","@id":"https:\/\/arzasarchery.com\/producto\/visor-axcel-achive-xp-variable-range-recurvo-olimpico\/","url":"https:\/\/arzasarchery.com\/producto\/visor-axcel-achive-xp-variable-range-recurvo-olimpico\/","name":"Visor AXCEL Achive XP Variable Range Recurvo Olimpico - Arza&#039;s Archery","isPartOf":{"@id":"https:\/\/arzasarchery.com\/#website"},"primaryImageOfPage":{"@id":"https:\/\/arzasarchery.com\/producto\/visor-axcel-achive-xp-variable-range-recurvo-olimpico\/#primaryimage"},"image":{"@id":"https:\/\/arzasarchery.com\/producto\/visor-axcel-achive-xp-variable-range-recurvo-olimpico\/#primaryimage"},"thumbnailUrl":"https:\/\/arzasarchery.com\/wp-content\/uploads\/VISOR-AXCEL-ACHIVE-XP-VARIABLE-RANGE.jpg","datePublished":"2024-08-24T18:13:43+00:00","dateModified":"2024-08-24T18:28:48+00:00","breadcrumb":{"@id":"https:\/\/arzasarchery.com\/producto\/visor-axcel-achive-xp-variable-range-recurvo-olimpico\/#breadcrumb"},"inLanguage":"ca","potentialAction":[{"@type":"ReadAction","target":["https:\/\/arzasarchery.com\/producto\/visor-axcel-achive-xp-variable-range-recurvo-olimpico\/"]}]},{"@type":"ImageObject","inLanguage":"ca","@id":"https:\/\/arzasarchery.com\/producto\/visor-axcel-achive-xp-variable-range-recurvo-olimpico\/#primaryimage","url":"https:\/\/arzasarchery.com\/wp-content\/uploads\/VISOR-AXCEL-ACHIVE-XP-VARIABLE-RANGE.jpg","contentUrl":"https:\/\/arzasarchery.com\/wp-content\/uploads\/VISOR-AXCEL-ACHIVE-XP-VARIABLE-RANGE.jpg","width":1023,"height":682},{"@type":"BreadcrumbList","@id":"https:\/\/arzasarchery.com\/producto\/visor-axcel-achive-xp-variable-range-recurvo-olimpico\/#breadcrumb","itemListElement":[{"@type":"ListItem","position":1,"name":"Portada","item":"https:\/\/arzasarchery.com\/"},{"@type":"ListItem","position":2,"name":"Botiga","item":"https:\/\/arzasarchery.com\/ca\/botiga\/"},{"@type":"ListItem","position":3,"name":"Visor AXCEL Achive XP Variable Range Recurvo Olimpico"}]},{"@type":"WebSite","@id":"https:\/\/arzasarchery.com\/#website","url":"https:\/\/arzasarchery.com\/","name":"Arza&#039;s Archery","description":"Arzas Archery","potentialAction":[{"@type":"SearchAction","target":{"@type":"EntryPoint","urlTemplate":"https:\/\/arzasarchery.com\/?s={search_term_string}"},"query-input":{"@type":"PropertyValueSpecification","valueRequired":true,"valueName":"search_term_string"}}],"inLanguage":"ca"}]}},"_links":{"self":[{"href":"https:\/\/arzasarchery.com\/ca\/wp-json\/wp\/v2\/product\/8935","targetHints":{"allow":["GET"]}}],"collection":[{"href":"https:\/\/arzasarchery.com\/ca\/wp-json\/wp\/v2\/product"}],"about":[{"href":"https:\/\/arzasarchery.com\/ca\/wp-json\/wp\/v2\/types\/product"}],"wp:featuredmedia":[{"embeddable":true,"href":"https:\/\/arzasarchery.com\/ca\/wp-json\/wp\/v2\/media\/8936"}],"wp:attachment":[{"href":"https:\/\/arzasarchery.com\/ca\/wp-json\/wp\/v2\/media?parent=8935"}],"wp:term":[{"taxonomy":"product_brand","embeddable":true,"href":"https:\/\/arzasarchery.com\/ca\/wp-json\/wp\/v2\/product_brand?post=8935"},{"taxonomy":"product_cat","embeddable":true,"href":"https:\/\/arzasarchery.com\/ca\/wp-json\/wp\/v2\/product_cat?post=8935"},{"taxonomy":"product_tag","embeddable":true,"href":"https:\/\/arzasarchery.com\/ca\/wp-json\/wp\/v2\/product_tag?post=8935"}],"curies":[{"name":"wp","href":"https:\/\/api.w.org\/{rel}","templated":true}]}}