{"id":8890,"date":"2024-08-19T10:02:14","date_gmt":"2024-08-19T08:02:14","guid":{"rendered":"https:\/\/arzasarchery.com\/?post_type=product&#038;p=8890"},"modified":"2025-08-24T16:17:23","modified_gmt":"2025-08-24T14:17:23","slug":"cuerpo-olimpico-fivics-cnc-argon-x-27","status":"publish","type":"product","link":"https:\/\/arzasarchery.com\/ca\/producte\/cuerpo-olimpico-fivics-cnc-argon-x-27\/","title":{"rendered":"Cuerpo Ol\u00edmpico FIVICS CNC ARGON X 27&#8243;"},"content":{"rendered":"<p class=\"font-product-title\"><strong>RISERS CNC ARGON X 27&#8243;<\/strong><\/p>\n<p>El arco recurvo Fivics Argon-X 27\u00bb est\u00e1 mecanizado con precisi\u00f3n CNC a partir de aluminio 6061 con una empu\u00f1adura de madera TSG de dise\u00f1o \u00fanico.<br \/>\nEl centro de equilibrio m\u00e1s bajo permite que el arco caiga m\u00e1s r\u00e1pido de la mano<br \/>\nFresado CNC completo superfino con aluminio 6061 con precisi\u00f3n de 1 en 1000mm<br \/>\nGeometr\u00eda estable<br \/>\nTotalmente ajustable para la alineaci\u00f3n de la tiller y las palas<br \/>\nAnodizado de color profundo evita da\u00f1os en el cuerpo y a\u00f1ade colores brillantes<br \/>\nRosca de montaje Clicker 6\/32<br \/>\nPeso: 1380g<\/p>\n","protected":false},"excerpt":{"rendered":"<p><img decoding=\"async\" class=\"alignnone size-full wp-image-381\" src=\"https:\/\/arzasarchery.com\/wp-content\/uploads\/2020\/02\/logo-fivics.png\" alt=\"\" width=\"250\" height=\"190\" \/><\/p>\n<p><strong>ESPECIFICACIONES : Anotar color\u00a0 y mano del cuerpo que desees .<\/strong><\/p>\n","protected":false},"featured_media":8891,"template":"","meta":[],"product_brand":[],"product_cat":[42,48,808],"product_tag":[],"class_list":{"0":"post-8890","1":"product","2":"type-product","3":"status-publish","4":"has-post-thumbnail","6":"product_cat-arcos","7":"product_cat-olimpico","8":"product_cat-cuerpo-recurvo-olimpico","9":"pa_color-anodized-black","10":"pa_color-anodized-blue","11":"pa_color-anodized-green","12":"pa_color-anodized-orange","13":"pa_color-anodized-purple","14":"pa_color-anodized-silver","15":"pa_color-black","16":"pa_color-red","17":"pa_color-silver","18":"pa_mano-lh","19":"pa_mano-rh","21":"first","22":"instock","23":"taxable","24":"shipping-taxable","25":"purchasable","26":"product-type-simple"},"yoast_head":"<!-- This site is optimized with the Yoast SEO plugin v25.6 - https:\/\/yoast.com\/wordpress\/plugins\/seo\/ -->\n<title>Cuerpo Ol\u00edmpico FIVICS CNC ARGON X 27&quot; - Arza&#039;s Archery<\/title>\n<meta name=\"robots\" content=\"index, follow, max-snippet:-1, max-image-preview:large, max-video-preview:-1\" \/>\n<link rel=\"canonical\" href=\"https:\/\/arzasarchery.com\/producto\/cuerpo-olimpico-fivics-cnc-argon-x-27\/\" \/>\n<meta property=\"og:locale\" content=\"ca_ES\" \/>\n<meta property=\"og:type\" content=\"article\" \/>\n<meta property=\"og:title\" content=\"Cuerpo Ol\u00edmpico FIVICS CNC ARGON X 27&quot; - Arza&#039;s Archery\" \/>\n<meta property=\"og:description\" content=\"ESPECIFICACIONES : Anotar color\u00a0 y mano del cuerpo que desees .\" \/>\n<meta property=\"og:url\" content=\"https:\/\/arzasarchery.com\/producto\/cuerpo-olimpico-fivics-cnc-argon-x-27\/\" \/>\n<meta property=\"og:site_name\" content=\"Arza&#039;s Archery\" \/>\n<meta property=\"article:modified_time\" content=\"2025-08-24T14:17:23+00:00\" \/>\n<meta property=\"og:image\" content=\"https:\/\/arzasarchery.com\/wp-content\/uploads\/cuerpo-FIVICS-CNC-ARGON-X-27.jpg\" \/>\n\t<meta property=\"og:image:width\" content=\"1200\" \/>\n\t<meta property=\"og:image:height\" content=\"1200\" \/>\n\t<meta property=\"og:image:type\" content=\"image\/jpeg\" \/>\n<meta name=\"twitter:card\" content=\"summary_large_image\" \/>\n<meta name=\"twitter:label1\" content=\"Temps estimat de lectura\" \/>\n\t<meta name=\"twitter:data1\" content=\"1 minut\" \/>\n<script type=\"application\/ld+json\" class=\"yoast-schema-graph\">{\"@context\":\"https:\/\/schema.org\",\"@graph\":[{\"@type\":\"WebPage\",\"@id\":\"https:\/\/arzasarchery.com\/producto\/cuerpo-olimpico-fivics-cnc-argon-x-27\/\",\"url\":\"https:\/\/arzasarchery.com\/producto\/cuerpo-olimpico-fivics-cnc-argon-x-27\/\",\"name\":\"Cuerpo Ol\u00edmpico FIVICS CNC ARGON X 27\\\" - Arza&#039;s Archery\",\"isPartOf\":{\"@id\":\"https:\/\/arzasarchery.com\/#website\"},\"primaryImageOfPage\":{\"@id\":\"https:\/\/arzasarchery.com\/producto\/cuerpo-olimpico-fivics-cnc-argon-x-27\/#primaryimage\"},\"image\":{\"@id\":\"https:\/\/arzasarchery.com\/producto\/cuerpo-olimpico-fivics-cnc-argon-x-27\/#primaryimage\"},\"thumbnailUrl\":\"https:\/\/arzasarchery.com\/wp-content\/uploads\/cuerpo-FIVICS-CNC-ARGON-X-27.jpg\",\"datePublished\":\"2024-08-19T08:02:14+00:00\",\"dateModified\":\"2025-08-24T14:17:23+00:00\",\"breadcrumb\":{\"@id\":\"https:\/\/arzasarchery.com\/producto\/cuerpo-olimpico-fivics-cnc-argon-x-27\/#breadcrumb\"},\"inLanguage\":\"ca\",\"potentialAction\":[{\"@type\":\"ReadAction\",\"target\":[\"https:\/\/arzasarchery.com\/producto\/cuerpo-olimpico-fivics-cnc-argon-x-27\/\"]}]},{\"@type\":\"ImageObject\",\"inLanguage\":\"ca\",\"@id\":\"https:\/\/arzasarchery.com\/producto\/cuerpo-olimpico-fivics-cnc-argon-x-27\/#primaryimage\",\"url\":\"https:\/\/arzasarchery.com\/wp-content\/uploads\/cuerpo-FIVICS-CNC-ARGON-X-27.jpg\",\"contentUrl\":\"https:\/\/arzasarchery.com\/wp-content\/uploads\/cuerpo-FIVICS-CNC-ARGON-X-27.jpg\",\"width\":1200,\"height\":1200},{\"@type\":\"BreadcrumbList\",\"@id\":\"https:\/\/arzasarchery.com\/producto\/cuerpo-olimpico-fivics-cnc-argon-x-27\/#breadcrumb\",\"itemListElement\":[{\"@type\":\"ListItem\",\"position\":1,\"name\":\"Portada\",\"item\":\"https:\/\/arzasarchery.com\/\"},{\"@type\":\"ListItem\",\"position\":2,\"name\":\"Botiga\",\"item\":\"https:\/\/arzasarchery.com\/ca\/botiga\/\"},{\"@type\":\"ListItem\",\"position\":3,\"name\":\"Cuerpo Ol\u00edmpico FIVICS CNC ARGON X 27&#8243;\"}]},{\"@type\":\"WebSite\",\"@id\":\"https:\/\/arzasarchery.com\/#website\",\"url\":\"https:\/\/arzasarchery.com\/\",\"name\":\"Arza&#039;s Archery\",\"description\":\"Arzas Archery\",\"potentialAction\":[{\"@type\":\"SearchAction\",\"target\":{\"@type\":\"EntryPoint\",\"urlTemplate\":\"https:\/\/arzasarchery.com\/?s={search_term_string}\"},\"query-input\":{\"@type\":\"PropertyValueSpecification\",\"valueRequired\":true,\"valueName\":\"search_term_string\"}}],\"inLanguage\":\"ca\"}]}<\/script>\n<!-- \/ Yoast SEO plugin. -->","yoast_head_json":{"title":"Cuerpo Ol\u00edmpico FIVICS CNC ARGON X 27\" - Arza&#039;s Archery","robots":{"index":"index","follow":"follow","max-snippet":"max-snippet:-1","max-image-preview":"max-image-preview:large","max-video-preview":"max-video-preview:-1"},"canonical":"https:\/\/arzasarchery.com\/producto\/cuerpo-olimpico-fivics-cnc-argon-x-27\/","og_locale":"ca_ES","og_type":"article","og_title":"Cuerpo Ol\u00edmpico FIVICS CNC ARGON X 27\" - Arza&#039;s Archery","og_description":"ESPECIFICACIONES : Anotar color\u00a0 y mano del cuerpo que desees .","og_url":"https:\/\/arzasarchery.com\/producto\/cuerpo-olimpico-fivics-cnc-argon-x-27\/","og_site_name":"Arza&#039;s Archery","article_modified_time":"2025-08-24T14:17:23+00:00","og_image":[{"width":1200,"height":1200,"url":"https:\/\/arzasarchery.com\/wp-content\/uploads\/cuerpo-FIVICS-CNC-ARGON-X-27.jpg","type":"image\/jpeg"}],"twitter_card":"summary_large_image","twitter_misc":{"Temps estimat de lectura":"1 minut"},"schema":{"@context":"https:\/\/schema.org","@graph":[{"@type":"WebPage","@id":"https:\/\/arzasarchery.com\/producto\/cuerpo-olimpico-fivics-cnc-argon-x-27\/","url":"https:\/\/arzasarchery.com\/producto\/cuerpo-olimpico-fivics-cnc-argon-x-27\/","name":"Cuerpo Ol\u00edmpico FIVICS CNC ARGON X 27\" - Arza&#039;s Archery","isPartOf":{"@id":"https:\/\/arzasarchery.com\/#website"},"primaryImageOfPage":{"@id":"https:\/\/arzasarchery.com\/producto\/cuerpo-olimpico-fivics-cnc-argon-x-27\/#primaryimage"},"image":{"@id":"https:\/\/arzasarchery.com\/producto\/cuerpo-olimpico-fivics-cnc-argon-x-27\/#primaryimage"},"thumbnailUrl":"https:\/\/arzasarchery.com\/wp-content\/uploads\/cuerpo-FIVICS-CNC-ARGON-X-27.jpg","datePublished":"2024-08-19T08:02:14+00:00","dateModified":"2025-08-24T14:17:23+00:00","breadcrumb":{"@id":"https:\/\/arzasarchery.com\/producto\/cuerpo-olimpico-fivics-cnc-argon-x-27\/#breadcrumb"},"inLanguage":"ca","potentialAction":[{"@type":"ReadAction","target":["https:\/\/arzasarchery.com\/producto\/cuerpo-olimpico-fivics-cnc-argon-x-27\/"]}]},{"@type":"ImageObject","inLanguage":"ca","@id":"https:\/\/arzasarchery.com\/producto\/cuerpo-olimpico-fivics-cnc-argon-x-27\/#primaryimage","url":"https:\/\/arzasarchery.com\/wp-content\/uploads\/cuerpo-FIVICS-CNC-ARGON-X-27.jpg","contentUrl":"https:\/\/arzasarchery.com\/wp-content\/uploads\/cuerpo-FIVICS-CNC-ARGON-X-27.jpg","width":1200,"height":1200},{"@type":"BreadcrumbList","@id":"https:\/\/arzasarchery.com\/producto\/cuerpo-olimpico-fivics-cnc-argon-x-27\/#breadcrumb","itemListElement":[{"@type":"ListItem","position":1,"name":"Portada","item":"https:\/\/arzasarchery.com\/"},{"@type":"ListItem","position":2,"name":"Botiga","item":"https:\/\/arzasarchery.com\/ca\/botiga\/"},{"@type":"ListItem","position":3,"name":"Cuerpo Ol\u00edmpico FIVICS CNC ARGON X 27&#8243;"}]},{"@type":"WebSite","@id":"https:\/\/arzasarchery.com\/#website","url":"https:\/\/arzasarchery.com\/","name":"Arza&#039;s Archery","description":"Arzas Archery","potentialAction":[{"@type":"SearchAction","target":{"@type":"EntryPoint","urlTemplate":"https:\/\/arzasarchery.com\/?s={search_term_string}"},"query-input":{"@type":"PropertyValueSpecification","valueRequired":true,"valueName":"search_term_string"}}],"inLanguage":"ca"}]}},"_links":{"self":[{"href":"https:\/\/arzasarchery.com\/ca\/wp-json\/wp\/v2\/product\/8890","targetHints":{"allow":["GET"]}}],"collection":[{"href":"https:\/\/arzasarchery.com\/ca\/wp-json\/wp\/v2\/product"}],"about":[{"href":"https:\/\/arzasarchery.com\/ca\/wp-json\/wp\/v2\/types\/product"}],"wp:featuredmedia":[{"embeddable":true,"href":"https:\/\/arzasarchery.com\/ca\/wp-json\/wp\/v2\/media\/8891"}],"wp:attachment":[{"href":"https:\/\/arzasarchery.com\/ca\/wp-json\/wp\/v2\/media?parent=8890"}],"wp:term":[{"taxonomy":"product_brand","embeddable":true,"href":"https:\/\/arzasarchery.com\/ca\/wp-json\/wp\/v2\/product_brand?post=8890"},{"taxonomy":"product_cat","embeddable":true,"href":"https:\/\/arzasarchery.com\/ca\/wp-json\/wp\/v2\/product_cat?post=8890"},{"taxonomy":"product_tag","embeddable":true,"href":"https:\/\/arzasarchery.com\/ca\/wp-json\/wp\/v2\/product_tag?post=8890"}],"curies":[{"name":"wp","href":"https:\/\/api.w.org\/{rel}","templated":true}]}}