{"id":8877,"date":"2024-08-18T19:18:57","date_gmt":"2024-08-18T17:18:57","guid":{"rendered":"https:\/\/arzasarchery.com\/?post_type=product&#038;p=8877"},"modified":"2025-08-24T17:58:50","modified_gmt":"2025-08-24T15:58:50","slug":"cuerpo-olimpico-mybo-talis-cerakote-new-for-2024","status":"publish","type":"product","link":"https:\/\/arzasarchery.com\/ca\/producte\/cuerpo-olimpico-mybo-talis-cerakote-new-for-2024\/","title":{"rendered":"Cuerpo Ol\u00edmpico MYBO TALIS CERAKOTE"},"content":{"rendered":"<p class=\"font-product-title\"><strong>RISERS TALIS CERAKOTE FINISH ILF 25&#8243;<\/strong><\/p>\n<p>Mybo presenta el Talis, un cuerpo de recurvo repleto de caracter\u00edsticas.<br \/>\nPeso: 1328g<br \/>\nLongitud: 25<br \/>\nUn perfil completamente actualizado con una cuidadosa distribuci\u00f3n del peso ha empujado el centro de gravedad hacia delante, mejorando el equilibrio y generando una sensaci\u00f3n de l\u00ednea recta y limpia tras el disparo.<br \/>\nLa empu\u00f1adura est\u00e1 perfectamente situada en el centro vertical del arco, asegurando una plataforma estable y tolerante.<br \/>\nLa introducci\u00f3n de placas de ajuste del reposa flechas da la opci\u00f3n de personalizar la altura del bot\u00f3n de presi\u00f3n o tener diferentes opciones de reposaflechas configuradas en placas intercambiables. Incluye 1 placa alta\/media\/baja.<br \/>\nPernos de las extremidades de acero inoxidable macizo, m\u00e1s ligeros y de una sola pieza.<br \/>\nExtensiones de clicker de 15 mm y 25 mm incluidas.<br \/>\nTornillos de ajuste lateral de las palas de paso fino M8x1,0 de mayor di\u00e1metro.<br \/>\nOrificio de montaje del contrapeso trasero por debajo de la empu\u00f1adura.<br \/>\nMecanizado a partir de una pieza maciza de aluminio 6082.<br \/>\nBujes estabilizadores de acero inoxidable.<br \/>\nTotalmente ajustable para el tiller y la alineaci\u00f3n de las palas.<br \/>\nAnclaje de palas ILF.<\/p>\n","protected":false},"excerpt":{"rendered":"<p><img decoding=\"async\" class=\"alignnone size-full wp-image-990\" src=\"https:\/\/arzasarchery.com\/wp-content\/uploads\/2020\/03\/logo-MYBO-1.png\" alt=\"\" width=\"250\" height=\"142\" srcset=\"https:\/\/arzasarchery.com\/wp-content\/uploads\/2020\/03\/logo-MYBO-1.png 250w, https:\/\/arzasarchery.com\/wp-content\/uploads\/2020\/03\/logo-MYBO-1-150x84.png 150w\" sizes=\"(max-width: 250px) 100vw, 250px\" \/><\/p>\n<p><strong>ESPECIFICACIONES : Anotar color\u00a0 y mano del cuerpo que desees .<\/strong><\/p>\n","protected":false},"featured_media":8878,"template":"","meta":[],"product_brand":[],"product_cat":[42,48,814],"product_tag":[],"class_list":{"0":"post-8877","1":"product","2":"type-product","3":"status-publish","4":"has-post-thumbnail","6":"product_cat-arcos","7":"product_cat-olimpico","8":"product_cat-cuerpo-recurvo-olimpico-mybo","9":"pa_color-charcoal-green","10":"pa_color-desert-sand","11":"pa_color-graphite-black","12":"pa_color-lemon-zest","13":"pa_color-periwinkle","14":"pa_color-ruby-red","15":"pa_color-sangria","16":"pa_color-stormtrooper-white","17":"pa_color-titanium","18":"pa_mano-lh","19":"pa_mano-rh","21":"first","22":"instock","23":"taxable","24":"shipping-taxable","25":"purchasable","26":"product-type-simple"},"yoast_head":"<!-- This site is optimized with the Yoast SEO plugin v25.6 - https:\/\/yoast.com\/wordpress\/plugins\/seo\/ -->\n<title>Cuerpo Ol\u00edmpico MYBO TALIS CERAKOTE - Arza&#039;s Archery<\/title>\n<meta name=\"robots\" content=\"index, follow, max-snippet:-1, max-image-preview:large, max-video-preview:-1\" \/>\n<link rel=\"canonical\" href=\"https:\/\/arzasarchery.com\/producto\/cuerpo-olimpico-mybo-talis-cerakote-new-for-2024\/\" \/>\n<meta property=\"og:locale\" content=\"ca_ES\" \/>\n<meta property=\"og:type\" content=\"article\" \/>\n<meta property=\"og:title\" content=\"Cuerpo Ol\u00edmpico MYBO TALIS CERAKOTE - Arza&#039;s Archery\" \/>\n<meta property=\"og:description\" content=\"ESPECIFICACIONES : Anotar color\u00a0 y mano del cuerpo que desees .\" \/>\n<meta property=\"og:url\" content=\"https:\/\/arzasarchery.com\/producto\/cuerpo-olimpico-mybo-talis-cerakote-new-for-2024\/\" \/>\n<meta property=\"og:site_name\" content=\"Arza&#039;s Archery\" \/>\n<meta property=\"article:modified_time\" content=\"2025-08-24T15:58:50+00:00\" \/>\n<meta property=\"og:image\" content=\"https:\/\/arzasarchery.com\/wp-content\/uploads\/cuerpo-MYBO-TALIS-cerakote.jpg\" \/>\n\t<meta property=\"og:image:width\" content=\"740\" \/>\n\t<meta property=\"og:image:height\" content=\"1023\" \/>\n\t<meta property=\"og:image:type\" content=\"image\/jpeg\" \/>\n<meta name=\"twitter:card\" content=\"summary_large_image\" \/>\n<meta name=\"twitter:label1\" content=\"Temps estimat de lectura\" \/>\n\t<meta name=\"twitter:data1\" content=\"1 minut\" \/>\n<script type=\"application\/ld+json\" class=\"yoast-schema-graph\">{\"@context\":\"https:\/\/schema.org\",\"@graph\":[{\"@type\":\"WebPage\",\"@id\":\"https:\/\/arzasarchery.com\/producto\/cuerpo-olimpico-mybo-talis-cerakote-new-for-2024\/\",\"url\":\"https:\/\/arzasarchery.com\/producto\/cuerpo-olimpico-mybo-talis-cerakote-new-for-2024\/\",\"name\":\"Cuerpo Ol\u00edmpico MYBO TALIS CERAKOTE - Arza&#039;s Archery\",\"isPartOf\":{\"@id\":\"https:\/\/arzasarchery.com\/#website\"},\"primaryImageOfPage\":{\"@id\":\"https:\/\/arzasarchery.com\/producto\/cuerpo-olimpico-mybo-talis-cerakote-new-for-2024\/#primaryimage\"},\"image\":{\"@id\":\"https:\/\/arzasarchery.com\/producto\/cuerpo-olimpico-mybo-talis-cerakote-new-for-2024\/#primaryimage\"},\"thumbnailUrl\":\"https:\/\/arzasarchery.com\/wp-content\/uploads\/cuerpo-MYBO-TALIS-cerakote.jpg\",\"datePublished\":\"2024-08-18T17:18:57+00:00\",\"dateModified\":\"2025-08-24T15:58:50+00:00\",\"breadcrumb\":{\"@id\":\"https:\/\/arzasarchery.com\/producto\/cuerpo-olimpico-mybo-talis-cerakote-new-for-2024\/#breadcrumb\"},\"inLanguage\":\"ca\",\"potentialAction\":[{\"@type\":\"ReadAction\",\"target\":[\"https:\/\/arzasarchery.com\/producto\/cuerpo-olimpico-mybo-talis-cerakote-new-for-2024\/\"]}]},{\"@type\":\"ImageObject\",\"inLanguage\":\"ca\",\"@id\":\"https:\/\/arzasarchery.com\/producto\/cuerpo-olimpico-mybo-talis-cerakote-new-for-2024\/#primaryimage\",\"url\":\"https:\/\/arzasarchery.com\/wp-content\/uploads\/cuerpo-MYBO-TALIS-cerakote.jpg\",\"contentUrl\":\"https:\/\/arzasarchery.com\/wp-content\/uploads\/cuerpo-MYBO-TALIS-cerakote.jpg\",\"width\":740,\"height\":1023},{\"@type\":\"BreadcrumbList\",\"@id\":\"https:\/\/arzasarchery.com\/producto\/cuerpo-olimpico-mybo-talis-cerakote-new-for-2024\/#breadcrumb\",\"itemListElement\":[{\"@type\":\"ListItem\",\"position\":1,\"name\":\"Portada\",\"item\":\"https:\/\/arzasarchery.com\/\"},{\"@type\":\"ListItem\",\"position\":2,\"name\":\"Botiga\",\"item\":\"https:\/\/arzasarchery.com\/ca\/botiga\/\"},{\"@type\":\"ListItem\",\"position\":3,\"name\":\"Cuerpo Ol\u00edmpico MYBO TALIS CERAKOTE\"}]},{\"@type\":\"WebSite\",\"@id\":\"https:\/\/arzasarchery.com\/#website\",\"url\":\"https:\/\/arzasarchery.com\/\",\"name\":\"Arza&#039;s Archery\",\"description\":\"Arzas Archery\",\"potentialAction\":[{\"@type\":\"SearchAction\",\"target\":{\"@type\":\"EntryPoint\",\"urlTemplate\":\"https:\/\/arzasarchery.com\/?s={search_term_string}\"},\"query-input\":{\"@type\":\"PropertyValueSpecification\",\"valueRequired\":true,\"valueName\":\"search_term_string\"}}],\"inLanguage\":\"ca\"}]}<\/script>\n<!-- \/ Yoast SEO plugin. -->","yoast_head_json":{"title":"Cuerpo Ol\u00edmpico MYBO TALIS CERAKOTE - Arza&#039;s Archery","robots":{"index":"index","follow":"follow","max-snippet":"max-snippet:-1","max-image-preview":"max-image-preview:large","max-video-preview":"max-video-preview:-1"},"canonical":"https:\/\/arzasarchery.com\/producto\/cuerpo-olimpico-mybo-talis-cerakote-new-for-2024\/","og_locale":"ca_ES","og_type":"article","og_title":"Cuerpo Ol\u00edmpico MYBO TALIS CERAKOTE - Arza&#039;s Archery","og_description":"ESPECIFICACIONES : Anotar color\u00a0 y mano del cuerpo que desees .","og_url":"https:\/\/arzasarchery.com\/producto\/cuerpo-olimpico-mybo-talis-cerakote-new-for-2024\/","og_site_name":"Arza&#039;s Archery","article_modified_time":"2025-08-24T15:58:50+00:00","og_image":[{"width":740,"height":1023,"url":"https:\/\/arzasarchery.com\/wp-content\/uploads\/cuerpo-MYBO-TALIS-cerakote.jpg","type":"image\/jpeg"}],"twitter_card":"summary_large_image","twitter_misc":{"Temps estimat de lectura":"1 minut"},"schema":{"@context":"https:\/\/schema.org","@graph":[{"@type":"WebPage","@id":"https:\/\/arzasarchery.com\/producto\/cuerpo-olimpico-mybo-talis-cerakote-new-for-2024\/","url":"https:\/\/arzasarchery.com\/producto\/cuerpo-olimpico-mybo-talis-cerakote-new-for-2024\/","name":"Cuerpo Ol\u00edmpico MYBO TALIS CERAKOTE - Arza&#039;s Archery","isPartOf":{"@id":"https:\/\/arzasarchery.com\/#website"},"primaryImageOfPage":{"@id":"https:\/\/arzasarchery.com\/producto\/cuerpo-olimpico-mybo-talis-cerakote-new-for-2024\/#primaryimage"},"image":{"@id":"https:\/\/arzasarchery.com\/producto\/cuerpo-olimpico-mybo-talis-cerakote-new-for-2024\/#primaryimage"},"thumbnailUrl":"https:\/\/arzasarchery.com\/wp-content\/uploads\/cuerpo-MYBO-TALIS-cerakote.jpg","datePublished":"2024-08-18T17:18:57+00:00","dateModified":"2025-08-24T15:58:50+00:00","breadcrumb":{"@id":"https:\/\/arzasarchery.com\/producto\/cuerpo-olimpico-mybo-talis-cerakote-new-for-2024\/#breadcrumb"},"inLanguage":"ca","potentialAction":[{"@type":"ReadAction","target":["https:\/\/arzasarchery.com\/producto\/cuerpo-olimpico-mybo-talis-cerakote-new-for-2024\/"]}]},{"@type":"ImageObject","inLanguage":"ca","@id":"https:\/\/arzasarchery.com\/producto\/cuerpo-olimpico-mybo-talis-cerakote-new-for-2024\/#primaryimage","url":"https:\/\/arzasarchery.com\/wp-content\/uploads\/cuerpo-MYBO-TALIS-cerakote.jpg","contentUrl":"https:\/\/arzasarchery.com\/wp-content\/uploads\/cuerpo-MYBO-TALIS-cerakote.jpg","width":740,"height":1023},{"@type":"BreadcrumbList","@id":"https:\/\/arzasarchery.com\/producto\/cuerpo-olimpico-mybo-talis-cerakote-new-for-2024\/#breadcrumb","itemListElement":[{"@type":"ListItem","position":1,"name":"Portada","item":"https:\/\/arzasarchery.com\/"},{"@type":"ListItem","position":2,"name":"Botiga","item":"https:\/\/arzasarchery.com\/ca\/botiga\/"},{"@type":"ListItem","position":3,"name":"Cuerpo Ol\u00edmpico MYBO TALIS CERAKOTE"}]},{"@type":"WebSite","@id":"https:\/\/arzasarchery.com\/#website","url":"https:\/\/arzasarchery.com\/","name":"Arza&#039;s Archery","description":"Arzas Archery","potentialAction":[{"@type":"SearchAction","target":{"@type":"EntryPoint","urlTemplate":"https:\/\/arzasarchery.com\/?s={search_term_string}"},"query-input":{"@type":"PropertyValueSpecification","valueRequired":true,"valueName":"search_term_string"}}],"inLanguage":"ca"}]}},"_links":{"self":[{"href":"https:\/\/arzasarchery.com\/ca\/wp-json\/wp\/v2\/product\/8877","targetHints":{"allow":["GET"]}}],"collection":[{"href":"https:\/\/arzasarchery.com\/ca\/wp-json\/wp\/v2\/product"}],"about":[{"href":"https:\/\/arzasarchery.com\/ca\/wp-json\/wp\/v2\/types\/product"}],"wp:featuredmedia":[{"embeddable":true,"href":"https:\/\/arzasarchery.com\/ca\/wp-json\/wp\/v2\/media\/8878"}],"wp:attachment":[{"href":"https:\/\/arzasarchery.com\/ca\/wp-json\/wp\/v2\/media?parent=8877"}],"wp:term":[{"taxonomy":"product_brand","embeddable":true,"href":"https:\/\/arzasarchery.com\/ca\/wp-json\/wp\/v2\/product_brand?post=8877"},{"taxonomy":"product_cat","embeddable":true,"href":"https:\/\/arzasarchery.com\/ca\/wp-json\/wp\/v2\/product_cat?post=8877"},{"taxonomy":"product_tag","embeddable":true,"href":"https:\/\/arzasarchery.com\/ca\/wp-json\/wp\/v2\/product_tag?post=8877"}],"curies":[{"name":"wp","href":"https:\/\/api.w.org\/{rel}","templated":true}]}}