{"id":819,"date":"2020-03-24T16:11:55","date_gmt":"2020-03-24T14:11:55","guid":{"rendered":"https:\/\/arzasarchery.com\/?post_type=product&#038;p=819"},"modified":"2022-11-13T14:15:53","modified_gmt":"2022-11-13T12:15:53","slug":"clicker-winwin-wiawis","status":"publish","type":"product","link":"https:\/\/arzasarchery.com\/ca\/producte\/clicker-winwin-wiawis\/","title":{"rendered":"Clicker Win&#038;Win Wiawis Stainless"},"content":{"rendered":"<p><strong>WIN&amp;WIN WIAWIS STAINLESS STEEL COLOR CLICKER<\/strong><\/p>\n<p>Clicker de acero inoxidable mecanizado con precisi\u00f3n, proporciona una sincronizaci\u00f3n precisa y estable al apuntar. Adem\u00e1s, la parte de apriete del clicker est\u00e1 dise\u00f1ada ergon\u00f3micamente al permitir un f\u00e1cil ajuste de las posiciones superior e inferior y frontal y posterior del clicker mediante un simple bloqueo y aflojamiento.<\/p>\n<p>DIFERENTES PASOS: 6-32, 4-40 o M4<br \/>\nCOLORES: negro, arco\u00edris, dorado, plateado<br \/>\nColor de tapa \/ rueda &#8211; Negro. Claro<br \/>\nMATERIAL &#8211; Aluminio<\/p>\n","protected":false},"excerpt":{"rendered":"<p><a href=\"https:\/\/arzasarchery.com\/wp-content\/uploads\/2020\/03\/logo-winwin.jpg\"><img decoding=\"async\" class=\"alignnone size-medium wp-image-820\" src=\"https:\/\/arzasarchery.com\/wp-content\/uploads\/2020\/03\/logo-winwin-300x130.jpg\" alt=\"\" width=\"300\" height=\"130\" srcset=\"https:\/\/arzasarchery.com\/wp-content\/uploads\/2020\/03\/logo-winwin-300x130.jpg 300w, https:\/\/arzasarchery.com\/wp-content\/uploads\/2020\/03\/logo-winwin.jpg 341w\" sizes=\"(max-width: 300px) 100vw, 300px\" \/><\/a><\/p>\n","protected":false},"featured_media":831,"template":"","meta":[],"product_brand":[],"product_cat":[55],"product_tag":[],"class_list":{"0":"post-819","1":"product","2":"type-product","3":"status-publish","4":"has-post-thumbnail","6":"product_cat-clicker","8":"first","9":"instock","10":"taxable","11":"shipping-taxable","12":"purchasable","13":"product-type-simple"},"yoast_head":"<!-- This site is optimized with the Yoast SEO plugin v25.6 - https:\/\/yoast.com\/wordpress\/plugins\/seo\/ -->\n<title>Clicker Win&amp;Win Wiawis Stainless - Arza&#039;s Archery<\/title>\n<meta name=\"robots\" content=\"index, follow, max-snippet:-1, max-image-preview:large, max-video-preview:-1\" \/>\n<link rel=\"canonical\" href=\"https:\/\/arzasarchery.com\/producto\/clicker-winwin-wiawis\/\" \/>\n<meta property=\"og:locale\" content=\"ca_ES\" \/>\n<meta property=\"og:type\" content=\"article\" \/>\n<meta property=\"og:title\" content=\"Clicker Win&amp;Win Wiawis Stainless - Arza&#039;s Archery\" \/>\n<meta property=\"og:url\" content=\"https:\/\/arzasarchery.com\/producto\/clicker-winwin-wiawis\/\" \/>\n<meta property=\"og:site_name\" content=\"Arza&#039;s Archery\" \/>\n<meta property=\"article:modified_time\" content=\"2022-11-13T12:15:53+00:00\" \/>\n<meta property=\"og:image\" content=\"https:\/\/arzasarchery.com\/wp-content\/uploads\/2020\/03\/win-win-wiawis-colour-clicker_642x642-1.jpg\" \/>\n\t<meta property=\"og:image:width\" content=\"642\" \/>\n\t<meta property=\"og:image:height\" content=\"642\" \/>\n\t<meta property=\"og:image:type\" content=\"image\/jpeg\" \/>\n<meta name=\"twitter:card\" content=\"summary_large_image\" \/>\n<script type=\"application\/ld+json\" class=\"yoast-schema-graph\">{\"@context\":\"https:\/\/schema.org\",\"@graph\":[{\"@type\":\"WebPage\",\"@id\":\"https:\/\/arzasarchery.com\/producto\/clicker-winwin-wiawis\/\",\"url\":\"https:\/\/arzasarchery.com\/producto\/clicker-winwin-wiawis\/\",\"name\":\"Clicker Win&Win Wiawis Stainless - Arza&#039;s Archery\",\"isPartOf\":{\"@id\":\"https:\/\/arzasarchery.com\/#website\"},\"primaryImageOfPage\":{\"@id\":\"https:\/\/arzasarchery.com\/producto\/clicker-winwin-wiawis\/#primaryimage\"},\"image\":{\"@id\":\"https:\/\/arzasarchery.com\/producto\/clicker-winwin-wiawis\/#primaryimage\"},\"thumbnailUrl\":\"https:\/\/arzasarchery.com\/wp-content\/uploads\/2020\/03\/win-win-wiawis-colour-clicker_642x642-1.jpg\",\"datePublished\":\"2020-03-24T14:11:55+00:00\",\"dateModified\":\"2022-11-13T12:15:53+00:00\",\"breadcrumb\":{\"@id\":\"https:\/\/arzasarchery.com\/producto\/clicker-winwin-wiawis\/#breadcrumb\"},\"inLanguage\":\"ca\",\"potentialAction\":[{\"@type\":\"ReadAction\",\"target\":[\"https:\/\/arzasarchery.com\/producto\/clicker-winwin-wiawis\/\"]}]},{\"@type\":\"ImageObject\",\"inLanguage\":\"ca\",\"@id\":\"https:\/\/arzasarchery.com\/producto\/clicker-winwin-wiawis\/#primaryimage\",\"url\":\"https:\/\/arzasarchery.com\/wp-content\/uploads\/2020\/03\/win-win-wiawis-colour-clicker_642x642-1.jpg\",\"contentUrl\":\"https:\/\/arzasarchery.com\/wp-content\/uploads\/2020\/03\/win-win-wiawis-colour-clicker_642x642-1.jpg\",\"width\":642,\"height\":642},{\"@type\":\"BreadcrumbList\",\"@id\":\"https:\/\/arzasarchery.com\/producto\/clicker-winwin-wiawis\/#breadcrumb\",\"itemListElement\":[{\"@type\":\"ListItem\",\"position\":1,\"name\":\"Portada\",\"item\":\"https:\/\/arzasarchery.com\/\"},{\"@type\":\"ListItem\",\"position\":2,\"name\":\"Botiga\",\"item\":\"https:\/\/arzasarchery.com\/ca\/botiga\/\"},{\"@type\":\"ListItem\",\"position\":3,\"name\":\"Clicker Win&#038;Win Wiawis Stainless\"}]},{\"@type\":\"WebSite\",\"@id\":\"https:\/\/arzasarchery.com\/#website\",\"url\":\"https:\/\/arzasarchery.com\/\",\"name\":\"Arza&#039;s Archery\",\"description\":\"Arzas Archery\",\"potentialAction\":[{\"@type\":\"SearchAction\",\"target\":{\"@type\":\"EntryPoint\",\"urlTemplate\":\"https:\/\/arzasarchery.com\/?s={search_term_string}\"},\"query-input\":{\"@type\":\"PropertyValueSpecification\",\"valueRequired\":true,\"valueName\":\"search_term_string\"}}],\"inLanguage\":\"ca\"}]}<\/script>\n<!-- \/ Yoast SEO plugin. -->","yoast_head_json":{"title":"Clicker Win&Win Wiawis Stainless - Arza&#039;s Archery","robots":{"index":"index","follow":"follow","max-snippet":"max-snippet:-1","max-image-preview":"max-image-preview:large","max-video-preview":"max-video-preview:-1"},"canonical":"https:\/\/arzasarchery.com\/producto\/clicker-winwin-wiawis\/","og_locale":"ca_ES","og_type":"article","og_title":"Clicker Win&Win Wiawis Stainless - Arza&#039;s Archery","og_url":"https:\/\/arzasarchery.com\/producto\/clicker-winwin-wiawis\/","og_site_name":"Arza&#039;s Archery","article_modified_time":"2022-11-13T12:15:53+00:00","og_image":[{"width":642,"height":642,"url":"https:\/\/arzasarchery.com\/wp-content\/uploads\/2020\/03\/win-win-wiawis-colour-clicker_642x642-1.jpg","type":"image\/jpeg"}],"twitter_card":"summary_large_image","schema":{"@context":"https:\/\/schema.org","@graph":[{"@type":"WebPage","@id":"https:\/\/arzasarchery.com\/producto\/clicker-winwin-wiawis\/","url":"https:\/\/arzasarchery.com\/producto\/clicker-winwin-wiawis\/","name":"Clicker Win&Win Wiawis Stainless - Arza&#039;s Archery","isPartOf":{"@id":"https:\/\/arzasarchery.com\/#website"},"primaryImageOfPage":{"@id":"https:\/\/arzasarchery.com\/producto\/clicker-winwin-wiawis\/#primaryimage"},"image":{"@id":"https:\/\/arzasarchery.com\/producto\/clicker-winwin-wiawis\/#primaryimage"},"thumbnailUrl":"https:\/\/arzasarchery.com\/wp-content\/uploads\/2020\/03\/win-win-wiawis-colour-clicker_642x642-1.jpg","datePublished":"2020-03-24T14:11:55+00:00","dateModified":"2022-11-13T12:15:53+00:00","breadcrumb":{"@id":"https:\/\/arzasarchery.com\/producto\/clicker-winwin-wiawis\/#breadcrumb"},"inLanguage":"ca","potentialAction":[{"@type":"ReadAction","target":["https:\/\/arzasarchery.com\/producto\/clicker-winwin-wiawis\/"]}]},{"@type":"ImageObject","inLanguage":"ca","@id":"https:\/\/arzasarchery.com\/producto\/clicker-winwin-wiawis\/#primaryimage","url":"https:\/\/arzasarchery.com\/wp-content\/uploads\/2020\/03\/win-win-wiawis-colour-clicker_642x642-1.jpg","contentUrl":"https:\/\/arzasarchery.com\/wp-content\/uploads\/2020\/03\/win-win-wiawis-colour-clicker_642x642-1.jpg","width":642,"height":642},{"@type":"BreadcrumbList","@id":"https:\/\/arzasarchery.com\/producto\/clicker-winwin-wiawis\/#breadcrumb","itemListElement":[{"@type":"ListItem","position":1,"name":"Portada","item":"https:\/\/arzasarchery.com\/"},{"@type":"ListItem","position":2,"name":"Botiga","item":"https:\/\/arzasarchery.com\/ca\/botiga\/"},{"@type":"ListItem","position":3,"name":"Clicker Win&#038;Win Wiawis Stainless"}]},{"@type":"WebSite","@id":"https:\/\/arzasarchery.com\/#website","url":"https:\/\/arzasarchery.com\/","name":"Arza&#039;s Archery","description":"Arzas Archery","potentialAction":[{"@type":"SearchAction","target":{"@type":"EntryPoint","urlTemplate":"https:\/\/arzasarchery.com\/?s={search_term_string}"},"query-input":{"@type":"PropertyValueSpecification","valueRequired":true,"valueName":"search_term_string"}}],"inLanguage":"ca"}]}},"_links":{"self":[{"href":"https:\/\/arzasarchery.com\/ca\/wp-json\/wp\/v2\/product\/819","targetHints":{"allow":["GET"]}}],"collection":[{"href":"https:\/\/arzasarchery.com\/ca\/wp-json\/wp\/v2\/product"}],"about":[{"href":"https:\/\/arzasarchery.com\/ca\/wp-json\/wp\/v2\/types\/product"}],"wp:featuredmedia":[{"embeddable":true,"href":"https:\/\/arzasarchery.com\/ca\/wp-json\/wp\/v2\/media\/831"}],"wp:attachment":[{"href":"https:\/\/arzasarchery.com\/ca\/wp-json\/wp\/v2\/media?parent=819"}],"wp:term":[{"taxonomy":"product_brand","embeddable":true,"href":"https:\/\/arzasarchery.com\/ca\/wp-json\/wp\/v2\/product_brand?post=819"},{"taxonomy":"product_cat","embeddable":true,"href":"https:\/\/arzasarchery.com\/ca\/wp-json\/wp\/v2\/product_cat?post=819"},{"taxonomy":"product_tag","embeddable":true,"href":"https:\/\/arzasarchery.com\/ca\/wp-json\/wp\/v2\/product_tag?post=819"}],"curies":[{"name":"wp","href":"https:\/\/api.w.org\/{rel}","templated":true}]}}