{"id":7486,"date":"2023-02-01T11:53:04","date_gmt":"2023-02-01T09:53:04","guid":{"rendered":"https:\/\/arzasarchery.com\/?post_type=product&#038;p=7486"},"modified":"2023-08-26T18:58:28","modified_gmt":"2023-08-26T16:58:28","slug":"peepsight-hamskea-2","status":"publish","type":"product","link":"https:\/\/arzasarchery.com\/ca\/producte\/peepsight-hamskea-2\/","title":{"rendered":"Peepsight HAMSKEA"},"content":{"rendered":"<p class=\"font-product-title\"><strong>HAMSKEA INSIGHT PEEP KIT 1\/32&#8243;-3\/64&#8243;-1\/16&#8243;-3\/32&#8243;-1\/8&#8243;-5\/32<\/strong><\/p>\n<p>Con la tecnolog\u00eda Light Baffling en nuestra carcasa de 14g, eliminar\u00e1 todos los reflejos gracias a nuestra tecnolog\u00eda antideslumbrante aeroespacial que produce un campo de visi\u00f3n con cero distorsiones.<\/p>\n<p>Esta carcasa est\u00e1 mecanizada con \u00e1ngulos de cuerda de 37,5 y 45 grados.<\/p>\n<p>Este kit incluye: Carcasa InSight Peep, seis (6) aperturas (1\/32\u2033,3\/64\u2033,1\/16\u2033,3\/32\u2033,1\/8\u2033,5\/32\u2033)<\/p>\n","protected":false},"excerpt":{"rendered":"<p><img decoding=\"async\" class=\"alignnone size-full wp-image-913\" src=\"https:\/\/arzasarchery.com\/wp-content\/uploads\/2020\/03\/logo-hamskea.png\" alt=\"\" width=\"210\" height=\"135\" \/><\/p>\n","protected":false},"featured_media":7487,"template":"","meta":[],"product_brand":[],"product_cat":[127,125],"product_tag":[],"class_list":{"0":"post-7486","1":"product","2":"type-product","3":"status-publish","4":"has-post-thumbnail","6":"product_cat-diopteros-peeps","7":"product_cat-visores","9":"first","10":"instock","11":"taxable","12":"shipping-taxable","13":"purchasable","14":"product-type-simple"},"yoast_head":"<!-- This site is optimized with the Yoast SEO plugin v25.6 - https:\/\/yoast.com\/wordpress\/plugins\/seo\/ -->\n<title>Peepsight HAMSKEA - Arza&#039;s Archery<\/title>\n<meta name=\"robots\" content=\"index, follow, max-snippet:-1, max-image-preview:large, max-video-preview:-1\" \/>\n<link rel=\"canonical\" href=\"https:\/\/arzasarchery.com\/producto\/peepsight-hamskea-2\/\" \/>\n<meta property=\"og:locale\" content=\"ca_ES\" \/>\n<meta property=\"og:type\" content=\"article\" \/>\n<meta property=\"og:title\" content=\"Peepsight HAMSKEA - Arza&#039;s Archery\" \/>\n<meta property=\"og:url\" content=\"https:\/\/arzasarchery.com\/producto\/peepsight-hamskea-2\/\" \/>\n<meta property=\"og:site_name\" content=\"Arza&#039;s Archery\" \/>\n<meta property=\"article:modified_time\" content=\"2023-08-26T16:58:28+00:00\" \/>\n<meta property=\"og:image\" content=\"https:\/\/arzasarchery.com\/wp-content\/uploads\/PEEP-HAMSKEA-SENZILL.jpg\" \/>\n\t<meta property=\"og:image:width\" content=\"371\" \/>\n\t<meta property=\"og:image:height\" content=\"689\" \/>\n\t<meta property=\"og:image:type\" content=\"image\/jpeg\" \/>\n<meta name=\"twitter:card\" content=\"summary_large_image\" \/>\n<meta name=\"twitter:label1\" content=\"Temps estimat de lectura\" \/>\n\t<meta name=\"twitter:data1\" content=\"1 minut\" \/>\n<script type=\"application\/ld+json\" class=\"yoast-schema-graph\">{\"@context\":\"https:\/\/schema.org\",\"@graph\":[{\"@type\":\"WebPage\",\"@id\":\"https:\/\/arzasarchery.com\/producto\/peepsight-hamskea-2\/\",\"url\":\"https:\/\/arzasarchery.com\/producto\/peepsight-hamskea-2\/\",\"name\":\"Peepsight HAMSKEA - Arza&#039;s Archery\",\"isPartOf\":{\"@id\":\"https:\/\/arzasarchery.com\/#website\"},\"primaryImageOfPage\":{\"@id\":\"https:\/\/arzasarchery.com\/producto\/peepsight-hamskea-2\/#primaryimage\"},\"image\":{\"@id\":\"https:\/\/arzasarchery.com\/producto\/peepsight-hamskea-2\/#primaryimage\"},\"thumbnailUrl\":\"https:\/\/arzasarchery.com\/wp-content\/uploads\/PEEP-HAMSKEA-SENZILL.jpg\",\"datePublished\":\"2023-02-01T09:53:04+00:00\",\"dateModified\":\"2023-08-26T16:58:28+00:00\",\"breadcrumb\":{\"@id\":\"https:\/\/arzasarchery.com\/producto\/peepsight-hamskea-2\/#breadcrumb\"},\"inLanguage\":\"ca\",\"potentialAction\":[{\"@type\":\"ReadAction\",\"target\":[\"https:\/\/arzasarchery.com\/producto\/peepsight-hamskea-2\/\"]}]},{\"@type\":\"ImageObject\",\"inLanguage\":\"ca\",\"@id\":\"https:\/\/arzasarchery.com\/producto\/peepsight-hamskea-2\/#primaryimage\",\"url\":\"https:\/\/arzasarchery.com\/wp-content\/uploads\/PEEP-HAMSKEA-SENZILL.jpg\",\"contentUrl\":\"https:\/\/arzasarchery.com\/wp-content\/uploads\/PEEP-HAMSKEA-SENZILL.jpg\",\"width\":371,\"height\":689},{\"@type\":\"BreadcrumbList\",\"@id\":\"https:\/\/arzasarchery.com\/producto\/peepsight-hamskea-2\/#breadcrumb\",\"itemListElement\":[{\"@type\":\"ListItem\",\"position\":1,\"name\":\"Portada\",\"item\":\"https:\/\/arzasarchery.com\/\"},{\"@type\":\"ListItem\",\"position\":2,\"name\":\"Botiga\",\"item\":\"https:\/\/arzasarchery.com\/ca\/botiga\/\"},{\"@type\":\"ListItem\",\"position\":3,\"name\":\"Peepsight HAMSKEA\"}]},{\"@type\":\"WebSite\",\"@id\":\"https:\/\/arzasarchery.com\/#website\",\"url\":\"https:\/\/arzasarchery.com\/\",\"name\":\"Arza&#039;s Archery\",\"description\":\"Arzas Archery\",\"potentialAction\":[{\"@type\":\"SearchAction\",\"target\":{\"@type\":\"EntryPoint\",\"urlTemplate\":\"https:\/\/arzasarchery.com\/?s={search_term_string}\"},\"query-input\":{\"@type\":\"PropertyValueSpecification\",\"valueRequired\":true,\"valueName\":\"search_term_string\"}}],\"inLanguage\":\"ca\"}]}<\/script>\n<!-- \/ Yoast SEO plugin. -->","yoast_head_json":{"title":"Peepsight HAMSKEA - Arza&#039;s Archery","robots":{"index":"index","follow":"follow","max-snippet":"max-snippet:-1","max-image-preview":"max-image-preview:large","max-video-preview":"max-video-preview:-1"},"canonical":"https:\/\/arzasarchery.com\/producto\/peepsight-hamskea-2\/","og_locale":"ca_ES","og_type":"article","og_title":"Peepsight HAMSKEA - Arza&#039;s Archery","og_url":"https:\/\/arzasarchery.com\/producto\/peepsight-hamskea-2\/","og_site_name":"Arza&#039;s Archery","article_modified_time":"2023-08-26T16:58:28+00:00","og_image":[{"width":371,"height":689,"url":"https:\/\/arzasarchery.com\/wp-content\/uploads\/PEEP-HAMSKEA-SENZILL.jpg","type":"image\/jpeg"}],"twitter_card":"summary_large_image","twitter_misc":{"Temps estimat de lectura":"1 minut"},"schema":{"@context":"https:\/\/schema.org","@graph":[{"@type":"WebPage","@id":"https:\/\/arzasarchery.com\/producto\/peepsight-hamskea-2\/","url":"https:\/\/arzasarchery.com\/producto\/peepsight-hamskea-2\/","name":"Peepsight HAMSKEA - Arza&#039;s Archery","isPartOf":{"@id":"https:\/\/arzasarchery.com\/#website"},"primaryImageOfPage":{"@id":"https:\/\/arzasarchery.com\/producto\/peepsight-hamskea-2\/#primaryimage"},"image":{"@id":"https:\/\/arzasarchery.com\/producto\/peepsight-hamskea-2\/#primaryimage"},"thumbnailUrl":"https:\/\/arzasarchery.com\/wp-content\/uploads\/PEEP-HAMSKEA-SENZILL.jpg","datePublished":"2023-02-01T09:53:04+00:00","dateModified":"2023-08-26T16:58:28+00:00","breadcrumb":{"@id":"https:\/\/arzasarchery.com\/producto\/peepsight-hamskea-2\/#breadcrumb"},"inLanguage":"ca","potentialAction":[{"@type":"ReadAction","target":["https:\/\/arzasarchery.com\/producto\/peepsight-hamskea-2\/"]}]},{"@type":"ImageObject","inLanguage":"ca","@id":"https:\/\/arzasarchery.com\/producto\/peepsight-hamskea-2\/#primaryimage","url":"https:\/\/arzasarchery.com\/wp-content\/uploads\/PEEP-HAMSKEA-SENZILL.jpg","contentUrl":"https:\/\/arzasarchery.com\/wp-content\/uploads\/PEEP-HAMSKEA-SENZILL.jpg","width":371,"height":689},{"@type":"BreadcrumbList","@id":"https:\/\/arzasarchery.com\/producto\/peepsight-hamskea-2\/#breadcrumb","itemListElement":[{"@type":"ListItem","position":1,"name":"Portada","item":"https:\/\/arzasarchery.com\/"},{"@type":"ListItem","position":2,"name":"Botiga","item":"https:\/\/arzasarchery.com\/ca\/botiga\/"},{"@type":"ListItem","position":3,"name":"Peepsight HAMSKEA"}]},{"@type":"WebSite","@id":"https:\/\/arzasarchery.com\/#website","url":"https:\/\/arzasarchery.com\/","name":"Arza&#039;s Archery","description":"Arzas Archery","potentialAction":[{"@type":"SearchAction","target":{"@type":"EntryPoint","urlTemplate":"https:\/\/arzasarchery.com\/?s={search_term_string}"},"query-input":{"@type":"PropertyValueSpecification","valueRequired":true,"valueName":"search_term_string"}}],"inLanguage":"ca"}]}},"_links":{"self":[{"href":"https:\/\/arzasarchery.com\/ca\/wp-json\/wp\/v2\/product\/7486","targetHints":{"allow":["GET"]}}],"collection":[{"href":"https:\/\/arzasarchery.com\/ca\/wp-json\/wp\/v2\/product"}],"about":[{"href":"https:\/\/arzasarchery.com\/ca\/wp-json\/wp\/v2\/types\/product"}],"wp:featuredmedia":[{"embeddable":true,"href":"https:\/\/arzasarchery.com\/ca\/wp-json\/wp\/v2\/media\/7487"}],"wp:attachment":[{"href":"https:\/\/arzasarchery.com\/ca\/wp-json\/wp\/v2\/media?parent=7486"}],"wp:term":[{"taxonomy":"product_brand","embeddable":true,"href":"https:\/\/arzasarchery.com\/ca\/wp-json\/wp\/v2\/product_brand?post=7486"},{"taxonomy":"product_cat","embeddable":true,"href":"https:\/\/arzasarchery.com\/ca\/wp-json\/wp\/v2\/product_cat?post=7486"},{"taxonomy":"product_tag","embeddable":true,"href":"https:\/\/arzasarchery.com\/ca\/wp-json\/wp\/v2\/product_tag?post=7486"}],"curies":[{"name":"wp","href":"https:\/\/api.w.org\/{rel}","templated":true}]}}