{"id":7277,"date":"2022-12-03T18:13:48","date_gmt":"2022-12-03T16:13:48","guid":{"rendered":"https:\/\/arzasarchery.com\/?post_type=product&#038;p=7277"},"modified":"2024-08-11T18:34:38","modified_gmt":"2024-08-11T16:34:38","slug":"v-bars-avalon-tec-x-maxx-articulo-en-promocion","status":"publish","type":"product","link":"https:\/\/arzasarchery.com\/ca\/producte\/v-bars-avalon-tec-x-maxx-articulo-en-promocion\/","title":{"rendered":"V-Bars Avalon TEC X MAXX. Articulo en promoci\u00f3n."},"content":{"rendered":"<p class=\"font-product-title\"><strong>AVALON V-BARS TEC X MAXX DUAL ADJUSTABLE<\/strong><\/p>\n<p>Aluminio mecanizado CNC.<br \/>\nTecnolog\u00eda Connicle bound-loc.<br \/>\nEje horizontal y vertical ajustables independientemente.<br \/>\nRango de ajuste ilimitado.<br \/>\nDesconexi\u00f3n r\u00e1pida integrada.<br \/>\nL\u00edneas indicadoras de precisi\u00f3n grabadas con l\u00e1ser para mayor repetibilidad.<br \/>\nIncluye llaves hexagonales y perno de repuesto.<\/p>\n","protected":false},"excerpt":{"rendered":"<p><img decoding=\"async\" class=\"alignnone size-full wp-image-359\" src=\"https:\/\/arzasarchery.com\/wp-content\/uploads\/2020\/02\/logo-avalon.jpg\" alt=\"\" width=\"271\" height=\"77\" \/><\/p>\n","protected":false},"featured_media":7278,"template":"","meta":[],"product_brand":[],"product_cat":[92,645,585],"product_tag":[],"class_list":{"0":"post-7277","1":"product","2":"type-product","3":"status-publish","4":"has-post-thumbnail","6":"product_cat-estabilizadores","7":"product_cat-promociones","8":"product_cat-v-bars","10":"first","11":"instock","12":"taxable","13":"shipping-taxable","14":"purchasable","15":"product-type-simple"},"yoast_head":"<!-- This site is optimized with the Yoast SEO plugin v25.6 - https:\/\/yoast.com\/wordpress\/plugins\/seo\/ -->\n<title>V-Bars Avalon TEC X MAXX. Articulo en promoci\u00f3n. - Arza&#039;s Archery<\/title>\n<meta name=\"robots\" content=\"index, follow, max-snippet:-1, max-image-preview:large, max-video-preview:-1\" \/>\n<link rel=\"canonical\" href=\"https:\/\/arzasarchery.com\/producto\/v-bars-avalon-tec-x-maxx-articulo-en-promocion\/\" \/>\n<meta property=\"og:locale\" content=\"ca_ES\" \/>\n<meta property=\"og:type\" content=\"article\" \/>\n<meta property=\"og:title\" content=\"V-Bars Avalon TEC X MAXX. Articulo en promoci\u00f3n. - Arza&#039;s Archery\" \/>\n<meta property=\"og:url\" content=\"https:\/\/arzasarchery.com\/producto\/v-bars-avalon-tec-x-maxx-articulo-en-promocion\/\" \/>\n<meta property=\"og:site_name\" content=\"Arza&#039;s Archery\" \/>\n<meta property=\"article:modified_time\" content=\"2024-08-11T16:34:38+00:00\" \/>\n<meta property=\"og:image\" content=\"https:\/\/arzasarchery.com\/wp-content\/uploads\/v-bars-AVALON-TECX-MAXX.jpg\" \/>\n\t<meta property=\"og:image:width\" content=\"1026\" \/>\n\t<meta property=\"og:image:height\" content=\"1112\" \/>\n\t<meta property=\"og:image:type\" content=\"image\/jpeg\" \/>\n<meta name=\"twitter:card\" content=\"summary_large_image\" \/>\n<meta name=\"twitter:label1\" content=\"Temps estimat de lectura\" \/>\n\t<meta name=\"twitter:data1\" content=\"1 minut\" \/>\n<script type=\"application\/ld+json\" class=\"yoast-schema-graph\">{\"@context\":\"https:\/\/schema.org\",\"@graph\":[{\"@type\":\"WebPage\",\"@id\":\"https:\/\/arzasarchery.com\/producto\/v-bars-avalon-tec-x-maxx-articulo-en-promocion\/\",\"url\":\"https:\/\/arzasarchery.com\/producto\/v-bars-avalon-tec-x-maxx-articulo-en-promocion\/\",\"name\":\"V-Bars Avalon TEC X MAXX. Articulo en promoci\u00f3n. - Arza&#039;s Archery\",\"isPartOf\":{\"@id\":\"https:\/\/arzasarchery.com\/#website\"},\"primaryImageOfPage\":{\"@id\":\"https:\/\/arzasarchery.com\/producto\/v-bars-avalon-tec-x-maxx-articulo-en-promocion\/#primaryimage\"},\"image\":{\"@id\":\"https:\/\/arzasarchery.com\/producto\/v-bars-avalon-tec-x-maxx-articulo-en-promocion\/#primaryimage\"},\"thumbnailUrl\":\"https:\/\/arzasarchery.com\/wp-content\/uploads\/v-bars-AVALON-TECX-MAXX.jpg\",\"datePublished\":\"2022-12-03T16:13:48+00:00\",\"dateModified\":\"2024-08-11T16:34:38+00:00\",\"breadcrumb\":{\"@id\":\"https:\/\/arzasarchery.com\/producto\/v-bars-avalon-tec-x-maxx-articulo-en-promocion\/#breadcrumb\"},\"inLanguage\":\"ca\",\"potentialAction\":[{\"@type\":\"ReadAction\",\"target\":[\"https:\/\/arzasarchery.com\/producto\/v-bars-avalon-tec-x-maxx-articulo-en-promocion\/\"]}]},{\"@type\":\"ImageObject\",\"inLanguage\":\"ca\",\"@id\":\"https:\/\/arzasarchery.com\/producto\/v-bars-avalon-tec-x-maxx-articulo-en-promocion\/#primaryimage\",\"url\":\"https:\/\/arzasarchery.com\/wp-content\/uploads\/v-bars-AVALON-TECX-MAXX.jpg\",\"contentUrl\":\"https:\/\/arzasarchery.com\/wp-content\/uploads\/v-bars-AVALON-TECX-MAXX.jpg\",\"width\":1026,\"height\":1112},{\"@type\":\"BreadcrumbList\",\"@id\":\"https:\/\/arzasarchery.com\/producto\/v-bars-avalon-tec-x-maxx-articulo-en-promocion\/#breadcrumb\",\"itemListElement\":[{\"@type\":\"ListItem\",\"position\":1,\"name\":\"Portada\",\"item\":\"https:\/\/arzasarchery.com\/\"},{\"@type\":\"ListItem\",\"position\":2,\"name\":\"Botiga\",\"item\":\"https:\/\/arzasarchery.com\/ca\/botiga\/\"},{\"@type\":\"ListItem\",\"position\":3,\"name\":\"V-Bars Avalon TEC X MAXX. Articulo en promoci\u00f3n.\"}]},{\"@type\":\"WebSite\",\"@id\":\"https:\/\/arzasarchery.com\/#website\",\"url\":\"https:\/\/arzasarchery.com\/\",\"name\":\"Arza&#039;s Archery\",\"description\":\"Arzas Archery\",\"potentialAction\":[{\"@type\":\"SearchAction\",\"target\":{\"@type\":\"EntryPoint\",\"urlTemplate\":\"https:\/\/arzasarchery.com\/?s={search_term_string}\"},\"query-input\":{\"@type\":\"PropertyValueSpecification\",\"valueRequired\":true,\"valueName\":\"search_term_string\"}}],\"inLanguage\":\"ca\"}]}<\/script>\n<!-- \/ Yoast SEO plugin. -->","yoast_head_json":{"title":"V-Bars Avalon TEC X MAXX. Articulo en promoci\u00f3n. - Arza&#039;s Archery","robots":{"index":"index","follow":"follow","max-snippet":"max-snippet:-1","max-image-preview":"max-image-preview:large","max-video-preview":"max-video-preview:-1"},"canonical":"https:\/\/arzasarchery.com\/producto\/v-bars-avalon-tec-x-maxx-articulo-en-promocion\/","og_locale":"ca_ES","og_type":"article","og_title":"V-Bars Avalon TEC X MAXX. Articulo en promoci\u00f3n. - Arza&#039;s Archery","og_url":"https:\/\/arzasarchery.com\/producto\/v-bars-avalon-tec-x-maxx-articulo-en-promocion\/","og_site_name":"Arza&#039;s Archery","article_modified_time":"2024-08-11T16:34:38+00:00","og_image":[{"width":1026,"height":1112,"url":"https:\/\/arzasarchery.com\/wp-content\/uploads\/v-bars-AVALON-TECX-MAXX.jpg","type":"image\/jpeg"}],"twitter_card":"summary_large_image","twitter_misc":{"Temps estimat de lectura":"1 minut"},"schema":{"@context":"https:\/\/schema.org","@graph":[{"@type":"WebPage","@id":"https:\/\/arzasarchery.com\/producto\/v-bars-avalon-tec-x-maxx-articulo-en-promocion\/","url":"https:\/\/arzasarchery.com\/producto\/v-bars-avalon-tec-x-maxx-articulo-en-promocion\/","name":"V-Bars Avalon TEC X MAXX. Articulo en promoci\u00f3n. - Arza&#039;s Archery","isPartOf":{"@id":"https:\/\/arzasarchery.com\/#website"},"primaryImageOfPage":{"@id":"https:\/\/arzasarchery.com\/producto\/v-bars-avalon-tec-x-maxx-articulo-en-promocion\/#primaryimage"},"image":{"@id":"https:\/\/arzasarchery.com\/producto\/v-bars-avalon-tec-x-maxx-articulo-en-promocion\/#primaryimage"},"thumbnailUrl":"https:\/\/arzasarchery.com\/wp-content\/uploads\/v-bars-AVALON-TECX-MAXX.jpg","datePublished":"2022-12-03T16:13:48+00:00","dateModified":"2024-08-11T16:34:38+00:00","breadcrumb":{"@id":"https:\/\/arzasarchery.com\/producto\/v-bars-avalon-tec-x-maxx-articulo-en-promocion\/#breadcrumb"},"inLanguage":"ca","potentialAction":[{"@type":"ReadAction","target":["https:\/\/arzasarchery.com\/producto\/v-bars-avalon-tec-x-maxx-articulo-en-promocion\/"]}]},{"@type":"ImageObject","inLanguage":"ca","@id":"https:\/\/arzasarchery.com\/producto\/v-bars-avalon-tec-x-maxx-articulo-en-promocion\/#primaryimage","url":"https:\/\/arzasarchery.com\/wp-content\/uploads\/v-bars-AVALON-TECX-MAXX.jpg","contentUrl":"https:\/\/arzasarchery.com\/wp-content\/uploads\/v-bars-AVALON-TECX-MAXX.jpg","width":1026,"height":1112},{"@type":"BreadcrumbList","@id":"https:\/\/arzasarchery.com\/producto\/v-bars-avalon-tec-x-maxx-articulo-en-promocion\/#breadcrumb","itemListElement":[{"@type":"ListItem","position":1,"name":"Portada","item":"https:\/\/arzasarchery.com\/"},{"@type":"ListItem","position":2,"name":"Botiga","item":"https:\/\/arzasarchery.com\/ca\/botiga\/"},{"@type":"ListItem","position":3,"name":"V-Bars Avalon TEC X MAXX. Articulo en promoci\u00f3n."}]},{"@type":"WebSite","@id":"https:\/\/arzasarchery.com\/#website","url":"https:\/\/arzasarchery.com\/","name":"Arza&#039;s Archery","description":"Arzas Archery","potentialAction":[{"@type":"SearchAction","target":{"@type":"EntryPoint","urlTemplate":"https:\/\/arzasarchery.com\/?s={search_term_string}"},"query-input":{"@type":"PropertyValueSpecification","valueRequired":true,"valueName":"search_term_string"}}],"inLanguage":"ca"}]}},"_links":{"self":[{"href":"https:\/\/arzasarchery.com\/ca\/wp-json\/wp\/v2\/product\/7277","targetHints":{"allow":["GET"]}}],"collection":[{"href":"https:\/\/arzasarchery.com\/ca\/wp-json\/wp\/v2\/product"}],"about":[{"href":"https:\/\/arzasarchery.com\/ca\/wp-json\/wp\/v2\/types\/product"}],"wp:featuredmedia":[{"embeddable":true,"href":"https:\/\/arzasarchery.com\/ca\/wp-json\/wp\/v2\/media\/7278"}],"wp:attachment":[{"href":"https:\/\/arzasarchery.com\/ca\/wp-json\/wp\/v2\/media?parent=7277"}],"wp:term":[{"taxonomy":"product_brand","embeddable":true,"href":"https:\/\/arzasarchery.com\/ca\/wp-json\/wp\/v2\/product_brand?post=7277"},{"taxonomy":"product_cat","embeddable":true,"href":"https:\/\/arzasarchery.com\/ca\/wp-json\/wp\/v2\/product_cat?post=7277"},{"taxonomy":"product_tag","embeddable":true,"href":"https:\/\/arzasarchery.com\/ca\/wp-json\/wp\/v2\/product_tag?post=7277"}],"curies":[{"name":"wp","href":"https:\/\/api.w.org\/{rel}","templated":true}]}}