{"id":6974,"date":"2022-11-01T14:28:08","date_gmt":"2022-11-01T12:28:08","guid":{"rendered":"https:\/\/arzasarchery.com\/?post_type=product&#038;p=6974"},"modified":"2024-08-25T13:07:57","modified_gmt":"2024-08-25T11:07:57","slug":"visor-poleas-shibuya-ultima-cpx","status":"publish","type":"product","link":"https:\/\/arzasarchery.com\/ca\/producte\/visor-poleas-shibuya-ultima-cpx\/","title":{"rendered":"Visor Poleas SHIBUYA ULTIMA CPX III 400"},"content":{"rendered":"<p class=\"font-product-title\"><strong>ULTIMA CPX III 400-9 CARBON\u00a0<\/strong><\/p>\n<p class=\"font-product-title\"><strong>ULTIMA CPX III 400-6 CARBON<\/strong><\/p>\n<p>S\u00f3lido como una roca y ligero.<br \/>\nAmbos lados de la barra de elevaci\u00f3n del Ultima CPXIII cuentan con placas de escala de visor met\u00e1licas empotradas. Cada ULTIMA CPXIII incluye una placa en blanco y una escala de referencia. 8 placas de escala de visor de doble cara, para un total de 16 opciones de escala, est\u00e1n disponibles y se venden por separado. Se pueden utilizar cintas de visor impresas en la placa en blanco suministrada.<br \/>\nLos visores Ultima CPXIII incorporan un revolucionario sistema que elimina la holgura y el juego en los ajustes de elevaci\u00f3n: el sistema ZPE. Una cu\u00f1a de aluminio reajustable, asegurada con arandelas Nord-Lock\u00ae, elimina cualquier holgura entre el bloque de bloqueo roscado y el bloque de apertura.<\/p>\n<p>El innovador sistema Tria-Lock de Shibuya mantiene la varilla del visor aproximadamente 1\/2\u2033 m\u00e1s cerca de la barra de elevaci\u00f3n que los visores convencionales. Esto reduce significativamente el momento efectuado en la unidad de orientaci\u00f3n &#8211; \u00a1un factor significativo en el desarrollo de holguras y fallos!<\/p>\n<h1 class=\"font-product-title\"><\/h1>\n","protected":false},"excerpt":{"rendered":"<p><strong><img decoding=\"async\" class=\"alignnone size-full wp-image-864\" src=\"https:\/\/arzasarchery.com\/wp-content\/uploads\/2020\/03\/logo-sibuya.png\" alt=\"\" width=\"200\" height=\"136\" \/><\/strong><\/p>\n<p><strong>ESPECIFICACIONES : Anotar tama\u00f1o.<\/strong><\/p>\n<p>&nbsp;<\/p>\n<p>&nbsp;<\/p>\n","protected":false},"featured_media":6975,"template":"","meta":[],"product_brand":[],"product_cat":[129,125],"product_tag":[],"class_list":{"0":"post-6974","1":"product","2":"type-product","3":"status-publish","4":"has-post-thumbnail","6":"product_cat-tiro-poleas","7":"product_cat-visores","8":"pa_color-black","9":"pa_color-azul","10":"pa_color-gold","11":"pa_color-gun-metal","12":"pa_color-naranja","13":"pa_color-purple","14":"pa_color-red","15":"pa_mano-lh","16":"pa_mano-rh","18":"first","19":"instock","20":"taxable","21":"shipping-taxable","22":"purchasable","23":"product-type-simple"},"yoast_head":"<!-- This site is optimized with the Yoast SEO plugin v25.6 - https:\/\/yoast.com\/wordpress\/plugins\/seo\/ -->\n<title>Visor Poleas SHIBUYA ULTIMA CPX III 400 - Arza&#039;s Archery<\/title>\n<meta name=\"robots\" content=\"index, follow, max-snippet:-1, max-image-preview:large, max-video-preview:-1\" \/>\n<link rel=\"canonical\" href=\"https:\/\/arzasarchery.com\/producto\/visor-poleas-shibuya-ultima-cpx\/\" \/>\n<meta property=\"og:locale\" content=\"ca_ES\" \/>\n<meta property=\"og:type\" content=\"article\" \/>\n<meta property=\"og:title\" content=\"Visor Poleas SHIBUYA ULTIMA CPX III 400 - Arza&#039;s Archery\" \/>\n<meta property=\"og:description\" content=\"ESPECIFICACIONES : Anotar tama\u00f1o.  &nbsp;  &nbsp;\" \/>\n<meta property=\"og:url\" content=\"https:\/\/arzasarchery.com\/producto\/visor-poleas-shibuya-ultima-cpx\/\" \/>\n<meta property=\"og:site_name\" content=\"Arza&#039;s Archery\" \/>\n<meta property=\"article:modified_time\" content=\"2024-08-25T11:07:57+00:00\" \/>\n<meta property=\"og:image\" content=\"https:\/\/arzasarchery.com\/wp-content\/uploads\/VISORES-SIBHUYA-CPX-CARBON1.jpg\" \/>\n\t<meta property=\"og:image:width\" content=\"1028\" \/>\n\t<meta property=\"og:image:height\" content=\"1144\" \/>\n\t<meta property=\"og:image:type\" content=\"image\/jpeg\" \/>\n<meta name=\"twitter:card\" content=\"summary_large_image\" \/>\n<meta name=\"twitter:label1\" content=\"Temps estimat de lectura\" \/>\n\t<meta name=\"twitter:data1\" content=\"1 minut\" \/>\n<script type=\"application\/ld+json\" class=\"yoast-schema-graph\">{\"@context\":\"https:\/\/schema.org\",\"@graph\":[{\"@type\":\"WebPage\",\"@id\":\"https:\/\/arzasarchery.com\/producto\/visor-poleas-shibuya-ultima-cpx\/\",\"url\":\"https:\/\/arzasarchery.com\/producto\/visor-poleas-shibuya-ultima-cpx\/\",\"name\":\"Visor Poleas SHIBUYA ULTIMA CPX III 400 - Arza&#039;s Archery\",\"isPartOf\":{\"@id\":\"https:\/\/arzasarchery.com\/#website\"},\"primaryImageOfPage\":{\"@id\":\"https:\/\/arzasarchery.com\/producto\/visor-poleas-shibuya-ultima-cpx\/#primaryimage\"},\"image\":{\"@id\":\"https:\/\/arzasarchery.com\/producto\/visor-poleas-shibuya-ultima-cpx\/#primaryimage\"},\"thumbnailUrl\":\"https:\/\/arzasarchery.com\/wp-content\/uploads\/VISORES-SIBHUYA-CPX-CARBON1.jpg\",\"datePublished\":\"2022-11-01T12:28:08+00:00\",\"dateModified\":\"2024-08-25T11:07:57+00:00\",\"breadcrumb\":{\"@id\":\"https:\/\/arzasarchery.com\/producto\/visor-poleas-shibuya-ultima-cpx\/#breadcrumb\"},\"inLanguage\":\"ca\",\"potentialAction\":[{\"@type\":\"ReadAction\",\"target\":[\"https:\/\/arzasarchery.com\/producto\/visor-poleas-shibuya-ultima-cpx\/\"]}]},{\"@type\":\"ImageObject\",\"inLanguage\":\"ca\",\"@id\":\"https:\/\/arzasarchery.com\/producto\/visor-poleas-shibuya-ultima-cpx\/#primaryimage\",\"url\":\"https:\/\/arzasarchery.com\/wp-content\/uploads\/VISORES-SIBHUYA-CPX-CARBON1.jpg\",\"contentUrl\":\"https:\/\/arzasarchery.com\/wp-content\/uploads\/VISORES-SIBHUYA-CPX-CARBON1.jpg\",\"width\":1028,\"height\":1144},{\"@type\":\"BreadcrumbList\",\"@id\":\"https:\/\/arzasarchery.com\/producto\/visor-poleas-shibuya-ultima-cpx\/#breadcrumb\",\"itemListElement\":[{\"@type\":\"ListItem\",\"position\":1,\"name\":\"Portada\",\"item\":\"https:\/\/arzasarchery.com\/\"},{\"@type\":\"ListItem\",\"position\":2,\"name\":\"Botiga\",\"item\":\"https:\/\/arzasarchery.com\/ca\/botiga\/\"},{\"@type\":\"ListItem\",\"position\":3,\"name\":\"Visor Poleas SHIBUYA ULTIMA CPX III 400\"}]},{\"@type\":\"WebSite\",\"@id\":\"https:\/\/arzasarchery.com\/#website\",\"url\":\"https:\/\/arzasarchery.com\/\",\"name\":\"Arza&#039;s Archery\",\"description\":\"Arzas Archery\",\"potentialAction\":[{\"@type\":\"SearchAction\",\"target\":{\"@type\":\"EntryPoint\",\"urlTemplate\":\"https:\/\/arzasarchery.com\/?s={search_term_string}\"},\"query-input\":{\"@type\":\"PropertyValueSpecification\",\"valueRequired\":true,\"valueName\":\"search_term_string\"}}],\"inLanguage\":\"ca\"}]}<\/script>\n<!-- \/ Yoast SEO plugin. -->","yoast_head_json":{"title":"Visor Poleas SHIBUYA ULTIMA CPX III 400 - Arza&#039;s Archery","robots":{"index":"index","follow":"follow","max-snippet":"max-snippet:-1","max-image-preview":"max-image-preview:large","max-video-preview":"max-video-preview:-1"},"canonical":"https:\/\/arzasarchery.com\/producto\/visor-poleas-shibuya-ultima-cpx\/","og_locale":"ca_ES","og_type":"article","og_title":"Visor Poleas SHIBUYA ULTIMA CPX III 400 - Arza&#039;s Archery","og_description":"ESPECIFICACIONES : Anotar tama\u00f1o.  &nbsp;  &nbsp;","og_url":"https:\/\/arzasarchery.com\/producto\/visor-poleas-shibuya-ultima-cpx\/","og_site_name":"Arza&#039;s Archery","article_modified_time":"2024-08-25T11:07:57+00:00","og_image":[{"width":1028,"height":1144,"url":"https:\/\/arzasarchery.com\/wp-content\/uploads\/VISORES-SIBHUYA-CPX-CARBON1.jpg","type":"image\/jpeg"}],"twitter_card":"summary_large_image","twitter_misc":{"Temps estimat de lectura":"1 minut"},"schema":{"@context":"https:\/\/schema.org","@graph":[{"@type":"WebPage","@id":"https:\/\/arzasarchery.com\/producto\/visor-poleas-shibuya-ultima-cpx\/","url":"https:\/\/arzasarchery.com\/producto\/visor-poleas-shibuya-ultima-cpx\/","name":"Visor Poleas SHIBUYA ULTIMA CPX III 400 - Arza&#039;s Archery","isPartOf":{"@id":"https:\/\/arzasarchery.com\/#website"},"primaryImageOfPage":{"@id":"https:\/\/arzasarchery.com\/producto\/visor-poleas-shibuya-ultima-cpx\/#primaryimage"},"image":{"@id":"https:\/\/arzasarchery.com\/producto\/visor-poleas-shibuya-ultima-cpx\/#primaryimage"},"thumbnailUrl":"https:\/\/arzasarchery.com\/wp-content\/uploads\/VISORES-SIBHUYA-CPX-CARBON1.jpg","datePublished":"2022-11-01T12:28:08+00:00","dateModified":"2024-08-25T11:07:57+00:00","breadcrumb":{"@id":"https:\/\/arzasarchery.com\/producto\/visor-poleas-shibuya-ultima-cpx\/#breadcrumb"},"inLanguage":"ca","potentialAction":[{"@type":"ReadAction","target":["https:\/\/arzasarchery.com\/producto\/visor-poleas-shibuya-ultima-cpx\/"]}]},{"@type":"ImageObject","inLanguage":"ca","@id":"https:\/\/arzasarchery.com\/producto\/visor-poleas-shibuya-ultima-cpx\/#primaryimage","url":"https:\/\/arzasarchery.com\/wp-content\/uploads\/VISORES-SIBHUYA-CPX-CARBON1.jpg","contentUrl":"https:\/\/arzasarchery.com\/wp-content\/uploads\/VISORES-SIBHUYA-CPX-CARBON1.jpg","width":1028,"height":1144},{"@type":"BreadcrumbList","@id":"https:\/\/arzasarchery.com\/producto\/visor-poleas-shibuya-ultima-cpx\/#breadcrumb","itemListElement":[{"@type":"ListItem","position":1,"name":"Portada","item":"https:\/\/arzasarchery.com\/"},{"@type":"ListItem","position":2,"name":"Botiga","item":"https:\/\/arzasarchery.com\/ca\/botiga\/"},{"@type":"ListItem","position":3,"name":"Visor Poleas SHIBUYA ULTIMA CPX III 400"}]},{"@type":"WebSite","@id":"https:\/\/arzasarchery.com\/#website","url":"https:\/\/arzasarchery.com\/","name":"Arza&#039;s Archery","description":"Arzas Archery","potentialAction":[{"@type":"SearchAction","target":{"@type":"EntryPoint","urlTemplate":"https:\/\/arzasarchery.com\/?s={search_term_string}"},"query-input":{"@type":"PropertyValueSpecification","valueRequired":true,"valueName":"search_term_string"}}],"inLanguage":"ca"}]}},"_links":{"self":[{"href":"https:\/\/arzasarchery.com\/ca\/wp-json\/wp\/v2\/product\/6974","targetHints":{"allow":["GET"]}}],"collection":[{"href":"https:\/\/arzasarchery.com\/ca\/wp-json\/wp\/v2\/product"}],"about":[{"href":"https:\/\/arzasarchery.com\/ca\/wp-json\/wp\/v2\/types\/product"}],"wp:featuredmedia":[{"embeddable":true,"href":"https:\/\/arzasarchery.com\/ca\/wp-json\/wp\/v2\/media\/6975"}],"wp:attachment":[{"href":"https:\/\/arzasarchery.com\/ca\/wp-json\/wp\/v2\/media?parent=6974"}],"wp:term":[{"taxonomy":"product_brand","embeddable":true,"href":"https:\/\/arzasarchery.com\/ca\/wp-json\/wp\/v2\/product_brand?post=6974"},{"taxonomy":"product_cat","embeddable":true,"href":"https:\/\/arzasarchery.com\/ca\/wp-json\/wp\/v2\/product_cat?post=6974"},{"taxonomy":"product_tag","embeddable":true,"href":"https:\/\/arzasarchery.com\/ca\/wp-json\/wp\/v2\/product_tag?post=6974"}],"curies":[{"name":"wp","href":"https:\/\/api.w.org\/{rel}","templated":true}]}}