{"id":6699,"date":"2022-08-03T19:23:55","date_gmt":"2022-08-03T17:23:55","guid":{"rendered":"https:\/\/arzasarchery.com\/?post_type=product&#038;p=6699"},"modified":"2025-08-24T17:22:55","modified_gmt":"2025-08-24T15:22:55","slug":"cuerpo-olimpico-mk-archery-x-on","status":"publish","type":"product","link":"https:\/\/arzasarchery.com\/ca\/producte\/cuerpo-olimpico-mk-archery-x-on\/","title":{"rendered":"Cuerpo Ol\u00edmpico MK ARCHERY X-ON"},"content":{"rendered":"<p class=\"font-product-title\"><strong>RISERS MK ARCHERY X-ON 23&#8243;\/25&#8243;<\/strong><\/p>\n<p>Los puntos fuertes de las cuerpos MK X-ON son:<br \/>\nCuerpo ultraligero: 1030g<br \/>\nEquilibrio \u00f3ptimo: El cuerpo X-ON se equilibra entre la parte superior e inferior del cuerpo, y elimina la vibraci\u00f3n de la pala durante el disparo.<br \/>\nLa empu\u00f1adura X-ON aumenta la comodidad del usuario al encontrar un punto de fuerza centrado optimizado.<br \/>\nSistema de alineaci\u00f3n central f\u00e1cil y r\u00e1pido.<br \/>\nPosici\u00f3n de mira optimizada.<br \/>\nMaterial : Aluminio 6061.<\/p>\n<h1 class=\"font-product-title\"><\/h1>\n","protected":false},"excerpt":{"rendered":"<p><img decoding=\"async\" class=\"alignnone size-medium wp-image-1579\" src=\"https:\/\/arzasarchery.com\/wp-content\/uploads\/logo-MK-ARCHERY-300x158.jpg\" alt=\"\" width=\"300\" height=\"158\" srcset=\"https:\/\/arzasarchery.com\/wp-content\/uploads\/logo-MK-ARCHERY-300x158.jpg 300w, https:\/\/arzasarchery.com\/wp-content\/uploads\/logo-MK-ARCHERY.jpg 310w\" sizes=\"(max-width: 300px) 100vw, 300px\" \/><\/p>\n<p><strong>ESPECIFICACIONES : Anotar color y tama\u00f1o del cuerpo.<\/strong><\/p>\n","protected":false},"featured_media":6700,"template":"","meta":[],"product_brand":[],"product_cat":[42,48,813],"product_tag":[],"class_list":{"0":"post-6699","1":"product","2":"type-product","3":"status-publish","4":"has-post-thumbnail","6":"product_cat-arcos","7":"product_cat-olimpico","8":"product_cat-cuerpo-recurvo-olimpico-mk","9":"pa_color-black","10":"pa_color-azul","11":"pa_color-gold","12":"pa_color-purple","13":"pa_color-red","14":"pa_mano-rh","16":"first","17":"instock","18":"taxable","19":"shipping-taxable","20":"purchasable","21":"product-type-simple"},"yoast_head":"<!-- This site is optimized with the Yoast SEO plugin v25.6 - https:\/\/yoast.com\/wordpress\/plugins\/seo\/ -->\n<title>Cuerpo Ol\u00edmpico MK ARCHERY X-ON - Arza&#039;s Archery<\/title>\n<meta name=\"robots\" content=\"index, follow, max-snippet:-1, max-image-preview:large, max-video-preview:-1\" \/>\n<link rel=\"canonical\" href=\"https:\/\/arzasarchery.com\/producto\/cuerpo-olimpico-mk-archery-x-on\/\" \/>\n<meta property=\"og:locale\" content=\"ca_ES\" \/>\n<meta property=\"og:type\" content=\"article\" \/>\n<meta property=\"og:title\" content=\"Cuerpo Ol\u00edmpico MK ARCHERY X-ON - Arza&#039;s Archery\" \/>\n<meta property=\"og:description\" content=\"ESPECIFICACIONES : Anotar color y tama\u00f1o del cuerpo.\" \/>\n<meta property=\"og:url\" content=\"https:\/\/arzasarchery.com\/producto\/cuerpo-olimpico-mk-archery-x-on\/\" \/>\n<meta property=\"og:site_name\" content=\"Arza&#039;s Archery\" \/>\n<meta property=\"article:modified_time\" content=\"2025-08-24T15:22:55+00:00\" \/>\n<meta property=\"og:image\" content=\"https:\/\/arzasarchery.com\/wp-content\/uploads\/cuerpo-MK-X-ON.jpg\" \/>\n\t<meta property=\"og:image:width\" content=\"944\" \/>\n\t<meta property=\"og:image:height\" content=\"1054\" \/>\n\t<meta property=\"og:image:type\" content=\"image\/jpeg\" \/>\n<meta name=\"twitter:card\" content=\"summary_large_image\" \/>\n<meta name=\"twitter:label1\" content=\"Temps estimat de lectura\" \/>\n\t<meta name=\"twitter:data1\" content=\"1 minut\" \/>\n<script type=\"application\/ld+json\" class=\"yoast-schema-graph\">{\"@context\":\"https:\/\/schema.org\",\"@graph\":[{\"@type\":\"WebPage\",\"@id\":\"https:\/\/arzasarchery.com\/producto\/cuerpo-olimpico-mk-archery-x-on\/\",\"url\":\"https:\/\/arzasarchery.com\/producto\/cuerpo-olimpico-mk-archery-x-on\/\",\"name\":\"Cuerpo Ol\u00edmpico MK ARCHERY X-ON - Arza&#039;s Archery\",\"isPartOf\":{\"@id\":\"https:\/\/arzasarchery.com\/#website\"},\"primaryImageOfPage\":{\"@id\":\"https:\/\/arzasarchery.com\/producto\/cuerpo-olimpico-mk-archery-x-on\/#primaryimage\"},\"image\":{\"@id\":\"https:\/\/arzasarchery.com\/producto\/cuerpo-olimpico-mk-archery-x-on\/#primaryimage\"},\"thumbnailUrl\":\"https:\/\/arzasarchery.com\/wp-content\/uploads\/cuerpo-MK-X-ON.jpg\",\"datePublished\":\"2022-08-03T17:23:55+00:00\",\"dateModified\":\"2025-08-24T15:22:55+00:00\",\"breadcrumb\":{\"@id\":\"https:\/\/arzasarchery.com\/producto\/cuerpo-olimpico-mk-archery-x-on\/#breadcrumb\"},\"inLanguage\":\"ca\",\"potentialAction\":[{\"@type\":\"ReadAction\",\"target\":[\"https:\/\/arzasarchery.com\/producto\/cuerpo-olimpico-mk-archery-x-on\/\"]}]},{\"@type\":\"ImageObject\",\"inLanguage\":\"ca\",\"@id\":\"https:\/\/arzasarchery.com\/producto\/cuerpo-olimpico-mk-archery-x-on\/#primaryimage\",\"url\":\"https:\/\/arzasarchery.com\/wp-content\/uploads\/cuerpo-MK-X-ON.jpg\",\"contentUrl\":\"https:\/\/arzasarchery.com\/wp-content\/uploads\/cuerpo-MK-X-ON.jpg\",\"width\":944,\"height\":1054},{\"@type\":\"BreadcrumbList\",\"@id\":\"https:\/\/arzasarchery.com\/producto\/cuerpo-olimpico-mk-archery-x-on\/#breadcrumb\",\"itemListElement\":[{\"@type\":\"ListItem\",\"position\":1,\"name\":\"Portada\",\"item\":\"https:\/\/arzasarchery.com\/\"},{\"@type\":\"ListItem\",\"position\":2,\"name\":\"Botiga\",\"item\":\"https:\/\/arzasarchery.com\/ca\/botiga\/\"},{\"@type\":\"ListItem\",\"position\":3,\"name\":\"Cuerpo Ol\u00edmpico MK ARCHERY X-ON\"}]},{\"@type\":\"WebSite\",\"@id\":\"https:\/\/arzasarchery.com\/#website\",\"url\":\"https:\/\/arzasarchery.com\/\",\"name\":\"Arza&#039;s Archery\",\"description\":\"Arzas Archery\",\"potentialAction\":[{\"@type\":\"SearchAction\",\"target\":{\"@type\":\"EntryPoint\",\"urlTemplate\":\"https:\/\/arzasarchery.com\/?s={search_term_string}\"},\"query-input\":{\"@type\":\"PropertyValueSpecification\",\"valueRequired\":true,\"valueName\":\"search_term_string\"}}],\"inLanguage\":\"ca\"}]}<\/script>\n<!-- \/ Yoast SEO plugin. -->","yoast_head_json":{"title":"Cuerpo Ol\u00edmpico MK ARCHERY X-ON - Arza&#039;s Archery","robots":{"index":"index","follow":"follow","max-snippet":"max-snippet:-1","max-image-preview":"max-image-preview:large","max-video-preview":"max-video-preview:-1"},"canonical":"https:\/\/arzasarchery.com\/producto\/cuerpo-olimpico-mk-archery-x-on\/","og_locale":"ca_ES","og_type":"article","og_title":"Cuerpo Ol\u00edmpico MK ARCHERY X-ON - Arza&#039;s Archery","og_description":"ESPECIFICACIONES : Anotar color y tama\u00f1o del cuerpo.","og_url":"https:\/\/arzasarchery.com\/producto\/cuerpo-olimpico-mk-archery-x-on\/","og_site_name":"Arza&#039;s Archery","article_modified_time":"2025-08-24T15:22:55+00:00","og_image":[{"width":944,"height":1054,"url":"https:\/\/arzasarchery.com\/wp-content\/uploads\/cuerpo-MK-X-ON.jpg","type":"image\/jpeg"}],"twitter_card":"summary_large_image","twitter_misc":{"Temps estimat de lectura":"1 minut"},"schema":{"@context":"https:\/\/schema.org","@graph":[{"@type":"WebPage","@id":"https:\/\/arzasarchery.com\/producto\/cuerpo-olimpico-mk-archery-x-on\/","url":"https:\/\/arzasarchery.com\/producto\/cuerpo-olimpico-mk-archery-x-on\/","name":"Cuerpo Ol\u00edmpico MK ARCHERY X-ON - Arza&#039;s Archery","isPartOf":{"@id":"https:\/\/arzasarchery.com\/#website"},"primaryImageOfPage":{"@id":"https:\/\/arzasarchery.com\/producto\/cuerpo-olimpico-mk-archery-x-on\/#primaryimage"},"image":{"@id":"https:\/\/arzasarchery.com\/producto\/cuerpo-olimpico-mk-archery-x-on\/#primaryimage"},"thumbnailUrl":"https:\/\/arzasarchery.com\/wp-content\/uploads\/cuerpo-MK-X-ON.jpg","datePublished":"2022-08-03T17:23:55+00:00","dateModified":"2025-08-24T15:22:55+00:00","breadcrumb":{"@id":"https:\/\/arzasarchery.com\/producto\/cuerpo-olimpico-mk-archery-x-on\/#breadcrumb"},"inLanguage":"ca","potentialAction":[{"@type":"ReadAction","target":["https:\/\/arzasarchery.com\/producto\/cuerpo-olimpico-mk-archery-x-on\/"]}]},{"@type":"ImageObject","inLanguage":"ca","@id":"https:\/\/arzasarchery.com\/producto\/cuerpo-olimpico-mk-archery-x-on\/#primaryimage","url":"https:\/\/arzasarchery.com\/wp-content\/uploads\/cuerpo-MK-X-ON.jpg","contentUrl":"https:\/\/arzasarchery.com\/wp-content\/uploads\/cuerpo-MK-X-ON.jpg","width":944,"height":1054},{"@type":"BreadcrumbList","@id":"https:\/\/arzasarchery.com\/producto\/cuerpo-olimpico-mk-archery-x-on\/#breadcrumb","itemListElement":[{"@type":"ListItem","position":1,"name":"Portada","item":"https:\/\/arzasarchery.com\/"},{"@type":"ListItem","position":2,"name":"Botiga","item":"https:\/\/arzasarchery.com\/ca\/botiga\/"},{"@type":"ListItem","position":3,"name":"Cuerpo Ol\u00edmpico MK ARCHERY X-ON"}]},{"@type":"WebSite","@id":"https:\/\/arzasarchery.com\/#website","url":"https:\/\/arzasarchery.com\/","name":"Arza&#039;s Archery","description":"Arzas Archery","potentialAction":[{"@type":"SearchAction","target":{"@type":"EntryPoint","urlTemplate":"https:\/\/arzasarchery.com\/?s={search_term_string}"},"query-input":{"@type":"PropertyValueSpecification","valueRequired":true,"valueName":"search_term_string"}}],"inLanguage":"ca"}]}},"_links":{"self":[{"href":"https:\/\/arzasarchery.com\/ca\/wp-json\/wp\/v2\/product\/6699","targetHints":{"allow":["GET"]}}],"collection":[{"href":"https:\/\/arzasarchery.com\/ca\/wp-json\/wp\/v2\/product"}],"about":[{"href":"https:\/\/arzasarchery.com\/ca\/wp-json\/wp\/v2\/types\/product"}],"wp:featuredmedia":[{"embeddable":true,"href":"https:\/\/arzasarchery.com\/ca\/wp-json\/wp\/v2\/media\/6700"}],"wp:attachment":[{"href":"https:\/\/arzasarchery.com\/ca\/wp-json\/wp\/v2\/media?parent=6699"}],"wp:term":[{"taxonomy":"product_brand","embeddable":true,"href":"https:\/\/arzasarchery.com\/ca\/wp-json\/wp\/v2\/product_brand?post=6699"},{"taxonomy":"product_cat","embeddable":true,"href":"https:\/\/arzasarchery.com\/ca\/wp-json\/wp\/v2\/product_cat?post=6699"},{"taxonomy":"product_tag","embeddable":true,"href":"https:\/\/arzasarchery.com\/ca\/wp-json\/wp\/v2\/product_tag?post=6699"}],"curies":[{"name":"wp","href":"https:\/\/api.w.org\/{rel}","templated":true}]}}