{"id":6569,"date":"2022-06-17T09:58:51","date_gmt":"2022-06-17T07:58:51","guid":{"rendered":"https:\/\/arzasarchery.com\/?post_type=product&#038;p=6569"},"modified":"2025-08-31T12:27:02","modified_gmt":"2025-08-31T10:27:02","slug":"tubo-flecha-easton-fmj-4mm-carbon-alu-hunting-3d-1400e-u","status":"publish","type":"product","link":"https:\/\/arzasarchery.com\/ca\/producte\/tubo-flecha-easton-fmj-4mm-carbon-alu-hunting-3d-1400e-u\/","title":{"rendered":"Tubo Flecha EASTON FMJ 4mm Carbon\/Alu HUNTING\/3D  16,00\u20ac\/U"},"content":{"rendered":"<p class=\"font-product-title\"><strong>SHAFTS FMJ 4MM\u00a0<\/strong><\/p>\n<p>La 4MM FMJ ofrece la mayor penetraci\u00f3n y est\u00e1 fabricada con precisi\u00f3n en EE.UU. para obtener la flecha de caza m\u00e1s precisa del mercado. La Full Metal Jacket 4MM ha sido actualizada con una nueva configuraci\u00f3n del tubo, un nuevo sistema de punta de 8-32 y un nuevo dise\u00f1o gr\u00e1fico. La punta de rosca 8-32 est\u00e1ndar optimiza la parte delantera del centro para facilitar el ajuste de la punta y aumentar la durabilidad.<\/p>\n","protected":false},"excerpt":{"rendered":"<p><img fetchpriority=\"high\" decoding=\"async\" class=\"alignnone size-full wp-image-1062\" src=\"https:\/\/arzasarchery.com\/wp-content\/uploads\/2020\/03\/logo-easton.png\" alt=\"\" width=\"301\" height=\"167\" srcset=\"https:\/\/arzasarchery.com\/wp-content\/uploads\/2020\/03\/logo-easton.png 301w, https:\/\/arzasarchery.com\/wp-content\/uploads\/2020\/03\/logo-easton-150x84.png 150w\" sizes=\"(max-width: 301px) 100vw, 301px\" \/><\/p>\n","protected":false},"featured_media":6570,"template":"","meta":[],"product_brand":[],"product_cat":[94,101],"product_tag":[],"class_list":{"0":"post-6569","1":"product","2":"type-product","3":"status-publish","4":"has-post-thumbnail","6":"product_cat-flechas","7":"product_cat-tubos-flechas-de-caza","9":"first","10":"instock","11":"taxable","12":"shipping-taxable","13":"purchasable","14":"product-type-simple"},"yoast_head":"<!-- This site is optimized with the Yoast SEO plugin v25.6 - https:\/\/yoast.com\/wordpress\/plugins\/seo\/ -->\n<title>Tubo Flecha EASTON FMJ 4mm Carbon\/Alu HUNTING\/3D 16,00\u20ac\/U - Arza&#039;s Archery<\/title>\n<meta name=\"robots\" content=\"index, follow, max-snippet:-1, max-image-preview:large, max-video-preview:-1\" \/>\n<link rel=\"canonical\" href=\"https:\/\/arzasarchery.com\/producto\/tubo-flecha-easton-fmj-4mm-carbon-alu-hunting-3d-1400e-u\/\" \/>\n<meta property=\"og:locale\" content=\"ca_ES\" \/>\n<meta property=\"og:type\" content=\"article\" \/>\n<meta property=\"og:title\" content=\"Tubo Flecha EASTON FMJ 4mm Carbon\/Alu HUNTING\/3D 16,00\u20ac\/U - Arza&#039;s Archery\" \/>\n<meta property=\"og:url\" content=\"https:\/\/arzasarchery.com\/producto\/tubo-flecha-easton-fmj-4mm-carbon-alu-hunting-3d-1400e-u\/\" \/>\n<meta property=\"og:site_name\" content=\"Arza&#039;s Archery\" \/>\n<meta property=\"article:modified_time\" content=\"2025-08-31T10:27:02+00:00\" \/>\n<meta property=\"og:image\" content=\"https:\/\/arzasarchery.com\/wp-content\/uploads\/TUBO-FLECHA-FMJ-4mm-.jpg\" \/>\n\t<meta property=\"og:image:width\" content=\"682\" \/>\n\t<meta property=\"og:image:height\" content=\"1023\" \/>\n\t<meta property=\"og:image:type\" content=\"image\/jpeg\" \/>\n<meta name=\"twitter:card\" content=\"summary_large_image\" \/>\n<meta name=\"twitter:label1\" content=\"Temps estimat de lectura\" \/>\n\t<meta name=\"twitter:data1\" content=\"1 minut\" \/>\n<script type=\"application\/ld+json\" class=\"yoast-schema-graph\">{\"@context\":\"https:\/\/schema.org\",\"@graph\":[{\"@type\":\"WebPage\",\"@id\":\"https:\/\/arzasarchery.com\/producto\/tubo-flecha-easton-fmj-4mm-carbon-alu-hunting-3d-1400e-u\/\",\"url\":\"https:\/\/arzasarchery.com\/producto\/tubo-flecha-easton-fmj-4mm-carbon-alu-hunting-3d-1400e-u\/\",\"name\":\"Tubo Flecha EASTON FMJ 4mm Carbon\/Alu HUNTING\/3D 16,00\u20ac\/U - Arza&#039;s Archery\",\"isPartOf\":{\"@id\":\"https:\/\/arzasarchery.com\/#website\"},\"primaryImageOfPage\":{\"@id\":\"https:\/\/arzasarchery.com\/producto\/tubo-flecha-easton-fmj-4mm-carbon-alu-hunting-3d-1400e-u\/#primaryimage\"},\"image\":{\"@id\":\"https:\/\/arzasarchery.com\/producto\/tubo-flecha-easton-fmj-4mm-carbon-alu-hunting-3d-1400e-u\/#primaryimage\"},\"thumbnailUrl\":\"https:\/\/arzasarchery.com\/wp-content\/uploads\/TUBO-FLECHA-FMJ-4mm-.jpg\",\"datePublished\":\"2022-06-17T07:58:51+00:00\",\"dateModified\":\"2025-08-31T10:27:02+00:00\",\"breadcrumb\":{\"@id\":\"https:\/\/arzasarchery.com\/producto\/tubo-flecha-easton-fmj-4mm-carbon-alu-hunting-3d-1400e-u\/#breadcrumb\"},\"inLanguage\":\"ca\",\"potentialAction\":[{\"@type\":\"ReadAction\",\"target\":[\"https:\/\/arzasarchery.com\/producto\/tubo-flecha-easton-fmj-4mm-carbon-alu-hunting-3d-1400e-u\/\"]}]},{\"@type\":\"ImageObject\",\"inLanguage\":\"ca\",\"@id\":\"https:\/\/arzasarchery.com\/producto\/tubo-flecha-easton-fmj-4mm-carbon-alu-hunting-3d-1400e-u\/#primaryimage\",\"url\":\"https:\/\/arzasarchery.com\/wp-content\/uploads\/TUBO-FLECHA-FMJ-4mm-.jpg\",\"contentUrl\":\"https:\/\/arzasarchery.com\/wp-content\/uploads\/TUBO-FLECHA-FMJ-4mm-.jpg\",\"width\":682,\"height\":1023},{\"@type\":\"BreadcrumbList\",\"@id\":\"https:\/\/arzasarchery.com\/producto\/tubo-flecha-easton-fmj-4mm-carbon-alu-hunting-3d-1400e-u\/#breadcrumb\",\"itemListElement\":[{\"@type\":\"ListItem\",\"position\":1,\"name\":\"Portada\",\"item\":\"https:\/\/arzasarchery.com\/\"},{\"@type\":\"ListItem\",\"position\":2,\"name\":\"Botiga\",\"item\":\"https:\/\/arzasarchery.com\/ca\/botiga\/\"},{\"@type\":\"ListItem\",\"position\":3,\"name\":\"Tubo Flecha EASTON FMJ 4mm Carbon\/Alu HUNTING\/3D 16,00\u20ac\/U\"}]},{\"@type\":\"WebSite\",\"@id\":\"https:\/\/arzasarchery.com\/#website\",\"url\":\"https:\/\/arzasarchery.com\/\",\"name\":\"Arza&#039;s Archery\",\"description\":\"Arzas Archery\",\"potentialAction\":[{\"@type\":\"SearchAction\",\"target\":{\"@type\":\"EntryPoint\",\"urlTemplate\":\"https:\/\/arzasarchery.com\/?s={search_term_string}\"},\"query-input\":{\"@type\":\"PropertyValueSpecification\",\"valueRequired\":true,\"valueName\":\"search_term_string\"}}],\"inLanguage\":\"ca\"}]}<\/script>\n<!-- \/ Yoast SEO plugin. -->","yoast_head_json":{"title":"Tubo Flecha EASTON FMJ 4mm Carbon\/Alu HUNTING\/3D 16,00\u20ac\/U - Arza&#039;s Archery","robots":{"index":"index","follow":"follow","max-snippet":"max-snippet:-1","max-image-preview":"max-image-preview:large","max-video-preview":"max-video-preview:-1"},"canonical":"https:\/\/arzasarchery.com\/producto\/tubo-flecha-easton-fmj-4mm-carbon-alu-hunting-3d-1400e-u\/","og_locale":"ca_ES","og_type":"article","og_title":"Tubo Flecha EASTON FMJ 4mm Carbon\/Alu HUNTING\/3D 16,00\u20ac\/U - Arza&#039;s Archery","og_url":"https:\/\/arzasarchery.com\/producto\/tubo-flecha-easton-fmj-4mm-carbon-alu-hunting-3d-1400e-u\/","og_site_name":"Arza&#039;s Archery","article_modified_time":"2025-08-31T10:27:02+00:00","og_image":[{"width":682,"height":1023,"url":"https:\/\/arzasarchery.com\/wp-content\/uploads\/TUBO-FLECHA-FMJ-4mm-.jpg","type":"image\/jpeg"}],"twitter_card":"summary_large_image","twitter_misc":{"Temps estimat de lectura":"1 minut"},"schema":{"@context":"https:\/\/schema.org","@graph":[{"@type":"WebPage","@id":"https:\/\/arzasarchery.com\/producto\/tubo-flecha-easton-fmj-4mm-carbon-alu-hunting-3d-1400e-u\/","url":"https:\/\/arzasarchery.com\/producto\/tubo-flecha-easton-fmj-4mm-carbon-alu-hunting-3d-1400e-u\/","name":"Tubo Flecha EASTON FMJ 4mm Carbon\/Alu HUNTING\/3D 16,00\u20ac\/U - Arza&#039;s Archery","isPartOf":{"@id":"https:\/\/arzasarchery.com\/#website"},"primaryImageOfPage":{"@id":"https:\/\/arzasarchery.com\/producto\/tubo-flecha-easton-fmj-4mm-carbon-alu-hunting-3d-1400e-u\/#primaryimage"},"image":{"@id":"https:\/\/arzasarchery.com\/producto\/tubo-flecha-easton-fmj-4mm-carbon-alu-hunting-3d-1400e-u\/#primaryimage"},"thumbnailUrl":"https:\/\/arzasarchery.com\/wp-content\/uploads\/TUBO-FLECHA-FMJ-4mm-.jpg","datePublished":"2022-06-17T07:58:51+00:00","dateModified":"2025-08-31T10:27:02+00:00","breadcrumb":{"@id":"https:\/\/arzasarchery.com\/producto\/tubo-flecha-easton-fmj-4mm-carbon-alu-hunting-3d-1400e-u\/#breadcrumb"},"inLanguage":"ca","potentialAction":[{"@type":"ReadAction","target":["https:\/\/arzasarchery.com\/producto\/tubo-flecha-easton-fmj-4mm-carbon-alu-hunting-3d-1400e-u\/"]}]},{"@type":"ImageObject","inLanguage":"ca","@id":"https:\/\/arzasarchery.com\/producto\/tubo-flecha-easton-fmj-4mm-carbon-alu-hunting-3d-1400e-u\/#primaryimage","url":"https:\/\/arzasarchery.com\/wp-content\/uploads\/TUBO-FLECHA-FMJ-4mm-.jpg","contentUrl":"https:\/\/arzasarchery.com\/wp-content\/uploads\/TUBO-FLECHA-FMJ-4mm-.jpg","width":682,"height":1023},{"@type":"BreadcrumbList","@id":"https:\/\/arzasarchery.com\/producto\/tubo-flecha-easton-fmj-4mm-carbon-alu-hunting-3d-1400e-u\/#breadcrumb","itemListElement":[{"@type":"ListItem","position":1,"name":"Portada","item":"https:\/\/arzasarchery.com\/"},{"@type":"ListItem","position":2,"name":"Botiga","item":"https:\/\/arzasarchery.com\/ca\/botiga\/"},{"@type":"ListItem","position":3,"name":"Tubo Flecha EASTON FMJ 4mm Carbon\/Alu HUNTING\/3D 16,00\u20ac\/U"}]},{"@type":"WebSite","@id":"https:\/\/arzasarchery.com\/#website","url":"https:\/\/arzasarchery.com\/","name":"Arza&#039;s Archery","description":"Arzas Archery","potentialAction":[{"@type":"SearchAction","target":{"@type":"EntryPoint","urlTemplate":"https:\/\/arzasarchery.com\/?s={search_term_string}"},"query-input":{"@type":"PropertyValueSpecification","valueRequired":true,"valueName":"search_term_string"}}],"inLanguage":"ca"}]}},"_links":{"self":[{"href":"https:\/\/arzasarchery.com\/ca\/wp-json\/wp\/v2\/product\/6569","targetHints":{"allow":["GET"]}}],"collection":[{"href":"https:\/\/arzasarchery.com\/ca\/wp-json\/wp\/v2\/product"}],"about":[{"href":"https:\/\/arzasarchery.com\/ca\/wp-json\/wp\/v2\/types\/product"}],"wp:featuredmedia":[{"embeddable":true,"href":"https:\/\/arzasarchery.com\/ca\/wp-json\/wp\/v2\/media\/6570"}],"wp:attachment":[{"href":"https:\/\/arzasarchery.com\/ca\/wp-json\/wp\/v2\/media?parent=6569"}],"wp:term":[{"taxonomy":"product_brand","embeddable":true,"href":"https:\/\/arzasarchery.com\/ca\/wp-json\/wp\/v2\/product_brand?post=6569"},{"taxonomy":"product_cat","embeddable":true,"href":"https:\/\/arzasarchery.com\/ca\/wp-json\/wp\/v2\/product_cat?post=6569"},{"taxonomy":"product_tag","embeddable":true,"href":"https:\/\/arzasarchery.com\/ca\/wp-json\/wp\/v2\/product_tag?post=6569"}],"curies":[{"name":"wp","href":"https:\/\/api.w.org\/{rel}","templated":true}]}}