{"id":6382,"date":"2022-04-29T12:32:18","date_gmt":"2022-04-29T10:32:18","guid":{"rendered":"https:\/\/arzasarchery.com\/?post_type=product&#038;p=6382"},"modified":"2025-01-26T13:16:03","modified_gmt":"2025-01-26T11:16:03","slug":"palas-olimpico-mk-archery-x-core-ilf-carbon-wood","status":"publish","type":"product","link":"https:\/\/arzasarchery.com\/ca\/producte\/palas-olimpico-mk-archery-x-core-ilf-carbon-wood\/","title":{"rendered":"Palas Ol\u00edmpico MK ARCHERY X CORE ILF CARBON\/WOOD\u00a0"},"content":{"rendered":"<p class=\"font-product-title\"><strong>LIMBS X-CORE CARBON\/WOOD 25&#8243; 27&#8243;<\/strong><\/p>\n<p>La pala X-CORE est\u00e1 fabricada con carbono de alta resistencia y elasticidad mediante la aplicaci\u00f3n de la t\u00e9cnica de procesamiento de carbono avanzada y especializada de MK.<br \/>\nLa punta de la pala X-CORE est\u00e1 dise\u00f1ada de forma elegante para reducir la resistencia al aire durante el disparo.<br \/>\nUn proceso de pintura se a\u00f1ade a la pala exterior para reflejar la luz del sol cuando el producto est\u00e1 expuesto al sol, evitando la modificaci\u00f3n m\u00ednima por la luz solar.<br \/>\nLibras: 32-48lbs (aumentando en 2lbs)<br \/>\nMaterial: Fibra de carbono con n\u00facleo de madera de arce.<\/p>\n","protected":false},"excerpt":{"rendered":"<p><img decoding=\"async\" class=\"alignnone size-medium wp-image-1579\" src=\"https:\/\/arzasarchery.com\/wp-content\/uploads\/logo-MK-ARCHERY-300x158.jpg\" alt=\"\" width=\"300\" height=\"158\" srcset=\"https:\/\/arzasarchery.com\/wp-content\/uploads\/logo-MK-ARCHERY-300x158.jpg 300w, https:\/\/arzasarchery.com\/wp-content\/uploads\/logo-MK-ARCHERY.jpg 310w\" sizes=\"(max-width: 300px) 100vw, 300px\" \/><\/p>\n<p><strong>ESPECIFICACIONES :Anotar tama\u00f1o\/potencia que desees .<\/strong><\/p>\n","protected":false},"featured_media":6383,"template":"","meta":[],"product_brand":[],"product_cat":[42,44,858],"product_tag":[],"class_list":{"0":"post-6382","1":"product","2":"type-product","3":"status-publish","4":"has-post-thumbnail","6":"product_cat-arcos","7":"product_cat-palas-olimpico","8":"product_cat-palas-olimpico-mk-archery","10":"first","11":"instock","12":"taxable","13":"shipping-taxable","14":"purchasable","15":"product-type-simple"},"yoast_head":"<!-- This site is optimized with the Yoast SEO plugin v25.6 - https:\/\/yoast.com\/wordpress\/plugins\/seo\/ -->\n<title>Palas Ol\u00edmpico MK ARCHERY X CORE ILF CARBON\/WOOD\u00a0 - Arza&#039;s Archery<\/title>\n<meta name=\"robots\" content=\"index, follow, max-snippet:-1, max-image-preview:large, max-video-preview:-1\" \/>\n<link rel=\"canonical\" href=\"https:\/\/arzasarchery.com\/producto\/palas-olimpico-mk-archery-x-core-ilf-carbon-wood\/\" \/>\n<meta property=\"og:locale\" content=\"ca_ES\" \/>\n<meta property=\"og:type\" content=\"article\" \/>\n<meta property=\"og:title\" content=\"Palas Ol\u00edmpico MK ARCHERY X CORE ILF CARBON\/WOOD\u00a0 - Arza&#039;s Archery\" \/>\n<meta property=\"og:description\" content=\"ESPECIFICACIONES :Anotar tama\u00f1o\/potencia que desees .\" \/>\n<meta property=\"og:url\" content=\"https:\/\/arzasarchery.com\/producto\/palas-olimpico-mk-archery-x-core-ilf-carbon-wood\/\" \/>\n<meta property=\"og:site_name\" content=\"Arza&#039;s Archery\" \/>\n<meta property=\"article:modified_time\" content=\"2025-01-26T11:16:03+00:00\" \/>\n<meta property=\"og:image\" content=\"https:\/\/arzasarchery.com\/wp-content\/uploads\/Palas-Olimpico-MK-ARCHERY-X-CORE-CARBON-WOOD.jpg\" \/>\n\t<meta property=\"og:image:width\" content=\"682\" \/>\n\t<meta property=\"og:image:height\" content=\"1023\" \/>\n\t<meta property=\"og:image:type\" content=\"image\/jpeg\" \/>\n<meta name=\"twitter:card\" content=\"summary_large_image\" \/>\n<meta name=\"twitter:label1\" content=\"Temps estimat de lectura\" \/>\n\t<meta name=\"twitter:data1\" content=\"1 minut\" \/>\n<script type=\"application\/ld+json\" class=\"yoast-schema-graph\">{\"@context\":\"https:\/\/schema.org\",\"@graph\":[{\"@type\":\"WebPage\",\"@id\":\"https:\/\/arzasarchery.com\/producto\/palas-olimpico-mk-archery-x-core-ilf-carbon-wood\/\",\"url\":\"https:\/\/arzasarchery.com\/producto\/palas-olimpico-mk-archery-x-core-ilf-carbon-wood\/\",\"name\":\"Palas Ol\u00edmpico MK ARCHERY X CORE ILF CARBON\/WOOD\u00a0 - Arza&#039;s Archery\",\"isPartOf\":{\"@id\":\"https:\/\/arzasarchery.com\/#website\"},\"primaryImageOfPage\":{\"@id\":\"https:\/\/arzasarchery.com\/producto\/palas-olimpico-mk-archery-x-core-ilf-carbon-wood\/#primaryimage\"},\"image\":{\"@id\":\"https:\/\/arzasarchery.com\/producto\/palas-olimpico-mk-archery-x-core-ilf-carbon-wood\/#primaryimage\"},\"thumbnailUrl\":\"https:\/\/arzasarchery.com\/wp-content\/uploads\/Palas-Olimpico-MK-ARCHERY-X-CORE-CARBON-WOOD.jpg\",\"datePublished\":\"2022-04-29T10:32:18+00:00\",\"dateModified\":\"2025-01-26T11:16:03+00:00\",\"breadcrumb\":{\"@id\":\"https:\/\/arzasarchery.com\/producto\/palas-olimpico-mk-archery-x-core-ilf-carbon-wood\/#breadcrumb\"},\"inLanguage\":\"ca\",\"potentialAction\":[{\"@type\":\"ReadAction\",\"target\":[\"https:\/\/arzasarchery.com\/producto\/palas-olimpico-mk-archery-x-core-ilf-carbon-wood\/\"]}]},{\"@type\":\"ImageObject\",\"inLanguage\":\"ca\",\"@id\":\"https:\/\/arzasarchery.com\/producto\/palas-olimpico-mk-archery-x-core-ilf-carbon-wood\/#primaryimage\",\"url\":\"https:\/\/arzasarchery.com\/wp-content\/uploads\/Palas-Olimpico-MK-ARCHERY-X-CORE-CARBON-WOOD.jpg\",\"contentUrl\":\"https:\/\/arzasarchery.com\/wp-content\/uploads\/Palas-Olimpico-MK-ARCHERY-X-CORE-CARBON-WOOD.jpg\",\"width\":682,\"height\":1023},{\"@type\":\"BreadcrumbList\",\"@id\":\"https:\/\/arzasarchery.com\/producto\/palas-olimpico-mk-archery-x-core-ilf-carbon-wood\/#breadcrumb\",\"itemListElement\":[{\"@type\":\"ListItem\",\"position\":1,\"name\":\"Portada\",\"item\":\"https:\/\/arzasarchery.com\/\"},{\"@type\":\"ListItem\",\"position\":2,\"name\":\"Botiga\",\"item\":\"https:\/\/arzasarchery.com\/ca\/botiga\/\"},{\"@type\":\"ListItem\",\"position\":3,\"name\":\"Palas Ol\u00edmpico MK ARCHERY X CORE ILF CARBON\/WOOD\u00a0\"}]},{\"@type\":\"WebSite\",\"@id\":\"https:\/\/arzasarchery.com\/#website\",\"url\":\"https:\/\/arzasarchery.com\/\",\"name\":\"Arza&#039;s Archery\",\"description\":\"Arzas Archery\",\"potentialAction\":[{\"@type\":\"SearchAction\",\"target\":{\"@type\":\"EntryPoint\",\"urlTemplate\":\"https:\/\/arzasarchery.com\/?s={search_term_string}\"},\"query-input\":{\"@type\":\"PropertyValueSpecification\",\"valueRequired\":true,\"valueName\":\"search_term_string\"}}],\"inLanguage\":\"ca\"}]}<\/script>\n<!-- \/ Yoast SEO plugin. -->","yoast_head_json":{"title":"Palas Ol\u00edmpico MK ARCHERY X CORE ILF CARBON\/WOOD\u00a0 - Arza&#039;s Archery","robots":{"index":"index","follow":"follow","max-snippet":"max-snippet:-1","max-image-preview":"max-image-preview:large","max-video-preview":"max-video-preview:-1"},"canonical":"https:\/\/arzasarchery.com\/producto\/palas-olimpico-mk-archery-x-core-ilf-carbon-wood\/","og_locale":"ca_ES","og_type":"article","og_title":"Palas Ol\u00edmpico MK ARCHERY X CORE ILF CARBON\/WOOD\u00a0 - Arza&#039;s Archery","og_description":"ESPECIFICACIONES :Anotar tama\u00f1o\/potencia que desees .","og_url":"https:\/\/arzasarchery.com\/producto\/palas-olimpico-mk-archery-x-core-ilf-carbon-wood\/","og_site_name":"Arza&#039;s Archery","article_modified_time":"2025-01-26T11:16:03+00:00","og_image":[{"width":682,"height":1023,"url":"https:\/\/arzasarchery.com\/wp-content\/uploads\/Palas-Olimpico-MK-ARCHERY-X-CORE-CARBON-WOOD.jpg","type":"image\/jpeg"}],"twitter_card":"summary_large_image","twitter_misc":{"Temps estimat de lectura":"1 minut"},"schema":{"@context":"https:\/\/schema.org","@graph":[{"@type":"WebPage","@id":"https:\/\/arzasarchery.com\/producto\/palas-olimpico-mk-archery-x-core-ilf-carbon-wood\/","url":"https:\/\/arzasarchery.com\/producto\/palas-olimpico-mk-archery-x-core-ilf-carbon-wood\/","name":"Palas Ol\u00edmpico MK ARCHERY X CORE ILF CARBON\/WOOD\u00a0 - Arza&#039;s Archery","isPartOf":{"@id":"https:\/\/arzasarchery.com\/#website"},"primaryImageOfPage":{"@id":"https:\/\/arzasarchery.com\/producto\/palas-olimpico-mk-archery-x-core-ilf-carbon-wood\/#primaryimage"},"image":{"@id":"https:\/\/arzasarchery.com\/producto\/palas-olimpico-mk-archery-x-core-ilf-carbon-wood\/#primaryimage"},"thumbnailUrl":"https:\/\/arzasarchery.com\/wp-content\/uploads\/Palas-Olimpico-MK-ARCHERY-X-CORE-CARBON-WOOD.jpg","datePublished":"2022-04-29T10:32:18+00:00","dateModified":"2025-01-26T11:16:03+00:00","breadcrumb":{"@id":"https:\/\/arzasarchery.com\/producto\/palas-olimpico-mk-archery-x-core-ilf-carbon-wood\/#breadcrumb"},"inLanguage":"ca","potentialAction":[{"@type":"ReadAction","target":["https:\/\/arzasarchery.com\/producto\/palas-olimpico-mk-archery-x-core-ilf-carbon-wood\/"]}]},{"@type":"ImageObject","inLanguage":"ca","@id":"https:\/\/arzasarchery.com\/producto\/palas-olimpico-mk-archery-x-core-ilf-carbon-wood\/#primaryimage","url":"https:\/\/arzasarchery.com\/wp-content\/uploads\/Palas-Olimpico-MK-ARCHERY-X-CORE-CARBON-WOOD.jpg","contentUrl":"https:\/\/arzasarchery.com\/wp-content\/uploads\/Palas-Olimpico-MK-ARCHERY-X-CORE-CARBON-WOOD.jpg","width":682,"height":1023},{"@type":"BreadcrumbList","@id":"https:\/\/arzasarchery.com\/producto\/palas-olimpico-mk-archery-x-core-ilf-carbon-wood\/#breadcrumb","itemListElement":[{"@type":"ListItem","position":1,"name":"Portada","item":"https:\/\/arzasarchery.com\/"},{"@type":"ListItem","position":2,"name":"Botiga","item":"https:\/\/arzasarchery.com\/ca\/botiga\/"},{"@type":"ListItem","position":3,"name":"Palas Ol\u00edmpico MK ARCHERY X CORE ILF CARBON\/WOOD\u00a0"}]},{"@type":"WebSite","@id":"https:\/\/arzasarchery.com\/#website","url":"https:\/\/arzasarchery.com\/","name":"Arza&#039;s Archery","description":"Arzas Archery","potentialAction":[{"@type":"SearchAction","target":{"@type":"EntryPoint","urlTemplate":"https:\/\/arzasarchery.com\/?s={search_term_string}"},"query-input":{"@type":"PropertyValueSpecification","valueRequired":true,"valueName":"search_term_string"}}],"inLanguage":"ca"}]}},"_links":{"self":[{"href":"https:\/\/arzasarchery.com\/ca\/wp-json\/wp\/v2\/product\/6382","targetHints":{"allow":["GET"]}}],"collection":[{"href":"https:\/\/arzasarchery.com\/ca\/wp-json\/wp\/v2\/product"}],"about":[{"href":"https:\/\/arzasarchery.com\/ca\/wp-json\/wp\/v2\/types\/product"}],"wp:featuredmedia":[{"embeddable":true,"href":"https:\/\/arzasarchery.com\/ca\/wp-json\/wp\/v2\/media\/6383"}],"wp:attachment":[{"href":"https:\/\/arzasarchery.com\/ca\/wp-json\/wp\/v2\/media?parent=6382"}],"wp:term":[{"taxonomy":"product_brand","embeddable":true,"href":"https:\/\/arzasarchery.com\/ca\/wp-json\/wp\/v2\/product_brand?post=6382"},{"taxonomy":"product_cat","embeddable":true,"href":"https:\/\/arzasarchery.com\/ca\/wp-json\/wp\/v2\/product_cat?post=6382"},{"taxonomy":"product_tag","embeddable":true,"href":"https:\/\/arzasarchery.com\/ca\/wp-json\/wp\/v2\/product_tag?post=6382"}],"curies":[{"name":"wp","href":"https:\/\/api.w.org\/{rel}","templated":true}]}}