{"id":6088,"date":"2022-01-26T12:01:35","date_gmt":"2022-01-26T10:01:35","guid":{"rendered":"https:\/\/arzasarchery.com\/?post_type=product&#038;p=6088"},"modified":"2024-09-04T15:51:45","modified_gmt":"2024-09-04T13:51:45","slug":"kit-poleas-diamond-by-bowtech-infinite-305","status":"publish","type":"product","link":"https:\/\/arzasarchery.com\/ca\/producte\/kit-poleas-diamond-by-bowtech-infinite-305\/","title":{"rendered":"Kit Poleas DIAMOND by BOWTECH INFINITE 305"},"content":{"rendered":"<p class=\"font-product-title\"><strong>COMPOUND PACKAGE INFINITE 305 DUAL CAM ROT. MOD 19&#8243;-31&#8243; \/ 7-70 LBS\u00a0<\/strong><\/p>\n<p>M\u00e1ximo rendimiento y facilidad de ajuste, por no hablar de su aspecto. Todo est\u00e1 en la nueva Infinite 305. Dise\u00f1ado para cualquier situaci\u00f3n de caza, en cualquier entorno. El enorme rango de apertura de tiro de 12 pulgadas y 63 libras de peso de tiro se ajusta r\u00e1pida y f\u00e1cilmente sin necesidad de una prensa de arco. Con el Infinite 305, las oportunidades son infinitas.<\/p>\n<p>&#8211; Axle to Axle: 32&#8243;<\/p>\n<p>&#8211; Bow weight: 3.3lbs<\/p>\n<p>&#8211; Draw length: 19-31&#8243;<\/p>\n<p>&#8211; Draw weight: 7-70lbs<\/p>\n<p>&#8211; Let off: 77%<\/p>\n<p>&#8211; Brace height: 7 1\/4&#8243;<\/p>\n<p>&#8211; IBO speed: 305fps<\/p>\n","protected":false},"excerpt":{"rendered":"<p><img fetchpriority=\"high\" decoding=\"async\" class=\"alignnone size-full wp-image-1803\" src=\"https:\/\/arzasarchery.com\/wp-content\/uploads\/logo-diamond-by-BOWTECH.png\" alt=\"\" width=\"301\" height=\"167\" srcset=\"https:\/\/arzasarchery.com\/wp-content\/uploads\/logo-diamond-by-BOWTECH.png 301w, https:\/\/arzasarchery.com\/wp-content\/uploads\/logo-diamond-by-BOWTECH-150x84.png 150w\" sizes=\"(max-width: 301px) 100vw, 301px\" \/><\/p>\n<p><strong>PARA CONSULTAR DISPONIBILIDAD DEL PRODUCTO\/PRECIO PULSA EL SIGUIENTE RECUADRO<\/strong><\/p>\n<p>[vc_row css_animation=&#8221;&#8221; row_type=&#8221;row&#8221; use_row_as_full_screen_section=&#8221;no&#8221; type=&#8221;full_width&#8221; angled_section=&#8221;no&#8221; text_align=&#8221;left&#8221; background_image_as_pattern=&#8221;without_pattern&#8221;][vc_column][button size=\"big_large_full_width\" target=\"_blank\" hover_type=\"default\" text_align=\"center\" text=\"Producto bajo pedido. P\u00eddelo aqu\u00ed\" link=\"\/formularios_poleas\" background_color=\"#6595bf\" hover_background_color=\"#27a31f\"][\/vc_column][\/vc_row]<\/p>\n","protected":false},"featured_media":6089,"template":"","meta":[],"product_brand":[],"product_cat":[42,66],"product_tag":[],"class_list":{"0":"post-6088","1":"product","2":"type-product","3":"status-publish","4":"has-post-thumbnail","6":"product_cat-arcos","7":"product_cat-kits-arco-completo","8":"pa_color-black","9":"pa_color-breakup-conuntry","10":"pa_color-od-green-country-roots","11":"pa_mano-lh","12":"pa_mano-rh","14":"first","15":"instock","16":"taxable","17":"shipping-taxable","18":"purchasable","19":"product-type-simple"},"yoast_head":"<!-- This site is optimized with the Yoast SEO plugin v25.6 - https:\/\/yoast.com\/wordpress\/plugins\/seo\/ -->\n<title>Kit Poleas DIAMOND by BOWTECH INFINITE 305 - Arza&#039;s Archery<\/title>\n<meta name=\"robots\" content=\"index, follow, max-snippet:-1, max-image-preview:large, max-video-preview:-1\" \/>\n<link rel=\"canonical\" href=\"https:\/\/arzasarchery.com\/producto\/kit-poleas-diamond-by-bowtech-infinite-305\/\" \/>\n<meta property=\"og:locale\" content=\"ca_ES\" \/>\n<meta property=\"og:type\" content=\"article\" \/>\n<meta property=\"og:title\" content=\"Kit Poleas DIAMOND by BOWTECH INFINITE 305 - Arza&#039;s Archery\" \/>\n<meta property=\"og:description\" content=\"PARA CONSULTAR DISPONIBILIDAD DEL PRODUCTO\/PRECIO PULSA EL SIGUIENTE RECUADRO  [vc_row css_animation=&quot;&quot; row_type=&quot;row&quot; use_row_as_full_screen_section=&quot;no&quot; type=&quot;full_width&quot; angled_section=&quot;no&quot; text_align=&quot;left&quot; background_image_as_pattern=&quot;without_pattern&quot;][vc_column][\/vc_column][\/vc_row]\" \/>\n<meta property=\"og:url\" content=\"https:\/\/arzasarchery.com\/producto\/kit-poleas-diamond-by-bowtech-infinite-305\/\" \/>\n<meta property=\"og:site_name\" content=\"Arza&#039;s Archery\" \/>\n<meta property=\"article:modified_time\" content=\"2024-09-04T13:51:45+00:00\" \/>\n<meta property=\"og:image\" content=\"https:\/\/arzasarchery.com\/wp-content\/uploads\/comp-DIAMOND-BY-BOWTECH-INFINITE-305.jpg\" \/>\n\t<meta property=\"og:image:width\" content=\"682\" \/>\n\t<meta property=\"og:image:height\" content=\"1023\" \/>\n\t<meta property=\"og:image:type\" content=\"image\/jpeg\" \/>\n<meta name=\"twitter:card\" content=\"summary_large_image\" \/>\n<meta name=\"twitter:label1\" content=\"Temps estimat de lectura\" \/>\n\t<meta name=\"twitter:data1\" content=\"1 minut\" \/>\n<script type=\"application\/ld+json\" class=\"yoast-schema-graph\">{\"@context\":\"https:\/\/schema.org\",\"@graph\":[{\"@type\":\"WebPage\",\"@id\":\"https:\/\/arzasarchery.com\/producto\/kit-poleas-diamond-by-bowtech-infinite-305\/\",\"url\":\"https:\/\/arzasarchery.com\/producto\/kit-poleas-diamond-by-bowtech-infinite-305\/\",\"name\":\"Kit Poleas DIAMOND by BOWTECH INFINITE 305 - Arza&#039;s Archery\",\"isPartOf\":{\"@id\":\"https:\/\/arzasarchery.com\/#website\"},\"primaryImageOfPage\":{\"@id\":\"https:\/\/arzasarchery.com\/producto\/kit-poleas-diamond-by-bowtech-infinite-305\/#primaryimage\"},\"image\":{\"@id\":\"https:\/\/arzasarchery.com\/producto\/kit-poleas-diamond-by-bowtech-infinite-305\/#primaryimage\"},\"thumbnailUrl\":\"https:\/\/arzasarchery.com\/wp-content\/uploads\/comp-DIAMOND-BY-BOWTECH-INFINITE-305.jpg\",\"datePublished\":\"2022-01-26T10:01:35+00:00\",\"dateModified\":\"2024-09-04T13:51:45+00:00\",\"breadcrumb\":{\"@id\":\"https:\/\/arzasarchery.com\/producto\/kit-poleas-diamond-by-bowtech-infinite-305\/#breadcrumb\"},\"inLanguage\":\"ca\",\"potentialAction\":[{\"@type\":\"ReadAction\",\"target\":[\"https:\/\/arzasarchery.com\/producto\/kit-poleas-diamond-by-bowtech-infinite-305\/\"]}]},{\"@type\":\"ImageObject\",\"inLanguage\":\"ca\",\"@id\":\"https:\/\/arzasarchery.com\/producto\/kit-poleas-diamond-by-bowtech-infinite-305\/#primaryimage\",\"url\":\"https:\/\/arzasarchery.com\/wp-content\/uploads\/comp-DIAMOND-BY-BOWTECH-INFINITE-305.jpg\",\"contentUrl\":\"https:\/\/arzasarchery.com\/wp-content\/uploads\/comp-DIAMOND-BY-BOWTECH-INFINITE-305.jpg\",\"width\":682,\"height\":1023},{\"@type\":\"BreadcrumbList\",\"@id\":\"https:\/\/arzasarchery.com\/producto\/kit-poleas-diamond-by-bowtech-infinite-305\/#breadcrumb\",\"itemListElement\":[{\"@type\":\"ListItem\",\"position\":1,\"name\":\"Portada\",\"item\":\"https:\/\/arzasarchery.com\/\"},{\"@type\":\"ListItem\",\"position\":2,\"name\":\"Botiga\",\"item\":\"https:\/\/arzasarchery.com\/ca\/botiga\/\"},{\"@type\":\"ListItem\",\"position\":3,\"name\":\"Kit Poleas DIAMOND by BOWTECH INFINITE 305\"}]},{\"@type\":\"WebSite\",\"@id\":\"https:\/\/arzasarchery.com\/#website\",\"url\":\"https:\/\/arzasarchery.com\/\",\"name\":\"Arza&#039;s Archery\",\"description\":\"Arzas Archery\",\"potentialAction\":[{\"@type\":\"SearchAction\",\"target\":{\"@type\":\"EntryPoint\",\"urlTemplate\":\"https:\/\/arzasarchery.com\/?s={search_term_string}\"},\"query-input\":{\"@type\":\"PropertyValueSpecification\",\"valueRequired\":true,\"valueName\":\"search_term_string\"}}],\"inLanguage\":\"ca\"}]}<\/script>\n<!-- \/ Yoast SEO plugin. -->","yoast_head_json":{"title":"Kit Poleas DIAMOND by BOWTECH INFINITE 305 - Arza&#039;s Archery","robots":{"index":"index","follow":"follow","max-snippet":"max-snippet:-1","max-image-preview":"max-image-preview:large","max-video-preview":"max-video-preview:-1"},"canonical":"https:\/\/arzasarchery.com\/producto\/kit-poleas-diamond-by-bowtech-infinite-305\/","og_locale":"ca_ES","og_type":"article","og_title":"Kit Poleas DIAMOND by BOWTECH INFINITE 305 - Arza&#039;s Archery","og_description":"PARA CONSULTAR DISPONIBILIDAD DEL PRODUCTO\/PRECIO PULSA EL SIGUIENTE RECUADRO  [vc_row css_animation=\"\" row_type=\"row\" use_row_as_full_screen_section=\"no\" type=\"full_width\" angled_section=\"no\" text_align=\"left\" background_image_as_pattern=\"without_pattern\"][vc_column][\/vc_column][\/vc_row]","og_url":"https:\/\/arzasarchery.com\/producto\/kit-poleas-diamond-by-bowtech-infinite-305\/","og_site_name":"Arza&#039;s Archery","article_modified_time":"2024-09-04T13:51:45+00:00","og_image":[{"width":682,"height":1023,"url":"https:\/\/arzasarchery.com\/wp-content\/uploads\/comp-DIAMOND-BY-BOWTECH-INFINITE-305.jpg","type":"image\/jpeg"}],"twitter_card":"summary_large_image","twitter_misc":{"Temps estimat de lectura":"1 minut"},"schema":{"@context":"https:\/\/schema.org","@graph":[{"@type":"WebPage","@id":"https:\/\/arzasarchery.com\/producto\/kit-poleas-diamond-by-bowtech-infinite-305\/","url":"https:\/\/arzasarchery.com\/producto\/kit-poleas-diamond-by-bowtech-infinite-305\/","name":"Kit Poleas DIAMOND by BOWTECH INFINITE 305 - Arza&#039;s Archery","isPartOf":{"@id":"https:\/\/arzasarchery.com\/#website"},"primaryImageOfPage":{"@id":"https:\/\/arzasarchery.com\/producto\/kit-poleas-diamond-by-bowtech-infinite-305\/#primaryimage"},"image":{"@id":"https:\/\/arzasarchery.com\/producto\/kit-poleas-diamond-by-bowtech-infinite-305\/#primaryimage"},"thumbnailUrl":"https:\/\/arzasarchery.com\/wp-content\/uploads\/comp-DIAMOND-BY-BOWTECH-INFINITE-305.jpg","datePublished":"2022-01-26T10:01:35+00:00","dateModified":"2024-09-04T13:51:45+00:00","breadcrumb":{"@id":"https:\/\/arzasarchery.com\/producto\/kit-poleas-diamond-by-bowtech-infinite-305\/#breadcrumb"},"inLanguage":"ca","potentialAction":[{"@type":"ReadAction","target":["https:\/\/arzasarchery.com\/producto\/kit-poleas-diamond-by-bowtech-infinite-305\/"]}]},{"@type":"ImageObject","inLanguage":"ca","@id":"https:\/\/arzasarchery.com\/producto\/kit-poleas-diamond-by-bowtech-infinite-305\/#primaryimage","url":"https:\/\/arzasarchery.com\/wp-content\/uploads\/comp-DIAMOND-BY-BOWTECH-INFINITE-305.jpg","contentUrl":"https:\/\/arzasarchery.com\/wp-content\/uploads\/comp-DIAMOND-BY-BOWTECH-INFINITE-305.jpg","width":682,"height":1023},{"@type":"BreadcrumbList","@id":"https:\/\/arzasarchery.com\/producto\/kit-poleas-diamond-by-bowtech-infinite-305\/#breadcrumb","itemListElement":[{"@type":"ListItem","position":1,"name":"Portada","item":"https:\/\/arzasarchery.com\/"},{"@type":"ListItem","position":2,"name":"Botiga","item":"https:\/\/arzasarchery.com\/ca\/botiga\/"},{"@type":"ListItem","position":3,"name":"Kit Poleas DIAMOND by BOWTECH INFINITE 305"}]},{"@type":"WebSite","@id":"https:\/\/arzasarchery.com\/#website","url":"https:\/\/arzasarchery.com\/","name":"Arza&#039;s Archery","description":"Arzas Archery","potentialAction":[{"@type":"SearchAction","target":{"@type":"EntryPoint","urlTemplate":"https:\/\/arzasarchery.com\/?s={search_term_string}"},"query-input":{"@type":"PropertyValueSpecification","valueRequired":true,"valueName":"search_term_string"}}],"inLanguage":"ca"}]}},"_links":{"self":[{"href":"https:\/\/arzasarchery.com\/ca\/wp-json\/wp\/v2\/product\/6088","targetHints":{"allow":["GET"]}}],"collection":[{"href":"https:\/\/arzasarchery.com\/ca\/wp-json\/wp\/v2\/product"}],"about":[{"href":"https:\/\/arzasarchery.com\/ca\/wp-json\/wp\/v2\/types\/product"}],"wp:featuredmedia":[{"embeddable":true,"href":"https:\/\/arzasarchery.com\/ca\/wp-json\/wp\/v2\/media\/6089"}],"wp:attachment":[{"href":"https:\/\/arzasarchery.com\/ca\/wp-json\/wp\/v2\/media?parent=6088"}],"wp:term":[{"taxonomy":"product_brand","embeddable":true,"href":"https:\/\/arzasarchery.com\/ca\/wp-json\/wp\/v2\/product_brand?post=6088"},{"taxonomy":"product_cat","embeddable":true,"href":"https:\/\/arzasarchery.com\/ca\/wp-json\/wp\/v2\/product_cat?post=6088"},{"taxonomy":"product_tag","embeddable":true,"href":"https:\/\/arzasarchery.com\/ca\/wp-json\/wp\/v2\/product_tag?post=6088"}],"curies":[{"name":"wp","href":"https:\/\/api.w.org\/{rel}","templated":true}]}}