{"id":5228,"date":"2021-05-05T12:03:08","date_gmt":"2021-05-05T10:03:08","guid":{"rendered":"https:\/\/arzasarchery.com\/?post_type=product&#038;p=5228"},"modified":"2024-09-04T12:50:50","modified_gmt":"2024-09-04T10:50:50","slug":"kit-poleas-bowtech-amplifi-binary-cam","status":"publish","type":"product","link":"https:\/\/arzasarchery.com\/ca\/producte\/kit-poleas-bowtech-amplifi-binary-cam\/","title":{"rendered":"Kit Poleas BOWTECH AMPLIFY BINARY CAM"},"content":{"rendered":"<p class=\"font-product-title\"><strong>COMPOUND PACKAGE AMPLIFY BINARY CAM W\/ ROT.\u00a0<\/strong><\/p>\n<p>Con la Amplify, aumentamos la velocidad, la precisi\u00f3n y el rendimiento a disposici\u00f3n de todo arquero. El modelo de ajuste extremo, cuenta con un rango de apertura y potencia, desde j\u00f3venes y tiradores principiantes, hasta el veterano experimentado. Alcanza una velocidad vertiginosa de 335 FPS, a la vez que proporciona un tiro suave como la seda y una precisi\u00f3n incre\u00edble.<\/p>\n<p>&#8211; De eje a eje: 31.5<\/p>\n<p>&#8211; Altura de la abrazadera: 6<\/p>\n<p>&#8211; Peso del arco: 4.3lbs<\/p>\n<p>&#8211; Longitud de tiro: 21-30\u00bb<\/p>\n<p>&#8211; Potencia : 8-70lbs<\/p>\n<p>&#8211; Velocidad IBO: 335fps<\/p>\n<p>&nbsp;<\/p>\n","protected":false},"excerpt":{"rendered":"<p><img fetchpriority=\"high\" decoding=\"async\" class=\"alignnone size-full wp-image-953\" src=\"https:\/\/arzasarchery.com\/wp-content\/uploads\/2020\/03\/logo-bowtech.png\" alt=\"\" width=\"301\" height=\"167\" srcset=\"https:\/\/arzasarchery.com\/wp-content\/uploads\/2020\/03\/logo-bowtech.png 301w, https:\/\/arzasarchery.com\/wp-content\/uploads\/2020\/03\/logo-bowtech-150x84.png 150w\" sizes=\"(max-width: 301px) 100vw, 301px\" \/><\/p>\n<p><strong>PARA CONSULTAR DISPONIBILIDAD DEL PRODUCTO\/PRECIO PULSA EL SIGUIENTE RECUADRO<\/strong><\/p>\n<p>[vc_row css_animation=&#8221;&#8221; row_type=&#8221;row&#8221; use_row_as_full_screen_section=&#8221;no&#8221; type=&#8221;full_width&#8221; angled_section=&#8221;no&#8221; text_align=&#8221;left&#8221; background_image_as_pattern=&#8221;without_pattern&#8221;][vc_column][button size=\"big_large_full_width\" target=\"_blank\" hover_type=\"default\" text_align=\"center\" text=\"Producto bajo pedido. P\u00eddelo aqu\u00ed\" link=\"\/formularios_poleas\" background_color=\"#6595bf\" hover_background_color=\"#27a31f\"][\/vc_column][\/vc_row]<\/p>\n","protected":false},"featured_media":9174,"template":"","meta":[],"product_brand":[],"product_cat":[42,66],"product_tag":[],"class_list":{"0":"post-5228","1":"product","2":"type-product","3":"status-publish","4":"has-post-thumbnail","6":"product_cat-arcos","7":"product_cat-kits-arco-completo","8":"pa_color-black","9":"pa_color-breakup-conuntry","10":"pa_color-od-green","11":"pa_color-smoke-grey","12":"pa_mano-lh","13":"pa_mano-rh","15":"first","16":"instock","17":"taxable","18":"shipping-taxable","19":"purchasable","20":"product-type-simple"},"yoast_head":"<!-- This site is optimized with the Yoast SEO plugin v25.6 - https:\/\/yoast.com\/wordpress\/plugins\/seo\/ -->\n<title>Kit Poleas BOWTECH AMPLIFY BINARY CAM - Arza&#039;s Archery<\/title>\n<meta name=\"robots\" content=\"index, follow, max-snippet:-1, max-image-preview:large, max-video-preview:-1\" \/>\n<link rel=\"canonical\" href=\"https:\/\/arzasarchery.com\/producto\/kit-poleas-bowtech-amplifi-binary-cam\/\" \/>\n<meta property=\"og:locale\" content=\"ca_ES\" \/>\n<meta property=\"og:type\" content=\"article\" \/>\n<meta property=\"og:title\" content=\"Kit Poleas BOWTECH AMPLIFY BINARY CAM - Arza&#039;s Archery\" \/>\n<meta property=\"og:description\" content=\"PARA CONSULTAR DISPONIBILIDAD DEL PRODUCTO\/PRECIO PULSA EL SIGUIENTE RECUADRO  [vc_row css_animation=&quot;&quot; row_type=&quot;row&quot; use_row_as_full_screen_section=&quot;no&quot; type=&quot;full_width&quot; angled_section=&quot;no&quot; text_align=&quot;left&quot; background_image_as_pattern=&quot;without_pattern&quot;][vc_column][\/vc_column][\/vc_row]\" \/>\n<meta property=\"og:url\" content=\"https:\/\/arzasarchery.com\/producto\/kit-poleas-bowtech-amplifi-binary-cam\/\" \/>\n<meta property=\"og:site_name\" content=\"Arza&#039;s Archery\" \/>\n<meta property=\"article:modified_time\" content=\"2024-09-04T10:50:50+00:00\" \/>\n<meta property=\"og:image\" content=\"https:\/\/arzasarchery.com\/wp-content\/uploads\/Kit-Poleas-BOWTECH-AMPLIFY.jpg\" \/>\n\t<meta property=\"og:image:width\" content=\"748\" \/>\n\t<meta property=\"og:image:height\" content=\"1020\" \/>\n\t<meta property=\"og:image:type\" content=\"image\/jpeg\" \/>\n<meta name=\"twitter:card\" content=\"summary_large_image\" \/>\n<meta name=\"twitter:label1\" content=\"Temps estimat de lectura\" \/>\n\t<meta name=\"twitter:data1\" content=\"1 minut\" \/>\n<script type=\"application\/ld+json\" class=\"yoast-schema-graph\">{\"@context\":\"https:\/\/schema.org\",\"@graph\":[{\"@type\":\"WebPage\",\"@id\":\"https:\/\/arzasarchery.com\/producto\/kit-poleas-bowtech-amplifi-binary-cam\/\",\"url\":\"https:\/\/arzasarchery.com\/producto\/kit-poleas-bowtech-amplifi-binary-cam\/\",\"name\":\"Kit Poleas BOWTECH AMPLIFY BINARY CAM - Arza&#039;s Archery\",\"isPartOf\":{\"@id\":\"https:\/\/arzasarchery.com\/#website\"},\"primaryImageOfPage\":{\"@id\":\"https:\/\/arzasarchery.com\/producto\/kit-poleas-bowtech-amplifi-binary-cam\/#primaryimage\"},\"image\":{\"@id\":\"https:\/\/arzasarchery.com\/producto\/kit-poleas-bowtech-amplifi-binary-cam\/#primaryimage\"},\"thumbnailUrl\":\"https:\/\/arzasarchery.com\/wp-content\/uploads\/Kit-Poleas-BOWTECH-AMPLIFY.jpg\",\"datePublished\":\"2021-05-05T10:03:08+00:00\",\"dateModified\":\"2024-09-04T10:50:50+00:00\",\"breadcrumb\":{\"@id\":\"https:\/\/arzasarchery.com\/producto\/kit-poleas-bowtech-amplifi-binary-cam\/#breadcrumb\"},\"inLanguage\":\"ca\",\"potentialAction\":[{\"@type\":\"ReadAction\",\"target\":[\"https:\/\/arzasarchery.com\/producto\/kit-poleas-bowtech-amplifi-binary-cam\/\"]}]},{\"@type\":\"ImageObject\",\"inLanguage\":\"ca\",\"@id\":\"https:\/\/arzasarchery.com\/producto\/kit-poleas-bowtech-amplifi-binary-cam\/#primaryimage\",\"url\":\"https:\/\/arzasarchery.com\/wp-content\/uploads\/Kit-Poleas-BOWTECH-AMPLIFY.jpg\",\"contentUrl\":\"https:\/\/arzasarchery.com\/wp-content\/uploads\/Kit-Poleas-BOWTECH-AMPLIFY.jpg\",\"width\":748,\"height\":1020},{\"@type\":\"BreadcrumbList\",\"@id\":\"https:\/\/arzasarchery.com\/producto\/kit-poleas-bowtech-amplifi-binary-cam\/#breadcrumb\",\"itemListElement\":[{\"@type\":\"ListItem\",\"position\":1,\"name\":\"Portada\",\"item\":\"https:\/\/arzasarchery.com\/\"},{\"@type\":\"ListItem\",\"position\":2,\"name\":\"Botiga\",\"item\":\"https:\/\/arzasarchery.com\/ca\/botiga\/\"},{\"@type\":\"ListItem\",\"position\":3,\"name\":\"Kit Poleas BOWTECH AMPLIFY BINARY CAM\"}]},{\"@type\":\"WebSite\",\"@id\":\"https:\/\/arzasarchery.com\/#website\",\"url\":\"https:\/\/arzasarchery.com\/\",\"name\":\"Arza&#039;s Archery\",\"description\":\"Arzas Archery\",\"potentialAction\":[{\"@type\":\"SearchAction\",\"target\":{\"@type\":\"EntryPoint\",\"urlTemplate\":\"https:\/\/arzasarchery.com\/?s={search_term_string}\"},\"query-input\":{\"@type\":\"PropertyValueSpecification\",\"valueRequired\":true,\"valueName\":\"search_term_string\"}}],\"inLanguage\":\"ca\"}]}<\/script>\n<!-- \/ Yoast SEO plugin. -->","yoast_head_json":{"title":"Kit Poleas BOWTECH AMPLIFY BINARY CAM - Arza&#039;s Archery","robots":{"index":"index","follow":"follow","max-snippet":"max-snippet:-1","max-image-preview":"max-image-preview:large","max-video-preview":"max-video-preview:-1"},"canonical":"https:\/\/arzasarchery.com\/producto\/kit-poleas-bowtech-amplifi-binary-cam\/","og_locale":"ca_ES","og_type":"article","og_title":"Kit Poleas BOWTECH AMPLIFY BINARY CAM - Arza&#039;s Archery","og_description":"PARA CONSULTAR DISPONIBILIDAD DEL PRODUCTO\/PRECIO PULSA EL SIGUIENTE RECUADRO  [vc_row css_animation=\"\" row_type=\"row\" use_row_as_full_screen_section=\"no\" type=\"full_width\" angled_section=\"no\" text_align=\"left\" background_image_as_pattern=\"without_pattern\"][vc_column][\/vc_column][\/vc_row]","og_url":"https:\/\/arzasarchery.com\/producto\/kit-poleas-bowtech-amplifi-binary-cam\/","og_site_name":"Arza&#039;s Archery","article_modified_time":"2024-09-04T10:50:50+00:00","og_image":[{"width":748,"height":1020,"url":"https:\/\/arzasarchery.com\/wp-content\/uploads\/Kit-Poleas-BOWTECH-AMPLIFY.jpg","type":"image\/jpeg"}],"twitter_card":"summary_large_image","twitter_misc":{"Temps estimat de lectura":"1 minut"},"schema":{"@context":"https:\/\/schema.org","@graph":[{"@type":"WebPage","@id":"https:\/\/arzasarchery.com\/producto\/kit-poleas-bowtech-amplifi-binary-cam\/","url":"https:\/\/arzasarchery.com\/producto\/kit-poleas-bowtech-amplifi-binary-cam\/","name":"Kit Poleas BOWTECH AMPLIFY BINARY CAM - Arza&#039;s Archery","isPartOf":{"@id":"https:\/\/arzasarchery.com\/#website"},"primaryImageOfPage":{"@id":"https:\/\/arzasarchery.com\/producto\/kit-poleas-bowtech-amplifi-binary-cam\/#primaryimage"},"image":{"@id":"https:\/\/arzasarchery.com\/producto\/kit-poleas-bowtech-amplifi-binary-cam\/#primaryimage"},"thumbnailUrl":"https:\/\/arzasarchery.com\/wp-content\/uploads\/Kit-Poleas-BOWTECH-AMPLIFY.jpg","datePublished":"2021-05-05T10:03:08+00:00","dateModified":"2024-09-04T10:50:50+00:00","breadcrumb":{"@id":"https:\/\/arzasarchery.com\/producto\/kit-poleas-bowtech-amplifi-binary-cam\/#breadcrumb"},"inLanguage":"ca","potentialAction":[{"@type":"ReadAction","target":["https:\/\/arzasarchery.com\/producto\/kit-poleas-bowtech-amplifi-binary-cam\/"]}]},{"@type":"ImageObject","inLanguage":"ca","@id":"https:\/\/arzasarchery.com\/producto\/kit-poleas-bowtech-amplifi-binary-cam\/#primaryimage","url":"https:\/\/arzasarchery.com\/wp-content\/uploads\/Kit-Poleas-BOWTECH-AMPLIFY.jpg","contentUrl":"https:\/\/arzasarchery.com\/wp-content\/uploads\/Kit-Poleas-BOWTECH-AMPLIFY.jpg","width":748,"height":1020},{"@type":"BreadcrumbList","@id":"https:\/\/arzasarchery.com\/producto\/kit-poleas-bowtech-amplifi-binary-cam\/#breadcrumb","itemListElement":[{"@type":"ListItem","position":1,"name":"Portada","item":"https:\/\/arzasarchery.com\/"},{"@type":"ListItem","position":2,"name":"Botiga","item":"https:\/\/arzasarchery.com\/ca\/botiga\/"},{"@type":"ListItem","position":3,"name":"Kit Poleas BOWTECH AMPLIFY BINARY CAM"}]},{"@type":"WebSite","@id":"https:\/\/arzasarchery.com\/#website","url":"https:\/\/arzasarchery.com\/","name":"Arza&#039;s Archery","description":"Arzas Archery","potentialAction":[{"@type":"SearchAction","target":{"@type":"EntryPoint","urlTemplate":"https:\/\/arzasarchery.com\/?s={search_term_string}"},"query-input":{"@type":"PropertyValueSpecification","valueRequired":true,"valueName":"search_term_string"}}],"inLanguage":"ca"}]}},"_links":{"self":[{"href":"https:\/\/arzasarchery.com\/ca\/wp-json\/wp\/v2\/product\/5228","targetHints":{"allow":["GET"]}}],"collection":[{"href":"https:\/\/arzasarchery.com\/ca\/wp-json\/wp\/v2\/product"}],"about":[{"href":"https:\/\/arzasarchery.com\/ca\/wp-json\/wp\/v2\/types\/product"}],"wp:featuredmedia":[{"embeddable":true,"href":"https:\/\/arzasarchery.com\/ca\/wp-json\/wp\/v2\/media\/9174"}],"wp:attachment":[{"href":"https:\/\/arzasarchery.com\/ca\/wp-json\/wp\/v2\/media?parent=5228"}],"wp:term":[{"taxonomy":"product_brand","embeddable":true,"href":"https:\/\/arzasarchery.com\/ca\/wp-json\/wp\/v2\/product_brand?post=5228"},{"taxonomy":"product_cat","embeddable":true,"href":"https:\/\/arzasarchery.com\/ca\/wp-json\/wp\/v2\/product_cat?post=5228"},{"taxonomy":"product_tag","embeddable":true,"href":"https:\/\/arzasarchery.com\/ca\/wp-json\/wp\/v2\/product_tag?post=5228"}],"curies":[{"name":"wp","href":"https:\/\/api.w.org\/{rel}","templated":true}]}}