{"id":4530,"date":"2020-11-20T20:36:00","date_gmt":"2020-11-20T18:36:00","guid":{"rendered":"https:\/\/arzasarchery.com\/?post_type=product&#038;p=4530"},"modified":"2025-08-24T16:31:05","modified_gmt":"2025-08-24T14:31:05","slug":"cuerpo-olimpico-fivics-cnc-argon-x","status":"publish","type":"product","link":"https:\/\/arzasarchery.com\/ca\/producte\/cuerpo-olimpico-fivics-cnc-argon-x\/","title":{"rendered":"Cuerpo Ol\u00edmpico FIVICS CNC ARGON X 25"},"content":{"rendered":"<p class=\"font-product-title\"><strong>RISERS CNC ARGON X 25&#8243;\u00a0<\/strong><\/p>\n<p>&nbsp;<\/p>\n<p>El cuerpo Fivics Argon-X 25&#8243; est\u00e1 mecanizado con la precisi\u00f3n CNC a partir de aluminio 6061 con una empu\u00f1adura de madera TSG de dise\u00f1o \u00fanico.<\/p>\n<p>Mecanizado CNC a partir de aluminio 6061<br \/>\nEquilibrio centroidal perfecto<br \/>\nPeso: 1330 gramos<br \/>\nEmpu\u00f1adura de madera de dise\u00f1o exclusivo<br \/>\nTotalmente ajustable para la alineaci\u00f3n del grip<br \/>\nAjuste de palas ILF<\/p>\n<p>&nbsp;<\/p>\n","protected":false},"excerpt":{"rendered":"<p><img decoding=\"async\" class=\"alignnone size-full wp-image-381\" src=\"https:\/\/arzasarchery.com\/wp-content\/uploads\/2020\/02\/logo-fivics.png\" alt=\"\" width=\"250\" height=\"190\" \/><\/p>\n<p><strong>ESPECIFICACIONES : Anotar color\u00a0 y mano del cuerpo que desees .<\/strong><\/p>\n","protected":false},"featured_media":4531,"template":"","meta":[],"product_brand":[],"product_cat":[42,48,808],"product_tag":[],"class_list":{"0":"post-4530","1":"product","2":"type-product","3":"status-publish","4":"has-post-thumbnail","6":"product_cat-arcos","7":"product_cat-olimpico","8":"product_cat-cuerpo-recurvo-olimpico","9":"pa_color-black","10":"pa_color-azul","11":"pa_color-verde","12":"pa_color-naranja","13":"pa_color-pink","14":"pa_color-red","15":"pa_color-silver","16":"pa_mano-lh","17":"pa_mano-rh","19":"first","20":"instock","21":"taxable","22":"shipping-taxable","23":"purchasable","24":"product-type-simple"},"yoast_head":"<!-- This site is optimized with the Yoast SEO plugin v25.6 - https:\/\/yoast.com\/wordpress\/plugins\/seo\/ -->\n<title>Cuerpo Ol\u00edmpico FIVICS CNC ARGON X 25 - Arza&#039;s Archery<\/title>\n<meta name=\"robots\" content=\"index, follow, max-snippet:-1, max-image-preview:large, max-video-preview:-1\" \/>\n<link rel=\"canonical\" href=\"https:\/\/arzasarchery.com\/producto\/cuerpo-olimpico-fivics-cnc-argon-x\/\" \/>\n<meta property=\"og:locale\" content=\"ca_ES\" \/>\n<meta property=\"og:type\" content=\"article\" \/>\n<meta property=\"og:title\" content=\"Cuerpo Ol\u00edmpico FIVICS CNC ARGON X 25 - Arza&#039;s Archery\" \/>\n<meta property=\"og:description\" content=\"ESPECIFICACIONES : Anotar color\u00a0 y mano del cuerpo que desees .\" \/>\n<meta property=\"og:url\" content=\"https:\/\/arzasarchery.com\/producto\/cuerpo-olimpico-fivics-cnc-argon-x\/\" \/>\n<meta property=\"og:site_name\" content=\"Arza&#039;s Archery\" \/>\n<meta property=\"article:modified_time\" content=\"2025-08-24T14:31:05+00:00\" \/>\n<meta property=\"og:image\" content=\"https:\/\/arzasarchery.com\/wp-content\/uploads\/cuerpo-FIVICS-CNC-ARGON-X.jpg\" \/>\n\t<meta property=\"og:image:width\" content=\"682\" \/>\n\t<meta property=\"og:image:height\" content=\"1023\" \/>\n\t<meta property=\"og:image:type\" content=\"image\/jpeg\" \/>\n<meta name=\"twitter:card\" content=\"summary_large_image\" \/>\n<meta name=\"twitter:label1\" content=\"Temps estimat de lectura\" \/>\n\t<meta name=\"twitter:data1\" content=\"1 minut\" \/>\n<script type=\"application\/ld+json\" class=\"yoast-schema-graph\">{\"@context\":\"https:\/\/schema.org\",\"@graph\":[{\"@type\":\"WebPage\",\"@id\":\"https:\/\/arzasarchery.com\/producto\/cuerpo-olimpico-fivics-cnc-argon-x\/\",\"url\":\"https:\/\/arzasarchery.com\/producto\/cuerpo-olimpico-fivics-cnc-argon-x\/\",\"name\":\"Cuerpo Ol\u00edmpico FIVICS CNC ARGON X 25 - Arza&#039;s Archery\",\"isPartOf\":{\"@id\":\"https:\/\/arzasarchery.com\/#website\"},\"primaryImageOfPage\":{\"@id\":\"https:\/\/arzasarchery.com\/producto\/cuerpo-olimpico-fivics-cnc-argon-x\/#primaryimage\"},\"image\":{\"@id\":\"https:\/\/arzasarchery.com\/producto\/cuerpo-olimpico-fivics-cnc-argon-x\/#primaryimage\"},\"thumbnailUrl\":\"https:\/\/arzasarchery.com\/wp-content\/uploads\/cuerpo-FIVICS-CNC-ARGON-X.jpg\",\"datePublished\":\"2020-11-20T18:36:00+00:00\",\"dateModified\":\"2025-08-24T14:31:05+00:00\",\"breadcrumb\":{\"@id\":\"https:\/\/arzasarchery.com\/producto\/cuerpo-olimpico-fivics-cnc-argon-x\/#breadcrumb\"},\"inLanguage\":\"ca\",\"potentialAction\":[{\"@type\":\"ReadAction\",\"target\":[\"https:\/\/arzasarchery.com\/producto\/cuerpo-olimpico-fivics-cnc-argon-x\/\"]}]},{\"@type\":\"ImageObject\",\"inLanguage\":\"ca\",\"@id\":\"https:\/\/arzasarchery.com\/producto\/cuerpo-olimpico-fivics-cnc-argon-x\/#primaryimage\",\"url\":\"https:\/\/arzasarchery.com\/wp-content\/uploads\/cuerpo-FIVICS-CNC-ARGON-X.jpg\",\"contentUrl\":\"https:\/\/arzasarchery.com\/wp-content\/uploads\/cuerpo-FIVICS-CNC-ARGON-X.jpg\",\"width\":682,\"height\":1023},{\"@type\":\"BreadcrumbList\",\"@id\":\"https:\/\/arzasarchery.com\/producto\/cuerpo-olimpico-fivics-cnc-argon-x\/#breadcrumb\",\"itemListElement\":[{\"@type\":\"ListItem\",\"position\":1,\"name\":\"Portada\",\"item\":\"https:\/\/arzasarchery.com\/\"},{\"@type\":\"ListItem\",\"position\":2,\"name\":\"Botiga\",\"item\":\"https:\/\/arzasarchery.com\/ca\/botiga\/\"},{\"@type\":\"ListItem\",\"position\":3,\"name\":\"Cuerpo Ol\u00edmpico FIVICS CNC ARGON X 25\"}]},{\"@type\":\"WebSite\",\"@id\":\"https:\/\/arzasarchery.com\/#website\",\"url\":\"https:\/\/arzasarchery.com\/\",\"name\":\"Arza&#039;s Archery\",\"description\":\"Arzas Archery\",\"potentialAction\":[{\"@type\":\"SearchAction\",\"target\":{\"@type\":\"EntryPoint\",\"urlTemplate\":\"https:\/\/arzasarchery.com\/?s={search_term_string}\"},\"query-input\":{\"@type\":\"PropertyValueSpecification\",\"valueRequired\":true,\"valueName\":\"search_term_string\"}}],\"inLanguage\":\"ca\"}]}<\/script>\n<!-- \/ Yoast SEO plugin. -->","yoast_head_json":{"title":"Cuerpo Ol\u00edmpico FIVICS CNC ARGON X 25 - Arza&#039;s Archery","robots":{"index":"index","follow":"follow","max-snippet":"max-snippet:-1","max-image-preview":"max-image-preview:large","max-video-preview":"max-video-preview:-1"},"canonical":"https:\/\/arzasarchery.com\/producto\/cuerpo-olimpico-fivics-cnc-argon-x\/","og_locale":"ca_ES","og_type":"article","og_title":"Cuerpo Ol\u00edmpico FIVICS CNC ARGON X 25 - Arza&#039;s Archery","og_description":"ESPECIFICACIONES : Anotar color\u00a0 y mano del cuerpo que desees .","og_url":"https:\/\/arzasarchery.com\/producto\/cuerpo-olimpico-fivics-cnc-argon-x\/","og_site_name":"Arza&#039;s Archery","article_modified_time":"2025-08-24T14:31:05+00:00","og_image":[{"width":682,"height":1023,"url":"https:\/\/arzasarchery.com\/wp-content\/uploads\/cuerpo-FIVICS-CNC-ARGON-X.jpg","type":"image\/jpeg"}],"twitter_card":"summary_large_image","twitter_misc":{"Temps estimat de lectura":"1 minut"},"schema":{"@context":"https:\/\/schema.org","@graph":[{"@type":"WebPage","@id":"https:\/\/arzasarchery.com\/producto\/cuerpo-olimpico-fivics-cnc-argon-x\/","url":"https:\/\/arzasarchery.com\/producto\/cuerpo-olimpico-fivics-cnc-argon-x\/","name":"Cuerpo Ol\u00edmpico FIVICS CNC ARGON X 25 - Arza&#039;s Archery","isPartOf":{"@id":"https:\/\/arzasarchery.com\/#website"},"primaryImageOfPage":{"@id":"https:\/\/arzasarchery.com\/producto\/cuerpo-olimpico-fivics-cnc-argon-x\/#primaryimage"},"image":{"@id":"https:\/\/arzasarchery.com\/producto\/cuerpo-olimpico-fivics-cnc-argon-x\/#primaryimage"},"thumbnailUrl":"https:\/\/arzasarchery.com\/wp-content\/uploads\/cuerpo-FIVICS-CNC-ARGON-X.jpg","datePublished":"2020-11-20T18:36:00+00:00","dateModified":"2025-08-24T14:31:05+00:00","breadcrumb":{"@id":"https:\/\/arzasarchery.com\/producto\/cuerpo-olimpico-fivics-cnc-argon-x\/#breadcrumb"},"inLanguage":"ca","potentialAction":[{"@type":"ReadAction","target":["https:\/\/arzasarchery.com\/producto\/cuerpo-olimpico-fivics-cnc-argon-x\/"]}]},{"@type":"ImageObject","inLanguage":"ca","@id":"https:\/\/arzasarchery.com\/producto\/cuerpo-olimpico-fivics-cnc-argon-x\/#primaryimage","url":"https:\/\/arzasarchery.com\/wp-content\/uploads\/cuerpo-FIVICS-CNC-ARGON-X.jpg","contentUrl":"https:\/\/arzasarchery.com\/wp-content\/uploads\/cuerpo-FIVICS-CNC-ARGON-X.jpg","width":682,"height":1023},{"@type":"BreadcrumbList","@id":"https:\/\/arzasarchery.com\/producto\/cuerpo-olimpico-fivics-cnc-argon-x\/#breadcrumb","itemListElement":[{"@type":"ListItem","position":1,"name":"Portada","item":"https:\/\/arzasarchery.com\/"},{"@type":"ListItem","position":2,"name":"Botiga","item":"https:\/\/arzasarchery.com\/ca\/botiga\/"},{"@type":"ListItem","position":3,"name":"Cuerpo Ol\u00edmpico FIVICS CNC ARGON X 25"}]},{"@type":"WebSite","@id":"https:\/\/arzasarchery.com\/#website","url":"https:\/\/arzasarchery.com\/","name":"Arza&#039;s Archery","description":"Arzas Archery","potentialAction":[{"@type":"SearchAction","target":{"@type":"EntryPoint","urlTemplate":"https:\/\/arzasarchery.com\/?s={search_term_string}"},"query-input":{"@type":"PropertyValueSpecification","valueRequired":true,"valueName":"search_term_string"}}],"inLanguage":"ca"}]}},"_links":{"self":[{"href":"https:\/\/arzasarchery.com\/ca\/wp-json\/wp\/v2\/product\/4530","targetHints":{"allow":["GET"]}}],"collection":[{"href":"https:\/\/arzasarchery.com\/ca\/wp-json\/wp\/v2\/product"}],"about":[{"href":"https:\/\/arzasarchery.com\/ca\/wp-json\/wp\/v2\/types\/product"}],"wp:featuredmedia":[{"embeddable":true,"href":"https:\/\/arzasarchery.com\/ca\/wp-json\/wp\/v2\/media\/4531"}],"wp:attachment":[{"href":"https:\/\/arzasarchery.com\/ca\/wp-json\/wp\/v2\/media?parent=4530"}],"wp:term":[{"taxonomy":"product_brand","embeddable":true,"href":"https:\/\/arzasarchery.com\/ca\/wp-json\/wp\/v2\/product_brand?post=4530"},{"taxonomy":"product_cat","embeddable":true,"href":"https:\/\/arzasarchery.com\/ca\/wp-json\/wp\/v2\/product_cat?post=4530"},{"taxonomy":"product_tag","embeddable":true,"href":"https:\/\/arzasarchery.com\/ca\/wp-json\/wp\/v2\/product_tag?post=4530"}],"curies":[{"name":"wp","href":"https:\/\/api.w.org\/{rel}","templated":true}]}}