{"id":2517,"date":"2020-04-13T16:09:29","date_gmt":"2020-04-13T14:09:29","guid":{"rendered":"https:\/\/arzasarchery.com\/?post_type=product&#038;p=2517"},"modified":"2023-08-14T18:20:29","modified_gmt":"2023-08-14T16:20:29","slug":"vanes-bohning-griffin","status":"publish","type":"product","link":"https:\/\/arzasarchery.com\/ca\/producte\/vanes-bohning-griffin\/","title":{"rendered":"Plumas BOHNING GRIFFIN"},"content":{"rendered":"<p class=\"font-product-title\"><strong>VANES GRIFFIN 1&#8243;\/2&#8243;<\/strong><\/p>\n<p>La primera aleta de Bohning dise\u00f1ada exclusivamente para los arqueros ol\u00edmpicos de recurvo, la Griffin Vane cuenta con todas las ventajas de rendimiento de una pluma de tipo mylar (por ejemplo, spin wing) \u00a1sin los inconvenientes! Su dise\u00f1o de cinta retorcida ayuda a la rotaci\u00f3n inmediata de la flecha y la m\u00ednima superficie resultante del perfil recortado proporciona un vuelo estable y preciso en escenarios de tiro con viento variable, constante y cero. Con un peso de s\u00f3lo 1,2 granos.<\/p>\n","protected":false},"excerpt":{"rendered":"<p><img fetchpriority=\"high\" decoding=\"async\" class=\"alignnone size-full wp-image-1480\" src=\"https:\/\/arzasarchery.com\/wp-content\/uploads\/logo-bohning.png\" alt=\"\" width=\"510\" height=\"99\" \/><\/p>\n<p>&nbsp;<\/p>\n","protected":false},"featured_media":2518,"template":"","meta":[],"product_brand":[],"product_cat":[94,102],"product_tag":[],"class_list":{"0":"post-2517","1":"product","2":"type-product","3":"status-publish","4":"has-post-thumbnail","6":"product_cat-flechas","7":"product_cat-plumas-plastico","9":"first","10":"instock","11":"taxable","12":"shipping-taxable","13":"purchasable","14":"product-type-simple"},"yoast_head":"<!-- This site is optimized with the Yoast SEO plugin v25.6 - https:\/\/yoast.com\/wordpress\/plugins\/seo\/ -->\n<title>Plumas BOHNING GRIFFIN - Arza&#039;s Archery<\/title>\n<meta name=\"robots\" content=\"index, follow, max-snippet:-1, max-image-preview:large, max-video-preview:-1\" \/>\n<link rel=\"canonical\" href=\"https:\/\/arzasarchery.com\/producto\/vanes-bohning-griffin\/\" \/>\n<meta property=\"og:locale\" content=\"ca_ES\" \/>\n<meta property=\"og:type\" content=\"article\" \/>\n<meta property=\"og:title\" content=\"Plumas BOHNING GRIFFIN - Arza&#039;s Archery\" \/>\n<meta property=\"og:description\" content=\"&nbsp;\" \/>\n<meta property=\"og:url\" content=\"https:\/\/arzasarchery.com\/producto\/vanes-bohning-griffin\/\" \/>\n<meta property=\"og:site_name\" content=\"Arza&#039;s Archery\" \/>\n<meta property=\"article:modified_time\" content=\"2023-08-14T16:20:29+00:00\" \/>\n<meta property=\"og:image\" content=\"https:\/\/arzasarchery.com\/wp-content\/uploads\/PLUMAS-BOHNING-GRIFFIN.jpg\" \/>\n\t<meta property=\"og:image:width\" content=\"168\" \/>\n\t<meta property=\"og:image:height\" content=\"300\" \/>\n\t<meta property=\"og:image:type\" content=\"image\/jpeg\" \/>\n<meta name=\"twitter:card\" content=\"summary_large_image\" \/>\n<meta name=\"twitter:label1\" content=\"Temps estimat de lectura\" \/>\n\t<meta name=\"twitter:data1\" content=\"1 minut\" \/>\n<script type=\"application\/ld+json\" class=\"yoast-schema-graph\">{\"@context\":\"https:\/\/schema.org\",\"@graph\":[{\"@type\":\"WebPage\",\"@id\":\"https:\/\/arzasarchery.com\/producto\/vanes-bohning-griffin\/\",\"url\":\"https:\/\/arzasarchery.com\/producto\/vanes-bohning-griffin\/\",\"name\":\"Plumas BOHNING GRIFFIN - Arza&#039;s Archery\",\"isPartOf\":{\"@id\":\"https:\/\/arzasarchery.com\/#website\"},\"primaryImageOfPage\":{\"@id\":\"https:\/\/arzasarchery.com\/producto\/vanes-bohning-griffin\/#primaryimage\"},\"image\":{\"@id\":\"https:\/\/arzasarchery.com\/producto\/vanes-bohning-griffin\/#primaryimage\"},\"thumbnailUrl\":\"https:\/\/arzasarchery.com\/wp-content\/uploads\/PLUMAS-BOHNING-GRIFFIN.jpg\",\"datePublished\":\"2020-04-13T14:09:29+00:00\",\"dateModified\":\"2023-08-14T16:20:29+00:00\",\"breadcrumb\":{\"@id\":\"https:\/\/arzasarchery.com\/producto\/vanes-bohning-griffin\/#breadcrumb\"},\"inLanguage\":\"ca\",\"potentialAction\":[{\"@type\":\"ReadAction\",\"target\":[\"https:\/\/arzasarchery.com\/producto\/vanes-bohning-griffin\/\"]}]},{\"@type\":\"ImageObject\",\"inLanguage\":\"ca\",\"@id\":\"https:\/\/arzasarchery.com\/producto\/vanes-bohning-griffin\/#primaryimage\",\"url\":\"https:\/\/arzasarchery.com\/wp-content\/uploads\/PLUMAS-BOHNING-GRIFFIN.jpg\",\"contentUrl\":\"https:\/\/arzasarchery.com\/wp-content\/uploads\/PLUMAS-BOHNING-GRIFFIN.jpg\",\"width\":168,\"height\":300},{\"@type\":\"BreadcrumbList\",\"@id\":\"https:\/\/arzasarchery.com\/producto\/vanes-bohning-griffin\/#breadcrumb\",\"itemListElement\":[{\"@type\":\"ListItem\",\"position\":1,\"name\":\"Portada\",\"item\":\"https:\/\/arzasarchery.com\/\"},{\"@type\":\"ListItem\",\"position\":2,\"name\":\"Botiga\",\"item\":\"https:\/\/arzasarchery.com\/ca\/botiga\/\"},{\"@type\":\"ListItem\",\"position\":3,\"name\":\"Plumas BOHNING GRIFFIN\"}]},{\"@type\":\"WebSite\",\"@id\":\"https:\/\/arzasarchery.com\/#website\",\"url\":\"https:\/\/arzasarchery.com\/\",\"name\":\"Arza&#039;s Archery\",\"description\":\"Arzas Archery\",\"potentialAction\":[{\"@type\":\"SearchAction\",\"target\":{\"@type\":\"EntryPoint\",\"urlTemplate\":\"https:\/\/arzasarchery.com\/?s={search_term_string}\"},\"query-input\":{\"@type\":\"PropertyValueSpecification\",\"valueRequired\":true,\"valueName\":\"search_term_string\"}}],\"inLanguage\":\"ca\"}]}<\/script>\n<!-- \/ Yoast SEO plugin. -->","yoast_head_json":{"title":"Plumas BOHNING GRIFFIN - Arza&#039;s Archery","robots":{"index":"index","follow":"follow","max-snippet":"max-snippet:-1","max-image-preview":"max-image-preview:large","max-video-preview":"max-video-preview:-1"},"canonical":"https:\/\/arzasarchery.com\/producto\/vanes-bohning-griffin\/","og_locale":"ca_ES","og_type":"article","og_title":"Plumas BOHNING GRIFFIN - Arza&#039;s Archery","og_description":"&nbsp;","og_url":"https:\/\/arzasarchery.com\/producto\/vanes-bohning-griffin\/","og_site_name":"Arza&#039;s Archery","article_modified_time":"2023-08-14T16:20:29+00:00","og_image":[{"width":168,"height":300,"url":"https:\/\/arzasarchery.com\/wp-content\/uploads\/PLUMAS-BOHNING-GRIFFIN.jpg","type":"image\/jpeg"}],"twitter_card":"summary_large_image","twitter_misc":{"Temps estimat de lectura":"1 minut"},"schema":{"@context":"https:\/\/schema.org","@graph":[{"@type":"WebPage","@id":"https:\/\/arzasarchery.com\/producto\/vanes-bohning-griffin\/","url":"https:\/\/arzasarchery.com\/producto\/vanes-bohning-griffin\/","name":"Plumas BOHNING GRIFFIN - Arza&#039;s Archery","isPartOf":{"@id":"https:\/\/arzasarchery.com\/#website"},"primaryImageOfPage":{"@id":"https:\/\/arzasarchery.com\/producto\/vanes-bohning-griffin\/#primaryimage"},"image":{"@id":"https:\/\/arzasarchery.com\/producto\/vanes-bohning-griffin\/#primaryimage"},"thumbnailUrl":"https:\/\/arzasarchery.com\/wp-content\/uploads\/PLUMAS-BOHNING-GRIFFIN.jpg","datePublished":"2020-04-13T14:09:29+00:00","dateModified":"2023-08-14T16:20:29+00:00","breadcrumb":{"@id":"https:\/\/arzasarchery.com\/producto\/vanes-bohning-griffin\/#breadcrumb"},"inLanguage":"ca","potentialAction":[{"@type":"ReadAction","target":["https:\/\/arzasarchery.com\/producto\/vanes-bohning-griffin\/"]}]},{"@type":"ImageObject","inLanguage":"ca","@id":"https:\/\/arzasarchery.com\/producto\/vanes-bohning-griffin\/#primaryimage","url":"https:\/\/arzasarchery.com\/wp-content\/uploads\/PLUMAS-BOHNING-GRIFFIN.jpg","contentUrl":"https:\/\/arzasarchery.com\/wp-content\/uploads\/PLUMAS-BOHNING-GRIFFIN.jpg","width":168,"height":300},{"@type":"BreadcrumbList","@id":"https:\/\/arzasarchery.com\/producto\/vanes-bohning-griffin\/#breadcrumb","itemListElement":[{"@type":"ListItem","position":1,"name":"Portada","item":"https:\/\/arzasarchery.com\/"},{"@type":"ListItem","position":2,"name":"Botiga","item":"https:\/\/arzasarchery.com\/ca\/botiga\/"},{"@type":"ListItem","position":3,"name":"Plumas BOHNING GRIFFIN"}]},{"@type":"WebSite","@id":"https:\/\/arzasarchery.com\/#website","url":"https:\/\/arzasarchery.com\/","name":"Arza&#039;s Archery","description":"Arzas Archery","potentialAction":[{"@type":"SearchAction","target":{"@type":"EntryPoint","urlTemplate":"https:\/\/arzasarchery.com\/?s={search_term_string}"},"query-input":{"@type":"PropertyValueSpecification","valueRequired":true,"valueName":"search_term_string"}}],"inLanguage":"ca"}]}},"_links":{"self":[{"href":"https:\/\/arzasarchery.com\/ca\/wp-json\/wp\/v2\/product\/2517","targetHints":{"allow":["GET"]}}],"collection":[{"href":"https:\/\/arzasarchery.com\/ca\/wp-json\/wp\/v2\/product"}],"about":[{"href":"https:\/\/arzasarchery.com\/ca\/wp-json\/wp\/v2\/types\/product"}],"wp:featuredmedia":[{"embeddable":true,"href":"https:\/\/arzasarchery.com\/ca\/wp-json\/wp\/v2\/media\/2518"}],"wp:attachment":[{"href":"https:\/\/arzasarchery.com\/ca\/wp-json\/wp\/v2\/media?parent=2517"}],"wp:term":[{"taxonomy":"product_brand","embeddable":true,"href":"https:\/\/arzasarchery.com\/ca\/wp-json\/wp\/v2\/product_brand?post=2517"},{"taxonomy":"product_cat","embeddable":true,"href":"https:\/\/arzasarchery.com\/ca\/wp-json\/wp\/v2\/product_cat?post=2517"},{"taxonomy":"product_tag","embeddable":true,"href":"https:\/\/arzasarchery.com\/ca\/wp-json\/wp\/v2\/product_tag?post=2517"}],"curies":[{"name":"wp","href":"https:\/\/api.w.org\/{rel}","templated":true}]}}