{"id":2181,"date":"2020-04-09T17:32:55","date_gmt":"2020-04-09T15:32:55","guid":{"rendered":"https:\/\/arzasarchery.com\/?post_type=product&#038;p=2181"},"modified":"2024-08-25T19:53:28","modified_gmt":"2024-08-25T17:53:28","slug":"visores-caza-y-3d-axcel-rheo-tech-ambidiestro","status":"publish","type":"product","link":"https:\/\/arzasarchery.com\/ca\/producte\/visores-caza-y-3d-axcel-rheo-tech-ambidiestro\/","title":{"rendered":"Visor Caza-3D AXCEL RHEO TECH Ambidiestro"},"content":{"rendered":"<p class=\"font-product-title\"><strong>HUNTING &amp; 3D SIGHTS RHEO TECH HD 4 PIN .019&#8243;.010&#8243; BLK<\/strong><\/p>\n<p>&#8211; Nueva cubierta de re\u00f3stato &#8211; Ajuste el brillo de la fibra. &#8211; Fibra m\u00e1s fuerte y m\u00e1s brillante &#8211; con 18\u00ab de fibra por pin &#8211; Tercer eje real &#8211; Ambidiestro derecho e izquierdo &#8211; Scope y pines a la misma profundidad para mayor precisi\u00f3n -Nivel dentro del visor -Elevaci\u00f3n y orientaci\u00f3n microajustables &#8211; Caracter\u00edsticas Mathews\u00ae Harmonic Damper\u2122.<\/p>\n","protected":false},"excerpt":{"rendered":"<p><img fetchpriority=\"high\" decoding=\"async\" class=\"alignnone size-full wp-image-1108\" src=\"https:\/\/arzasarchery.com\/wp-content\/uploads\/2020\/03\/logo-axcel1.jpg\" alt=\"\" width=\"225\" height=\"225\" srcset=\"https:\/\/arzasarchery.com\/wp-content\/uploads\/2020\/03\/logo-axcel1.jpg 225w, https:\/\/arzasarchery.com\/wp-content\/uploads\/2020\/03\/logo-axcel1-100x100.jpg 100w, https:\/\/arzasarchery.com\/wp-content\/uploads\/2020\/03\/logo-axcel1-150x150.jpg 150w\" sizes=\"(max-width: 225px) 100vw, 225px\" \/><\/p>\n","protected":false},"featured_media":8122,"template":"","meta":[],"product_brand":[],"product_cat":[128,125],"product_tag":[],"class_list":{"0":"post-2181","1":"product","2":"type-product","3":"status-publish","4":"has-post-thumbnail","6":"product_cat-caza-visores","7":"product_cat-visores","9":"first","10":"instock","11":"taxable","12":"shipping-taxable","13":"purchasable","14":"product-type-simple"},"yoast_head":"<!-- This site is optimized with the Yoast SEO plugin v25.6 - https:\/\/yoast.com\/wordpress\/plugins\/seo\/ -->\n<title>Visor Caza-3D AXCEL RHEO TECH Ambidiestro - Arza&#039;s Archery<\/title>\n<meta name=\"robots\" content=\"index, follow, max-snippet:-1, max-image-preview:large, max-video-preview:-1\" \/>\n<link rel=\"canonical\" href=\"https:\/\/arzasarchery.com\/producto\/visores-caza-y-3d-axcel-rheo-tech-ambidiestro\/\" \/>\n<meta property=\"og:locale\" content=\"ca_ES\" \/>\n<meta property=\"og:type\" content=\"article\" \/>\n<meta property=\"og:title\" content=\"Visor Caza-3D AXCEL RHEO TECH Ambidiestro - Arza&#039;s Archery\" \/>\n<meta property=\"og:url\" content=\"https:\/\/arzasarchery.com\/producto\/visores-caza-y-3d-axcel-rheo-tech-ambidiestro\/\" \/>\n<meta property=\"og:site_name\" content=\"Arza&#039;s Archery\" \/>\n<meta property=\"article:modified_time\" content=\"2024-08-25T17:53:28+00:00\" \/>\n<meta property=\"og:image\" content=\"https:\/\/arzasarchery.com\/wp-content\/uploads\/VISORES-AXCEL-RHEO-TECH-ambidiestro-.jpg\" \/>\n\t<meta property=\"og:image:width\" content=\"1023\" \/>\n\t<meta property=\"og:image:height\" content=\"682\" \/>\n\t<meta property=\"og:image:type\" content=\"image\/jpeg\" \/>\n<meta name=\"twitter:card\" content=\"summary_large_image\" \/>\n<meta name=\"twitter:label1\" content=\"Temps estimat de lectura\" \/>\n\t<meta name=\"twitter:data1\" content=\"1 minut\" \/>\n<script type=\"application\/ld+json\" class=\"yoast-schema-graph\">{\"@context\":\"https:\/\/schema.org\",\"@graph\":[{\"@type\":\"WebPage\",\"@id\":\"https:\/\/arzasarchery.com\/producto\/visores-caza-y-3d-axcel-rheo-tech-ambidiestro\/\",\"url\":\"https:\/\/arzasarchery.com\/producto\/visores-caza-y-3d-axcel-rheo-tech-ambidiestro\/\",\"name\":\"Visor Caza-3D AXCEL RHEO TECH Ambidiestro - Arza&#039;s Archery\",\"isPartOf\":{\"@id\":\"https:\/\/arzasarchery.com\/#website\"},\"primaryImageOfPage\":{\"@id\":\"https:\/\/arzasarchery.com\/producto\/visores-caza-y-3d-axcel-rheo-tech-ambidiestro\/#primaryimage\"},\"image\":{\"@id\":\"https:\/\/arzasarchery.com\/producto\/visores-caza-y-3d-axcel-rheo-tech-ambidiestro\/#primaryimage\"},\"thumbnailUrl\":\"https:\/\/arzasarchery.com\/wp-content\/uploads\/VISORES-AXCEL-RHEO-TECH-ambidiestro-.jpg\",\"datePublished\":\"2020-04-09T15:32:55+00:00\",\"dateModified\":\"2024-08-25T17:53:28+00:00\",\"breadcrumb\":{\"@id\":\"https:\/\/arzasarchery.com\/producto\/visores-caza-y-3d-axcel-rheo-tech-ambidiestro\/#breadcrumb\"},\"inLanguage\":\"ca\",\"potentialAction\":[{\"@type\":\"ReadAction\",\"target\":[\"https:\/\/arzasarchery.com\/producto\/visores-caza-y-3d-axcel-rheo-tech-ambidiestro\/\"]}]},{\"@type\":\"ImageObject\",\"inLanguage\":\"ca\",\"@id\":\"https:\/\/arzasarchery.com\/producto\/visores-caza-y-3d-axcel-rheo-tech-ambidiestro\/#primaryimage\",\"url\":\"https:\/\/arzasarchery.com\/wp-content\/uploads\/VISORES-AXCEL-RHEO-TECH-ambidiestro-.jpg\",\"contentUrl\":\"https:\/\/arzasarchery.com\/wp-content\/uploads\/VISORES-AXCEL-RHEO-TECH-ambidiestro-.jpg\",\"width\":1023,\"height\":682},{\"@type\":\"BreadcrumbList\",\"@id\":\"https:\/\/arzasarchery.com\/producto\/visores-caza-y-3d-axcel-rheo-tech-ambidiestro\/#breadcrumb\",\"itemListElement\":[{\"@type\":\"ListItem\",\"position\":1,\"name\":\"Portada\",\"item\":\"https:\/\/arzasarchery.com\/\"},{\"@type\":\"ListItem\",\"position\":2,\"name\":\"Botiga\",\"item\":\"https:\/\/arzasarchery.com\/ca\/botiga\/\"},{\"@type\":\"ListItem\",\"position\":3,\"name\":\"Visor Caza-3D AXCEL RHEO TECH Ambidiestro\"}]},{\"@type\":\"WebSite\",\"@id\":\"https:\/\/arzasarchery.com\/#website\",\"url\":\"https:\/\/arzasarchery.com\/\",\"name\":\"Arza&#039;s Archery\",\"description\":\"Arzas Archery\",\"potentialAction\":[{\"@type\":\"SearchAction\",\"target\":{\"@type\":\"EntryPoint\",\"urlTemplate\":\"https:\/\/arzasarchery.com\/?s={search_term_string}\"},\"query-input\":{\"@type\":\"PropertyValueSpecification\",\"valueRequired\":true,\"valueName\":\"search_term_string\"}}],\"inLanguage\":\"ca\"}]}<\/script>\n<!-- \/ Yoast SEO plugin. -->","yoast_head_json":{"title":"Visor Caza-3D AXCEL RHEO TECH Ambidiestro - Arza&#039;s Archery","robots":{"index":"index","follow":"follow","max-snippet":"max-snippet:-1","max-image-preview":"max-image-preview:large","max-video-preview":"max-video-preview:-1"},"canonical":"https:\/\/arzasarchery.com\/producto\/visores-caza-y-3d-axcel-rheo-tech-ambidiestro\/","og_locale":"ca_ES","og_type":"article","og_title":"Visor Caza-3D AXCEL RHEO TECH Ambidiestro - Arza&#039;s Archery","og_url":"https:\/\/arzasarchery.com\/producto\/visores-caza-y-3d-axcel-rheo-tech-ambidiestro\/","og_site_name":"Arza&#039;s Archery","article_modified_time":"2024-08-25T17:53:28+00:00","og_image":[{"width":1023,"height":682,"url":"https:\/\/arzasarchery.com\/wp-content\/uploads\/VISORES-AXCEL-RHEO-TECH-ambidiestro-.jpg","type":"image\/jpeg"}],"twitter_card":"summary_large_image","twitter_misc":{"Temps estimat de lectura":"1 minut"},"schema":{"@context":"https:\/\/schema.org","@graph":[{"@type":"WebPage","@id":"https:\/\/arzasarchery.com\/producto\/visores-caza-y-3d-axcel-rheo-tech-ambidiestro\/","url":"https:\/\/arzasarchery.com\/producto\/visores-caza-y-3d-axcel-rheo-tech-ambidiestro\/","name":"Visor Caza-3D AXCEL RHEO TECH Ambidiestro - Arza&#039;s Archery","isPartOf":{"@id":"https:\/\/arzasarchery.com\/#website"},"primaryImageOfPage":{"@id":"https:\/\/arzasarchery.com\/producto\/visores-caza-y-3d-axcel-rheo-tech-ambidiestro\/#primaryimage"},"image":{"@id":"https:\/\/arzasarchery.com\/producto\/visores-caza-y-3d-axcel-rheo-tech-ambidiestro\/#primaryimage"},"thumbnailUrl":"https:\/\/arzasarchery.com\/wp-content\/uploads\/VISORES-AXCEL-RHEO-TECH-ambidiestro-.jpg","datePublished":"2020-04-09T15:32:55+00:00","dateModified":"2024-08-25T17:53:28+00:00","breadcrumb":{"@id":"https:\/\/arzasarchery.com\/producto\/visores-caza-y-3d-axcel-rheo-tech-ambidiestro\/#breadcrumb"},"inLanguage":"ca","potentialAction":[{"@type":"ReadAction","target":["https:\/\/arzasarchery.com\/producto\/visores-caza-y-3d-axcel-rheo-tech-ambidiestro\/"]}]},{"@type":"ImageObject","inLanguage":"ca","@id":"https:\/\/arzasarchery.com\/producto\/visores-caza-y-3d-axcel-rheo-tech-ambidiestro\/#primaryimage","url":"https:\/\/arzasarchery.com\/wp-content\/uploads\/VISORES-AXCEL-RHEO-TECH-ambidiestro-.jpg","contentUrl":"https:\/\/arzasarchery.com\/wp-content\/uploads\/VISORES-AXCEL-RHEO-TECH-ambidiestro-.jpg","width":1023,"height":682},{"@type":"BreadcrumbList","@id":"https:\/\/arzasarchery.com\/producto\/visores-caza-y-3d-axcel-rheo-tech-ambidiestro\/#breadcrumb","itemListElement":[{"@type":"ListItem","position":1,"name":"Portada","item":"https:\/\/arzasarchery.com\/"},{"@type":"ListItem","position":2,"name":"Botiga","item":"https:\/\/arzasarchery.com\/ca\/botiga\/"},{"@type":"ListItem","position":3,"name":"Visor Caza-3D AXCEL RHEO TECH Ambidiestro"}]},{"@type":"WebSite","@id":"https:\/\/arzasarchery.com\/#website","url":"https:\/\/arzasarchery.com\/","name":"Arza&#039;s Archery","description":"Arzas Archery","potentialAction":[{"@type":"SearchAction","target":{"@type":"EntryPoint","urlTemplate":"https:\/\/arzasarchery.com\/?s={search_term_string}"},"query-input":{"@type":"PropertyValueSpecification","valueRequired":true,"valueName":"search_term_string"}}],"inLanguage":"ca"}]}},"_links":{"self":[{"href":"https:\/\/arzasarchery.com\/ca\/wp-json\/wp\/v2\/product\/2181","targetHints":{"allow":["GET"]}}],"collection":[{"href":"https:\/\/arzasarchery.com\/ca\/wp-json\/wp\/v2\/product"}],"about":[{"href":"https:\/\/arzasarchery.com\/ca\/wp-json\/wp\/v2\/types\/product"}],"wp:featuredmedia":[{"embeddable":true,"href":"https:\/\/arzasarchery.com\/ca\/wp-json\/wp\/v2\/media\/8122"}],"wp:attachment":[{"href":"https:\/\/arzasarchery.com\/ca\/wp-json\/wp\/v2\/media?parent=2181"}],"wp:term":[{"taxonomy":"product_brand","embeddable":true,"href":"https:\/\/arzasarchery.com\/ca\/wp-json\/wp\/v2\/product_brand?post=2181"},{"taxonomy":"product_cat","embeddable":true,"href":"https:\/\/arzasarchery.com\/ca\/wp-json\/wp\/v2\/product_cat?post=2181"},{"taxonomy":"product_tag","embeddable":true,"href":"https:\/\/arzasarchery.com\/ca\/wp-json\/wp\/v2\/product_tag?post=2181"}],"curies":[{"name":"wp","href":"https:\/\/api.w.org\/{rel}","templated":true}]}}