{"id":2167,"date":"2020-04-09T16:51:34","date_gmt":"2020-04-09T14:51:34","guid":{"rendered":"https:\/\/arzasarchery.com\/?post_type=product&#038;p=2167"},"modified":"2023-08-26T18:04:03","modified_gmt":"2023-08-26T16:04:03","slug":"peepsight-specialty-archery-products-de-luxe-kit","status":"publish","type":"product","link":"https:\/\/arzasarchery.com\/ca\/producte\/peepsight-specialty-archery-products-de-luxe-kit\/","title":{"rendered":"Peepsight Specialty Archery Products DE LUXE KIT"},"content":{"rendered":"<p class=\"font-product-title\"><strong>SPECIALTY ARCHERY DELUXE PODIUM PEEP KITS CONTAINS ALL APERTURES AND CLARIFIERS<\/strong><\/p>\n<p>El sistema de peep m\u00e1s avanzado de la industria del tiro con arco &#8211; Sistema Podium Peep\u2122 totalmente dise\u00f1ado para la m\u00e1xima precisi\u00f3n<\/p>\n<p>&#8211; Diferentes tama\u00f1os de Podium Peep\u2122 Apertures intercambiables sin necesidad de retirar el peep de la cuerda, y sin necesidad de una llave de aperturas<\/p>\n<p>&#8211; Incluye los 6 Podium Peep\u2122Apertures &amp; los 5 PodiumPeep<\/p>\n<p>Clarifier Lenses &#8211; Podium Peep\u2122 y PeepShade Cap no incluidos.<\/p>\n","protected":false},"excerpt":{"rendered":"<p><img fetchpriority=\"high\" decoding=\"async\" class=\"alignnone size-full wp-image-2165\" src=\"https:\/\/arzasarchery.com\/wp-content\/uploads\/logo-SPECIALTY-ARCHERY-PRODUCTS.png\" alt=\"\" width=\"225\" height=\"225\" srcset=\"https:\/\/arzasarchery.com\/wp-content\/uploads\/logo-SPECIALTY-ARCHERY-PRODUCTS.png 225w, https:\/\/arzasarchery.com\/wp-content\/uploads\/logo-SPECIALTY-ARCHERY-PRODUCTS-150x150.png 150w, https:\/\/arzasarchery.com\/wp-content\/uploads\/logo-SPECIALTY-ARCHERY-PRODUCTS-100x100.png 100w\" sizes=\"(max-width: 225px) 100vw, 225px\" \/><\/p>\n","protected":false},"featured_media":2168,"template":"","meta":[],"product_brand":[],"product_cat":[127,125],"product_tag":[],"class_list":{"0":"post-2167","1":"product","2":"type-product","3":"status-publish","4":"has-post-thumbnail","6":"product_cat-diopteros-peeps","7":"product_cat-visores","9":"first","10":"instock","11":"taxable","12":"shipping-taxable","13":"purchasable","14":"product-type-simple"},"yoast_head":"<!-- This site is optimized with the Yoast SEO plugin v25.6 - https:\/\/yoast.com\/wordpress\/plugins\/seo\/ -->\n<title>Peepsight Specialty Archery Products DE LUXE KIT - Arza&#039;s Archery<\/title>\n<meta name=\"robots\" content=\"index, follow, max-snippet:-1, max-image-preview:large, max-video-preview:-1\" \/>\n<link rel=\"canonical\" href=\"https:\/\/arzasarchery.com\/producto\/peepsight-specialty-archery-products-de-luxe-kit\/\" \/>\n<meta property=\"og:locale\" content=\"ca_ES\" \/>\n<meta property=\"og:type\" content=\"article\" \/>\n<meta property=\"og:title\" content=\"Peepsight Specialty Archery Products DE LUXE KIT - Arza&#039;s Archery\" \/>\n<meta property=\"og:url\" content=\"https:\/\/arzasarchery.com\/producto\/peepsight-specialty-archery-products-de-luxe-kit\/\" \/>\n<meta property=\"og:site_name\" content=\"Arza&#039;s Archery\" \/>\n<meta property=\"article:modified_time\" content=\"2023-08-26T16:04:03+00:00\" \/>\n<meta property=\"og:image\" content=\"https:\/\/arzasarchery.com\/wp-content\/uploads\/PEEP-SPECIALTY-ARCH-PROD-DELUXE..jpg\" \/>\n\t<meta property=\"og:image:width\" content=\"472\" \/>\n\t<meta property=\"og:image:height\" content=\"682\" \/>\n\t<meta property=\"og:image:type\" content=\"image\/jpeg\" \/>\n<meta name=\"twitter:card\" content=\"summary_large_image\" \/>\n<meta name=\"twitter:label1\" content=\"Temps estimat de lectura\" \/>\n\t<meta name=\"twitter:data1\" content=\"1 minut\" \/>\n<script type=\"application\/ld+json\" class=\"yoast-schema-graph\">{\"@context\":\"https:\/\/schema.org\",\"@graph\":[{\"@type\":\"WebPage\",\"@id\":\"https:\/\/arzasarchery.com\/producto\/peepsight-specialty-archery-products-de-luxe-kit\/\",\"url\":\"https:\/\/arzasarchery.com\/producto\/peepsight-specialty-archery-products-de-luxe-kit\/\",\"name\":\"Peepsight Specialty Archery Products DE LUXE KIT - Arza&#039;s Archery\",\"isPartOf\":{\"@id\":\"https:\/\/arzasarchery.com\/#website\"},\"primaryImageOfPage\":{\"@id\":\"https:\/\/arzasarchery.com\/producto\/peepsight-specialty-archery-products-de-luxe-kit\/#primaryimage\"},\"image\":{\"@id\":\"https:\/\/arzasarchery.com\/producto\/peepsight-specialty-archery-products-de-luxe-kit\/#primaryimage\"},\"thumbnailUrl\":\"https:\/\/arzasarchery.com\/wp-content\/uploads\/PEEP-SPECIALTY-ARCH-PROD-DELUXE..jpg\",\"datePublished\":\"2020-04-09T14:51:34+00:00\",\"dateModified\":\"2023-08-26T16:04:03+00:00\",\"breadcrumb\":{\"@id\":\"https:\/\/arzasarchery.com\/producto\/peepsight-specialty-archery-products-de-luxe-kit\/#breadcrumb\"},\"inLanguage\":\"ca\",\"potentialAction\":[{\"@type\":\"ReadAction\",\"target\":[\"https:\/\/arzasarchery.com\/producto\/peepsight-specialty-archery-products-de-luxe-kit\/\"]}]},{\"@type\":\"ImageObject\",\"inLanguage\":\"ca\",\"@id\":\"https:\/\/arzasarchery.com\/producto\/peepsight-specialty-archery-products-de-luxe-kit\/#primaryimage\",\"url\":\"https:\/\/arzasarchery.com\/wp-content\/uploads\/PEEP-SPECIALTY-ARCH-PROD-DELUXE..jpg\",\"contentUrl\":\"https:\/\/arzasarchery.com\/wp-content\/uploads\/PEEP-SPECIALTY-ARCH-PROD-DELUXE..jpg\",\"width\":472,\"height\":682},{\"@type\":\"BreadcrumbList\",\"@id\":\"https:\/\/arzasarchery.com\/producto\/peepsight-specialty-archery-products-de-luxe-kit\/#breadcrumb\",\"itemListElement\":[{\"@type\":\"ListItem\",\"position\":1,\"name\":\"Portada\",\"item\":\"https:\/\/arzasarchery.com\/\"},{\"@type\":\"ListItem\",\"position\":2,\"name\":\"Botiga\",\"item\":\"https:\/\/arzasarchery.com\/ca\/botiga\/\"},{\"@type\":\"ListItem\",\"position\":3,\"name\":\"Peepsight Specialty Archery Products DE LUXE KIT\"}]},{\"@type\":\"WebSite\",\"@id\":\"https:\/\/arzasarchery.com\/#website\",\"url\":\"https:\/\/arzasarchery.com\/\",\"name\":\"Arza&#039;s Archery\",\"description\":\"Arzas Archery\",\"potentialAction\":[{\"@type\":\"SearchAction\",\"target\":{\"@type\":\"EntryPoint\",\"urlTemplate\":\"https:\/\/arzasarchery.com\/?s={search_term_string}\"},\"query-input\":{\"@type\":\"PropertyValueSpecification\",\"valueRequired\":true,\"valueName\":\"search_term_string\"}}],\"inLanguage\":\"ca\"}]}<\/script>\n<!-- \/ Yoast SEO plugin. -->","yoast_head_json":{"title":"Peepsight Specialty Archery Products DE LUXE KIT - Arza&#039;s Archery","robots":{"index":"index","follow":"follow","max-snippet":"max-snippet:-1","max-image-preview":"max-image-preview:large","max-video-preview":"max-video-preview:-1"},"canonical":"https:\/\/arzasarchery.com\/producto\/peepsight-specialty-archery-products-de-luxe-kit\/","og_locale":"ca_ES","og_type":"article","og_title":"Peepsight Specialty Archery Products DE LUXE KIT - Arza&#039;s Archery","og_url":"https:\/\/arzasarchery.com\/producto\/peepsight-specialty-archery-products-de-luxe-kit\/","og_site_name":"Arza&#039;s Archery","article_modified_time":"2023-08-26T16:04:03+00:00","og_image":[{"width":472,"height":682,"url":"https:\/\/arzasarchery.com\/wp-content\/uploads\/PEEP-SPECIALTY-ARCH-PROD-DELUXE..jpg","type":"image\/jpeg"}],"twitter_card":"summary_large_image","twitter_misc":{"Temps estimat de lectura":"1 minut"},"schema":{"@context":"https:\/\/schema.org","@graph":[{"@type":"WebPage","@id":"https:\/\/arzasarchery.com\/producto\/peepsight-specialty-archery-products-de-luxe-kit\/","url":"https:\/\/arzasarchery.com\/producto\/peepsight-specialty-archery-products-de-luxe-kit\/","name":"Peepsight Specialty Archery Products DE LUXE KIT - Arza&#039;s Archery","isPartOf":{"@id":"https:\/\/arzasarchery.com\/#website"},"primaryImageOfPage":{"@id":"https:\/\/arzasarchery.com\/producto\/peepsight-specialty-archery-products-de-luxe-kit\/#primaryimage"},"image":{"@id":"https:\/\/arzasarchery.com\/producto\/peepsight-specialty-archery-products-de-luxe-kit\/#primaryimage"},"thumbnailUrl":"https:\/\/arzasarchery.com\/wp-content\/uploads\/PEEP-SPECIALTY-ARCH-PROD-DELUXE..jpg","datePublished":"2020-04-09T14:51:34+00:00","dateModified":"2023-08-26T16:04:03+00:00","breadcrumb":{"@id":"https:\/\/arzasarchery.com\/producto\/peepsight-specialty-archery-products-de-luxe-kit\/#breadcrumb"},"inLanguage":"ca","potentialAction":[{"@type":"ReadAction","target":["https:\/\/arzasarchery.com\/producto\/peepsight-specialty-archery-products-de-luxe-kit\/"]}]},{"@type":"ImageObject","inLanguage":"ca","@id":"https:\/\/arzasarchery.com\/producto\/peepsight-specialty-archery-products-de-luxe-kit\/#primaryimage","url":"https:\/\/arzasarchery.com\/wp-content\/uploads\/PEEP-SPECIALTY-ARCH-PROD-DELUXE..jpg","contentUrl":"https:\/\/arzasarchery.com\/wp-content\/uploads\/PEEP-SPECIALTY-ARCH-PROD-DELUXE..jpg","width":472,"height":682},{"@type":"BreadcrumbList","@id":"https:\/\/arzasarchery.com\/producto\/peepsight-specialty-archery-products-de-luxe-kit\/#breadcrumb","itemListElement":[{"@type":"ListItem","position":1,"name":"Portada","item":"https:\/\/arzasarchery.com\/"},{"@type":"ListItem","position":2,"name":"Botiga","item":"https:\/\/arzasarchery.com\/ca\/botiga\/"},{"@type":"ListItem","position":3,"name":"Peepsight Specialty Archery Products DE LUXE KIT"}]},{"@type":"WebSite","@id":"https:\/\/arzasarchery.com\/#website","url":"https:\/\/arzasarchery.com\/","name":"Arza&#039;s Archery","description":"Arzas Archery","potentialAction":[{"@type":"SearchAction","target":{"@type":"EntryPoint","urlTemplate":"https:\/\/arzasarchery.com\/?s={search_term_string}"},"query-input":{"@type":"PropertyValueSpecification","valueRequired":true,"valueName":"search_term_string"}}],"inLanguage":"ca"}]}},"_links":{"self":[{"href":"https:\/\/arzasarchery.com\/ca\/wp-json\/wp\/v2\/product\/2167","targetHints":{"allow":["GET"]}}],"collection":[{"href":"https:\/\/arzasarchery.com\/ca\/wp-json\/wp\/v2\/product"}],"about":[{"href":"https:\/\/arzasarchery.com\/ca\/wp-json\/wp\/v2\/types\/product"}],"wp:featuredmedia":[{"embeddable":true,"href":"https:\/\/arzasarchery.com\/ca\/wp-json\/wp\/v2\/media\/2168"}],"wp:attachment":[{"href":"https:\/\/arzasarchery.com\/ca\/wp-json\/wp\/v2\/media?parent=2167"}],"wp:term":[{"taxonomy":"product_brand","embeddable":true,"href":"https:\/\/arzasarchery.com\/ca\/wp-json\/wp\/v2\/product_brand?post=2167"},{"taxonomy":"product_cat","embeddable":true,"href":"https:\/\/arzasarchery.com\/ca\/wp-json\/wp\/v2\/product_cat?post=2167"},{"taxonomy":"product_tag","embeddable":true,"href":"https:\/\/arzasarchery.com\/ca\/wp-json\/wp\/v2\/product_tag?post=2167"}],"curies":[{"name":"wp","href":"https:\/\/api.w.org\/{rel}","templated":true}]}}