{"id":2110,"date":"2020-04-09T11:27:25","date_gmt":"2020-04-09T09:27:25","guid":{"rendered":"https:\/\/arzasarchery.com\/?post_type=product&#038;p=2110"},"modified":"2025-08-29T10:40:17","modified_gmt":"2025-08-29T08:40:17","slug":"visor-recurvo-olimpico-ww-ws-600","status":"publish","type":"product","link":"https:\/\/arzasarchery.com\/ca\/producte\/visor-recurvo-olimpico-ww-ws-600\/","title":{"rendered":"Visor W&#038;W WS-600 Recurvo Olimpico"},"content":{"rendered":"<p class=\"font-product-title\"><strong>RECURVE SIGHTS WS-600 CARBON <\/strong><\/p>\n<p class=\"font-product-title\">El WS600 es el visor de competici\u00f3n mecanizado con precisi\u00f3n de Win&amp;Win, en la que conf\u00edan algunos de los mejores arqueros del mundo. Tiene ajustes de rueda para medir con precisi\u00f3n los movimientos finos del visor y una barra deslizante para un ajuste vertical c\u00f3modo y suave. Un sistema de perno \u00fanico bloquea el ajuste en su lugar. La tecnolog\u00eda Graphene dentro de su barra de extensi\u00f3n de carbono protege el WS600 de la vibraci\u00f3n da\u00f1ina que viaja a trav\u00e9s de un arco cuando se dispara. Tambi\u00e9n mantiene el peso al m\u00ednimo y evita la torsi\u00f3n durante el disparo.<\/p>\n<p>&nbsp;<\/p>\n","protected":false},"excerpt":{"rendered":"<p><img decoding=\"async\" class=\"alignnone size-medium wp-image-820\" src=\"https:\/\/arzasarchery.com\/wp-content\/uploads\/2020\/03\/logo-winwin-300x130.jpg\" alt=\"\" width=\"300\" height=\"130\" srcset=\"https:\/\/arzasarchery.com\/wp-content\/uploads\/2020\/03\/logo-winwin-300x130.jpg 300w, https:\/\/arzasarchery.com\/wp-content\/uploads\/2020\/03\/logo-winwin.jpg 341w\" sizes=\"(max-width: 300px) 100vw, 300px\" \/><\/p>\n<p><strong>ESPECIFICACIONES : Anotar color y mano que desees .<\/strong><\/p>\n","protected":false},"featured_media":2111,"template":"","meta":[],"product_brand":[],"product_cat":[125,590],"product_tag":[],"class_list":{"0":"post-2110","1":"product","2":"type-product","3":"status-publish","4":"has-post-thumbnail","6":"product_cat-visores","7":"product_cat-visores-recurvo-olimpico","8":"pa_color-black","9":"pa_color-azul","10":"pa_color-red","11":"pa_color-silver","12":"pa_mano-lh","13":"pa_mano-rh","15":"first","16":"instock","17":"taxable","18":"shipping-taxable","19":"purchasable","20":"product-type-simple"},"yoast_head":"<!-- This site is optimized with the Yoast SEO plugin v25.6 - https:\/\/yoast.com\/wordpress\/plugins\/seo\/ -->\n<title>Visor W&amp;W WS-600 Recurvo Olimpico - Arza&#039;s Archery<\/title>\n<meta name=\"robots\" content=\"index, follow, max-snippet:-1, max-image-preview:large, max-video-preview:-1\" \/>\n<link rel=\"canonical\" href=\"https:\/\/arzasarchery.com\/producto\/visor-recurvo-olimpico-ww-ws-600\/\" \/>\n<meta property=\"og:locale\" content=\"ca_ES\" \/>\n<meta property=\"og:type\" content=\"article\" \/>\n<meta property=\"og:title\" content=\"Visor W&amp;W WS-600 Recurvo Olimpico - Arza&#039;s Archery\" \/>\n<meta property=\"og:description\" content=\"ESPECIFICACIONES : Anotar color y mano que desees .\" \/>\n<meta property=\"og:url\" content=\"https:\/\/arzasarchery.com\/producto\/visor-recurvo-olimpico-ww-ws-600\/\" \/>\n<meta property=\"og:site_name\" content=\"Arza&#039;s Archery\" \/>\n<meta property=\"article:modified_time\" content=\"2025-08-29T08:40:17+00:00\" \/>\n<meta property=\"og:image\" content=\"https:\/\/arzasarchery.com\/wp-content\/uploads\/VISORES-WW-WS-600.jpg\" \/>\n\t<meta property=\"og:image:width\" content=\"1023\" \/>\n\t<meta property=\"og:image:height\" content=\"682\" \/>\n\t<meta property=\"og:image:type\" content=\"image\/jpeg\" \/>\n<meta name=\"twitter:card\" content=\"summary_large_image\" \/>\n<meta name=\"twitter:label1\" content=\"Temps estimat de lectura\" \/>\n\t<meta name=\"twitter:data1\" content=\"1 minut\" \/>\n<script type=\"application\/ld+json\" class=\"yoast-schema-graph\">{\"@context\":\"https:\/\/schema.org\",\"@graph\":[{\"@type\":\"WebPage\",\"@id\":\"https:\/\/arzasarchery.com\/producto\/visor-recurvo-olimpico-ww-ws-600\/\",\"url\":\"https:\/\/arzasarchery.com\/producto\/visor-recurvo-olimpico-ww-ws-600\/\",\"name\":\"Visor W&W WS-600 Recurvo Olimpico - Arza&#039;s Archery\",\"isPartOf\":{\"@id\":\"https:\/\/arzasarchery.com\/#website\"},\"primaryImageOfPage\":{\"@id\":\"https:\/\/arzasarchery.com\/producto\/visor-recurvo-olimpico-ww-ws-600\/#primaryimage\"},\"image\":{\"@id\":\"https:\/\/arzasarchery.com\/producto\/visor-recurvo-olimpico-ww-ws-600\/#primaryimage\"},\"thumbnailUrl\":\"https:\/\/arzasarchery.com\/wp-content\/uploads\/VISORES-WW-WS-600.jpg\",\"datePublished\":\"2020-04-09T09:27:25+00:00\",\"dateModified\":\"2025-08-29T08:40:17+00:00\",\"breadcrumb\":{\"@id\":\"https:\/\/arzasarchery.com\/producto\/visor-recurvo-olimpico-ww-ws-600\/#breadcrumb\"},\"inLanguage\":\"ca\",\"potentialAction\":[{\"@type\":\"ReadAction\",\"target\":[\"https:\/\/arzasarchery.com\/producto\/visor-recurvo-olimpico-ww-ws-600\/\"]}]},{\"@type\":\"ImageObject\",\"inLanguage\":\"ca\",\"@id\":\"https:\/\/arzasarchery.com\/producto\/visor-recurvo-olimpico-ww-ws-600\/#primaryimage\",\"url\":\"https:\/\/arzasarchery.com\/wp-content\/uploads\/VISORES-WW-WS-600.jpg\",\"contentUrl\":\"https:\/\/arzasarchery.com\/wp-content\/uploads\/VISORES-WW-WS-600.jpg\",\"width\":1023,\"height\":682},{\"@type\":\"BreadcrumbList\",\"@id\":\"https:\/\/arzasarchery.com\/producto\/visor-recurvo-olimpico-ww-ws-600\/#breadcrumb\",\"itemListElement\":[{\"@type\":\"ListItem\",\"position\":1,\"name\":\"Portada\",\"item\":\"https:\/\/arzasarchery.com\/\"},{\"@type\":\"ListItem\",\"position\":2,\"name\":\"Botiga\",\"item\":\"https:\/\/arzasarchery.com\/ca\/botiga\/\"},{\"@type\":\"ListItem\",\"position\":3,\"name\":\"Visor W&#038;W WS-600 Recurvo Olimpico\"}]},{\"@type\":\"WebSite\",\"@id\":\"https:\/\/arzasarchery.com\/#website\",\"url\":\"https:\/\/arzasarchery.com\/\",\"name\":\"Arza&#039;s Archery\",\"description\":\"Arzas Archery\",\"potentialAction\":[{\"@type\":\"SearchAction\",\"target\":{\"@type\":\"EntryPoint\",\"urlTemplate\":\"https:\/\/arzasarchery.com\/?s={search_term_string}\"},\"query-input\":{\"@type\":\"PropertyValueSpecification\",\"valueRequired\":true,\"valueName\":\"search_term_string\"}}],\"inLanguage\":\"ca\"}]}<\/script>\n<!-- \/ Yoast SEO plugin. -->","yoast_head_json":{"title":"Visor W&W WS-600 Recurvo Olimpico - Arza&#039;s Archery","robots":{"index":"index","follow":"follow","max-snippet":"max-snippet:-1","max-image-preview":"max-image-preview:large","max-video-preview":"max-video-preview:-1"},"canonical":"https:\/\/arzasarchery.com\/producto\/visor-recurvo-olimpico-ww-ws-600\/","og_locale":"ca_ES","og_type":"article","og_title":"Visor W&W WS-600 Recurvo Olimpico - Arza&#039;s Archery","og_description":"ESPECIFICACIONES : Anotar color y mano que desees .","og_url":"https:\/\/arzasarchery.com\/producto\/visor-recurvo-olimpico-ww-ws-600\/","og_site_name":"Arza&#039;s Archery","article_modified_time":"2025-08-29T08:40:17+00:00","og_image":[{"width":1023,"height":682,"url":"https:\/\/arzasarchery.com\/wp-content\/uploads\/VISORES-WW-WS-600.jpg","type":"image\/jpeg"}],"twitter_card":"summary_large_image","twitter_misc":{"Temps estimat de lectura":"1 minut"},"schema":{"@context":"https:\/\/schema.org","@graph":[{"@type":"WebPage","@id":"https:\/\/arzasarchery.com\/producto\/visor-recurvo-olimpico-ww-ws-600\/","url":"https:\/\/arzasarchery.com\/producto\/visor-recurvo-olimpico-ww-ws-600\/","name":"Visor W&W WS-600 Recurvo Olimpico - Arza&#039;s Archery","isPartOf":{"@id":"https:\/\/arzasarchery.com\/#website"},"primaryImageOfPage":{"@id":"https:\/\/arzasarchery.com\/producto\/visor-recurvo-olimpico-ww-ws-600\/#primaryimage"},"image":{"@id":"https:\/\/arzasarchery.com\/producto\/visor-recurvo-olimpico-ww-ws-600\/#primaryimage"},"thumbnailUrl":"https:\/\/arzasarchery.com\/wp-content\/uploads\/VISORES-WW-WS-600.jpg","datePublished":"2020-04-09T09:27:25+00:00","dateModified":"2025-08-29T08:40:17+00:00","breadcrumb":{"@id":"https:\/\/arzasarchery.com\/producto\/visor-recurvo-olimpico-ww-ws-600\/#breadcrumb"},"inLanguage":"ca","potentialAction":[{"@type":"ReadAction","target":["https:\/\/arzasarchery.com\/producto\/visor-recurvo-olimpico-ww-ws-600\/"]}]},{"@type":"ImageObject","inLanguage":"ca","@id":"https:\/\/arzasarchery.com\/producto\/visor-recurvo-olimpico-ww-ws-600\/#primaryimage","url":"https:\/\/arzasarchery.com\/wp-content\/uploads\/VISORES-WW-WS-600.jpg","contentUrl":"https:\/\/arzasarchery.com\/wp-content\/uploads\/VISORES-WW-WS-600.jpg","width":1023,"height":682},{"@type":"BreadcrumbList","@id":"https:\/\/arzasarchery.com\/producto\/visor-recurvo-olimpico-ww-ws-600\/#breadcrumb","itemListElement":[{"@type":"ListItem","position":1,"name":"Portada","item":"https:\/\/arzasarchery.com\/"},{"@type":"ListItem","position":2,"name":"Botiga","item":"https:\/\/arzasarchery.com\/ca\/botiga\/"},{"@type":"ListItem","position":3,"name":"Visor W&#038;W WS-600 Recurvo Olimpico"}]},{"@type":"WebSite","@id":"https:\/\/arzasarchery.com\/#website","url":"https:\/\/arzasarchery.com\/","name":"Arza&#039;s Archery","description":"Arzas Archery","potentialAction":[{"@type":"SearchAction","target":{"@type":"EntryPoint","urlTemplate":"https:\/\/arzasarchery.com\/?s={search_term_string}"},"query-input":{"@type":"PropertyValueSpecification","valueRequired":true,"valueName":"search_term_string"}}],"inLanguage":"ca"}]}},"_links":{"self":[{"href":"https:\/\/arzasarchery.com\/ca\/wp-json\/wp\/v2\/product\/2110","targetHints":{"allow":["GET"]}}],"collection":[{"href":"https:\/\/arzasarchery.com\/ca\/wp-json\/wp\/v2\/product"}],"about":[{"href":"https:\/\/arzasarchery.com\/ca\/wp-json\/wp\/v2\/types\/product"}],"wp:featuredmedia":[{"embeddable":true,"href":"https:\/\/arzasarchery.com\/ca\/wp-json\/wp\/v2\/media\/2111"}],"wp:attachment":[{"href":"https:\/\/arzasarchery.com\/ca\/wp-json\/wp\/v2\/media?parent=2110"}],"wp:term":[{"taxonomy":"product_brand","embeddable":true,"href":"https:\/\/arzasarchery.com\/ca\/wp-json\/wp\/v2\/product_brand?post=2110"},{"taxonomy":"product_cat","embeddable":true,"href":"https:\/\/arzasarchery.com\/ca\/wp-json\/wp\/v2\/product_cat?post=2110"},{"taxonomy":"product_tag","embeddable":true,"href":"https:\/\/arzasarchery.com\/ca\/wp-json\/wp\/v2\/product_tag?post=2110"}],"curies":[{"name":"wp","href":"https:\/\/api.w.org\/{rel}","templated":true}]}}