{"id":1713,"date":"2020-04-05T19:49:21","date_gmt":"2020-04-05T17:49:21","guid":{"rendered":"https:\/\/arzasarchery.com\/?post_type=product&#038;p=1713"},"modified":"2024-10-10T16:22:52","modified_gmt":"2024-10-10T14:22:52","slug":"horsebows","status":"publish","type":"product","link":"https:\/\/arzasarchery.com\/ca\/producte\/horsebows\/","title":{"rendered":"HorseBows OAK RIDGE. Articulo en promoci\u00f3n"},"content":{"rendered":"<p class=\"font-product-title\"><strong>HORSE BOWS TRADITIONAL BLACK SADA 52&#8243;\u00a0 AMBIDEXTROUS \/ D-75 STRING INCL<\/strong><\/p>\n<p>Oak Ridge es famoso por sus arcos tradicionales, sin un precio elevado.\u00a0 \u00a0El black Sada es un hermoso arco de caballo con incrustaciones de laminados de diferentes maderas de colores en el mango, las extremidades de fibra de vidrio negro, y ambidiestro, por lo que se puede utilizar en cualquier mano. tambi\u00e9n se incluye una cuerda D-75. &#8211; Tama\u00f1o del arco: 52\u00ab &#8211; Longitud m\u00e1xima de tiro: 31\u00bbLa punta est\u00e1 hecha de cuerno de buey o Micarta &#8211; Las palas est\u00e1n combinadas con fibra de vidrio negra con n\u00facleo de bamb\u00fa &#8211; La longitud de la cuerda del arco es de 120cm &#8211; Fitsmelle: 6,5\u00bb<\/p>\n","protected":false},"excerpt":{"rendered":"<p><img fetchpriority=\"high\" decoding=\"async\" class=\"alignnone size-full wp-image-1631\" src=\"https:\/\/arzasarchery.com\/wp-content\/uploads\/logo-OAK-RIGDE.png\" alt=\"\" width=\"225\" height=\"225\" srcset=\"https:\/\/arzasarchery.com\/wp-content\/uploads\/logo-OAK-RIGDE.png 225w, https:\/\/arzasarchery.com\/wp-content\/uploads\/logo-OAK-RIGDE-150x150.png 150w, https:\/\/arzasarchery.com\/wp-content\/uploads\/logo-OAK-RIGDE-100x100.png 100w\" sizes=\"(max-width: 225px) 100vw, 225px\" \/><\/p>\n<p>&nbsp;<\/p>\n<p>&nbsp;<\/p>\n","protected":false},"featured_media":1714,"template":"","meta":[],"product_brand":[],"product_cat":[581,42,645],"product_tag":[],"class_list":{"0":"post-1713","1":"product","2":"type-product","3":"status-publish","4":"has-post-thumbnail","6":"product_cat-horse-bows","7":"product_cat-arcos","8":"product_cat-promociones","10":"first","11":"instock","12":"taxable","13":"shipping-taxable","14":"purchasable","15":"product-type-simple"},"yoast_head":"<!-- This site is optimized with the Yoast SEO plugin v25.6 - https:\/\/yoast.com\/wordpress\/plugins\/seo\/ -->\n<title>HorseBows OAK RIDGE. Articulo en promoci\u00f3n - Arza&#039;s Archery<\/title>\n<meta name=\"robots\" content=\"index, follow, max-snippet:-1, max-image-preview:large, max-video-preview:-1\" \/>\n<link rel=\"canonical\" href=\"https:\/\/arzasarchery.com\/producto\/horsebows\/\" \/>\n<meta property=\"og:locale\" content=\"ca_ES\" \/>\n<meta property=\"og:type\" content=\"article\" \/>\n<meta property=\"og:title\" content=\"HorseBows OAK RIDGE. Articulo en promoci\u00f3n - Arza&#039;s Archery\" \/>\n<meta property=\"og:description\" content=\"&nbsp;  &nbsp;\" \/>\n<meta property=\"og:url\" content=\"https:\/\/arzasarchery.com\/producto\/horsebows\/\" \/>\n<meta property=\"og:site_name\" content=\"Arza&#039;s Archery\" \/>\n<meta property=\"article:modified_time\" content=\"2024-10-10T14:22:52+00:00\" \/>\n<meta property=\"og:image\" content=\"https:\/\/arzasarchery.com\/wp-content\/uploads\/HORSEBOWS-BLACK-SADA.jpg\" \/>\n\t<meta property=\"og:image:width\" content=\"1023\" \/>\n\t<meta property=\"og:image:height\" content=\"682\" \/>\n\t<meta property=\"og:image:type\" content=\"image\/jpeg\" \/>\n<meta name=\"twitter:card\" content=\"summary_large_image\" \/>\n<meta name=\"twitter:label1\" content=\"Temps estimat de lectura\" \/>\n\t<meta name=\"twitter:data1\" content=\"1 minut\" \/>\n<script type=\"application\/ld+json\" class=\"yoast-schema-graph\">{\"@context\":\"https:\/\/schema.org\",\"@graph\":[{\"@type\":\"WebPage\",\"@id\":\"https:\/\/arzasarchery.com\/producto\/horsebows\/\",\"url\":\"https:\/\/arzasarchery.com\/producto\/horsebows\/\",\"name\":\"HorseBows OAK RIDGE. Articulo en promoci\u00f3n - Arza&#039;s Archery\",\"isPartOf\":{\"@id\":\"https:\/\/arzasarchery.com\/#website\"},\"primaryImageOfPage\":{\"@id\":\"https:\/\/arzasarchery.com\/producto\/horsebows\/#primaryimage\"},\"image\":{\"@id\":\"https:\/\/arzasarchery.com\/producto\/horsebows\/#primaryimage\"},\"thumbnailUrl\":\"https:\/\/arzasarchery.com\/wp-content\/uploads\/HORSEBOWS-BLACK-SADA.jpg\",\"datePublished\":\"2020-04-05T17:49:21+00:00\",\"dateModified\":\"2024-10-10T14:22:52+00:00\",\"breadcrumb\":{\"@id\":\"https:\/\/arzasarchery.com\/producto\/horsebows\/#breadcrumb\"},\"inLanguage\":\"ca\",\"potentialAction\":[{\"@type\":\"ReadAction\",\"target\":[\"https:\/\/arzasarchery.com\/producto\/horsebows\/\"]}]},{\"@type\":\"ImageObject\",\"inLanguage\":\"ca\",\"@id\":\"https:\/\/arzasarchery.com\/producto\/horsebows\/#primaryimage\",\"url\":\"https:\/\/arzasarchery.com\/wp-content\/uploads\/HORSEBOWS-BLACK-SADA.jpg\",\"contentUrl\":\"https:\/\/arzasarchery.com\/wp-content\/uploads\/HORSEBOWS-BLACK-SADA.jpg\",\"width\":1023,\"height\":682},{\"@type\":\"BreadcrumbList\",\"@id\":\"https:\/\/arzasarchery.com\/producto\/horsebows\/#breadcrumb\",\"itemListElement\":[{\"@type\":\"ListItem\",\"position\":1,\"name\":\"Portada\",\"item\":\"https:\/\/arzasarchery.com\/\"},{\"@type\":\"ListItem\",\"position\":2,\"name\":\"Botiga\",\"item\":\"https:\/\/arzasarchery.com\/ca\/botiga\/\"},{\"@type\":\"ListItem\",\"position\":3,\"name\":\"HorseBows OAK RIDGE. Articulo en promoci\u00f3n\"}]},{\"@type\":\"WebSite\",\"@id\":\"https:\/\/arzasarchery.com\/#website\",\"url\":\"https:\/\/arzasarchery.com\/\",\"name\":\"Arza&#039;s Archery\",\"description\":\"Arzas Archery\",\"potentialAction\":[{\"@type\":\"SearchAction\",\"target\":{\"@type\":\"EntryPoint\",\"urlTemplate\":\"https:\/\/arzasarchery.com\/?s={search_term_string}\"},\"query-input\":{\"@type\":\"PropertyValueSpecification\",\"valueRequired\":true,\"valueName\":\"search_term_string\"}}],\"inLanguage\":\"ca\"}]}<\/script>\n<!-- \/ Yoast SEO plugin. -->","yoast_head_json":{"title":"HorseBows OAK RIDGE. Articulo en promoci\u00f3n - Arza&#039;s Archery","robots":{"index":"index","follow":"follow","max-snippet":"max-snippet:-1","max-image-preview":"max-image-preview:large","max-video-preview":"max-video-preview:-1"},"canonical":"https:\/\/arzasarchery.com\/producto\/horsebows\/","og_locale":"ca_ES","og_type":"article","og_title":"HorseBows OAK RIDGE. Articulo en promoci\u00f3n - Arza&#039;s Archery","og_description":"&nbsp;  &nbsp;","og_url":"https:\/\/arzasarchery.com\/producto\/horsebows\/","og_site_name":"Arza&#039;s Archery","article_modified_time":"2024-10-10T14:22:52+00:00","og_image":[{"width":1023,"height":682,"url":"https:\/\/arzasarchery.com\/wp-content\/uploads\/HORSEBOWS-BLACK-SADA.jpg","type":"image\/jpeg"}],"twitter_card":"summary_large_image","twitter_misc":{"Temps estimat de lectura":"1 minut"},"schema":{"@context":"https:\/\/schema.org","@graph":[{"@type":"WebPage","@id":"https:\/\/arzasarchery.com\/producto\/horsebows\/","url":"https:\/\/arzasarchery.com\/producto\/horsebows\/","name":"HorseBows OAK RIDGE. Articulo en promoci\u00f3n - Arza&#039;s Archery","isPartOf":{"@id":"https:\/\/arzasarchery.com\/#website"},"primaryImageOfPage":{"@id":"https:\/\/arzasarchery.com\/producto\/horsebows\/#primaryimage"},"image":{"@id":"https:\/\/arzasarchery.com\/producto\/horsebows\/#primaryimage"},"thumbnailUrl":"https:\/\/arzasarchery.com\/wp-content\/uploads\/HORSEBOWS-BLACK-SADA.jpg","datePublished":"2020-04-05T17:49:21+00:00","dateModified":"2024-10-10T14:22:52+00:00","breadcrumb":{"@id":"https:\/\/arzasarchery.com\/producto\/horsebows\/#breadcrumb"},"inLanguage":"ca","potentialAction":[{"@type":"ReadAction","target":["https:\/\/arzasarchery.com\/producto\/horsebows\/"]}]},{"@type":"ImageObject","inLanguage":"ca","@id":"https:\/\/arzasarchery.com\/producto\/horsebows\/#primaryimage","url":"https:\/\/arzasarchery.com\/wp-content\/uploads\/HORSEBOWS-BLACK-SADA.jpg","contentUrl":"https:\/\/arzasarchery.com\/wp-content\/uploads\/HORSEBOWS-BLACK-SADA.jpg","width":1023,"height":682},{"@type":"BreadcrumbList","@id":"https:\/\/arzasarchery.com\/producto\/horsebows\/#breadcrumb","itemListElement":[{"@type":"ListItem","position":1,"name":"Portada","item":"https:\/\/arzasarchery.com\/"},{"@type":"ListItem","position":2,"name":"Botiga","item":"https:\/\/arzasarchery.com\/ca\/botiga\/"},{"@type":"ListItem","position":3,"name":"HorseBows OAK RIDGE. Articulo en promoci\u00f3n"}]},{"@type":"WebSite","@id":"https:\/\/arzasarchery.com\/#website","url":"https:\/\/arzasarchery.com\/","name":"Arza&#039;s Archery","description":"Arzas Archery","potentialAction":[{"@type":"SearchAction","target":{"@type":"EntryPoint","urlTemplate":"https:\/\/arzasarchery.com\/?s={search_term_string}"},"query-input":{"@type":"PropertyValueSpecification","valueRequired":true,"valueName":"search_term_string"}}],"inLanguage":"ca"}]}},"_links":{"self":[{"href":"https:\/\/arzasarchery.com\/ca\/wp-json\/wp\/v2\/product\/1713","targetHints":{"allow":["GET"]}}],"collection":[{"href":"https:\/\/arzasarchery.com\/ca\/wp-json\/wp\/v2\/product"}],"about":[{"href":"https:\/\/arzasarchery.com\/ca\/wp-json\/wp\/v2\/types\/product"}],"wp:featuredmedia":[{"embeddable":true,"href":"https:\/\/arzasarchery.com\/ca\/wp-json\/wp\/v2\/media\/1714"}],"wp:attachment":[{"href":"https:\/\/arzasarchery.com\/ca\/wp-json\/wp\/v2\/media?parent=1713"}],"wp:term":[{"taxonomy":"product_brand","embeddable":true,"href":"https:\/\/arzasarchery.com\/ca\/wp-json\/wp\/v2\/product_brand?post=1713"},{"taxonomy":"product_cat","embeddable":true,"href":"https:\/\/arzasarchery.com\/ca\/wp-json\/wp\/v2\/product_cat?post=1713"},{"taxonomy":"product_tag","embeddable":true,"href":"https:\/\/arzasarchery.com\/ca\/wp-json\/wp\/v2\/product_tag?post=1713"}],"curies":[{"name":"wp","href":"https:\/\/api.w.org\/{rel}","templated":true}]}}