{"id":1137,"date":"2020-03-30T11:53:30","date_gmt":"2020-03-30T09:53:30","guid":{"rendered":"https:\/\/arzasarchery.com\/?post_type=product&#038;p=1137"},"modified":"2024-10-09T20:52:48","modified_gmt":"2024-10-09T18:52:48","slug":"dactilera-olimpico-iniciacion-2","status":"publish","type":"product","link":"https:\/\/arzasarchery.com\/ca\/producte\/dactilera-olimpico-iniciacion-2\/","title":{"rendered":"Dactilera Ol\u00edmpico Iniciaci\u00f3n BUCK TRAIL"},"content":{"rendered":"<p class=\"font-product-title\"><strong>BASIC TAB TRADI LEATHER\u00a0<\/strong><\/p>\n","protected":false},"excerpt":{"rendered":"<p><a href=\"https:\/\/arzasarchery.com\/wp-content\/uploads\/2020\/03\/logo-Kap.jpg\"><img fetchpriority=\"high\" decoding=\"async\" class=\"alignnone size-full wp-image-1025\" src=\"https:\/\/arzasarchery.com\/wp-content\/uploads\/2020\/03\/logo-buck-trail.png\" alt=\"\" width=\"301\" height=\"167\" srcset=\"https:\/\/arzasarchery.com\/wp-content\/uploads\/2020\/03\/logo-buck-trail.png 301w, https:\/\/arzasarchery.com\/wp-content\/uploads\/2020\/03\/logo-buck-trail-150x84.png 150w\" sizes=\"(max-width: 301px) 100vw, 301px\" \/><\/a><\/p>\n<p><strong>ESPECIFICACIONES : Anotar tama\u00f1o de la dactilera\u00a0 que desees .<\/strong><\/p>\n","protected":false},"featured_media":8332,"template":"","meta":[],"product_brand":[],"product_cat":[114,118],"product_tag":[],"class_list":{"0":"post-1137","1":"product","2":"type-product","3":"status-publish","4":"has-post-thumbnail","6":"product_cat-complementos","7":"product_cat-dactileras","8":"pa_tamano-dactileras-large","9":"pa_tamano-dactileras-medium","10":"pa_tamano-dactileras-small","12":"first","13":"instock","14":"taxable","15":"shipping-taxable","16":"purchasable","17":"product-type-simple"},"yoast_head":"<!-- This site is optimized with the Yoast SEO plugin v25.6 - https:\/\/yoast.com\/wordpress\/plugins\/seo\/ -->\n<title>Dactilera Ol\u00edmpico Iniciaci\u00f3n BUCK TRAIL - Arza&#039;s Archery<\/title>\n<meta name=\"robots\" content=\"index, follow, max-snippet:-1, max-image-preview:large, max-video-preview:-1\" \/>\n<link rel=\"canonical\" href=\"https:\/\/arzasarchery.com\/producto\/dactilera-olimpico-iniciacion-2\/\" \/>\n<meta property=\"og:locale\" content=\"ca_ES\" \/>\n<meta property=\"og:type\" content=\"article\" \/>\n<meta property=\"og:title\" content=\"Dactilera Ol\u00edmpico Iniciaci\u00f3n BUCK TRAIL - Arza&#039;s Archery\" \/>\n<meta property=\"og:description\" content=\"ESPECIFICACIONES : Anotar tama\u00f1o de la dactilera\u00a0 que desees .\" \/>\n<meta property=\"og:url\" content=\"https:\/\/arzasarchery.com\/producto\/dactilera-olimpico-iniciacion-2\/\" \/>\n<meta property=\"og:site_name\" content=\"Arza&#039;s Archery\" \/>\n<meta property=\"article:modified_time\" content=\"2024-10-09T18:52:48+00:00\" \/>\n<meta property=\"og:image\" content=\"https:\/\/arzasarchery.com\/wp-content\/uploads\/Dactilera-BUCK-TRAIL-TRADI.jpg\" \/>\n\t<meta property=\"og:image:width\" content=\"1023\" \/>\n\t<meta property=\"og:image:height\" content=\"682\" \/>\n\t<meta property=\"og:image:type\" content=\"image\/jpeg\" \/>\n<meta name=\"twitter:card\" content=\"summary_large_image\" \/>\n<meta name=\"twitter:label1\" content=\"Temps estimat de lectura\" \/>\n\t<meta name=\"twitter:data1\" content=\"1 minut\" \/>\n<script type=\"application\/ld+json\" class=\"yoast-schema-graph\">{\"@context\":\"https:\/\/schema.org\",\"@graph\":[{\"@type\":\"WebPage\",\"@id\":\"https:\/\/arzasarchery.com\/producto\/dactilera-olimpico-iniciacion-2\/\",\"url\":\"https:\/\/arzasarchery.com\/producto\/dactilera-olimpico-iniciacion-2\/\",\"name\":\"Dactilera Ol\u00edmpico Iniciaci\u00f3n BUCK TRAIL - Arza&#039;s Archery\",\"isPartOf\":{\"@id\":\"https:\/\/arzasarchery.com\/#website\"},\"primaryImageOfPage\":{\"@id\":\"https:\/\/arzasarchery.com\/producto\/dactilera-olimpico-iniciacion-2\/#primaryimage\"},\"image\":{\"@id\":\"https:\/\/arzasarchery.com\/producto\/dactilera-olimpico-iniciacion-2\/#primaryimage\"},\"thumbnailUrl\":\"https:\/\/arzasarchery.com\/wp-content\/uploads\/Dactilera-BUCK-TRAIL-TRADI.jpg\",\"datePublished\":\"2020-03-30T09:53:30+00:00\",\"dateModified\":\"2024-10-09T18:52:48+00:00\",\"breadcrumb\":{\"@id\":\"https:\/\/arzasarchery.com\/producto\/dactilera-olimpico-iniciacion-2\/#breadcrumb\"},\"inLanguage\":\"ca\",\"potentialAction\":[{\"@type\":\"ReadAction\",\"target\":[\"https:\/\/arzasarchery.com\/producto\/dactilera-olimpico-iniciacion-2\/\"]}]},{\"@type\":\"ImageObject\",\"inLanguage\":\"ca\",\"@id\":\"https:\/\/arzasarchery.com\/producto\/dactilera-olimpico-iniciacion-2\/#primaryimage\",\"url\":\"https:\/\/arzasarchery.com\/wp-content\/uploads\/Dactilera-BUCK-TRAIL-TRADI.jpg\",\"contentUrl\":\"https:\/\/arzasarchery.com\/wp-content\/uploads\/Dactilera-BUCK-TRAIL-TRADI.jpg\",\"width\":1023,\"height\":682},{\"@type\":\"BreadcrumbList\",\"@id\":\"https:\/\/arzasarchery.com\/producto\/dactilera-olimpico-iniciacion-2\/#breadcrumb\",\"itemListElement\":[{\"@type\":\"ListItem\",\"position\":1,\"name\":\"Portada\",\"item\":\"https:\/\/arzasarchery.com\/\"},{\"@type\":\"ListItem\",\"position\":2,\"name\":\"Botiga\",\"item\":\"https:\/\/arzasarchery.com\/ca\/botiga\/\"},{\"@type\":\"ListItem\",\"position\":3,\"name\":\"Dactilera Ol\u00edmpico Iniciaci\u00f3n BUCK TRAIL\"}]},{\"@type\":\"WebSite\",\"@id\":\"https:\/\/arzasarchery.com\/#website\",\"url\":\"https:\/\/arzasarchery.com\/\",\"name\":\"Arza&#039;s Archery\",\"description\":\"Arzas Archery\",\"potentialAction\":[{\"@type\":\"SearchAction\",\"target\":{\"@type\":\"EntryPoint\",\"urlTemplate\":\"https:\/\/arzasarchery.com\/?s={search_term_string}\"},\"query-input\":{\"@type\":\"PropertyValueSpecification\",\"valueRequired\":true,\"valueName\":\"search_term_string\"}}],\"inLanguage\":\"ca\"}]}<\/script>\n<!-- \/ Yoast SEO plugin. -->","yoast_head_json":{"title":"Dactilera Ol\u00edmpico Iniciaci\u00f3n BUCK TRAIL - Arza&#039;s Archery","robots":{"index":"index","follow":"follow","max-snippet":"max-snippet:-1","max-image-preview":"max-image-preview:large","max-video-preview":"max-video-preview:-1"},"canonical":"https:\/\/arzasarchery.com\/producto\/dactilera-olimpico-iniciacion-2\/","og_locale":"ca_ES","og_type":"article","og_title":"Dactilera Ol\u00edmpico Iniciaci\u00f3n BUCK TRAIL - Arza&#039;s Archery","og_description":"ESPECIFICACIONES : Anotar tama\u00f1o de la dactilera\u00a0 que desees .","og_url":"https:\/\/arzasarchery.com\/producto\/dactilera-olimpico-iniciacion-2\/","og_site_name":"Arza&#039;s Archery","article_modified_time":"2024-10-09T18:52:48+00:00","og_image":[{"width":1023,"height":682,"url":"https:\/\/arzasarchery.com\/wp-content\/uploads\/Dactilera-BUCK-TRAIL-TRADI.jpg","type":"image\/jpeg"}],"twitter_card":"summary_large_image","twitter_misc":{"Temps estimat de lectura":"1 minut"},"schema":{"@context":"https:\/\/schema.org","@graph":[{"@type":"WebPage","@id":"https:\/\/arzasarchery.com\/producto\/dactilera-olimpico-iniciacion-2\/","url":"https:\/\/arzasarchery.com\/producto\/dactilera-olimpico-iniciacion-2\/","name":"Dactilera Ol\u00edmpico Iniciaci\u00f3n BUCK TRAIL - Arza&#039;s Archery","isPartOf":{"@id":"https:\/\/arzasarchery.com\/#website"},"primaryImageOfPage":{"@id":"https:\/\/arzasarchery.com\/producto\/dactilera-olimpico-iniciacion-2\/#primaryimage"},"image":{"@id":"https:\/\/arzasarchery.com\/producto\/dactilera-olimpico-iniciacion-2\/#primaryimage"},"thumbnailUrl":"https:\/\/arzasarchery.com\/wp-content\/uploads\/Dactilera-BUCK-TRAIL-TRADI.jpg","datePublished":"2020-03-30T09:53:30+00:00","dateModified":"2024-10-09T18:52:48+00:00","breadcrumb":{"@id":"https:\/\/arzasarchery.com\/producto\/dactilera-olimpico-iniciacion-2\/#breadcrumb"},"inLanguage":"ca","potentialAction":[{"@type":"ReadAction","target":["https:\/\/arzasarchery.com\/producto\/dactilera-olimpico-iniciacion-2\/"]}]},{"@type":"ImageObject","inLanguage":"ca","@id":"https:\/\/arzasarchery.com\/producto\/dactilera-olimpico-iniciacion-2\/#primaryimage","url":"https:\/\/arzasarchery.com\/wp-content\/uploads\/Dactilera-BUCK-TRAIL-TRADI.jpg","contentUrl":"https:\/\/arzasarchery.com\/wp-content\/uploads\/Dactilera-BUCK-TRAIL-TRADI.jpg","width":1023,"height":682},{"@type":"BreadcrumbList","@id":"https:\/\/arzasarchery.com\/producto\/dactilera-olimpico-iniciacion-2\/#breadcrumb","itemListElement":[{"@type":"ListItem","position":1,"name":"Portada","item":"https:\/\/arzasarchery.com\/"},{"@type":"ListItem","position":2,"name":"Botiga","item":"https:\/\/arzasarchery.com\/ca\/botiga\/"},{"@type":"ListItem","position":3,"name":"Dactilera Ol\u00edmpico Iniciaci\u00f3n BUCK TRAIL"}]},{"@type":"WebSite","@id":"https:\/\/arzasarchery.com\/#website","url":"https:\/\/arzasarchery.com\/","name":"Arza&#039;s Archery","description":"Arzas Archery","potentialAction":[{"@type":"SearchAction","target":{"@type":"EntryPoint","urlTemplate":"https:\/\/arzasarchery.com\/?s={search_term_string}"},"query-input":{"@type":"PropertyValueSpecification","valueRequired":true,"valueName":"search_term_string"}}],"inLanguage":"ca"}]}},"_links":{"self":[{"href":"https:\/\/arzasarchery.com\/ca\/wp-json\/wp\/v2\/product\/1137","targetHints":{"allow":["GET"]}}],"collection":[{"href":"https:\/\/arzasarchery.com\/ca\/wp-json\/wp\/v2\/product"}],"about":[{"href":"https:\/\/arzasarchery.com\/ca\/wp-json\/wp\/v2\/types\/product"}],"wp:featuredmedia":[{"embeddable":true,"href":"https:\/\/arzasarchery.com\/ca\/wp-json\/wp\/v2\/media\/8332"}],"wp:attachment":[{"href":"https:\/\/arzasarchery.com\/ca\/wp-json\/wp\/v2\/media?parent=1137"}],"wp:term":[{"taxonomy":"product_brand","embeddable":true,"href":"https:\/\/arzasarchery.com\/ca\/wp-json\/wp\/v2\/product_brand?post=1137"},{"taxonomy":"product_cat","embeddable":true,"href":"https:\/\/arzasarchery.com\/ca\/wp-json\/wp\/v2\/product_cat?post=1137"},{"taxonomy":"product_tag","embeddable":true,"href":"https:\/\/arzasarchery.com\/ca\/wp-json\/wp\/v2\/product_tag?post=1137"}],"curies":[{"name":"wp","href":"https:\/\/api.w.org\/{rel}","templated":true}]}}