{"id":10225,"date":"2026-01-08T11:40:06","date_gmt":"2026-01-08T09:40:06","guid":{"rendered":"https:\/\/arzasarchery.com\/?post_type=product&#038;p=10225"},"modified":"2026-03-09T17:35:15","modified_gmt":"2026-03-09T15:35:15","slug":"cuerpo-olimpico-kinetic-evolium-23-articulo-en-promocion","status":"publish","type":"product","link":"https:\/\/arzasarchery.com\/ca\/producte\/cuerpo-olimpico-kinetic-evolium-23-articulo-en-promocion\/","title":{"rendered":"Cuerpo Ol\u00edmpico KINETIC EVOLIUM 23&#8243; Articulo en promoci\u00f3n"},"content":{"rendered":"<p class=\"font-product-title\"><strong>RISERS EVOLIUM 23&#8243;<\/strong><\/p>\n<p>Longitud: 23<br \/>\nPeso: 1072g<br \/>\nMaterial: Aluminio 6063-T6<br \/>\nCuerpo CNC de extrusi\u00f3n mecanizada.<br \/>\nEmpu\u00f1adura de madera ergon\u00f3mica y c\u00f3moda.<br \/>\nAcepta las palas ILF y cuenta con un sistema de alineaci\u00f3n de las extremidades.<\/p>\n<h1 class=\"font-product-title\"><\/h1>\n","protected":false},"excerpt":{"rendered":"<p><img decoding=\"async\" class=\"alignnone size-full wp-image-608\" src=\"https:\/\/arzasarchery.com\/wp-content\/uploads\/2020\/02\/logo-Kinetic.png\" alt=\"\" width=\"237\" height=\"77\" \/><\/p>\n<p><strong>PARA CONSULTAR DISPONIBILIDAD DEL PRODUCTO\/PRECIO PULSA EL SIGUIENTE RECUADRO<\/strong><\/p>\n<p>[vc_row css_animation=&#8221;&#8221; row_type=&#8221;row&#8221; use_row_as_full_screen_section=&#8221;no&#8221; type=&#8221;full_width&#8221; angled_section=&#8221;no&#8221; text_align=&#8221;left&#8221; background_image_as_pattern=&#8221;without_pattern&#8221;][vc_column][button size=\"big_large_full_width\" target=\"_blank\" hover_type=\"default\" text_align=\"center\" text=\"Producto bajo pedido. P\u00eddelo aqu\u00ed\" link=\"\/formularios_poleas\" background_color=\"#6595bf\" hover_background_color=\"#27a31f\"][\/vc_column][\/vc_row]<\/p>\n<p>&nbsp;<\/p>\n<p>&nbsp;<\/p>\n<p>&nbsp;<\/p>\n","protected":false},"featured_media":10226,"template":"","meta":[],"product_brand":[],"product_cat":[42,48,812],"product_tag":[],"class_list":{"0":"post-10225","1":"product","2":"type-product","3":"status-publish","4":"has-post-thumbnail","6":"product_cat-arcos","7":"product_cat-olimpico","8":"product_cat-cuerpo-recurvo-olimpico-kinetic","9":"pa_color-anodized-black","10":"pa_color-anodized-blue","11":"pa_color-anodized-bronze","12":"pa_color-anodized-dark-green","13":"pa_color-anodized-green","14":"pa_color-anodized-orange","15":"pa_color-anodized-pink","16":"pa_color-anodized-purple","17":"pa_color-anodized-red","18":"pa_color-anodized-silver","19":"pa_color-anodized-sky-blue","20":"pa_color-anodized-smoke","21":"pa_color-painted-matt-white","22":"pa_mano-lh","23":"pa_mano-rh","25":"first","26":"instock","27":"taxable","28":"shipping-taxable","29":"purchasable","30":"product-type-simple"},"yoast_head":"<!-- This site is optimized with the Yoast SEO plugin v25.6 - https:\/\/yoast.com\/wordpress\/plugins\/seo\/ -->\n<title>Cuerpo Ol\u00edmpico KINETIC EVOLIUM 23&quot; Articulo en promoci\u00f3n - Arza&#039;s Archery<\/title>\n<meta name=\"robots\" content=\"index, follow, max-snippet:-1, max-image-preview:large, max-video-preview:-1\" \/>\n<link rel=\"canonical\" href=\"https:\/\/arzasarchery.com\/producto\/cuerpo-olimpico-kinetic-evolium-23-articulo-en-promocion\/\" \/>\n<meta property=\"og:locale\" content=\"ca_ES\" \/>\n<meta property=\"og:type\" content=\"article\" \/>\n<meta property=\"og:title\" content=\"Cuerpo Ol\u00edmpico KINETIC EVOLIUM 23&quot; Articulo en promoci\u00f3n - Arza&#039;s Archery\" \/>\n<meta property=\"og:description\" content=\"PARA CONSULTAR DISPONIBILIDAD DEL PRODUCTO\/PRECIO PULSA EL SIGUIENTE RECUADRO  [vc_row css_animation=&quot;&quot; row_type=&quot;row&quot; use_row_as_full_screen_section=&quot;no&quot; type=&quot;full_width&quot; angled_section=&quot;no&quot; text_align=&quot;left&quot; background_image_as_pattern=&quot;without_pattern&quot;][vc_column][\/vc_column][\/vc_row]  &nbsp;  &nbsp;  &nbsp;\" \/>\n<meta property=\"og:url\" content=\"https:\/\/arzasarchery.com\/producto\/cuerpo-olimpico-kinetic-evolium-23-articulo-en-promocion\/\" \/>\n<meta property=\"og:site_name\" content=\"Arza&#039;s Archery\" \/>\n<meta property=\"article:modified_time\" content=\"2026-03-09T15:35:15+00:00\" \/>\n<meta property=\"og:image\" content=\"https:\/\/arzasarchery.com\/wp-content\/uploads\/cuerpo-KINETIC-EVOLIUM23.png\" \/>\n\t<meta property=\"og:image:width\" content=\"775\" \/>\n\t<meta property=\"og:image:height\" content=\"1024\" \/>\n\t<meta property=\"og:image:type\" content=\"image\/png\" \/>\n<meta name=\"twitter:card\" content=\"summary_large_image\" \/>\n<meta name=\"twitter:label1\" content=\"Temps estimat de lectura\" \/>\n\t<meta name=\"twitter:data1\" content=\"1 minut\" \/>\n<script type=\"application\/ld+json\" class=\"yoast-schema-graph\">{\"@context\":\"https:\/\/schema.org\",\"@graph\":[{\"@type\":\"WebPage\",\"@id\":\"https:\/\/arzasarchery.com\/producto\/cuerpo-olimpico-kinetic-evolium-23-articulo-en-promocion\/\",\"url\":\"https:\/\/arzasarchery.com\/producto\/cuerpo-olimpico-kinetic-evolium-23-articulo-en-promocion\/\",\"name\":\"Cuerpo Ol\u00edmpico KINETIC EVOLIUM 23\\\" Articulo en promoci\u00f3n - Arza&#039;s Archery\",\"isPartOf\":{\"@id\":\"https:\/\/arzasarchery.com\/#website\"},\"primaryImageOfPage\":{\"@id\":\"https:\/\/arzasarchery.com\/producto\/cuerpo-olimpico-kinetic-evolium-23-articulo-en-promocion\/#primaryimage\"},\"image\":{\"@id\":\"https:\/\/arzasarchery.com\/producto\/cuerpo-olimpico-kinetic-evolium-23-articulo-en-promocion\/#primaryimage\"},\"thumbnailUrl\":\"https:\/\/arzasarchery.com\/wp-content\/uploads\/cuerpo-KINETIC-EVOLIUM23.png\",\"datePublished\":\"2026-01-08T09:40:06+00:00\",\"dateModified\":\"2026-03-09T15:35:15+00:00\",\"breadcrumb\":{\"@id\":\"https:\/\/arzasarchery.com\/producto\/cuerpo-olimpico-kinetic-evolium-23-articulo-en-promocion\/#breadcrumb\"},\"inLanguage\":\"ca\",\"potentialAction\":[{\"@type\":\"ReadAction\",\"target\":[\"https:\/\/arzasarchery.com\/producto\/cuerpo-olimpico-kinetic-evolium-23-articulo-en-promocion\/\"]}]},{\"@type\":\"ImageObject\",\"inLanguage\":\"ca\",\"@id\":\"https:\/\/arzasarchery.com\/producto\/cuerpo-olimpico-kinetic-evolium-23-articulo-en-promocion\/#primaryimage\",\"url\":\"https:\/\/arzasarchery.com\/wp-content\/uploads\/cuerpo-KINETIC-EVOLIUM23.png\",\"contentUrl\":\"https:\/\/arzasarchery.com\/wp-content\/uploads\/cuerpo-KINETIC-EVOLIUM23.png\",\"width\":775,\"height\":1024},{\"@type\":\"BreadcrumbList\",\"@id\":\"https:\/\/arzasarchery.com\/producto\/cuerpo-olimpico-kinetic-evolium-23-articulo-en-promocion\/#breadcrumb\",\"itemListElement\":[{\"@type\":\"ListItem\",\"position\":1,\"name\":\"Portada\",\"item\":\"https:\/\/arzasarchery.com\/\"},{\"@type\":\"ListItem\",\"position\":2,\"name\":\"Botiga\",\"item\":\"https:\/\/arzasarchery.com\/ca\/botiga\/\"},{\"@type\":\"ListItem\",\"position\":3,\"name\":\"Cuerpo Ol\u00edmpico KINETIC EVOLIUM 23&#8243; Articulo en promoci\u00f3n\"}]},{\"@type\":\"WebSite\",\"@id\":\"https:\/\/arzasarchery.com\/#website\",\"url\":\"https:\/\/arzasarchery.com\/\",\"name\":\"Arza&#039;s Archery\",\"description\":\"Arzas Archery\",\"potentialAction\":[{\"@type\":\"SearchAction\",\"target\":{\"@type\":\"EntryPoint\",\"urlTemplate\":\"https:\/\/arzasarchery.com\/?s={search_term_string}\"},\"query-input\":{\"@type\":\"PropertyValueSpecification\",\"valueRequired\":true,\"valueName\":\"search_term_string\"}}],\"inLanguage\":\"ca\"}]}<\/script>\n<!-- \/ Yoast SEO plugin. -->","yoast_head_json":{"title":"Cuerpo Ol\u00edmpico KINETIC EVOLIUM 23\" Articulo en promoci\u00f3n - Arza&#039;s Archery","robots":{"index":"index","follow":"follow","max-snippet":"max-snippet:-1","max-image-preview":"max-image-preview:large","max-video-preview":"max-video-preview:-1"},"canonical":"https:\/\/arzasarchery.com\/producto\/cuerpo-olimpico-kinetic-evolium-23-articulo-en-promocion\/","og_locale":"ca_ES","og_type":"article","og_title":"Cuerpo Ol\u00edmpico KINETIC EVOLIUM 23\" Articulo en promoci\u00f3n - Arza&#039;s Archery","og_description":"PARA CONSULTAR DISPONIBILIDAD DEL PRODUCTO\/PRECIO PULSA EL SIGUIENTE RECUADRO  [vc_row css_animation=\"\" row_type=\"row\" use_row_as_full_screen_section=\"no\" type=\"full_width\" angled_section=\"no\" text_align=\"left\" background_image_as_pattern=\"without_pattern\"][vc_column][\/vc_column][\/vc_row]  &nbsp;  &nbsp;  &nbsp;","og_url":"https:\/\/arzasarchery.com\/producto\/cuerpo-olimpico-kinetic-evolium-23-articulo-en-promocion\/","og_site_name":"Arza&#039;s Archery","article_modified_time":"2026-03-09T15:35:15+00:00","og_image":[{"width":775,"height":1024,"url":"https:\/\/arzasarchery.com\/wp-content\/uploads\/cuerpo-KINETIC-EVOLIUM23.png","type":"image\/png"}],"twitter_card":"summary_large_image","twitter_misc":{"Temps estimat de lectura":"1 minut"},"schema":{"@context":"https:\/\/schema.org","@graph":[{"@type":"WebPage","@id":"https:\/\/arzasarchery.com\/producto\/cuerpo-olimpico-kinetic-evolium-23-articulo-en-promocion\/","url":"https:\/\/arzasarchery.com\/producto\/cuerpo-olimpico-kinetic-evolium-23-articulo-en-promocion\/","name":"Cuerpo Ol\u00edmpico KINETIC EVOLIUM 23\" Articulo en promoci\u00f3n - Arza&#039;s Archery","isPartOf":{"@id":"https:\/\/arzasarchery.com\/#website"},"primaryImageOfPage":{"@id":"https:\/\/arzasarchery.com\/producto\/cuerpo-olimpico-kinetic-evolium-23-articulo-en-promocion\/#primaryimage"},"image":{"@id":"https:\/\/arzasarchery.com\/producto\/cuerpo-olimpico-kinetic-evolium-23-articulo-en-promocion\/#primaryimage"},"thumbnailUrl":"https:\/\/arzasarchery.com\/wp-content\/uploads\/cuerpo-KINETIC-EVOLIUM23.png","datePublished":"2026-01-08T09:40:06+00:00","dateModified":"2026-03-09T15:35:15+00:00","breadcrumb":{"@id":"https:\/\/arzasarchery.com\/producto\/cuerpo-olimpico-kinetic-evolium-23-articulo-en-promocion\/#breadcrumb"},"inLanguage":"ca","potentialAction":[{"@type":"ReadAction","target":["https:\/\/arzasarchery.com\/producto\/cuerpo-olimpico-kinetic-evolium-23-articulo-en-promocion\/"]}]},{"@type":"ImageObject","inLanguage":"ca","@id":"https:\/\/arzasarchery.com\/producto\/cuerpo-olimpico-kinetic-evolium-23-articulo-en-promocion\/#primaryimage","url":"https:\/\/arzasarchery.com\/wp-content\/uploads\/cuerpo-KINETIC-EVOLIUM23.png","contentUrl":"https:\/\/arzasarchery.com\/wp-content\/uploads\/cuerpo-KINETIC-EVOLIUM23.png","width":775,"height":1024},{"@type":"BreadcrumbList","@id":"https:\/\/arzasarchery.com\/producto\/cuerpo-olimpico-kinetic-evolium-23-articulo-en-promocion\/#breadcrumb","itemListElement":[{"@type":"ListItem","position":1,"name":"Portada","item":"https:\/\/arzasarchery.com\/"},{"@type":"ListItem","position":2,"name":"Botiga","item":"https:\/\/arzasarchery.com\/ca\/botiga\/"},{"@type":"ListItem","position":3,"name":"Cuerpo Ol\u00edmpico KINETIC EVOLIUM 23&#8243; Articulo en promoci\u00f3n"}]},{"@type":"WebSite","@id":"https:\/\/arzasarchery.com\/#website","url":"https:\/\/arzasarchery.com\/","name":"Arza&#039;s Archery","description":"Arzas Archery","potentialAction":[{"@type":"SearchAction","target":{"@type":"EntryPoint","urlTemplate":"https:\/\/arzasarchery.com\/?s={search_term_string}"},"query-input":{"@type":"PropertyValueSpecification","valueRequired":true,"valueName":"search_term_string"}}],"inLanguage":"ca"}]}},"_links":{"self":[{"href":"https:\/\/arzasarchery.com\/ca\/wp-json\/wp\/v2\/product\/10225","targetHints":{"allow":["GET"]}}],"collection":[{"href":"https:\/\/arzasarchery.com\/ca\/wp-json\/wp\/v2\/product"}],"about":[{"href":"https:\/\/arzasarchery.com\/ca\/wp-json\/wp\/v2\/types\/product"}],"wp:featuredmedia":[{"embeddable":true,"href":"https:\/\/arzasarchery.com\/ca\/wp-json\/wp\/v2\/media\/10226"}],"wp:attachment":[{"href":"https:\/\/arzasarchery.com\/ca\/wp-json\/wp\/v2\/media?parent=10225"}],"wp:term":[{"taxonomy":"product_brand","embeddable":true,"href":"https:\/\/arzasarchery.com\/ca\/wp-json\/wp\/v2\/product_brand?post=10225"},{"taxonomy":"product_cat","embeddable":true,"href":"https:\/\/arzasarchery.com\/ca\/wp-json\/wp\/v2\/product_cat?post=10225"},{"taxonomy":"product_tag","embeddable":true,"href":"https:\/\/arzasarchery.com\/ca\/wp-json\/wp\/v2\/product_tag?post=10225"}],"curies":[{"name":"wp","href":"https:\/\/api.w.org\/{rel}","templated":true}]}}